{"id":783,"date":"2024-11-21T03:33:06","date_gmt":"2024-11-21T03:33:06","guid":{"rendered":"https:\/\/volovape.com\/?post_type=product&#038;p=783"},"modified":"2025-08-06T08:14:48","modified_gmt":"2025-08-06T08:14:48","slug":"aivono-fatman-shisha-15000-zuge","status":"publish","type":"product","link":"https:\/\/volovape.com\/de\/product\/aivono-fatman-shisha-15000-puffs\/","title":{"rendered":"Aivono Fatman Shisha 15000 Puffs Einweg-Vape - reiche Shisha-Aromen, wiederaufladbar, Bulk-Rabatt"},"content":{"rendered":"<p><strong>Aivono Fatman Shisha 15000 Z\u00fcge Einweg Vape<\/strong> - Erleben Sie reichhaltige Shisha-Aromen mit High-Performance Vaping.<\/p>\n<p>Der <strong>Aivono Fatman Shisha 15000 Z\u00fcge<\/strong> Einweg-Vape liefert ein authentisches Shisha-Erlebnis mit seinem beeindruckenden <strong>15.000 Pusteblumen<\/strong> Kapazit\u00e4t, eine gro\u00dfz\u00fcgige <strong>24ml e-Fl\u00fcssigkeitsbeh\u00e4lter<\/strong>und eine zuverl\u00e4ssige <strong>600mAh wiederaufladbare Batterie<\/strong>. Die optimierte <strong>Spule mit 0,6\u03a9 Maschenweite<\/strong> sorgt f\u00fcr dichten Dampf und reichhaltige, befriedigende Aromen, die die Essenz der traditionellen Shisha wiedergeben. W\u00e4hlen Sie aus <strong>0%, 2%, 3% oder 5% Nikotinst\u00e4rke<\/strong> nach Ihren W\u00fcnschen. Dieses Ger\u00e4t ist perfekt f\u00fcr den pers\u00f6nlichen Gebrauch und <strong>Einweg-Vape-Gro\u00dfhandel<\/strong>und bietet sowohl Komfort als auch Leistung. <strong>Sammelbestellung<\/strong> F\u00fcr Einzelh\u00e4ndler, die hochwertige Einwegvapes suchen, gibt es verschiedene Optionen.<\/p>\n<h3><strong>Aivono Fatman Shisha 15000 Z\u00fcge Eigenschaften:<\/strong><\/h3>\n<ul>\n<li>Puffs: Bis zu 15.000<\/li>\n<li>E-Fl\u00fcssigkeit Kapazit\u00e4t: 24ml<\/li>\n<li>Akku: 600mAh (wiederaufladbar)<\/li>\n<li>Aufladen: Typ-C<\/li>\n<li>Spule: 0.6\u03a9 Masche Spule<\/li>\n<li>Nikotinst\u00e4rken: 0%, 2%, 3%, 5%<\/li>\n<li>Verf\u00fcgbare Geschmacksrichtungen: Erdbeer-Eis, Wassermelone-Eis, Erdbeer-Himbeer, Saftiger Pfirsich, Heidelbeer-Eis, Mango-Passionsfrucht, Kirsche-Wassermelone-Gelee.<\/li>\n<\/ul>\n<h4>H\u00e4ufig gestellte Fragen<\/h4>\n<h5>Wie verbessert die 0,6-\u03a9-Mesh-Spule das Shisha-Vaping-Erlebnis?<\/h5>\n<p>Die 0.6\u03a9 Mesh Coil ist speziell entwickelt, um die Dampfproduktion und die Geschmacksintensit\u00e4t zu maximieren und eine dichte, geschmackvolle Wolke zu erzeugen, die das Erlebnis einer traditionellen Shisha sehr gut nachahmt. Diese Spule sorgt f\u00fcr eine gleichm\u00e4\u00dfige Erw\u00e4rmung und optimale Geschmacksabgabe.<\/p>\n<h5>Wie lange ist die Lebensdauer der Batterie und die Ladezeit?<\/h5>\n<p>Der 600mAh-Akku bietet lang anhaltende Leistung f\u00fcr bis zu 15.000 Z\u00fcge. Mit der Typ-C-Ladestation k\u00f6nnen Sie das Ger\u00e4t schnell und effizient aufladen, was die Ausfallzeiten minimiert und Ihr Verdampfungsvergn\u00fcgen maximiert.<\/p>\n<h5>Welche Geschmacksoptionen gibt es?<\/h5>\n<p>Die Aivono Fatman Shisha 15000 bietet eine Vielzahl von Shisha-inspirierten Geschmacksrichtungen, darunter Strawberry Ice, Watermelon Ice, Strawberry Raspberry, Juicy Peach, Blueberry Ice, Mango Passion Fruit, und Cherry Watermelon Jelly. Jede Geschmacksrichtung wurde entwickelt, um ein einzigartiges und befriedigendes Dampferlebnis zu bieten.<\/p>\n<h5>Welche Versandmethoden werden verwendet?<\/h5>\n<p>Wir arbeiten mit zuverl\u00e4ssigen Transportunternehmen wie UPS, DHL, FedEx und DPD zusammen, um eine schnelle und sichere Lieferung zu gew\u00e4hrleisten. Wir w\u00e4hlen die f\u00fcr Ihren Standort am besten geeignete Versandmethode aus, um Ihre Bestellung so schnell wie m\u00f6glich zu Ihnen zu bringen.<\/p>\n<h5>Kann ich meinem Kauf vertrauen?<\/h5>\n<p>Wir legen gro\u00dfen Wert auf Kundenzufriedenheit und bieten sichere Zahlungsoptionen, einschlie\u00dflich PayPal mit K\u00e4uferschutz. Sie k\u00f6nnen auch Kundenrezensionen auf TrustPilot einsehen: <a href=\"https:\/\/www.trustpilot.com\/review\/volovape.com?utm_medium=trustbox&amp;utm_source=TrustBoxReviewCollector\">VertrauensPilot<\/a>.<\/p>","protected":false},"excerpt":{"rendered":"<p>Bulk Gro\u00dfhandel Aivono Fatman Shisha 15000 Puffs Einweg Vape. 15.000 Z\u00fcge, 24ml e-Fl\u00fcssigkeit, wiederaufladbar. Mesh-Spule, verschiedene Nikotin. Entdecken Sie jetzt Shisha-Aromen.<\/p>","protected":false},"featured_media":1191,"comment_status":"open","ping_status":"closed","template":"","meta":[],"product_brand":[],"product_cat":[67,41,21,18,20,23,24,22,25,26,27,28,29,30,31,32,33,34,35,36,47],"product_tag":[],"class_list":{"0":"post-783","1":"product","2":"type-product","3":"status-publish","4":"has-post-thumbnail","6":"product_cat-aivono","7":"product_cat-15000-puffs-disposable-vape","8":"product_cat-big-puffs-vapes","9":"product_cat-different-puffs-of-disposable-vapes","10":"product_cat-disposable-vape-types","11":"product_cat-disposable-vapes-in-austria","12":"product_cat-disposable-vapes-in-belgium","13":"product_cat-disposable-vapes-in-europe","14":"product_cat-disposable-vapes-in-france","15":"product_cat-disposable-vapes-in-germany","16":"product_cat-disposable-vapes-in-hungary","17":"product_cat-disposable-vapes-in-ltaly","18":"product_cat-disposable-vapes-in-netherlands","19":"product_cat-disposable-vapes-in-norway","20":"product_cat-disposable-vapes-in-poland","21":"product_cat-disposable-vapes-in-portugal","22":"product_cat-disposable-vapes-in-spain","23":"product_cat-disposable-vapes-in-sweden","24":"product_cat-disposable-vapes-in-switzerland","25":"product_cat-rechargeable-vapes","26":"product_cat-shisha-hookah-vapes","28":"first","29":"instock","30":"shipping-taxable","31":"purchasable","32":"product-type-variable","33":"has-default-attributes"},"jetpack_sharing_enabled":true,"tiered_pricing_type":"fixed","tiered_pricing_fixed_rules":{"2000":5.4900000000000002131628207280300557613372802734375},"tiered_pricing_product_settings":{"layout":"default","base_unit_name":{"singular":null,"plural":null},"default_variation":null},"tiered_pricing_minimum_quantity":1000,"tiered_pricing_roles_data":[],"tiered_pricing_percentage_rules":[],"tiered_pricing_maximum_quantity":null,"tiered_pricing_quantity_step":"10","_links":{"self":[{"href":"https:\/\/volovape.com\/de\/wp-json\/wp\/v2\/product\/783","targetHints":{"allow":["GET"]}}],"collection":[{"href":"https:\/\/volovape.com\/de\/wp-json\/wp\/v2\/product"}],"about":[{"href":"https:\/\/volovape.com\/de\/wp-json\/wp\/v2\/types\/product"}],"replies":[{"embeddable":true,"href":"https:\/\/volovape.com\/de\/wp-json\/wp\/v2\/comments?post=783"}],"wp:featuredmedia":[{"embeddable":true,"href":"https:\/\/volovape.com\/de\/wp-json\/wp\/v2\/media\/1191"}],"wp:attachment":[{"href":"https:\/\/volovape.com\/de\/wp-json\/wp\/v2\/media?parent=783"}],"wp:term":[{"taxonomy":"product_brand","embeddable":true,"href":"https:\/\/volovape.com\/de\/wp-json\/wp\/v2\/product_brand?post=783"},{"taxonomy":"product_cat","embeddable":true,"href":"https:\/\/volovape.com\/de\/wp-json\/wp\/v2\/product_cat?post=783"},{"taxonomy":"product_tag","embeddable":true,"href":"https:\/\/volovape.com\/de\/wp-json\/wp\/v2\/product_tag?post=783"}],"curies":[{"name":"wp","href":"https:\/\/api.w.org\/{rel}","templated":true}]}}