{"id":76,"date":"2024-11-21T03:26:51","date_gmt":"2024-11-21T03:26:51","guid":{"rendered":"https:\/\/volovape.com\/?post_type=product&#038;p=76"},"modified":"2026-04-22T01:04:25","modified_gmt":"2026-04-22T01:04:25","slug":"wespe-25k","status":"publish","type":"product","link":"https:\/\/volovape.com\/de\/product\/waspe-25k\/","title":{"rendered":"WASPE 25K Dual Mesh Einweg Vape | 25ml wiederaufladbar Gro\u00dfhandel kaufen"},"content":{"rendered":"<p><iframe title=\"VideoPress-Videoplayer\" aria-label='VideoPress-Videoplayer' width='421' height='750' src='https:\/\/videopress.com\/embed\/qjEoBbFN?hd=0&amp;cover=1' frameborder='0' allowfullscreen allow='clipboard-write'><\/iframe><script src='https:\/\/v0.wordpress.com\/js\/next\/videopress-iframe.js?m=1739540970'><\/script><\/p>\n<p><strong>WASPE 25K Dual Mesh Wiederaufladbare Einweg-Vape mit LCD-Display<\/strong> - Unerreichte Langlebigkeit und Geschmack.<\/p>\n<p>Der <strong>WASPE 25K Doppelmaschen<\/strong> Einweg-Vape liefert ein au\u00dfergew\u00f6hnliches <strong>25.000 Z\u00fcge<\/strong>mit einer gro\u00dfen <strong>25ml e-Fl\u00fcssigkeit Kapazit\u00e4t<\/strong> und ein <strong>650mAh wiederaufladbare Batterie<\/strong> mit <strong>Typ-C-Laden<\/strong>. Die fortgeschrittene <strong>Doppelmaschige Spulentechnologie<\/strong> sorgt f\u00fcr \u00fcberragenden Geschmack und Dampfproduktion. Die integrierte <strong>LCD-Anzeige<\/strong> erm\u00f6glicht eine einfache \u00dcberwachung der Batterielebensdauer und der Anzahl der Z\u00fcge. W\u00e4hlen Sie aus <strong>0%, 2% oder 5% Nikotinst\u00e4rke<\/strong> und genie\u00dfen <strong>10 k\u00f6stliche Geschmacksrichtungen<\/strong>einschlie\u00dflich Pfirsich-Mango-Wassermelone und Blaubeer-Himbeer-Limonade. Perfekt f\u00fcr den pers\u00f6nlichen Gebrauch oder <strong>Einweg-Vape-Gro\u00dfhandel<\/strong>bietet dieses Ger\u00e4t eine un\u00fcbertroffene Langlebigkeit und Leistung. F\u00fcr <strong>Gro\u00dfauftrag<\/strong> Preise, bitte kontaktieren Sie uns.<\/p>\n<h3><strong>WASPE 25K Merkmale:<\/strong><\/h3>\n<ul>\n<li>Puffs: Bis zu 25.000<\/li>\n<li>E-Fl\u00fcssigkeit Kapazit\u00e4t: 25ml<\/li>\n<li>Akku: 650mAh (wiederaufladbar)<\/li>\n<li>Aufladen: Typ-C<\/li>\n<li>Spule: Dual Mesh Spule<\/li>\n<li>Nikotinst\u00e4rken: 0%, 2%, 5%<\/li>\n<li>Anzeige: LCD (Batterie &amp; Pustezahl)<\/li>\n<li>10 Geschmacksoptionen<\/li>\n<\/ul>\n<h4>H\u00e4ufig gestellte Fragen<\/h4>\n<h5>Wie profitiert der Vaper von der Dual Mesh Coil Technologie?<\/h5>\n<p>Die Dual-Mesh-Coil-Technologie maximiert die Heizfl\u00e4che, was zu einer gleichm\u00e4\u00dfigen und intensiven Geschmacksabgabe f\u00fchrt. Es sorgt auch f\u00fcr eine gleichm\u00e4\u00dfige Erw\u00e4rmung, verhindert verbrannte Geschm\u00e4cker und bietet eine glatte, befriedigende vaping Erfahrung w\u00e4hrend der Lebensdauer des Ger\u00e4tes.<\/p>\n<h5>Welche Versandarten gibt es?<\/h5>\n<p>Wir arbeiten mit vertrauensw\u00fcrdigen Transportunternehmen wie UPS, DHL, FedEx und DPD zusammen, um sicherzustellen, dass Ihre Bestellungen effizient zugestellt werden. Die Versandmethode wird auf der Grundlage Ihres Standorts ausgew\u00e4hlt, um eine optimale Liefergeschwindigkeit und Zuverl\u00e4ssigkeit zu gew\u00e4hrleisten.<\/p>\n<h5>Wie lange dauert der Versand normalerweise?<\/h5>\n<p>Der Versand dauert normalerweise zwischen 7 und 15 Werktagen. In der Hochsaison oder bei ung\u00fcnstigen Wetterbedingungen kann es bis zu 20 Werktage dauern.<\/p>\n<h5>Werde ich Probleme mit dem Zoll oder zus\u00e4tzliche Geb\u00fchren haben?<\/h5>\n<p>Wir wickeln alle Zollabfertigungsverfahren ab und sorgen daf\u00fcr, dass Ihre Sendung ohne Probleme durchgeht. F\u00fcr Sie fallen keine zus\u00e4tzlichen Steuern oder Geb\u00fchren an. Wir garantieren die Zollabfertigung von 100%.<\/p>\n<h5>Wie kann ich mich von der Qualit\u00e4t und Zuverl\u00e4ssigkeit des Produkts \u00fcberzeugen?<\/h5>\n<p>Wir akzeptieren sichere PayPal-Zahlungen mit K\u00e4uferschutz. Sie k\u00f6nnen auch Kundenrezensionen lesen auf <a href=\"https:\/\/www.trustpilot.com\/review\/volovape.com?utm_medium=trustbox&amp;utm_source=TrustBoxReviewCollector\">VertrauensPilot<\/a>in dem viele Kunden positive Erfahrungen mit unseren Produkten und Dienstleistungen gemacht haben.<\/p>","protected":false},"excerpt":{"rendered":"<p>Erh\u00f6hen Sie Ihr Dampferlebnis mit WASPE 25K Dual Mesh. Dual-Mesh-Spulen, LCD-Display, 25ml, wiederaufladbar. Ideal f\u00fcr den pers\u00f6nlichen Genuss oder Bulk-Gro\u00dfhandel, mit \u00fcberlegenen Geschmack.<\/p>","protected":false},"featured_media":188,"comment_status":"open","ping_status":"closed","template":"","meta":[],"product_brand":[],"product_cat":[17,45,21,18,39,20,23,24,22,25,26,27,28,29,30,31,32,33,34,35,44,36,40],"product_tag":[],"class_list":{"0":"post-76","1":"product","2":"type-product","3":"status-publish","4":"has-post-thumbnail","6":"product_cat-waspe","7":"product_cat-25000-puffs-disposable-vape","8":"product_cat-big-puffs-vapes","9":"product_cat-different-puffs-of-disposable-vapes","10":"product_cat-digital-box-vapes","11":"product_cat-disposable-vape-types","12":"product_cat-disposable-vapes-in-austria","13":"product_cat-disposable-vapes-in-belgium","14":"product_cat-disposable-vapes-in-europe","15":"product_cat-disposable-vapes-in-france","16":"product_cat-disposable-vapes-in-germany","17":"product_cat-disposable-vapes-in-hungary","18":"product_cat-disposable-vapes-in-ltaly","19":"product_cat-disposable-vapes-in-netherlands","20":"product_cat-disposable-vapes-in-norway","21":"product_cat-disposable-vapes-in-poland","22":"product_cat-disposable-vapes-in-portugal","23":"product_cat-disposable-vapes-in-spain","24":"product_cat-disposable-vapes-in-sweden","25":"product_cat-disposable-vapes-in-switzerland","26":"product_cat-dual-mesh-vapes","27":"product_cat-rechargeable-vapes","28":"product_cat-smart-screen-vapes","30":"first","31":"instock","32":"shipping-taxable","33":"purchasable","34":"product-type-variable","35":"has-default-attributes"},"jetpack_sharing_enabled":true,"tiered_pricing_type":"fixed","tiered_pricing_fixed_rules":{"2000":5.55999999999999960920149533194489777088165283203125},"tiered_pricing_product_settings":{"layout":"default","base_unit_name":{"singular":null,"plural":null},"default_variation":null},"tiered_pricing_minimum_quantity":1000,"tiered_pricing_roles_data":[],"tiered_pricing_percentage_rules":[],"tiered_pricing_maximum_quantity":null,"tiered_pricing_quantity_step":"10","_links":{"self":[{"href":"https:\/\/volovape.com\/de\/wp-json\/wp\/v2\/product\/76","targetHints":{"allow":["GET"]}}],"collection":[{"href":"https:\/\/volovape.com\/de\/wp-json\/wp\/v2\/product"}],"about":[{"href":"https:\/\/volovape.com\/de\/wp-json\/wp\/v2\/types\/product"}],"replies":[{"embeddable":true,"href":"https:\/\/volovape.com\/de\/wp-json\/wp\/v2\/comments?post=76"}],"wp:featuredmedia":[{"embeddable":true,"href":"https:\/\/volovape.com\/de\/wp-json\/wp\/v2\/media\/188"}],"wp:attachment":[{"href":"https:\/\/volovape.com\/de\/wp-json\/wp\/v2\/media?parent=76"}],"wp:term":[{"taxonomy":"product_brand","embeddable":true,"href":"https:\/\/volovape.com\/de\/wp-json\/wp\/v2\/product_brand?post=76"},{"taxonomy":"product_cat","embeddable":true,"href":"https:\/\/volovape.com\/de\/wp-json\/wp\/v2\/product_cat?post=76"},{"taxonomy":"product_tag","embeddable":true,"href":"https:\/\/volovape.com\/de\/wp-json\/wp\/v2\/product_tag?post=76"}],"curies":[{"name":"wp","href":"https:\/\/api.w.org\/{rel}","templated":true}]}}