{"id":750,"date":"2024-11-21T03:32:38","date_gmt":"2024-11-21T03:32:38","guid":{"rendered":"https:\/\/volovape.com\/?post_type=product&#038;p=750"},"modified":"2025-07-06T04:26:20","modified_gmt":"2025-07-06T04:26:20","slug":"evappe-shisha-deluxe-bar-18000-zuge","status":"publish","type":"product","link":"https:\/\/volovape.com\/de\/product\/evappe-shisha-deluxe-bar-18000-puffs\/","title":{"rendered":"EVAPPE Shisha Deluxe Bar 18000 Z\u00fcge Einwegverdampfer - 0,6\u03a9 Mesh-Spule, wiederaufladbar (0-5% Nikotin)"},"content":{"rendered":"<p><strong>EVAPPE Shisha Deluxe Bar 18000 Z\u00fcge Einweg Vape<\/strong> - Erleben Sie Shisha-inspiriertes Vaping mit un\u00fcbertroffener Langlebigkeit.<\/p>\n<p>Der <strong>EVAPPE Shisha Deluxe Bar 18000 Z\u00fcge<\/strong> bringt das reichhaltige, geschmacksintensive Erlebnis der Shisha in ein praktisches, tragbares Format. Mit einer beeindruckenden <strong>18.000 Z\u00fcge<\/strong>eine gro\u00dfz\u00fcgige <strong>25ml e-Fl\u00fcssigkeit Kapazit\u00e4t<\/strong>und eine robuste <strong>600mAh wiederaufladbare Batterie<\/strong>sorgt dieses Ger\u00e4t f\u00fcr l\u00e4ngere Vaping-Sessions. Die fortschrittliche <strong>Spule mit 0,6\u03a9 Maschenweite<\/strong> liefert gleichm\u00e4\u00dfig weichen, dichten Dampf und f\u00e4ngt die Essenz klassischer Shisha-Aromen ein. W\u00e4hlen Sie aus <strong>0%, 2%, 3% oder 5% Nikotinst\u00e4rke<\/strong> um Ihr Erlebnis individuell zu gestalten. Ideal f\u00fcr pers\u00f6nliches Vergn\u00fcgen und <strong>Einweg-Vape-Gro\u00dfhandel<\/strong>Dieses schlanke Ger\u00e4t ist perfekt f\u00fcr alle, die Premium-Dampfen suchen. <strong>Sammelbestellung<\/strong> Optionen f\u00fcr Einzelh\u00e4ndler zur Verf\u00fcgung stehen.<\/p>\n<h3><strong>EVAPPE Shisha Deluxe Bar 18000 Z\u00fcge Eigenschaften:<\/strong><\/h3>\n<ul>\n<li>Puffs: Bis zu 18.000<\/li>\n<li>E-Fl\u00fcssigkeit Kapazit\u00e4t: 25ml<\/li>\n<li>Akku: 600mAh (wiederaufladbar)<\/li>\n<li>Aufladen: Typ-C<\/li>\n<li>Spule: 0.6\u03a9 Masche Spule<\/li>\n<li>Nikotinst\u00e4rken: 0%, 2%, 3%, 5%<\/li>\n<li>Verf\u00fcgbare Geschmacksrichtungen: Two Apple, Berry Ice, Blueberry Gum, Grape Mint, Lush Ice, Cherry Raspberry, Peach Ice, Strawberry Punch.<\/li>\n<\/ul>\n<h4>H\u00e4ufig gestellte Fragen<\/h4>\n<h5>Wie verbessert die 0,6-\u03a9-Mesh-Spule den von der Shisha inspirierten Geschmack?<\/h5>\n<p>Die 0,6-\u03a9-Mesh-Spule wurde entwickelt, um eine optimale W\u00e4rmeverteilung zu gew\u00e4hrleisten und die reichen und komplexen Aromen von Shisha-Mischungen zu verst\u00e4rken. Dies f\u00fchrt zu dichterem, geschmacksintensiverem Dampf, der ein wirklich intensives Dampferlebnis bietet, das an eine traditionelle Shisha erinnert.<\/p>\n<h5>Welche Nikotinst\u00e4rken gibt es?<\/h5>\n<p>Die EVAPPE Shisha Deluxe Bar 18000 Puffs bietet Nikotinst\u00e4rken von 0%, 2%, 3% und 5%, so dass Sie die St\u00e4rke w\u00e4hlen k\u00f6nnen, die Ihren Vorlieben und Bed\u00fcrfnissen am besten entspricht.<\/p>\n<h5>Wie lange h\u00e4lt der Akku und wie schnell wird er wieder aufgeladen?<\/h5>\n<p>Der 600-mAh-Akku ist f\u00fcr eine lang anhaltende Leistung ausgelegt und unterst\u00fctzt bis zu 18.000 Z\u00fcge. Mit dem Typ-C-Ladeanschluss k\u00f6nnen Sie Ihr Ger\u00e4t schnell und effizient aufladen und so die Ausfallzeiten minimieren.<\/p>\n<h5>Welche Versandmethoden werden verwendet?<\/h5>\n<p>Wir arbeiten mit renommierten Transportunternehmen wie UPS, DHL, FedEx und DPD zusammen, um eine zuverl\u00e4ssige und effiziente Lieferung zu gew\u00e4hrleisten. Je nach Standort w\u00e4hlen wir die beste Versandoption aus, um Ihre Bestellung so schnell wie m\u00f6glich zu Ihnen zu bringen.<\/p>\n<h5>Kann ich meinem Kauf vertrauen?<\/h5>\n<p>Wir legen gro\u00dfen Wert auf Kundenzufriedenheit und bieten sichere Zahlungsm\u00f6glichkeiten, einschlie\u00dflich PayPal, mit K\u00e4uferschutz. Sie k\u00f6nnen auch die Bewertungen unserer zufriedenen Kunden auf TrustPilot lesen: <a href=\"https:\/\/www.trustpilot.com\/review\/volovape.com?utm_medium=trustbox&amp;utm_source=TrustBoxReviewCollector\">VertrauensPilot<\/a>.<\/p>","protected":false},"excerpt":{"rendered":"<p>Kaufen Sie EVAPPE Shisha Deluxe Bar 18000 Puffs Disposable Vape in gro\u00dfen Mengen. Mit 25ml e-Fl\u00fcssigkeit, glatter Mesh-Spule und Shisha-inspirierten Aromen, ist es perfekt f\u00fcr Gro\u00dfhandel Vape Wiederverk\u00e4ufer und Lieferanten.<\/p>","protected":false},"featured_media":1169,"comment_status":"open","ping_status":"closed","template":"","meta":[],"product_brand":[],"product_cat":[68,50,21,18,20,23,24,22,25,26,27,28,29,30,31,32,33,34,35,36,47],"product_tag":[],"class_list":{"0":"post-750","1":"product","2":"type-product","3":"status-publish","4":"has-post-thumbnail","6":"product_cat-evappe","7":"product_cat-18000-puffs-disposable-vape","8":"product_cat-big-puffs-vapes","9":"product_cat-different-puffs-of-disposable-vapes","10":"product_cat-disposable-vape-types","11":"product_cat-disposable-vapes-in-austria","12":"product_cat-disposable-vapes-in-belgium","13":"product_cat-disposable-vapes-in-europe","14":"product_cat-disposable-vapes-in-france","15":"product_cat-disposable-vapes-in-germany","16":"product_cat-disposable-vapes-in-hungary","17":"product_cat-disposable-vapes-in-ltaly","18":"product_cat-disposable-vapes-in-netherlands","19":"product_cat-disposable-vapes-in-norway","20":"product_cat-disposable-vapes-in-poland","21":"product_cat-disposable-vapes-in-portugal","22":"product_cat-disposable-vapes-in-spain","23":"product_cat-disposable-vapes-in-sweden","24":"product_cat-disposable-vapes-in-switzerland","25":"product_cat-rechargeable-vapes","26":"product_cat-shisha-hookah-vapes","28":"first","29":"instock","30":"shipping-taxable","31":"purchasable","32":"product-type-variable","33":"has-default-attributes"},"jetpack_sharing_enabled":true,"tiered_pricing_type":"fixed","tiered_pricing_fixed_rules":{"2000":5.70000000000000017763568394002504646778106689453125},"tiered_pricing_product_settings":{"layout":"default","base_unit_name":{"singular":null,"plural":null},"default_variation":null},"tiered_pricing_minimum_quantity":1000,"tiered_pricing_roles_data":[],"tiered_pricing_percentage_rules":[],"tiered_pricing_maximum_quantity":null,"tiered_pricing_quantity_step":"10","_links":{"self":[{"href":"https:\/\/volovape.com\/de\/wp-json\/wp\/v2\/product\/750","targetHints":{"allow":["GET"]}}],"collection":[{"href":"https:\/\/volovape.com\/de\/wp-json\/wp\/v2\/product"}],"about":[{"href":"https:\/\/volovape.com\/de\/wp-json\/wp\/v2\/types\/product"}],"replies":[{"embeddable":true,"href":"https:\/\/volovape.com\/de\/wp-json\/wp\/v2\/comments?post=750"}],"wp:featuredmedia":[{"embeddable":true,"href":"https:\/\/volovape.com\/de\/wp-json\/wp\/v2\/media\/1169"}],"wp:attachment":[{"href":"https:\/\/volovape.com\/de\/wp-json\/wp\/v2\/media?parent=750"}],"wp:term":[{"taxonomy":"product_brand","embeddable":true,"href":"https:\/\/volovape.com\/de\/wp-json\/wp\/v2\/product_brand?post=750"},{"taxonomy":"product_cat","embeddable":true,"href":"https:\/\/volovape.com\/de\/wp-json\/wp\/v2\/product_cat?post=750"},{"taxonomy":"product_tag","embeddable":true,"href":"https:\/\/volovape.com\/de\/wp-json\/wp\/v2\/product_tag?post=750"}],"curies":[{"name":"wp","href":"https:\/\/api.w.org\/{rel}","templated":true}]}}