{"id":75,"date":"2024-11-21T03:26:51","date_gmt":"2024-11-21T03:26:51","guid":{"rendered":"https:\/\/volovape.com\/?post_type=product&#038;p=75"},"modified":"2025-09-08T03:35:16","modified_gmt":"2025-09-08T03:35:16","slug":"wespe-20000-zuge","status":"publish","type":"product","link":"https:\/\/volovape.com\/de\/product\/waspe-20000-puffs\/","title":{"rendered":"Waspe 20000 puffs dual mesh box Einweg vape - wiederaufladbar mit LCD (0-5% Nikotin)"},"content":{"rendered":"<p><iframe title=\"VideoPress-Videoplayer\" aria-label='VideoPress-Videoplayer' width='421' height='750' src='https:\/\/videopress.com\/embed\/TWxHNXPl?hd=0&amp;cover=1' frameborder='0' allowfullscreen allow='clipboard-write'><\/iframe><script src='https:\/\/v0.wordpress.com\/js\/next\/videopress-iframe.js?m=1739540970'><\/script><\/p>\n<p><strong>Waspe 20000 Puffs Dual Mesh Box wiederaufladbare Einweg Vape mit LCD<\/strong> - Ultimative Leistung und Geschmack.<\/p>\n<p>Der <strong>Waspe 20000 Puffs Dual Mesh Box<\/strong> liefert ein au\u00dfergew\u00f6hnliches Vaping-Erlebnis mit seinem massiven <strong>20.000 Pusteblumen<\/strong> Kapazit\u00e4t und <strong>24ml e-Fl\u00fcssigkeitsbeh\u00e4lter<\/strong>. Angetrieben von einer <strong>900mAh wiederaufladbare Batterie<\/strong> mit <strong>Typ-C-Laden<\/strong>Sie gew\u00e4hrleistet eine lang anhaltende Leistung. Die innovative <strong>Doppelmaschige Spulentechnologie<\/strong> bietet \u00fcberragenden Geschmack und Dampfproduktion. Die integrierte <strong>LCD-Anzeige<\/strong> k\u00f6nnen Sie ganz einfach die Akkulaufzeit und die Anzahl der Z\u00fcge \u00fcberwachen. W\u00e4hlen Sie aus <strong>0%, 2%, 3% oder 5% Nikotinst\u00e4rke<\/strong> und genie\u00dfen <strong>12 k\u00f6stliche Geschmacksrichtungen<\/strong>einschlie\u00dflich Kiwi Passionsfrucht Guave und Wassermelone Bubblegum. Ideal f\u00fcr den pers\u00f6nlichen Gebrauch oder <strong>Einweg-Vape-Gro\u00dfhandel<\/strong>bietet dieses Ger\u00e4t unvergleichliche Leistung und Komfort. F\u00fcr <strong>Gro\u00dfauftrag<\/strong> Preise, bitte kontaktieren Sie uns.<\/p>\n<h3><strong>Waspe 20000 Merkmale:<\/strong><\/h3>\n<ul>\n<li>Puffs: Bis zu 20.000<\/li>\n<li>E-Fl\u00fcssigkeit Kapazit\u00e4t: 24ml<\/li>\n<li>Akku: 900mAh (wiederaufladbar)<\/li>\n<li>Aufladen: Typ-C<\/li>\n<li>Spule: Dual Mesh Spule<\/li>\n<li>Nikotinst\u00e4rken: 0%, 2%, 3%, 5%<\/li>\n<li>Anzeige: LCD (Batterie &amp; Pustezahl)<\/li>\n<li>12 Geschmacksoptionen<\/li>\n<\/ul>\n<h4>H\u00e4ufig gestellte Fragen<\/h4>\n<h5>Wie verbessert die Dual-Mesh-Coil-Technologie das Dampferlebnis?<\/h5>\n<p>Die Dual-Mesh-Coil-Technologie bietet eine gr\u00f6\u00dfere Heizfl\u00e4che, was zu einer gleichm\u00e4\u00dfigeren Erw\u00e4rmung und einer verbesserten Aromaproduktion f\u00fchrt. Dies sorgt f\u00fcr konsistenten und reichhaltigen Dampf mit jedem Zug und liefert ein erstklassiges Dampferlebnis.<\/p>\n<h5>Welche Versandarten gibt es?<\/h5>\n<p>Wir arbeiten mit zuverl\u00e4ssigen Transportunternehmen wie UPS, DHL, FedEx und DPD zusammen, um sicherzustellen, dass Ihre Bestellungen effizient zugestellt werden. Die Versandmethode wird auf der Grundlage Ihres Standorts ausgew\u00e4hlt, um eine optimale Liefergeschwindigkeit und Zuverl\u00e4ssigkeit zu gew\u00e4hrleisten.<\/p>\n<h5>Wie lange dauert der Versand normalerweise?<\/h5>\n<p>Der Versand dauert normalerweise zwischen 7 und 15 Werktagen. In der Hochsaison oder bei ung\u00fcnstigen Wetterbedingungen kann es bis zu 20 Werktage dauern.<\/p>\n<h5>Werde ich Probleme mit dem Zoll oder zus\u00e4tzliche Geb\u00fchren haben?<\/h5>\n<p>Wir wickeln alle Zollabfertigungsverfahren ab und sorgen daf\u00fcr, dass Ihre Sendung ohne Probleme durchgeht. F\u00fcr Sie fallen keine zus\u00e4tzlichen Steuern oder Geb\u00fchren an. Wir garantieren die Zollabfertigung von 100%.<\/p>\n<h5>Wie kann ich mich von der Qualit\u00e4t und Zuverl\u00e4ssigkeit des Produkts \u00fcberzeugen?<\/h5>\n<p>Wir akzeptieren sichere PayPal-Zahlungen mit K\u00e4uferschutz. Sie k\u00f6nnen auch Kundenrezensionen lesen auf <a href=\"https:\/\/www.trustpilot.com\/review\/volovape.com?utm_medium=trustbox&amp;utm_source=TrustBoxReviewCollector\">VertrauensPilot<\/a>in dem viele Kunden positive Erfahrungen mit unseren Produkten und Dienstleistungen gemacht haben.<\/p>","protected":false},"excerpt":{"rendered":"<p>G\u00f6nnen Sie sich \u00fcberlegenes Dampfen mit Waspe 20000 Puffs Dual Mesh Box. Dual-Mesh-Spulen, LCD-Display, 24ml, 900mAh wiederaufladbar. Perfekt f\u00fcr pers\u00f6nliche oder Gro\u00dfhandel, liefert au\u00dfergew\u00f6hnlichen Geschmack.<\/p>","protected":false},"featured_media":169,"comment_status":"open","ping_status":"closed","template":"","meta":[],"product_brand":[],"product_cat":[17,42,21,43,18,39,20,23,24,22,25,26,27,28,29,30,31,32,33,34,35,44,36,40],"product_tag":[],"class_list":{"0":"post-75","1":"product","2":"type-product","3":"status-publish","4":"has-post-thumbnail","6":"product_cat-waspe","7":"product_cat-20000-puffs-disposable-vape","8":"product_cat-big-puffs-vapes","9":"product_cat-crystal-vapes","10":"product_cat-different-puffs-of-disposable-vapes","11":"product_cat-digital-box-vapes","12":"product_cat-disposable-vape-types","13":"product_cat-disposable-vapes-in-austria","14":"product_cat-disposable-vapes-in-belgium","15":"product_cat-disposable-vapes-in-europe","16":"product_cat-disposable-vapes-in-france","17":"product_cat-disposable-vapes-in-germany","18":"product_cat-disposable-vapes-in-hungary","19":"product_cat-disposable-vapes-in-ltaly","20":"product_cat-disposable-vapes-in-netherlands","21":"product_cat-disposable-vapes-in-norway","22":"product_cat-disposable-vapes-in-poland","23":"product_cat-disposable-vapes-in-portugal","24":"product_cat-disposable-vapes-in-spain","25":"product_cat-disposable-vapes-in-sweden","26":"product_cat-disposable-vapes-in-switzerland","27":"product_cat-dual-mesh-vapes","28":"product_cat-rechargeable-vapes","29":"product_cat-smart-screen-vapes","31":"first","32":"instock","33":"shipping-taxable","34":"purchasable","35":"product-type-variable","36":"has-default-attributes"},"jetpack_sharing_enabled":true,"tiered_pricing_type":"fixed","tiered_pricing_fixed_rules":{"2000":5.589999999999999857891452847979962825775146484375},"tiered_pricing_product_settings":{"layout":"default","base_unit_name":{"singular":null,"plural":null},"default_variation":null},"tiered_pricing_minimum_quantity":1000,"tiered_pricing_roles_data":[],"tiered_pricing_percentage_rules":[],"tiered_pricing_maximum_quantity":null,"tiered_pricing_quantity_step":"10","_links":{"self":[{"href":"https:\/\/volovape.com\/de\/wp-json\/wp\/v2\/product\/75","targetHints":{"allow":["GET"]}}],"collection":[{"href":"https:\/\/volovape.com\/de\/wp-json\/wp\/v2\/product"}],"about":[{"href":"https:\/\/volovape.com\/de\/wp-json\/wp\/v2\/types\/product"}],"replies":[{"embeddable":true,"href":"https:\/\/volovape.com\/de\/wp-json\/wp\/v2\/comments?post=75"}],"wp:featuredmedia":[{"embeddable":true,"href":"https:\/\/volovape.com\/de\/wp-json\/wp\/v2\/media\/169"}],"wp:attachment":[{"href":"https:\/\/volovape.com\/de\/wp-json\/wp\/v2\/media?parent=75"}],"wp:term":[{"taxonomy":"product_brand","embeddable":true,"href":"https:\/\/volovape.com\/de\/wp-json\/wp\/v2\/product_brand?post=75"},{"taxonomy":"product_cat","embeddable":true,"href":"https:\/\/volovape.com\/de\/wp-json\/wp\/v2\/product_cat?post=75"},{"taxonomy":"product_tag","embeddable":true,"href":"https:\/\/volovape.com\/de\/wp-json\/wp\/v2\/product_tag?post=75"}],"curies":[{"name":"wp","href":"https:\/\/api.w.org\/{rel}","templated":true}]}}