{"id":749,"date":"2024-11-21T03:32:38","date_gmt":"2024-11-21T03:32:38","guid":{"rendered":"https:\/\/volovape.com\/?post_type=product&#038;p=749"},"modified":"2025-06-19T03:45:11","modified_gmt":"2025-06-19T03:45:11","slug":"rauch-randm-crystal-12000-zuge","status":"publish","type":"product","link":"https:\/\/volovape.com\/de\/product\/fumot-randm-crystal-12000-puffs\/","title":{"rendered":"FUMOT RandM Crystal 12000 Puffs Einweg Vape - Mesh Coil, wiederaufladbar"},"content":{"rendered":"<p><iframe title=\"VideoPress-Videoplayer\" aria-label='VideoPress-Videoplayer' width='500' height='281' src='https:\/\/videopress.com\/embed\/yQX23W0R?hd=0&amp;cover=1' frameborder='0' allowfullscreen allow='clipboard-write'><\/iframe><script src='https:\/\/v0.wordpress.com\/js\/next\/videopress-iframe.js?m=1739540970'><\/script><\/p>\n<p><strong>FUMOT RandM Crystal 12000 Puffs Einweg Vape<\/strong> - Erleben Sie Extended Vaping mit Stil und Leistung.<\/p>\n<p>Der <strong>FUMOT RandM Kristall 12000 Puffs<\/strong> Einweg-Vape bietet eine beeindruckende <strong>12.000 Z\u00fcge<\/strong>mit einem umfangreichen <strong>20ml e-Fl\u00fcssigkeit Kapazit\u00e4t<\/strong> und eine starke <strong>650mAh wiederaufladbare Batterie<\/strong>. Dieses Ger\u00e4t wurde sowohl f\u00fcr Stil als auch f\u00fcr Komfort entwickelt und sorgt mit seinen fortschrittlichen Funktionen f\u00fcr lang anhaltenden Genuss. <strong>Netzspulen-Technologie<\/strong> f\u00fcr gleichbleibend weichen und geschmackvollen Dampf. W\u00e4hlen Sie Ihre bevorzugte Nikotinst\u00e4rke aus <strong>0%, 2%, 3% oder 5%<\/strong>und genie\u00dfen Sie das elegante Kristalldesign. Perfekt f\u00fcr den pers\u00f6nlichen Gebrauch und <strong>Einweg-Vape-Gro\u00dfhandel<\/strong>bietet dieses Ger\u00e4t einen au\u00dfergew\u00f6hnlichen Wert. <strong>Sammelbestellung<\/strong> Optionen sind ebenfalls verf\u00fcgbar.<\/p>\n<h3><strong>FUMOT RandM Crystal 12000 Puffs Eigenschaften:<\/strong><\/h3>\n<ul>\n<li>Puffs: Bis zu 12.000<\/li>\n<li>E-Fl\u00fcssigkeit Kapazit\u00e4t: 20ml<\/li>\n<li>Akku: 650mAh (wiederaufladbar)<\/li>\n<li>Aufladen: Typ-C<\/li>\n<li>Spule: Mesh-Spule<\/li>\n<li>Nikotinst\u00e4rken: 0%, 2%, 3%, 5%<\/li>\n<li>Verf\u00fcgbare Geschmacksrichtungen: Aloe Grape, Blue Razz Ice, Rainbow Candy, Peachy Mango Watermelon, Cool Mint, Strawberry Kiwi, Lush Ice.<\/li>\n<\/ul>\n<h4>H\u00e4ufig gestellte Fragen<\/h4>\n<h5>Wie verbessert die Netzspule das Dampferlebnis?<\/h5>\n<p>Die Mesh-Spule im FUMOT RandM Crystal 12000 bietet eine gr\u00f6\u00dfere Heizfl\u00e4che, was zu einer gleichm\u00e4\u00dfigeren Erw\u00e4rmung und einer besseren Geschmacksabgabe f\u00fchrt. Diese Technologie sorgt f\u00fcr eine gleichbleibend weiche und reichhaltige Dampfproduktion, die Ihren Genuss mit jedem Zug maximiert.<\/p>\n<h5>Welche Versandmethoden werden verwendet?<\/h5>\n<p>Wir arbeiten mit zuverl\u00e4ssigen Transportunternehmen wie UPS, DHL, FedEx und DPD zusammen. Je nach Lieferort w\u00e4hlen wir die effizienteste Versandoption, um sicherzustellen, dass Ihre Bestellung umgehend ankommt.<\/p>\n<h5>Wie lange dauert es, bis meine Bestellung ankommt?<\/h5>\n<p>Normalerweise dauert die Lieferung 7-15 Werktage. An Feiertagen oder bei schlechtem Wetter kann es jedoch bis zu 20 Arbeitstage dauern.<\/p>\n<h5>Werde ich auf Zoll- oder Steuerprobleme sto\u00dfen?<\/h5>\n<p>Wir garantieren Ihnen eine problemlose Zollabfertigung. Wir wickeln alle Zollprozesse ab und sorgen daf\u00fcr, dass keine zus\u00e4tzlichen Steuern oder Geb\u00fchren f\u00fcr Sie anfallen. Wir stehen zu unserem Versprechen der 100% Zollabfertigung.<\/p>\n<h5>Kann ich meinem Kauf vertrauen?<\/h5>\n<p>Wir bieten sichere Zahlungsm\u00f6glichkeiten \u00fcber PayPal und bieten K\u00e4uferschutz. Sie k\u00f6nnen auch echte Kundenrezensionen auf unserer TrustPilot-Seite lesen: <a href=\"https:\/\/www.trustpilot.com\/review\/volovape.com?utm_medium=trustbox&amp;utm_source=TrustBoxReviewCollector\">VertrauensPilot<\/a>.<\/p>","protected":false},"excerpt":{"rendered":"<p>Kaufen Sie FUMOT RandM Crystal 12000 Puffs Disposable Vape in gro\u00dfen Mengen. Mit 20ml e-Fl\u00fcssigkeit, Mesh-Spule, und Kristall-Design, ist es eine stilvolle Gro\u00dfhandel vape Option f\u00fcr Einzelh\u00e4ndler und Distributoren.<\/p>","protected":false},"featured_media":1152,"comment_status":"open","ping_status":"closed","template":"","meta":[],"product_brand":[],"product_cat":[52,38,21,43,18,39,20,23,24,22,25,26,27,28,29,30,31,32,33,34,35,36,40],"product_tag":[],"class_list":{"0":"post-749","1":"product","2":"type-product","3":"status-publish","4":"has-post-thumbnail","6":"product_cat-randm","7":"product_cat-12000-puffs-disposable-vape","8":"product_cat-big-puffs-vapes","9":"product_cat-crystal-vapes","10":"product_cat-different-puffs-of-disposable-vapes","11":"product_cat-digital-box-vapes","12":"product_cat-disposable-vape-types","13":"product_cat-disposable-vapes-in-austria","14":"product_cat-disposable-vapes-in-belgium","15":"product_cat-disposable-vapes-in-europe","16":"product_cat-disposable-vapes-in-france","17":"product_cat-disposable-vapes-in-germany","18":"product_cat-disposable-vapes-in-hungary","19":"product_cat-disposable-vapes-in-ltaly","20":"product_cat-disposable-vapes-in-netherlands","21":"product_cat-disposable-vapes-in-norway","22":"product_cat-disposable-vapes-in-poland","23":"product_cat-disposable-vapes-in-portugal","24":"product_cat-disposable-vapes-in-spain","25":"product_cat-disposable-vapes-in-sweden","26":"product_cat-disposable-vapes-in-switzerland","27":"product_cat-rechargeable-vapes","28":"product_cat-smart-screen-vapes","30":"first","31":"instock","32":"shipping-taxable","33":"purchasable","34":"product-type-variable","35":"has-default-attributes"},"jetpack_sharing_enabled":true,"tiered_pricing_type":"fixed","tiered_pricing_fixed_rules":{"2000":6.20000000000000017763568394002504646778106689453125},"tiered_pricing_product_settings":{"layout":"default","base_unit_name":{"singular":null,"plural":null},"default_variation":null},"tiered_pricing_minimum_quantity":1000,"tiered_pricing_roles_data":[],"tiered_pricing_percentage_rules":[],"tiered_pricing_maximum_quantity":null,"tiered_pricing_quantity_step":"10","_links":{"self":[{"href":"https:\/\/volovape.com\/de\/wp-json\/wp\/v2\/product\/749","targetHints":{"allow":["GET"]}}],"collection":[{"href":"https:\/\/volovape.com\/de\/wp-json\/wp\/v2\/product"}],"about":[{"href":"https:\/\/volovape.com\/de\/wp-json\/wp\/v2\/types\/product"}],"replies":[{"embeddable":true,"href":"https:\/\/volovape.com\/de\/wp-json\/wp\/v2\/comments?post=749"}],"wp:featuredmedia":[{"embeddable":true,"href":"https:\/\/volovape.com\/de\/wp-json\/wp\/v2\/media\/1152"}],"wp:attachment":[{"href":"https:\/\/volovape.com\/de\/wp-json\/wp\/v2\/media?parent=749"}],"wp:term":[{"taxonomy":"product_brand","embeddable":true,"href":"https:\/\/volovape.com\/de\/wp-json\/wp\/v2\/product_brand?post=749"},{"taxonomy":"product_cat","embeddable":true,"href":"https:\/\/volovape.com\/de\/wp-json\/wp\/v2\/product_cat?post=749"},{"taxonomy":"product_tag","embeddable":true,"href":"https:\/\/volovape.com\/de\/wp-json\/wp\/v2\/product_tag?post=749"}],"curies":[{"name":"wp","href":"https:\/\/api.w.org\/{rel}","templated":true}]}}