{"id":747,"date":"2024-11-21T03:32:38","date_gmt":"2024-11-21T03:32:38","guid":{"rendered":"https:\/\/volovape.com\/?post_type=product&#038;p=747"},"modified":"2025-09-08T03:35:35","modified_gmt":"2025-09-08T03:35:35","slug":"randm-tornado-9000-zuge","status":"publish","type":"product","link":"https:\/\/volovape.com\/de\/product\/randm-tornado-9000-puffs\/","title":{"rendered":"RandM Tornado 9000 Puffs Einweg-Vape mit RGB-Licht - wiederaufladbar (0-5% Nikotin)"},"content":{"rendered":"<p><strong>RandM Tornado 9000 Puffs RGB-Beleuchtung wiederaufladbare Einweg-Vape<\/strong> - Erh\u00f6hen Sie Ihr Dampferlebnis mit dem RandM Tornado 9000, der eine lebendige RGB-Beleuchtung und eine hohe Leistung bietet. Dieser wiederaufladbare Einwegdampfer liefert bis zu 9.000 Z\u00fcge und verf\u00fcgt \u00fcber ein 18mL E-Liquid-Reservoir und einen 850mAh Akku. Die Mesh-Coil-Technologie sorgt f\u00fcr gleichbleibend weichen und geschmackvollen Dampf, ideal f\u00fcr den pers\u00f6nlichen Gebrauch und Einweg-Vape-Gro\u00dfhandel Gro\u00dfauftr\u00e4ge. W\u00e4hlen Sie zwischen den Nikotinst\u00e4rken 0%, 2%, 3% oder 5% und einer gro\u00dfen Auswahl von \u00fcber 40 k\u00f6stlichen Geschmacksrichtungen.<\/p>\n<h3><strong>RandM Tornado 9000 Puffs Eigenschaften:<\/strong><\/h3>\n<ul>\n<li>Puffs: 9000 Puffs<\/li>\n<li>E-Fl\u00fcssigkeit Kapazit\u00e4t: 18mL<\/li>\n<li>Akku: 850mAh (wiederaufladbar)<\/li>\n<li>Aufladen: Typ-C<\/li>\n<li>Spule: Mesh-Spule<\/li>\n<li>Nikotinst\u00e4rken: 0%, 2%, 3%, 5%<\/li>\n<li>Beleuchtung: RGB<\/li>\n<li>Geschmacksoptionen: Lush Ice, Blue Razz Ice, Strawberry Watermelon, Pina Colada, Sour Apple, Cotton Pear, Skittles Candy, Cool Mint, und viele mehr.<\/li>\n<\/ul>\n<h4>H\u00e4ufig gestellte Fragen<\/h4>\n<h5>Wie verbessert die RGB-Beleuchtung das Vaping-Erlebnis?<\/h5>\n<p>Die anpassbare RGB-Beleuchtung verleiht Ihrem Dampferlebnis ein stilvolles und dynamisches visuelles Element. Sie erm\u00f6glicht es Ihnen, Ihr Ger\u00e4t zu personalisieren und eine einzigartige \u00c4sthetik zu genie\u00dfen, w\u00e4hrend Sie dampfen.<\/p>\n<h5>Welche Versandarten gibt es?<\/h5>\n<p>Wir arbeiten mit zuverl\u00e4ssigen Transportunternehmen wie UPS, DHL, FedEx und DPD zusammen, um einen effizienten und zuverl\u00e4ssigen Versand zu gew\u00e4hrleisten. Je nach Lieferort wird die am besten geeignete Versandart ausgew\u00e4hlt.<\/p>\n<h5>Wie lange dauert der Versand normalerweise?<\/h5>\n<p>Der Versand dauert in der Regel 7-15 Werktage, wobei sich die Lieferzeiten an Feiertagen oder bei ung\u00fcnstigen Wetterbedingungen auf bis zu 20 Werktage verl\u00e4ngern k\u00f6nnen.<\/p>\n<h5>Fallen f\u00fcr mich Zollgeb\u00fchren oder Steuern an?<\/h5>\n<p>Wir wickeln die gesamte Zollabfertigung ab und garantieren, dass Sie keine zus\u00e4tzlichen Steuern oder Geb\u00fchren zahlen m\u00fcssen. 100% unserer Produkte werden ohne Probleme durch den Zoll abgefertigt.<\/p>\n<h5>Ist mein Kauf sicher und vertrauensw\u00fcrdig?<\/h5>\n<p>Wir bieten sichere Transaktionen durch den K\u00e4uferschutz von PayPal. Sie k\u00f6nnen sich auch von unserer Zuverl\u00e4ssigkeit \u00fcberzeugen, indem Sie die Kundenrezensionen auf <a href=\"https:\/\/www.trustpilot.com\/review\/volovape.com?utm_medium=trustbox&amp;utm_source=TrustBoxReviewCollector\">VertrauensPilot<\/a>.<\/p>","protected":false},"excerpt":{"rendered":"<p>Bestellen Sie RandM Tornado 9000 Puffs Wiederaufladbare Einwegdampfer in gro\u00dfen Mengen. Mit RGB-Beleuchtung, Mesh-Spule und 18 ml e-Fl\u00fcssigkeit ist es eine gro\u00dfartige Gro\u00dfhandelsoption f\u00fcr Vape-Distributoren und Einzelh\u00e4ndler.<\/p>","protected":false},"featured_media":1122,"comment_status":"open","ping_status":"closed","template":"","meta":[],"product_brand":[],"product_cat":[52,48,21,18,20,23,24,22,25,26,27,28,29,30,31,32,33,34,35],"product_tag":[],"class_list":{"0":"post-747","1":"product","2":"type-product","3":"status-publish","4":"has-post-thumbnail","6":"product_cat-randm","7":"product_cat-9000-puffs-disposable-vape","8":"product_cat-big-puffs-vapes","9":"product_cat-different-puffs-of-disposable-vapes","10":"product_cat-disposable-vape-types","11":"product_cat-disposable-vapes-in-austria","12":"product_cat-disposable-vapes-in-belgium","13":"product_cat-disposable-vapes-in-europe","14":"product_cat-disposable-vapes-in-france","15":"product_cat-disposable-vapes-in-germany","16":"product_cat-disposable-vapes-in-hungary","17":"product_cat-disposable-vapes-in-ltaly","18":"product_cat-disposable-vapes-in-netherlands","19":"product_cat-disposable-vapes-in-norway","20":"product_cat-disposable-vapes-in-poland","21":"product_cat-disposable-vapes-in-portugal","22":"product_cat-disposable-vapes-in-spain","23":"product_cat-disposable-vapes-in-sweden","24":"product_cat-disposable-vapes-in-switzerland","26":"first","27":"instock","28":"shipping-taxable","29":"purchasable","30":"product-type-variable","31":"has-default-attributes"},"jetpack_sharing_enabled":true,"tiered_pricing_type":"fixed","tiered_pricing_fixed_rules":{"2000":7.0999999999999996447286321199499070644378662109375},"tiered_pricing_product_settings":{"layout":"default","base_unit_name":{"singular":null,"plural":null},"default_variation":null},"tiered_pricing_minimum_quantity":1000,"tiered_pricing_roles_data":[],"tiered_pricing_percentage_rules":[],"tiered_pricing_maximum_quantity":null,"tiered_pricing_quantity_step":"10","_links":{"self":[{"href":"https:\/\/volovape.com\/de\/wp-json\/wp\/v2\/product\/747","targetHints":{"allow":["GET"]}}],"collection":[{"href":"https:\/\/volovape.com\/de\/wp-json\/wp\/v2\/product"}],"about":[{"href":"https:\/\/volovape.com\/de\/wp-json\/wp\/v2\/types\/product"}],"replies":[{"embeddable":true,"href":"https:\/\/volovape.com\/de\/wp-json\/wp\/v2\/comments?post=747"}],"wp:featuredmedia":[{"embeddable":true,"href":"https:\/\/volovape.com\/de\/wp-json\/wp\/v2\/media\/1122"}],"wp:attachment":[{"href":"https:\/\/volovape.com\/de\/wp-json\/wp\/v2\/media?parent=747"}],"wp:term":[{"taxonomy":"product_brand","embeddable":true,"href":"https:\/\/volovape.com\/de\/wp-json\/wp\/v2\/product_brand?post=747"},{"taxonomy":"product_cat","embeddable":true,"href":"https:\/\/volovape.com\/de\/wp-json\/wp\/v2\/product_cat?post=747"},{"taxonomy":"product_tag","embeddable":true,"href":"https:\/\/volovape.com\/de\/wp-json\/wp\/v2\/product_tag?post=747"}],"curies":[{"name":"wp","href":"https:\/\/api.w.org\/{rel}","templated":true}]}}