{"id":74,"date":"2024-11-21T03:26:51","date_gmt":"2024-11-21T03:26:51","guid":{"rendered":"https:\/\/volovape.com\/?post_type=product&#038;p=74"},"modified":"2025-09-08T03:35:12","modified_gmt":"2025-09-08T03:35:12","slug":"wespe-15000-zuge","status":"publish","type":"product","link":"https:\/\/volovape.com\/de\/product\/waspe-15000-puffs\/","title":{"rendered":"Waspe 15000 Puffs Wiederaufladbare Einweg-Vape mit LCD-Display (0-5% Nikotin)"},"content":{"rendered":"<p><iframe title=\"VideoPress-Videoplayer\" aria-label='VideoPress-Videoplayer' width='500' height='281' src='https:\/\/videopress.com\/embed\/8ucqlbSL?hd=0&amp;cover=1' frameborder='0' allowfullscreen allow='clipboard-write'><\/iframe><script src='https:\/\/v0.wordpress.com\/js\/next\/videopress-iframe.js?m=1739540970'><\/script><\/p>\n<p><strong>Waspe 15000 Puffs Wiederaufladbare Einweg-Vape mit LCD-Display<\/strong> - Vaping mit hoher Kapazit\u00e4t und intelligenter \u00dcberwachung.<\/p>\n<p>Der <strong>Waspe 15000 Z\u00fcge<\/strong> Einweg-Dampfger\u00e4t liefert eine beeindruckende <strong>15.000 Z\u00fcge<\/strong>mit einer gro\u00dfen <strong>22mL e-Fl\u00fcssigkeit Kapazit\u00e4t<\/strong> und ein <strong>850mAh wiederaufladbarer Akku<\/strong> mit <strong>Typ-C-Laden<\/strong> f\u00fcr den erweiterten Einsatz. Die integrierte <strong>LCD-Anzeige<\/strong> k\u00f6nnen Sie ganz einfach die Akkulaufzeit und die Anzahl der Puffs verfolgen. Die <strong>0,8\u03a9 Maschenspule<\/strong> sorgt f\u00fcr eine gleichm\u00e4\u00dfige, konsistente Dampferzeugung, erh\u00e4ltlich in <strong>0%, 2%, 3% oder 5% Nikotinst\u00e4rke<\/strong>. W\u00e4hlen Sie aus <strong>12 verschiedene Geschmacksrichtungen<\/strong>, einschlie\u00dflich Orange Soda und Blue Razz Lemon. Ideal f\u00fcr den pers\u00f6nlichen Genuss oder <strong>Einweg-Vape-Gro\u00dfhandel<\/strong>bietet dieses Ger\u00e4t sowohl Leistung als auch Komfort. F\u00fcr <strong>Gro\u00dfauftrag<\/strong> Preise, bitte kontaktieren Sie uns.<\/p>\n<h3><strong>Waspe 15000 Merkmale:<\/strong><\/h3>\n<ul>\n<li>Puffs: Bis zu 15.000<\/li>\n<li>E-Fl\u00fcssigkeit Kapazit\u00e4t: 22ml<\/li>\n<li>Akku: 850mAh (wiederaufladbar)<\/li>\n<li>Aufladen: Typ-C<\/li>\n<li>Spule: 0.8\u03a9 Masche Spule<\/li>\n<li>Nikotinst\u00e4rken: 0%, 2%, 3%, 5%<\/li>\n<li>Anzeige: LCD (Batterie &amp; Pustezahl)<\/li>\n<li>12 Geschmacksoptionen<\/li>\n<\/ul>\n<h4>H\u00e4ufig gestellte Fragen<\/h4>\n<h5>Wie verbessert das LCD-Display die Benutzerfreundlichkeit?<\/h5>\n<p>Das LCD-Display informiert Sie in Echtzeit \u00fcber Ihren Akkustand und die Anzahl der Z\u00fcge, so dass Sie Ihre Nutzung \u00fcberwachen und Ihre Verdampfungssitzungen effektiv planen k\u00f6nnen. Diese Funktion bietet zus\u00e4tzlichen Komfort und stellt sicher, dass Sie immer \u00fcber den Status Ihres Ger\u00e4ts informiert sind.<\/p>\n<h5>Welche Versandarten gibt es?<\/h5>\n<p>Wir arbeiten mit zuverl\u00e4ssigen Transportunternehmen wie UPS, DHL, FedEx und DPD zusammen, um Ihre Bestellungen auszuliefern. Die am besten geeignete Versandmethode wird auf der Grundlage Ihres Standorts ausgew\u00e4hlt, um eine effiziente und zuverl\u00e4ssige Lieferung zu gew\u00e4hrleisten.<\/p>\n<h5>Wie lange dauert der Versand in der Regel?<\/h5>\n<p>Der Versand dauert normalerweise zwischen 7 und 15 Werktagen. An Feiertagen oder bei ung\u00fcnstigen Wetterbedingungen kann es bis zu 20 Werktage dauern.<\/p>\n<h5>Gibt es irgendwelche Probleme mit dem Zoll oder zus\u00e4tzlichen Geb\u00fchren?<\/h5>\n<p>Wir k\u00fcmmern uns um alle Zollabfertigungsverfahren und sorgen daf\u00fcr, dass Ihre Sendung ohne Probleme durchgeht. Es fallen keine zus\u00e4tzlichen Steuern oder Geb\u00fchren an. Wir garantieren die Zollabfertigung von 100%.<\/p>\n<h5>Wie kann ich die Qualit\u00e4t und Zuverl\u00e4ssigkeit des Produkts \u00fcberpr\u00fcfen?<\/h5>\n<p>Wir unterst\u00fctzen sichere PayPal-Zahlungen mit K\u00e4uferschutz. Sie k\u00f6nnen auch Kundenrezensionen lesen auf <a href=\"https:\/\/www.trustpilot.com\/review\/volovape.com?utm_medium=trustbox&amp;utm_source=TrustBoxReviewCollector\">VertrauensPilot<\/a>in dem viele Kunden positive Erfahrungen mit unseren Produkten und Dienstleistungen gemacht haben.<\/p>","protected":false},"excerpt":{"rendered":"<p>Erleben Sie erweiterte vaping mit Waspe 15000 Puffs. LCD-Display, 0.8\u03a9 Mesh, 22ml, 850mAh wiederaufladbar. Ideal f\u00fcr pers\u00f6nliche oder Gro\u00dfhandel, bietet glatte Dampf und verschiedene Nikotin-Optionen.<\/p>","protected":false},"featured_media":154,"comment_status":"open","ping_status":"closed","template":"","meta":[],"product_brand":[],"product_cat":[17,41,21,18,20,23,24,22,25,26,27,28,29,30,31,32,33,34,35,36,40],"product_tag":[],"class_list":{"0":"post-74","1":"product","2":"type-product","3":"status-publish","4":"has-post-thumbnail","6":"product_cat-waspe","7":"product_cat-15000-puffs-disposable-vape","8":"product_cat-big-puffs-vapes","9":"product_cat-different-puffs-of-disposable-vapes","10":"product_cat-disposable-vape-types","11":"product_cat-disposable-vapes-in-austria","12":"product_cat-disposable-vapes-in-belgium","13":"product_cat-disposable-vapes-in-europe","14":"product_cat-disposable-vapes-in-france","15":"product_cat-disposable-vapes-in-germany","16":"product_cat-disposable-vapes-in-hungary","17":"product_cat-disposable-vapes-in-ltaly","18":"product_cat-disposable-vapes-in-netherlands","19":"product_cat-disposable-vapes-in-norway","20":"product_cat-disposable-vapes-in-poland","21":"product_cat-disposable-vapes-in-portugal","22":"product_cat-disposable-vapes-in-spain","23":"product_cat-disposable-vapes-in-sweden","24":"product_cat-disposable-vapes-in-switzerland","25":"product_cat-rechargeable-vapes","26":"product_cat-smart-screen-vapes","28":"first","29":"instock","30":"shipping-taxable","31":"purchasable","32":"product-type-variable","33":"has-default-attributes"},"jetpack_sharing_enabled":true,"tiered_pricing_type":"fixed","tiered_pricing_fixed_rules":{"2000":4.75},"tiered_pricing_product_settings":{"layout":"default","base_unit_name":{"singular":null,"plural":null},"default_variation":null},"tiered_pricing_minimum_quantity":1000,"tiered_pricing_roles_data":[],"tiered_pricing_percentage_rules":[],"tiered_pricing_maximum_quantity":null,"tiered_pricing_quantity_step":"10","_links":{"self":[{"href":"https:\/\/volovape.com\/de\/wp-json\/wp\/v2\/product\/74","targetHints":{"allow":["GET"]}}],"collection":[{"href":"https:\/\/volovape.com\/de\/wp-json\/wp\/v2\/product"}],"about":[{"href":"https:\/\/volovape.com\/de\/wp-json\/wp\/v2\/types\/product"}],"replies":[{"embeddable":true,"href":"https:\/\/volovape.com\/de\/wp-json\/wp\/v2\/comments?post=74"}],"wp:featuredmedia":[{"embeddable":true,"href":"https:\/\/volovape.com\/de\/wp-json\/wp\/v2\/media\/154"}],"wp:attachment":[{"href":"https:\/\/volovape.com\/de\/wp-json\/wp\/v2\/media?parent=74"}],"wp:term":[{"taxonomy":"product_brand","embeddable":true,"href":"https:\/\/volovape.com\/de\/wp-json\/wp\/v2\/product_brand?post=74"},{"taxonomy":"product_cat","embeddable":true,"href":"https:\/\/volovape.com\/de\/wp-json\/wp\/v2\/product_cat?post=74"},{"taxonomy":"product_tag","embeddable":true,"href":"https:\/\/volovape.com\/de\/wp-json\/wp\/v2\/product_tag?post=74"}],"curies":[{"name":"wp","href":"https:\/\/api.w.org\/{rel}","templated":true}]}}