{"id":72,"date":"2024-11-21T03:26:50","date_gmt":"2024-11-21T03:26:50","guid":{"rendered":"https:\/\/volovape.com\/?post_type=product&#038;p=72"},"modified":"2025-08-06T07:46:36","modified_gmt":"2025-08-06T07:46:36","slug":"wespe-12000-zuge","status":"publish","type":"product","link":"https:\/\/volovape.com\/de\/product\/waspe-12000-puffs\/","title":{"rendered":"WASPE 12000 Puffs Disposable Vape - wiederaufladbar, Mesh Coil, LED-Lichter"},"content":{"rendered":"<p><iframe title=\"VideoPress-Videoplayer\" aria-label='VideoPress-Videoplayer' width='500' height='281' src='https:\/\/videopress.com\/embed\/XcRvhlS5?hd=0&amp;cover=1' frameborder='0' allowfullscreen allow='clipboard-write'><\/iframe><script src='https:\/\/v0.wordpress.com\/js\/next\/videopress-iframe.js?m=1739540970'><\/script><\/p>\n<p><strong>WASPE 12000 Puffs Wiederaufladbare Einweg-Vape mit LED-Licht<\/strong> - Langanhaltendes Vaping mit zus\u00e4tzlichem Flair.<\/p>\n<p>Der <strong>WASPE 12000 Z\u00fcge<\/strong> Einweg-Vape bietet eine beeindruckende <strong>12.000 Z\u00fcge<\/strong>, a <strong>20ml e-Fl\u00fcssigkeit Kapazit\u00e4t<\/strong>und ein <strong>650mAh wiederaufladbare Batterie<\/strong> mit <strong>Typ-C-Laden<\/strong> f\u00fcr eine l\u00e4ngere Nutzung. Die <strong>0,8\u03a9 Maschenspule<\/strong> liefert gleichm\u00e4\u00dfigen, weichen und geschmackvollen Dampf, und die <strong>coole LED-Leuchten<\/strong> an der Basis sorgen f\u00fcr ein einzigartiges visuelles Erlebnis. W\u00e4hlen Sie aus <strong>0%, 2%, 3% oder 5% Nikotinst\u00e4rke<\/strong> und genie\u00dfen <strong>12 erfrischende Geschmacksrichtungen<\/strong>einschlie\u00dflich Watermelon Ice und Strawberry Pitaya Lemonade. Ideal f\u00fcr den pers\u00f6nlichen Gebrauch oder <strong>Einweg-Vape-Gro\u00dfhandel<\/strong>kombiniert dieses Ger\u00e4t Leistung mit Stil. F\u00fcr <strong>Gro\u00dfauftrag<\/strong> Anfragen, bitte kontaktieren Sie uns.<\/p>\n<h3><strong>WASPE 12000 Merkmale:<\/strong><\/h3>\n<ul>\n<li>Puffs: Bis zu 12.000<\/li>\n<li>E-Fl\u00fcssigkeit Kapazit\u00e4t: 20ml<\/li>\n<li>Akku: 650mAh (wiederaufladbar)<\/li>\n<li>Aufladen: Typ-C<\/li>\n<li>Spule: 0.8\u03a9 Masche Spule<\/li>\n<li>Beleuchtung: K\u00fchle LED-Lichter<\/li>\n<li>Nikotinst\u00e4rken: 0%, 2%, 3%, 5%<\/li>\n<li>12 Geschmacksoptionen<\/li>\n<\/ul>\n<h4>H\u00e4ufig gestellte Fragen<\/h4>\n<h5>Wie verbessern die LED-Lichter das Vaping-Erlebnis?<\/h5>\n<p>Die k\u00fchlen LED-Leuchten an der Basis des WASPE 12000 sind ein stilvolles und einzigartiges visuelles Element f\u00fcr Ihre Verdampfungssitzungen. Sie erzeugen einen lebendigen und auff\u00e4lligen Effekt, der Deinen Vape hervorstechen l\u00e4sst, w\u00e4hrend Du den weichen, geschmackvollen Dampf genie\u00dft.<\/p>\n<h5>Welche Versandarten sind m\u00f6glich?<\/h5>\n<p>Wir arbeiten mit zuverl\u00e4ssigen Transportunternehmen wie UPS, DHL, FedEx und DPD zusammen, um Ihre Bestellungen zuzustellen. Je nach Ihrem Standort wird die am besten geeignete Versandmethode ausgew\u00e4hlt, um eine effiziente und p\u00fcnktliche Lieferung zu gew\u00e4hrleisten.<\/p>\n<h5>Wie lange dauert der Versand normalerweise?<\/h5>\n<p>Der Versand dauert normalerweise zwischen 7 und 15 Werktagen. In der Hochsaison oder bei ung\u00fcnstigen Wetterbedingungen kann es bis zu 20 Werktage dauern.<\/p>\n<h5>Werde ich Probleme mit dem Zoll oder zus\u00e4tzliche Geb\u00fchren haben?<\/h5>\n<p>Wir wickeln alle Zollabfertigungsverfahren ab und sorgen daf\u00fcr, dass Ihre Sendung ohne Probleme durchgeht. F\u00fcr Sie fallen keine zus\u00e4tzlichen Steuern oder Geb\u00fchren an. Wir garantieren die Zollabfertigung von 100%.<\/p>\n<h5>Wie kann ich mich von der Qualit\u00e4t und Zuverl\u00e4ssigkeit des Produkts \u00fcberzeugen?<\/h5>\n<p>Wir akzeptieren sichere PayPal-Zahlungen mit K\u00e4uferschutz. Sie k\u00f6nnen auch unsere Kundenrezensionen \u00fcberpr\u00fcfen auf <a href=\"https:\/\/www.trustpilot.com\/review\/volovape.com?utm_medium=trustbox&amp;utm_source=TrustBoxReviewCollector\">VertrauensPilot<\/a> f\u00fcr Erfahrungen aus erster Hand von unseren zufriedenen Kunden.<\/p>","protected":false},"excerpt":{"rendered":"<p>Illumi nate Ihre vape mit WASPE 12000 Puffs. LED-Leuchten, 0.8\u03a9 Mesh, 20ml, wiederaufladbar. Perfekt f\u00fcr pers\u00f6nliche oder Gro\u00dfhandel, bietet dauerhaften Geschmack und lebendigen Stil.<\/p>","protected":false},"featured_media":124,"comment_status":"open","ping_status":"closed","template":"","meta":[],"product_brand":[],"product_cat":[17,38,21,18,20,23,24,22,25,26,27,28,29,30,31,32,33,34,35,36],"product_tag":[],"class_list":{"0":"post-72","1":"product","2":"type-product","3":"status-publish","4":"has-post-thumbnail","6":"product_cat-waspe","7":"product_cat-12000-puffs-disposable-vape","8":"product_cat-big-puffs-vapes","9":"product_cat-different-puffs-of-disposable-vapes","10":"product_cat-disposable-vape-types","11":"product_cat-disposable-vapes-in-austria","12":"product_cat-disposable-vapes-in-belgium","13":"product_cat-disposable-vapes-in-europe","14":"product_cat-disposable-vapes-in-france","15":"product_cat-disposable-vapes-in-germany","16":"product_cat-disposable-vapes-in-hungary","17":"product_cat-disposable-vapes-in-ltaly","18":"product_cat-disposable-vapes-in-netherlands","19":"product_cat-disposable-vapes-in-norway","20":"product_cat-disposable-vapes-in-poland","21":"product_cat-disposable-vapes-in-portugal","22":"product_cat-disposable-vapes-in-spain","23":"product_cat-disposable-vapes-in-sweden","24":"product_cat-disposable-vapes-in-switzerland","25":"product_cat-rechargeable-vapes","27":"first","28":"instock","29":"shipping-taxable","30":"purchasable","31":"product-type-variable","32":"has-default-attributes"},"jetpack_sharing_enabled":true,"tiered_pricing_type":"fixed","tiered_pricing_fixed_rules":{"2000":4.13999999999999968025576890795491635799407958984375},"tiered_pricing_product_settings":{"layout":"default","base_unit_name":{"singular":null,"plural":null},"default_variation":null},"tiered_pricing_minimum_quantity":1000,"tiered_pricing_roles_data":[],"tiered_pricing_percentage_rules":[],"tiered_pricing_maximum_quantity":null,"tiered_pricing_quantity_step":"10","_links":{"self":[{"href":"https:\/\/volovape.com\/de\/wp-json\/wp\/v2\/product\/72","targetHints":{"allow":["GET"]}}],"collection":[{"href":"https:\/\/volovape.com\/de\/wp-json\/wp\/v2\/product"}],"about":[{"href":"https:\/\/volovape.com\/de\/wp-json\/wp\/v2\/types\/product"}],"replies":[{"embeddable":true,"href":"https:\/\/volovape.com\/de\/wp-json\/wp\/v2\/comments?post=72"}],"wp:featuredmedia":[{"embeddable":true,"href":"https:\/\/volovape.com\/de\/wp-json\/wp\/v2\/media\/124"}],"wp:attachment":[{"href":"https:\/\/volovape.com\/de\/wp-json\/wp\/v2\/media?parent=72"}],"wp:term":[{"taxonomy":"product_brand","embeddable":true,"href":"https:\/\/volovape.com\/de\/wp-json\/wp\/v2\/product_brand?post=72"},{"taxonomy":"product_cat","embeddable":true,"href":"https:\/\/volovape.com\/de\/wp-json\/wp\/v2\/product_cat?post=72"},{"taxonomy":"product_tag","embeddable":true,"href":"https:\/\/volovape.com\/de\/wp-json\/wp\/v2\/product_tag?post=72"}],"curies":[{"name":"wp","href":"https:\/\/api.w.org\/{rel}","templated":true}]}}