{"id":71,"date":"2024-11-21T03:26:50","date_gmt":"2024-11-21T03:26:50","guid":{"rendered":"https:\/\/volovape.com\/?post_type=product&#038;p=71"},"modified":"2025-09-08T03:35:08","modified_gmt":"2025-09-08T03:35:08","slug":"waspe-12000-zuge-digitalbox","status":"publish","type":"product","link":"https:\/\/volovape.com\/de\/product\/waspe-12000-puffs-digital-box\/","title":{"rendered":"WASPE 12000 Puffs Digital Box Einweg-Vape - wiederaufladbar langlebig mit Smart-Display"},"content":{"rendered":"<p><iframe title=\"VideoPress-Videoplayer\" aria-label='VideoPress-Videoplayer' width='500' height='281' src='https:\/\/videopress.com\/embed\/XcRvhlS5?hd=0&amp;cover=1' frameborder='0' allowfullscreen allow='clipboard-write'><\/iframe><script src='https:\/\/v0.wordpress.com\/js\/next\/videopress-iframe.js?m=1739540970'><\/script><\/p>\n<p><strong>WASPE 12000 Puffs Digital Box Wiederaufladbare Einweg Vape<\/strong> - Vaping mit hoher Kapazit\u00e4t und intelligentem Display.<\/p>\n<p>Der <strong>WASPE 12000 Puffs Digital Box<\/strong> bietet eine beeindruckende <strong>12.000 Z\u00fcge<\/strong> und eine gro\u00dfz\u00fcgige <strong>20mL e-Fl\u00fcssigkeit Kapazit\u00e4t<\/strong>perfekt f\u00fcr l\u00e4ngere Vaping-Sessions. Ausgestattet mit einem <strong>650mAh wiederaufladbare Batterie<\/strong> mit <strong>Typ-C-Laden<\/strong>sorgt dieses Ger\u00e4t f\u00fcr konstante Leistung und schnelles Aufladen. Die integrierte <strong>LCD-Anzeige<\/strong> k\u00f6nnen Sie die Lebensdauer der Batterie und die Anzahl der Puffs ganz einfach \u00fcberwachen. Die <strong>0,8\u03a9 Maschenspule<\/strong> liefert weichen, geschmackvollen Dampf, erh\u00e4ltlich in <strong>0%, 2%, 3% oder 5% Nikotinst\u00e4rke<\/strong>. W\u00e4hlen Sie aus <strong>10 einzigartige Geschmacksrichtungen<\/strong>von erfrischendem Wassermeloneneis bis zum raffinierten Rotwein-Birnen-Saft. Ideal f\u00fcr den pers\u00f6nlichen Gebrauch oder <strong>Einweg-Vape-Gro\u00dfhandel<\/strong>kombiniert dieses Ger\u00e4t hohe Leistung mit benutzerfreundlichen Funktionen. F\u00fcr <strong>Gro\u00dfauftrag<\/strong> Preise, bitte kontaktieren Sie uns.<\/p>\n<h3><strong>WASPE 12000 Merkmale:<\/strong><\/h3>\n<ul>\n<li>Puffs: Bis zu 12.000<\/li>\n<li>E-Fl\u00fcssigkeit Kapazit\u00e4t: 20ml<\/li>\n<li>Akku: 650mAh (wiederaufladbar)<\/li>\n<li>Aufladen: Typ-C<\/li>\n<li>Spule: 0.8\u03a9 Masche Spule<\/li>\n<li>Nikotinst\u00e4rken: 0%, 2%, 3%, 5%<\/li>\n<li>Anzeige: LCD (Batterie &amp; Pustezahl)<\/li>\n<li>10 Geschmacksoptionen<\/li>\n<\/ul>\n<h4>H\u00e4ufig gestellte Fragen<\/h4>\n<h5>Wie verbessert das LCD-Display das Benutzererlebnis?<\/h5>\n<p>Das LCD-Display informiert Sie in Echtzeit \u00fcber Ihren Akkustand und die Anzahl der Z\u00fcge, sodass Sie Ihr Dampferlebnis noch effektiver steuern k\u00f6nnen. Du wei\u00dft genau, wann Du aufladen musst und wie viele Z\u00fcge Du gemacht hast, was Dir mehr Komfort und Kontrolle bietet.<\/p>\n<h5>Welche Versandmethoden werden verwendet?<\/h5>\n<p>Wir arbeiten mit f\u00fchrenden Transportunternehmen wie UPS, DHL, FedEx und DPD zusammen, um sicherzustellen, dass Ihre Bestellungen effizient zugestellt werden. Die Versandmethode wird auf der Grundlage Ihres Standorts ausgew\u00e4hlt, um eine optimale Liefergeschwindigkeit und Zuverl\u00e4ssigkeit zu gew\u00e4hrleisten.<\/p>\n<h5>Wie lange dauert der Versand normalerweise?<\/h5>\n<p>Der Versand dauert normalerweise zwischen 7 und 15 Werktagen. An Feiertagen oder bei ung\u00fcnstigen Wetterbedingungen kann es bis zu 20 Werktage dauern.<\/p>\n<h5>Gibt es irgendwelche Bedenken bez\u00fcglich des Zolls oder zus\u00e4tzlicher Geb\u00fchren?<\/h5>\n<p>Wir wickeln alle Zollverfahren ab und garantieren, dass Ihre Sendung ohne Probleme abgefertigt wird. Es fallen keine zus\u00e4tzlichen Steuern oder Geb\u00fchren an. Wir gew\u00e4hrleisten die 100% Zollabfertigung.<\/p>\n<h5>Wie kann ich mich von der Qualit\u00e4t und Zuverl\u00e4ssigkeit des Produkts \u00fcberzeugen?<\/h5>\n<p>Wir unterst\u00fctzen sichere PayPal-Zahlungen mit K\u00e4uferschutz. Sie k\u00f6nnen auch unser Kundenfeedback \u00fcberpr\u00fcfen auf <a href=\"https:\/\/www.trustpilot.com\/review\/volovape.com?utm_medium=trustbox&amp;utm_source=TrustBoxReviewCollector\">VertrauensPilot<\/a>in dem viele Kunden positive Erfahrungen mit unseren Produkten und Dienstleistungen gemacht haben.<\/p>","protected":false},"excerpt":{"rendered":"<p>Erleben Sie informierte, erweiterte vaping mit WASPE 12000 Puffs Digital Box. LCD-Display, 0,8\u03a9 Mesh, 20ml, wiederaufladbar. Ideal f\u00fcr den pers\u00f6nlichen Genuss oder Gro\u00dfhandel, mit verschiedenen Nikotin-Optionen.<\/p>","protected":false},"featured_media":111,"comment_status":"open","ping_status":"closed","template":"","meta":[],"product_brand":[],"product_cat":[17,38,21,18,39,20,23,24,22,25,26,27,28,29,30,31,32,33,34,35,36,40],"product_tag":[],"class_list":{"0":"post-71","1":"product","2":"type-product","3":"status-publish","4":"has-post-thumbnail","6":"product_cat-waspe","7":"product_cat-12000-puffs-disposable-vape","8":"product_cat-big-puffs-vapes","9":"product_cat-different-puffs-of-disposable-vapes","10":"product_cat-digital-box-vapes","11":"product_cat-disposable-vape-types","12":"product_cat-disposable-vapes-in-austria","13":"product_cat-disposable-vapes-in-belgium","14":"product_cat-disposable-vapes-in-europe","15":"product_cat-disposable-vapes-in-france","16":"product_cat-disposable-vapes-in-germany","17":"product_cat-disposable-vapes-in-hungary","18":"product_cat-disposable-vapes-in-ltaly","19":"product_cat-disposable-vapes-in-netherlands","20":"product_cat-disposable-vapes-in-norway","21":"product_cat-disposable-vapes-in-poland","22":"product_cat-disposable-vapes-in-portugal","23":"product_cat-disposable-vapes-in-spain","24":"product_cat-disposable-vapes-in-sweden","25":"product_cat-disposable-vapes-in-switzerland","26":"product_cat-rechargeable-vapes","27":"product_cat-smart-screen-vapes","29":"first","30":"instock","31":"shipping-taxable","32":"purchasable","33":"product-type-variable","34":"has-default-attributes"},"jetpack_sharing_enabled":true,"tiered_pricing_type":"fixed","tiered_pricing_fixed_rules":{"2000":4.13999999999999968025576890795491635799407958984375},"tiered_pricing_product_settings":{"layout":"default","base_unit_name":{"singular":null,"plural":null},"default_variation":null},"tiered_pricing_minimum_quantity":1000,"tiered_pricing_roles_data":[],"tiered_pricing_percentage_rules":[],"tiered_pricing_maximum_quantity":null,"tiered_pricing_quantity_step":"10","_links":{"self":[{"href":"https:\/\/volovape.com\/de\/wp-json\/wp\/v2\/product\/71","targetHints":{"allow":["GET"]}}],"collection":[{"href":"https:\/\/volovape.com\/de\/wp-json\/wp\/v2\/product"}],"about":[{"href":"https:\/\/volovape.com\/de\/wp-json\/wp\/v2\/types\/product"}],"replies":[{"embeddable":true,"href":"https:\/\/volovape.com\/de\/wp-json\/wp\/v2\/comments?post=71"}],"wp:featuredmedia":[{"embeddable":true,"href":"https:\/\/volovape.com\/de\/wp-json\/wp\/v2\/media\/111"}],"wp:attachment":[{"href":"https:\/\/volovape.com\/de\/wp-json\/wp\/v2\/media?parent=71"}],"wp:term":[{"taxonomy":"product_brand","embeddable":true,"href":"https:\/\/volovape.com\/de\/wp-json\/wp\/v2\/product_brand?post=71"},{"taxonomy":"product_cat","embeddable":true,"href":"https:\/\/volovape.com\/de\/wp-json\/wp\/v2\/product_cat?post=71"},{"taxonomy":"product_tag","embeddable":true,"href":"https:\/\/volovape.com\/de\/wp-json\/wp\/v2\/product_tag?post=71"}],"curies":[{"name":"wp","href":"https:\/\/api.w.org\/{rel}","templated":true}]}}