{"id":700,"date":"2024-11-21T03:32:17","date_gmt":"2024-11-21T03:32:17","guid":{"rendered":"https:\/\/volovape.com\/?post_type=product&#038;p=700"},"modified":"2025-07-11T04:40:42","modified_gmt":"2025-07-11T04:40:42","slug":"aivono-gewinner-6000-zuge","status":"publish","type":"product","link":"https:\/\/volovape.com\/de\/product\/aivono-winner-6000-puffs\/","title":{"rendered":"AIVONO WINNER 6000 Puffs 0% 2% 5% Nikotin wiederaufladbar Gro\u00dfkauf Einweg-Vape Gro\u00dfhandel"},"content":{"rendered":"<p><strong>AIVONO WINNER 6000 Puffs Mesh Coil Einweg Vape<\/strong> - Genie\u00dfen Sie ein ausgewogenes und geschmackvolles Dampferlebnis mit dem AIVONO WINNER 6000. Diese Einwegverdampfer bietet bis zu 6.000 Puffs, mit einem 15mL e-Liquid-Reservoir und einem 600mAh-Akku. Die 1.2\u03a9 Mesh-Spule sorgt f\u00fcr gleichbleibend glatten und geschmackvollen Dampf, ideal f\u00fcr den pers\u00f6nlichen Gebrauch und Einweg-Vape Gro\u00dfhandel Gro\u00dfauftr\u00e4ge. W\u00e4hlen Sie aus 0%, 2% oder 5% Nikotinst\u00e4rken und einer Auswahl von 10 k\u00f6stlichen Geschmacksrichtungen.<\/p>\n<h3><strong>AIVONO WINNER 6000 Puffs Eigenschaften:<\/strong><\/h3>\n<ul>\n<li>Puffs: 6000 Puffs<\/li>\n<li>E-Fl\u00fcssigkeit Kapazit\u00e4t: 15mL<\/li>\n<li>Akku: 600mAh (wiederaufladbar)<\/li>\n<li>Aufladen: Typ-C<\/li>\n<li>Spule: 1.2\u03a9 Mesh Spule<\/li>\n<li>Nikotinst\u00e4rken: 0%, 2%, 5%<\/li>\n<li>Geschmacksoptionen: Wassermelone Ice, Cool Mint, Banana Ice, Blueberry On Ice, Peach Ice, Grape Ice, Grapefruit Orange, Mango Guava, Strawberry Passion Fruit, Orange Soda.<\/li>\n<\/ul>\n<h4>H\u00e4ufig gestellte Fragen<\/h4>\n<h5>Wie verbessert die 1.2\u03a9 Mesh-Spule das Dampferlebnis?<\/h5>\n<p>Die 1.2\u03a9 Mesh Coil wurde entwickelt, um eine ausgewogene Verdampfungserfahrung zu bieten, die glatten und geschmackvollen Dampf mit gleichbleibender Leistung liefert. Diese Spule sorgt f\u00fcr eine optimale Geschmacksabgabe und einen zufriedenstellenden Zug.<\/p>\n<h5>Welche Versandarten gibt es?<\/h5>\n<p>Wir arbeiten mit zuverl\u00e4ssigen Transportunternehmen wie UPS, DHL, FedEx und DPD zusammen, um einen effizienten und zuverl\u00e4ssigen Versand zu gew\u00e4hrleisten. Je nach Lieferort wird die am besten geeignete Versandart ausgew\u00e4hlt.<\/p>\n<h5>Wie lange dauert der Versand normalerweise?<\/h5>\n<p>Der Versand dauert in der Regel 7-15 Werktage, wobei sich die Lieferzeiten an Feiertagen oder bei ung\u00fcnstigen Wetterbedingungen auf bis zu 20 Werktage verl\u00e4ngern k\u00f6nnen.<\/p>\n<h5>Fallen f\u00fcr mich Zollgeb\u00fchren oder Steuern an?<\/h5>\n<p>Wir wickeln die gesamte Zollabfertigung ab und garantieren, dass Sie keine zus\u00e4tzlichen Steuern oder Geb\u00fchren zahlen m\u00fcssen. 100% unserer Produkte werden ohne Probleme durch den Zoll abgefertigt.<\/p>\n<h5>Ist mein Kauf sicher und vertrauensw\u00fcrdig?<\/h5>\n<p>Wir bieten sichere Transaktionen durch den K\u00e4uferschutz von PayPal. Sie k\u00f6nnen sich auch von unserer Zuverl\u00e4ssigkeit \u00fcberzeugen, indem Sie die Kundenrezensionen auf <a href=\"https:\/\/www.trustpilot.com\/review\/volovape.com?utm_medium=trustbox&amp;utm_source=TrustBoxReviewCollector\">VertrauensPilot<\/a>.<\/p>","protected":false},"excerpt":{"rendered":"<p>Kaufen Sie AIVONO WINNER 6000 Puffs Disposable Vape in gro\u00dfen Mengen. Mit 15ml e-Fl\u00fcssigkeit, Mesh-Spule und mehreren Nikotin-Optionen, ist es eine gro\u00dfe Gro\u00dfhandel Wahl f\u00fcr Vape-Shops und H\u00e4ndler.<\/p>","protected":false},"featured_media":1050,"comment_status":"open","ping_status":"closed","template":"","meta":[],"product_brand":[],"product_cat":[67,19,18,20,23,24,22,25,26,27,28,29,30,31,32,33,34,35,60,36],"product_tag":[],"class_list":{"0":"post-700","1":"product","2":"type-product","3":"status-publish","4":"has-post-thumbnail","6":"product_cat-aivono","7":"product_cat-5000-puffs-disposable-vape","8":"product_cat-different-puffs-of-disposable-vapes","9":"product_cat-disposable-vape-types","10":"product_cat-disposable-vapes-in-austria","11":"product_cat-disposable-vapes-in-belgium","12":"product_cat-disposable-vapes-in-europe","13":"product_cat-disposable-vapes-in-france","14":"product_cat-disposable-vapes-in-germany","15":"product_cat-disposable-vapes-in-hungary","16":"product_cat-disposable-vapes-in-ltaly","17":"product_cat-disposable-vapes-in-netherlands","18":"product_cat-disposable-vapes-in-norway","19":"product_cat-disposable-vapes-in-poland","20":"product_cat-disposable-vapes-in-portugal","21":"product_cat-disposable-vapes-in-spain","22":"product_cat-disposable-vapes-in-sweden","23":"product_cat-disposable-vapes-in-switzerland","24":"product_cat-mini-puffs-vapes","25":"product_cat-rechargeable-vapes","27":"first","28":"instock","29":"shipping-taxable","30":"purchasable","31":"product-type-variable","32":"has-default-attributes"},"jetpack_sharing_enabled":true,"tiered_pricing_type":"fixed","tiered_pricing_fixed_rules":{"2000":5.12999999999999989341858963598497211933135986328125},"tiered_pricing_product_settings":{"layout":"default","base_unit_name":{"singular":null,"plural":null},"default_variation":null},"tiered_pricing_minimum_quantity":1000,"tiered_pricing_roles_data":[],"tiered_pricing_percentage_rules":[],"tiered_pricing_maximum_quantity":null,"tiered_pricing_quantity_step":"10","_links":{"self":[{"href":"https:\/\/volovape.com\/de\/wp-json\/wp\/v2\/product\/700","targetHints":{"allow":["GET"]}}],"collection":[{"href":"https:\/\/volovape.com\/de\/wp-json\/wp\/v2\/product"}],"about":[{"href":"https:\/\/volovape.com\/de\/wp-json\/wp\/v2\/types\/product"}],"replies":[{"embeddable":true,"href":"https:\/\/volovape.com\/de\/wp-json\/wp\/v2\/comments?post=700"}],"wp:featuredmedia":[{"embeddable":true,"href":"https:\/\/volovape.com\/de\/wp-json\/wp\/v2\/media\/1050"}],"wp:attachment":[{"href":"https:\/\/volovape.com\/de\/wp-json\/wp\/v2\/media?parent=700"}],"wp:term":[{"taxonomy":"product_brand","embeddable":true,"href":"https:\/\/volovape.com\/de\/wp-json\/wp\/v2\/product_brand?post=700"},{"taxonomy":"product_cat","embeddable":true,"href":"https:\/\/volovape.com\/de\/wp-json\/wp\/v2\/product_cat?post=700"},{"taxonomy":"product_tag","embeddable":true,"href":"https:\/\/volovape.com\/de\/wp-json\/wp\/v2\/product_tag?post=700"}],"curies":[{"name":"wp","href":"https:\/\/api.w.org\/{rel}","templated":true}]}}