{"id":70,"date":"2024-11-21T03:26:50","date_gmt":"2024-11-21T03:26:50","guid":{"rendered":"https:\/\/volovape.com\/?post_type=product&#038;p=70"},"modified":"2025-06-30T01:32:46","modified_gmt":"2025-06-30T01:32:46","slug":"wespe-8000-zuge","status":"publish","type":"product","link":"https:\/\/volovape.com\/de\/product\/waspe-8000-puffs\/","title":{"rendered":"WASPE 8000 Puffs Einweg Vape - wiederaufladbar, 0.8\u03a9 Mesh Coil"},"content":{"rendered":"<p><strong>WASPE 8000 Puffs Wiederaufladbare Einweg-Vape<\/strong> - Erleben Sie ausgedehntes, geschmackvolles Dampfen.<\/p>\n<p>Der <strong>WASPE 8000<\/strong> liefert bis zu <strong>8.000 Z\u00fcge<\/strong> mit einem erheblichen <strong>16mL e-Fl\u00fcssigkeit Kapazit\u00e4t<\/strong>und sorgt so f\u00fcr ein langes Vergn\u00fcgen. Sein <strong>650mAh wiederaufladbare Batterie<\/strong> Und <strong>Typ-C-Laden<\/strong> zuverl\u00e4ssig Strom liefern, w\u00e4hrend die <strong>0,8\u03a9 Maschenspule<\/strong> verbessert den Geschmack und die Dampfproduktion. W\u00e4hlen Sie aus <strong>0%, 2%, 3% oder 5% Nikotinst\u00e4rke<\/strong>und genie\u00dfen Sie eine Vielzahl von <strong>10 einzigartige Geschmacksrichtungen<\/strong>von erfrischendem Wassermelonen-Eis bis zu exotischem Litschi-Eis. Ideal sowohl f\u00fcr den pers\u00f6nlichen Gebrauch als auch <strong>Einweg-Vape-Gro\u00dfhandel<\/strong>bietet jede Einheit Komfort und Qualit\u00e4t. F\u00fcr <strong>Gro\u00dfauftrag<\/strong> Anfragen, kontaktieren Sie uns f\u00fcr wettbewerbsf\u00e4hige Preise.<\/p>\n<h3><strong>WASPE 8000 Merkmale:<\/strong><\/h3>\n<ul>\n<li>Puffs: Bis zu 8.000<\/li>\n<li>E-Fl\u00fcssigkeit Kapazit\u00e4t: 16ml<\/li>\n<li>Akku: 650mAh (wiederaufladbar)<\/li>\n<li>Aufladen: Typ-C<\/li>\n<li>Spule: 0.8\u03a9 Masche Spule<\/li>\n<li>Nikotinst\u00e4rken: 0%, 2%, 3%, 5%<\/li>\n<li>10 Geschmacksoptionen<\/li>\n<\/ul>\n<h4>H\u00e4ufig gestellte Fragen<\/h4>\n<h5>Wie verbessert der Akku mein Dampferlebnis?<\/h5>\n<p>Die wiederaufladbare 650mAh-Batterie, gekoppelt mit Typ-C-Ladung, stellt sicher, dass Sie die vollen 8.000 Z\u00fcge nutzen k\u00f6nnen, ohne sich Sorgen zu machen, dass das Ger\u00e4t vorzeitig stirbt. Diese Funktion macht den WASPE 8000 zu einer zuverl\u00e4ssigen und langlebigen Wahl im Vergleich zu Standard-Einwegprodukten und maximiert Ihren Genuss des 16ml E-Liquids.<\/p>\n<h5>Welche Versandmethoden werden verwendet?<\/h5>\n<p>Wir arbeiten mit vertrauensw\u00fcrdigen Transportunternehmen wie UPS, DHL, FedEx und DPD zusammen, um Ihre Bestellungen zuzustellen. Je nach Lieferort wird die am besten geeignete Versandmethode ausgew\u00e4hlt, um eine schnelle und zuverl\u00e4ssige Lieferung zu gew\u00e4hrleisten.<\/p>\n<h5>Wie lange dauert der Versand?<\/h5>\n<p>Normalerweise dauert der Versand zwischen 7 und 15 Werktagen. An Feiertagen oder bei schlechtem Wetter kann es jedoch bis zu 20 Arbeitstage dauern.<\/p>\n<h5>Werde ich auf Zoll- oder Steuerprobleme sto\u00dfen?<\/h5>\n<p>Wir k\u00fcmmern uns um alle Zollabfertigungsverfahren und garantieren, dass Ihre Sendung ohne Probleme abgefertigt wird. F\u00fcr Sie fallen keine zus\u00e4tzlichen Steuern oder Geb\u00fchren an. Wir sorgen f\u00fcr die Zollabfertigung von 100%.<\/p>\n<h5>Kann ich auf die Qualit\u00e4t und Zuverl\u00e4ssigkeit des WASPE 8000 vertrauen?<\/h5>\n<p>Wir unterst\u00fctzen sichere PayPal-Zahlungen mit K\u00e4uferschutz. Sie k\u00f6nnen auch unsere Kundenrezensionen ansehen auf <a href=\"https:\/\/www.trustpilot.com\/review\/volovape.com?utm_medium=trustbox&amp;utm_source=TrustBoxReviewCollector\">VertrauensPilot<\/a> um die positiven Erfahrungen unserer Kunden zu sehen.<\/p>","protected":false},"excerpt":{"rendered":"<p>Genie\u00dfen Sie erweiterten Geschmack mit dem WASPE 8000 Puffs. 0.8\u03a9 Mesh, 16ml, wiederaufladbar. Perfekt f\u00fcr pers\u00f6nliche oder Gro\u00dfhandel, bietet glatte Dampf und verschiedene Nikotin-Optionen.<\/p>","protected":false},"featured_media":103,"comment_status":"open","ping_status":"closed","template":"","meta":[],"product_brand":[],"product_cat":[17,37,21,18,20,23,24,22,25,26,27,28,29,30,31,32,33,34,35,36],"product_tag":[],"class_list":{"0":"post-70","1":"product","2":"type-product","3":"status-publish","4":"has-post-thumbnail","6":"product_cat-waspe","7":"product_cat-8000-puffs-disposable-vape","8":"product_cat-big-puffs-vapes","9":"product_cat-different-puffs-of-disposable-vapes","10":"product_cat-disposable-vape-types","11":"product_cat-disposable-vapes-in-austria","12":"product_cat-disposable-vapes-in-belgium","13":"product_cat-disposable-vapes-in-europe","14":"product_cat-disposable-vapes-in-france","15":"product_cat-disposable-vapes-in-germany","16":"product_cat-disposable-vapes-in-hungary","17":"product_cat-disposable-vapes-in-ltaly","18":"product_cat-disposable-vapes-in-netherlands","19":"product_cat-disposable-vapes-in-norway","20":"product_cat-disposable-vapes-in-poland","21":"product_cat-disposable-vapes-in-portugal","22":"product_cat-disposable-vapes-in-spain","23":"product_cat-disposable-vapes-in-sweden","24":"product_cat-disposable-vapes-in-switzerland","25":"product_cat-rechargeable-vapes","27":"first","28":"instock","29":"shipping-taxable","30":"purchasable","31":"product-type-variable","32":"has-default-attributes"},"jetpack_sharing_enabled":true,"tiered_pricing_type":"fixed","tiered_pricing_fixed_rules":{"2000":4.5999999999999996447286321199499070644378662109375},"tiered_pricing_product_settings":{"layout":"default","base_unit_name":{"singular":null,"plural":null},"default_variation":null},"tiered_pricing_minimum_quantity":1000,"tiered_pricing_roles_data":[],"tiered_pricing_percentage_rules":[],"tiered_pricing_maximum_quantity":null,"tiered_pricing_quantity_step":"100","_links":{"self":[{"href":"https:\/\/volovape.com\/de\/wp-json\/wp\/v2\/product\/70","targetHints":{"allow":["GET"]}}],"collection":[{"href":"https:\/\/volovape.com\/de\/wp-json\/wp\/v2\/product"}],"about":[{"href":"https:\/\/volovape.com\/de\/wp-json\/wp\/v2\/types\/product"}],"replies":[{"embeddable":true,"href":"https:\/\/volovape.com\/de\/wp-json\/wp\/v2\/comments?post=70"}],"wp:featuredmedia":[{"embeddable":true,"href":"https:\/\/volovape.com\/de\/wp-json\/wp\/v2\/media\/103"}],"wp:attachment":[{"href":"https:\/\/volovape.com\/de\/wp-json\/wp\/v2\/media?parent=70"}],"wp:term":[{"taxonomy":"product_brand","embeddable":true,"href":"https:\/\/volovape.com\/de\/wp-json\/wp\/v2\/product_brand?post=70"},{"taxonomy":"product_cat","embeddable":true,"href":"https:\/\/volovape.com\/de\/wp-json\/wp\/v2\/product_cat?post=70"},{"taxonomy":"product_tag","embeddable":true,"href":"https:\/\/volovape.com\/de\/wp-json\/wp\/v2\/product_tag?post=70"}],"curies":[{"name":"wp","href":"https:\/\/api.w.org\/{rel}","templated":true}]}}