{"id":69,"date":"2024-11-21T03:26:50","date_gmt":"2024-11-21T03:26:50","guid":{"rendered":"https:\/\/volovape.com\/?post_type=product&#038;p=69"},"modified":"2025-07-01T01:20:11","modified_gmt":"2025-07-01T01:20:11","slug":"wespe-5000-zuge","status":"publish","type":"product","link":"https:\/\/volovape.com\/de\/product\/waspe-5000-puffs\/","title":{"rendered":"WASPE 5000 Puffs Einweg Vape - wiederaufladbar, Mesh Coil"},"content":{"rendered":"<p><strong>WASPE 5000 Puffs Wiederaufladbare Einweg-Vape<\/strong> - Erleben Sie erweiterten Geschmack und Bequemlichkeit.<\/p>\n<p>Der <strong>WASPE 5000<\/strong> definiert das Einweg-Vaping neu mit seiner beeindruckenden <strong>5000 Pusteblumen<\/strong> Kapazit\u00e4t und eine gro\u00dfz\u00fcgige <strong>13mL e-Fl\u00fcssigkeit<\/strong> Reservoir. Genie\u00dfen Sie konsistenten, geschmackvollen Dampf dank der <strong>fortschrittliche Netzspule<\/strong>und w\u00e4hlen Sie Ihre bevorzugte Nikotinst\u00e4rke aus <strong>0%, 2% oder 5%<\/strong>. Die <strong>650mAh wiederaufladbare Batterie<\/strong> mit <strong>Typ-C-Laden<\/strong> sorgt daf\u00fcr, dass Sie jeden einzelnen Zug genie\u00dfen k\u00f6nnen. Perfekt f\u00fcr den pers\u00f6nlichen Gebrauch oder <strong>Einweg-Vape-Gro\u00dfhandel<\/strong>bietet dieses Ger\u00e4t sowohl Leistung als auch Tragbarkeit. Erkunden Sie <strong>10 einzigartige Geschmacksrichtungen<\/strong> und entdecken Sie Ihren neuen Favoriten.<\/p>\n<h3><strong>WASPE 5000 Puffs Merkmale:<\/strong><\/h3>\n<ul>\n<li>Puffs: Bis zu 5000<\/li>\n<li>E-Fl\u00fcssigkeit Kapazit\u00e4t: 13mL<\/li>\n<li>Akku: 650mAh (wiederaufladbar)<\/li>\n<li>Aufladen: Typ-C<\/li>\n<li>Spule: Mesh-Spule<\/li>\n<li>Nikotinst\u00e4rken: 0%, 2%, 5%<\/li>\n<li>Geschmacksrichtungen: Minze, Blaubeereis, Cola-Eis, Erdbeer-Mango, Erdbeer-Wassermelone, gemischte Beeren, Litschi-Eis, Wassermelone-Eis, Trauben-Eis<\/li>\n<\/ul>\n<h4>H\u00e4ufig gestellte Fragen<\/h4>\n<h5>Wie verbessert die wiederaufladbare Funktion das WASPE 5000?<\/h5>\n<p>Der wiederaufladbare 650mAh-Akku, gekoppelt mit Typ-C-Ladung, erm\u00f6glicht es Ihnen, die 13mL e-Fl\u00fcssigkeit vollst\u00e4ndig zu nutzen, so dass Sie die maximalen 5000 Z\u00fcge erhalten. Dies beseitigt das h\u00e4ufige Problem, dass bei Einwegverdampfern die Batterie leer ist, bevor das E-Liquid aufgebraucht ist, und sorgt f\u00fcr ein nachhaltigeres und befriedigenderes Verdampferlebnis.<\/p>\n<h5>Welche Versandmethoden werden verwendet?<\/h5>\n<p>Wir arbeiten mit UPS\/DHL\/FEDEX\/DPD, etc. zusammen. Je nach Lieferland w\u00e4hlen wir die passende Versandoption, damit Sie Ihre Produkte so schnell wie m\u00f6glich erhalten.<\/p>\n<h5>Wie lange dauert es, bis es ankommt?<\/h5>\n<p>Dies dauert in der Regel 7-15 Arbeitstage und kann an Feiertagen oder bei schlechten Witterungsbedingungen bis zu 20 Arbeitstage in Anspruch nehmen.<\/p>\n<h5>Kann es durch den Zoll gehen und wird es mir irgendwelche Probleme bereiten?<\/h5>\n<p>Wir garantieren Ihnen, dass Sie keine Probleme haben werden, da wir uns um die Zollabfertigung k\u00fcmmern und keine Steuern oder Geb\u00fchren anfallen werden. Wir garantieren, dass 100% unserer Produkte den Zoll passieren werden.<\/p>\n<h5>Kann ich ihr vertrauen?<\/h5>\n<p>Wir unterst\u00fctzen PayPal-Zahlung und K\u00e4uferschutz-Service. Sie k\u00f6nnen auch unsere Bewertungen \u00fcberpr\u00fcfen auf <a href=\"https:\/\/www.trustpilot.com\/review\/volovape.com?utm_medium=trustbox&amp;utm_source=TrustBoxReviewCollector\">VertrauensPilot<\/a>.<\/p>","protected":false},"excerpt":{"rendered":"<p>Bequemes, geschmackvolles Dampfen mit dem WASPE 5000 Puffs. Mesh-Spule, 13ml, wiederaufladbar. Ideal f\u00fcr den pers\u00f6nlichen Gebrauch oder Gro\u00dfhandel, bietet glatten Dampf und verschiedene Nikotinst\u00e4rken.<\/p>","protected":false},"featured_media":99,"comment_status":"open","ping_status":"closed","template":"","meta":[],"product_brand":[],"product_cat":[19,21,18,20,23,24,22,25,26,27,28,29,30,31,32,33,34,35,36,17],"product_tag":[],"class_list":{"0":"post-69","1":"product","2":"type-product","3":"status-publish","4":"has-post-thumbnail","6":"product_cat-5000-puffs-disposable-vape","7":"product_cat-big-puffs-vapes","8":"product_cat-different-puffs-of-disposable-vapes","9":"product_cat-disposable-vape-types","10":"product_cat-disposable-vapes-in-austria","11":"product_cat-disposable-vapes-in-belgium","12":"product_cat-disposable-vapes-in-europe","13":"product_cat-disposable-vapes-in-france","14":"product_cat-disposable-vapes-in-germany","15":"product_cat-disposable-vapes-in-hungary","16":"product_cat-disposable-vapes-in-ltaly","17":"product_cat-disposable-vapes-in-netherlands","18":"product_cat-disposable-vapes-in-norway","19":"product_cat-disposable-vapes-in-poland","20":"product_cat-disposable-vapes-in-portugal","21":"product_cat-disposable-vapes-in-spain","22":"product_cat-disposable-vapes-in-sweden","23":"product_cat-disposable-vapes-in-switzerland","24":"product_cat-rechargeable-vapes","25":"product_cat-waspe","27":"first","28":"instock","29":"shipping-taxable","30":"purchasable","31":"product-type-variable","32":"has-default-attributes"},"jetpack_sharing_enabled":true,"tiered_pricing_type":"fixed","tiered_pricing_fixed_rules":{"2000":3.79999999999999982236431605997495353221893310546875},"tiered_pricing_product_settings":{"layout":"default","base_unit_name":{"singular":null,"plural":null},"default_variation":null},"tiered_pricing_minimum_quantity":1000,"tiered_pricing_roles_data":[],"tiered_pricing_percentage_rules":[],"tiered_pricing_maximum_quantity":null,"tiered_pricing_quantity_step":"10","_links":{"self":[{"href":"https:\/\/volovape.com\/de\/wp-json\/wp\/v2\/product\/69","targetHints":{"allow":["GET"]}}],"collection":[{"href":"https:\/\/volovape.com\/de\/wp-json\/wp\/v2\/product"}],"about":[{"href":"https:\/\/volovape.com\/de\/wp-json\/wp\/v2\/types\/product"}],"replies":[{"embeddable":true,"href":"https:\/\/volovape.com\/de\/wp-json\/wp\/v2\/comments?post=69"}],"wp:featuredmedia":[{"embeddable":true,"href":"https:\/\/volovape.com\/de\/wp-json\/wp\/v2\/media\/99"}],"wp:attachment":[{"href":"https:\/\/volovape.com\/de\/wp-json\/wp\/v2\/media?parent=69"}],"wp:term":[{"taxonomy":"product_brand","embeddable":true,"href":"https:\/\/volovape.com\/de\/wp-json\/wp\/v2\/product_brand?post=69"},{"taxonomy":"product_cat","embeddable":true,"href":"https:\/\/volovape.com\/de\/wp-json\/wp\/v2\/product_cat?post=69"},{"taxonomy":"product_tag","embeddable":true,"href":"https:\/\/volovape.com\/de\/wp-json\/wp\/v2\/product_tag?post=69"}],"curies":[{"name":"wp","href":"https:\/\/api.w.org\/{rel}","templated":true}]}}