{"id":660,"date":"2024-11-21T03:31:46","date_gmt":"2024-11-21T03:31:46","guid":{"rendered":"https:\/\/volovape.com\/?post_type=product&#038;p=660"},"modified":"2025-07-11T04:40:21","modified_gmt":"2025-07-11T04:40:21","slug":"aivono-aim-xxl-9000-zuge","status":"publish","type":"product","link":"https:\/\/volovape.com\/de\/product\/aivono-aim-xxl-9000-puffs\/","title":{"rendered":"AIVONO AIM XXL 9000 Puffs Einweg Vape - Mesh Coil, LCD, Kindersicherung"},"content":{"rendered":"<p><strong>AIVONO AIM XXL 9000 Puffs Mesh Coil LCD Kindersicherung Einweg Vape<\/strong> - Erleben Sie ausgedehntes Dampfen mit zus\u00e4tzlichen Sicherheitsfunktionen mit dem AIVONO AIM XXL 9000. Dieser Einwegverdampfer bietet bis zu 9.000 Z\u00fcge, mit einem 19mL E-Liquid-Reservoir und einer 650mAh wiederaufladbaren Batterie. Die 1,2\u03a9 Mesh-Spule sorgt f\u00fcr sanften und geschmackvollen Dampf, w\u00e4hrend das LCD-Display und die Kindersicherung die Sicherheit und den Komfort erh\u00f6hen. Ideal f\u00fcr den pers\u00f6nlichen Gebrauch und Einweg-Vape-Gro\u00dfhandel Gro\u00dfauftr\u00e4ge, bietet dieses Ger\u00e4t 0%, 2%, 3% oder 5% Nikotin St\u00e4rken und eine Auswahl von 10 k\u00f6stlichen Geschmacksrichtungen.<\/p>\n<h3><strong>AIVONO AIM XXL 9000 Puffs Eigenschaften:<\/strong><\/h3>\n<ul>\n<li>Puffs: 9000 Puffs<\/li>\n<li>E-Fl\u00fcssigkeit Kapazit\u00e4t: 19mL<\/li>\n<li>Akku: 650mAh (wiederaufladbar)<\/li>\n<li>Aufladen: Typ-C<\/li>\n<li>Spule: 1.2\u03a9 Mesh Spule<\/li>\n<li>Anzeige: LCD (Batterie &amp; Pustezahl)<\/li>\n<li>Sicherheitsmerkmal: Kindersicherung<\/li>\n<li>Nikotinst\u00e4rken: 0%, 2%, 3%, 5%<\/li>\n<li>Geschmacksoptionen: Erdbeer-Wassermelone, Ananas-Kokos-Eis, Minze-Mojito, Traube-Johannisbeere, gemischte Beeren, Mango-Ananas-Pfirsich, Wassermelone-Eis, Blue Razz-Eis, Blaubeer-Eis, Kirsche-Kantaloupe.<\/li>\n<\/ul>\n<h4>H\u00e4ufig gestellte Fragen<\/h4>\n<h5>Wie wird die Sicherheit durch die Kindersicherung erh\u00f6ht?<\/h5>\n<p>Die Kindersicherung verhindert ein versehentliches Einschalten und sorgt so f\u00fcr zus\u00e4tzliche Sicherheit, insbesondere in Haushalten mit Kindern oder Haustieren. Diese Funktion gew\u00e4hrleistet, dass das Ger\u00e4t sicher bleibt, wenn es nicht benutzt wird.<\/p>\n<h5>Welche Versandmethoden werden verwendet?<\/h5>\n<p>Wir arbeiten mit zuverl\u00e4ssigen Transportunternehmen wie UPS, DHL, FedEx und DPD zusammen, um einen effizienten und zuverl\u00e4ssigen Versand zu gew\u00e4hrleisten. Je nach Lieferort wird die am besten geeignete Versandart ausgew\u00e4hlt.<\/p>\n<h5>Wie lange dauert der Versand normalerweise?<\/h5>\n<p>Der Versand dauert in der Regel 7-15 Werktage, wobei sich die Lieferzeiten an Feiertagen oder bei ung\u00fcnstigen Wetterbedingungen auf bis zu 20 Werktage verl\u00e4ngern k\u00f6nnen.<\/p>\n<h5>Fallen f\u00fcr mich Zollgeb\u00fchren oder Steuern an?<\/h5>\n<p>Wir wickeln die gesamte Zollabfertigung ab und garantieren, dass Sie keine zus\u00e4tzlichen Steuern oder Geb\u00fchren zahlen m\u00fcssen. 100% unserer Produkte werden ohne Probleme durch den Zoll abgefertigt.<\/p>\n<h5>Ist mein Kauf sicher und vertrauensw\u00fcrdig?<\/h5>\n<p>Wir bieten sichere Transaktionen durch den K\u00e4uferschutz von PayPal. Sie k\u00f6nnen sich auch von unserer Zuverl\u00e4ssigkeit \u00fcberzeugen, indem Sie die Kundenrezensionen auf <a href=\"https:\/\/www.trustpilot.com\/review\/volovape.com?utm_medium=trustbox&amp;utm_source=TrustBoxReviewCollector\">VertrauensPilot<\/a>.<\/p>","protected":false},"excerpt":{"rendered":"<p>Erleben Sie sicheres, ausgedehntes Dampfen mit der AIVONO AIM XXL 9000 Puffs. Kindersicherung, LCD-Display, 1.2\u03a9 Mesh, 19ml, wiederaufladbar. Perfekt f\u00fcr den pers\u00f6nlichen Gebrauch oder Massengro\u00dfhandel.<\/p>","protected":false},"featured_media":1028,"comment_status":"open","ping_status":"closed","template":"","meta":[],"product_brand":[],"product_cat":[67,48,21,18,20,23,24,22,25,26,27,28,29,30,31,32,33,34,35,36],"product_tag":[],"class_list":{"0":"post-660","1":"product","2":"type-product","3":"status-publish","4":"has-post-thumbnail","6":"product_cat-aivono","7":"product_cat-9000-puffs-disposable-vape","8":"product_cat-big-puffs-vapes","9":"product_cat-different-puffs-of-disposable-vapes","10":"product_cat-disposable-vape-types","11":"product_cat-disposable-vapes-in-austria","12":"product_cat-disposable-vapes-in-belgium","13":"product_cat-disposable-vapes-in-europe","14":"product_cat-disposable-vapes-in-france","15":"product_cat-disposable-vapes-in-germany","16":"product_cat-disposable-vapes-in-hungary","17":"product_cat-disposable-vapes-in-ltaly","18":"product_cat-disposable-vapes-in-netherlands","19":"product_cat-disposable-vapes-in-norway","20":"product_cat-disposable-vapes-in-poland","21":"product_cat-disposable-vapes-in-portugal","22":"product_cat-disposable-vapes-in-spain","23":"product_cat-disposable-vapes-in-sweden","24":"product_cat-disposable-vapes-in-switzerland","25":"product_cat-rechargeable-vapes","27":"first","28":"instock","29":"shipping-taxable","30":"purchasable","31":"product-type-variable","32":"has-default-attributes"},"jetpack_sharing_enabled":true,"tiered_pricing_type":"fixed","tiered_pricing_fixed_rules":{"2000":5.9900000000000002131628207280300557613372802734375},"tiered_pricing_product_settings":{"layout":"default","base_unit_name":{"singular":null,"plural":null},"default_variation":null},"tiered_pricing_minimum_quantity":1000,"tiered_pricing_roles_data":[],"tiered_pricing_percentage_rules":[],"tiered_pricing_maximum_quantity":null,"tiered_pricing_quantity_step":"10","_links":{"self":[{"href":"https:\/\/volovape.com\/de\/wp-json\/wp\/v2\/product\/660","targetHints":{"allow":["GET"]}}],"collection":[{"href":"https:\/\/volovape.com\/de\/wp-json\/wp\/v2\/product"}],"about":[{"href":"https:\/\/volovape.com\/de\/wp-json\/wp\/v2\/types\/product"}],"replies":[{"embeddable":true,"href":"https:\/\/volovape.com\/de\/wp-json\/wp\/v2\/comments?post=660"}],"wp:featuredmedia":[{"embeddable":true,"href":"https:\/\/volovape.com\/de\/wp-json\/wp\/v2\/media\/1028"}],"wp:attachment":[{"href":"https:\/\/volovape.com\/de\/wp-json\/wp\/v2\/media?parent=660"}],"wp:term":[{"taxonomy":"product_brand","embeddable":true,"href":"https:\/\/volovape.com\/de\/wp-json\/wp\/v2\/product_brand?post=660"},{"taxonomy":"product_cat","embeddable":true,"href":"https:\/\/volovape.com\/de\/wp-json\/wp\/v2\/product_cat?post=660"},{"taxonomy":"product_tag","embeddable":true,"href":"https:\/\/volovape.com\/de\/wp-json\/wp\/v2\/product_tag?post=660"}],"curies":[{"name":"wp","href":"https:\/\/api.w.org\/{rel}","templated":true}]}}