{"id":638,"date":"2024-11-21T03:31:25","date_gmt":"2024-11-21T03:31:25","guid":{"rendered":"https:\/\/volovape.com\/?post_type=product&#038;p=638"},"modified":"2025-08-06T08:06:53","modified_gmt":"2025-08-06T08:06:53","slug":"aivono-zielfreak-13000-puff","status":"publish","type":"product","link":"https:\/\/volovape.com\/de\/product\/aivono-aim-freak-13000-puff\/","title":{"rendered":"AIVONO AIM FREAK 13000 Puffs Einweg Vape - Mesh Coil, LCD Display"},"content":{"rendered":"<p><strong>AIVONO AIM FREAK 13000 Puffs Mesh Coil LCD Einweg Vape<\/strong> - Genie\u00dfen Sie ein leistungsstarkes und ausgedehntes Dampferlebnis mit dem AIVONO AIM FREAK 13000. Dieser Einwegverdampfer liefert bis zu 13.000 Z\u00fcge und ist mit einem 20mL E-Liquid-Reservoir und einem 500mAh-Akku ausgestattet. Die Mesh-Coil-Technologie sorgt f\u00fcr gleichbleibend sanften und geschmackvollen Dampf, w\u00e4hrend das LCD-Display in Echtzeit Informationen \u00fcber den Akku und die Anzahl der Z\u00fcge liefert. Ideal f\u00fcr den pers\u00f6nlichen Gebrauch und Einweg-Vape-Gro\u00dfhandel Gro\u00dfauftr\u00e4ge, bietet dieses Ger\u00e4t 0%, 2%, 3%, oder 5% Nikotin St\u00e4rken und eine Vielzahl von 10 k\u00f6stlichen Geschmacksrichtungen.<\/p>\n<h3><strong>AIVONO AIM FREAK 13000 Puffs Eigenschaften:<\/strong><\/h3>\n<ul>\n<li>Puffs: 13000 Puffs<\/li>\n<li>E-Fl\u00fcssigkeit Kapazit\u00e4t: 20mL<\/li>\n<li>Akku: 500mAh (wiederaufladbar)<\/li>\n<li>Aufladen: Typ-C<\/li>\n<li>Spule: Mesh-Spule<\/li>\n<li>Anzeige: LCD (Batterie &amp; Pustezahl)<\/li>\n<li>Nikotinst\u00e4rken: 0%, 2%, 3%, 5%<\/li>\n<li>Geschmacksoptionen: Blue Razz Ice, Strawberry Ice, Watermelon Ice, Peach Fruit Juice, Strawberry Kiwi, Lush Bubble Gum, Pineapple Coconut Ice, Pink Lemonade, Pineapple Mango Peach, Grape Currant.<\/li>\n<\/ul>\n<h4>H\u00e4ufig gestellte Fragen<\/h4>\n<h5>Wie verbessert die Netzspule das Dampferlebnis?<\/h5>\n<p>Das Mesh-Coil-Design bietet eine gr\u00f6\u00dfere Heizfl\u00e4che, was zu einer gleichm\u00e4\u00dfigeren Erw\u00e4rmung und einer verbesserten Geschmacks- und Dampfproduktion f\u00fchrt. Diese Technologie sorgt f\u00fcr ein gleichm\u00e4\u00dfig glattes und befriedigendes Dampferlebnis.<\/p>\n<h5>Welche Versandarten gibt es?<\/h5>\n<p>Wir arbeiten mit zuverl\u00e4ssigen Transportunternehmen wie UPS, DHL, FedEx und DPD zusammen, um einen effizienten und zuverl\u00e4ssigen Versand zu gew\u00e4hrleisten. Je nach Lieferort wird die am besten geeignete Versandart ausgew\u00e4hlt.<\/p>\n<h5>Wie lange dauert der Versand normalerweise?<\/h5>\n<p>Der Versand dauert in der Regel 7-15 Werktage, wobei sich die Lieferzeiten an Feiertagen oder bei ung\u00fcnstigen Wetterbedingungen auf bis zu 20 Werktage verl\u00e4ngern k\u00f6nnen.<\/p>\n<h5>Fallen f\u00fcr mich Zollgeb\u00fchren oder Steuern an?<\/h5>\n<p>Wir wickeln die gesamte Zollabfertigung ab und garantieren, dass Sie keine zus\u00e4tzlichen Steuern oder Geb\u00fchren zahlen m\u00fcssen. 100% unserer Produkte werden ohne Probleme durch den Zoll abgefertigt.<\/p>\n<h5>Ist mein Kauf sicher und vertrauensw\u00fcrdig?<\/h5>\n<p>Wir bieten sichere Transaktionen durch den K\u00e4uferschutz von PayPal. Sie k\u00f6nnen sich auch von unserer Zuverl\u00e4ssigkeit \u00fcberzeugen, indem Sie die Kundenrezensionen auf <a href=\"https:\/\/www.trustpilot.com\/review\/volovape.com?utm_medium=trustbox&amp;utm_source=TrustBoxReviewCollector\">VertrauensPilot<\/a>.<\/p>","protected":false},"excerpt":{"rendered":"<p>Entfesseln Sie anhaltenden Geschmack mit AIVONO AIM FREAK 13000 Puffs. LCD-Display, Netzspule, 20ml, wiederaufladbar. Perfekt f\u00fcr den pers\u00f6nlichen Genuss oder Massengro\u00dfhandel Vertrieb.<\/p>","protected":false},"featured_media":998,"comment_status":"open","ping_status":"closed","template":"","meta":[],"product_brand":[],"product_cat":[67,38,56,21,18,39,20,23,24,22,25,26,27,28,29,30,31,32,33,34,35,36,40],"product_tag":[],"class_list":{"0":"post-638","1":"product","2":"type-product","3":"status-publish","4":"has-post-thumbnail","6":"product_cat-aivono","7":"product_cat-12000-puffs-disposable-vape","8":"product_cat-14000-puffs-disposable-vape","9":"product_cat-big-puffs-vapes","10":"product_cat-different-puffs-of-disposable-vapes","11":"product_cat-digital-box-vapes","12":"product_cat-disposable-vape-types","13":"product_cat-disposable-vapes-in-austria","14":"product_cat-disposable-vapes-in-belgium","15":"product_cat-disposable-vapes-in-europe","16":"product_cat-disposable-vapes-in-france","17":"product_cat-disposable-vapes-in-germany","18":"product_cat-disposable-vapes-in-hungary","19":"product_cat-disposable-vapes-in-ltaly","20":"product_cat-disposable-vapes-in-netherlands","21":"product_cat-disposable-vapes-in-norway","22":"product_cat-disposable-vapes-in-poland","23":"product_cat-disposable-vapes-in-portugal","24":"product_cat-disposable-vapes-in-spain","25":"product_cat-disposable-vapes-in-sweden","26":"product_cat-disposable-vapes-in-switzerland","27":"product_cat-rechargeable-vapes","28":"product_cat-smart-screen-vapes","30":"first","31":"instock","32":"shipping-taxable","33":"purchasable","34":"product-type-variable","35":"has-default-attributes"},"jetpack_sharing_enabled":true,"tiered_pricing_type":"fixed","tiered_pricing_fixed_rules":{"2000":5.88999999999999968025576890795491635799407958984375},"tiered_pricing_product_settings":{"layout":"default","base_unit_name":{"singular":null,"plural":null},"default_variation":null},"tiered_pricing_minimum_quantity":1000,"tiered_pricing_roles_data":[],"tiered_pricing_percentage_rules":[],"tiered_pricing_maximum_quantity":null,"tiered_pricing_quantity_step":"10","_links":{"self":[{"href":"https:\/\/volovape.com\/de\/wp-json\/wp\/v2\/product\/638","targetHints":{"allow":["GET"]}}],"collection":[{"href":"https:\/\/volovape.com\/de\/wp-json\/wp\/v2\/product"}],"about":[{"href":"https:\/\/volovape.com\/de\/wp-json\/wp\/v2\/types\/product"}],"replies":[{"embeddable":true,"href":"https:\/\/volovape.com\/de\/wp-json\/wp\/v2\/comments?post=638"}],"wp:featuredmedia":[{"embeddable":true,"href":"https:\/\/volovape.com\/de\/wp-json\/wp\/v2\/media\/998"}],"wp:attachment":[{"href":"https:\/\/volovape.com\/de\/wp-json\/wp\/v2\/media?parent=638"}],"wp:term":[{"taxonomy":"product_brand","embeddable":true,"href":"https:\/\/volovape.com\/de\/wp-json\/wp\/v2\/product_brand?post=638"},{"taxonomy":"product_cat","embeddable":true,"href":"https:\/\/volovape.com\/de\/wp-json\/wp\/v2\/product_cat?post=638"},{"taxonomy":"product_tag","embeddable":true,"href":"https:\/\/volovape.com\/de\/wp-json\/wp\/v2\/product_tag?post=638"}],"curies":[{"name":"wp","href":"https:\/\/api.w.org\/{rel}","templated":true}]}}