{"id":6250,"date":"2024-11-29T04:36:13","date_gmt":"2024-11-29T04:36:13","guid":{"rendered":"https:\/\/volovape.com\/?post_type=product&#038;p=6250"},"modified":"2025-08-07T08:19:53","modified_gmt":"2025-08-07T08:19:53","slug":"jnr-shisha-max-22000-22k-zuge","status":"publish","type":"product","link":"https:\/\/volovape.com\/de\/product\/jnr-shisha-max-22000-22k-puffs\/","title":{"rendered":"JNR Shisha Max 22000 Puffs Hookah Edition Disposable Vape - Triple Mesh, einstellbare Luftstrom"},"content":{"rendered":"<p><iframe title=\"VideoPress-Videoplayer\" aria-label='VideoPress-Videoplayer' width='421' height='750' src='https:\/\/videopress.com\/embed\/WoXrFsri?hd=0&amp;cover=1' frameborder='0' allowfullscreen allow='clipboard-write'><\/iframe><script src='https:\/\/v0.wordpress.com\/js\/next\/videopress-iframe.js?m=1739540970'><\/script><\/p>\n<p><strong>JNR Shisha Max 22000 Z\u00fcge Einweg Vape<\/strong> - Erleben Sie Hookah-inspiriertes Dampfen mit Triple Mesh Coil Technologie.<\/p>\n<p>Der <strong>JNR Shisha Max 22000 Z\u00fcge<\/strong> bringt die reichhaltige, geschmackvolle Erfahrung der traditionellen Wasserpfeife in ein modernes, praktisches Einwegger\u00e4t. Bietet eine beeindruckende <strong>22.000 Z\u00fcge<\/strong> und eine gro\u00dfz\u00fcgige <strong>29ml e-Fl\u00fcssigkeit Kapazit\u00e4t<\/strong>sorgt dieses Ger\u00e4t f\u00fcr ein lang anhaltendes und zufriedenstellendes Erlebnis. Angetrieben von einem robusten <strong>1100mAh wiederaufladbare Batterie<\/strong> mit <strong>Typ-C-Laden<\/strong>Es erm\u00f6glicht eine l\u00e4ngere Nutzung und schnelles Aufladen. Die innovative <strong>Dreifach-Mesh-Spule<\/strong> System liefert ein intensives Aroma und dichten Dampf, der die tiefe Befriedigung einer Wasserpfeifen-Session nachbildet. Mit <strong>einstellbare Luftmenge<\/strong> und eine klare <strong>Batterie &amp; Fl\u00fcssigkeitsanzeige<\/strong>k\u00f6nnen Sie Ihr Dampferlebnis individuell gestalten und \u00fcberwachen. Verf\u00fcgbar in <strong>15 einzigartige Geschmacksrichtungen<\/strong>, Die <strong>JNR Shisha Max 22000 Z\u00fcge<\/strong> ist perfekt f\u00fcr alle, die ein hochwertiges, von der Wasserpfeife inspiriertes Vape suchen, ideal f\u00fcr den pers\u00f6nlichen Genuss und <strong>Einweg-Vape-Gro\u00dfhandel<\/strong>.<\/p>\n<h3><strong>JNR Shisha Max 22000 Puffs Eigenschaften:<\/strong><\/h3>\n<ul>\n<li>Puffs: Bis zu 22.000<\/li>\n<li>E-Fl\u00fcssigkeit Kapazit\u00e4t: 29ml<\/li>\n<li>Akku: 1100mAh (wiederaufladbar)<\/li>\n<li>Aufladen: Typ-C<\/li>\n<li>Spule: Dreifach-Mesh-Spule<\/li>\n<li>Luftstrom: Einstellbar<\/li>\n<li>Anzeige: Batterie &amp; Fl\u00fcssig-Display<\/li>\n<li>Nikotinst\u00e4rke: 2%<\/li>\n<\/ul>\n<h4>H\u00e4ufig gestellte Fragen<\/h4>\n<h5>Wie verbessert die Dreifach-Mesh-Spule das Dampferlebnis?<\/h5>\n<p>Das dreifache Netzspulensystem der JNR Shisha Max 22000 Puffs wurde entwickelt, um den Geschmack und die Dampfproduktion zu maximieren. Es sorgt f\u00fcr eine gleichm\u00e4\u00dfige Erw\u00e4rmung und eine gr\u00f6\u00dfere Oberfl\u00e4che f\u00fcr die Verdampfung von E-Liquid und liefert einen reichen, intensiven Geschmack und dichten, weichen Dampf, der an eine traditionelle Wasserpfeifen-Session erinnert.<\/p>\n<h5>Kann ich wirklich 22.000 Z\u00fcge mit einem Ger\u00e4t erreichen?<\/h5>\n<p>Ja! Die JNR Shisha Max 22000 Puffs ist f\u00fcr einen langen Gebrauch konzipiert und bietet bis zu 22.000 Z\u00fcge. Diese hohe Kapazit\u00e4t, kombiniert mit einem 29ml E-Liquid-Reservoir und einem leistungsstarken 1100mAh-Akku, macht sie zu einer lang anhaltenden und zuverl\u00e4ssigen Wahl, perfekt f\u00fcr <strong>Gro\u00dfauftrag<\/strong> Bed\u00fcrfnisse.<\/p>\n<h5>Was macht die Batterie und die Fl\u00fcssiganzeige so n\u00fctzlich?<\/h5>\n<p>Die integrierte Batterie- und Fl\u00fcssigkeitsanzeige informiert Sie in Echtzeit \u00fcber Ihren Batteriestand und den Verbrauch von E-Liquid. Diese Funktion erm\u00f6glicht es Ihnen, Ihr Ger\u00e4t zu \u00fcberwachen und stellt sicher, dass Sie nie unvorbereitet sind, was den Gesamtkomfort und die Benutzererfahrung verbessert.<\/p>\n<h5>Wie kann ich mich von der Qualit\u00e4t des Produkts und der Kundenbetreuung \u00fcberzeugen?<\/h5>\n<p>Wir unterst\u00fctzen PayPal-Zahlung und K\u00e4uferschutz-Service. Sie k\u00f6nnen auch unsere Bewertungen \u00fcberpr\u00fcfen auf <a href=\"https:\/\/www.trustpilot.com\/review\/volovape.com?utm_medium=trustbox&amp;utm_source=TrustBoxReviewCollector\">VertrauensPilot<\/a>.<\/p>","protected":false},"excerpt":{"rendered":"<p>Genie\u00dfen Sie die JNR Shisha Max 22000 Puffs Disposable Vape, eine Wasserpfeife inspiriert Ger\u00e4t mit 29ml e-Fl\u00fcssigkeit, 1100mAh Akku, Triple-Mesh-Coils, 2% Nikotin. Gro\u00dfhandel, 15 Geschmacksrichtungen, Typ-C Aufladung.<\/p>","protected":false},"featured_media":6342,"comment_status":"open","ping_status":"closed","template":"","meta":[],"product_brand":[],"product_cat":[79,63,21,18,20,23,24,22,25,26,27,28,29,30,31,32,33,34,35,36,47,40],"product_tag":[],"class_list":{"0":"post-6250","1":"product","2":"type-product","3":"status-publish","4":"has-post-thumbnail","6":"product_cat-jnr","7":"product_cat-30000-puffs-disposable-vape","8":"product_cat-big-puffs-vapes","9":"product_cat-different-puffs-of-disposable-vapes","10":"product_cat-disposable-vape-types","11":"product_cat-disposable-vapes-in-austria","12":"product_cat-disposable-vapes-in-belgium","13":"product_cat-disposable-vapes-in-europe","14":"product_cat-disposable-vapes-in-france","15":"product_cat-disposable-vapes-in-germany","16":"product_cat-disposable-vapes-in-hungary","17":"product_cat-disposable-vapes-in-ltaly","18":"product_cat-disposable-vapes-in-netherlands","19":"product_cat-disposable-vapes-in-norway","20":"product_cat-disposable-vapes-in-poland","21":"product_cat-disposable-vapes-in-portugal","22":"product_cat-disposable-vapes-in-spain","23":"product_cat-disposable-vapes-in-sweden","24":"product_cat-disposable-vapes-in-switzerland","25":"product_cat-rechargeable-vapes","26":"product_cat-shisha-hookah-vapes","27":"product_cat-smart-screen-vapes","29":"first","30":"instock","31":"shipping-taxable","32":"purchasable","33":"product-type-variable","34":"has-default-attributes"},"jetpack_sharing_enabled":true,"tiered_pricing_type":"fixed","tiered_pricing_fixed_rules":{"2000":6.8499999999999996447286321199499070644378662109375},"tiered_pricing_product_settings":{"layout":"default","base_unit_name":{"singular":null,"plural":null},"default_variation":null},"tiered_pricing_minimum_quantity":1000,"tiered_pricing_roles_data":[],"tiered_pricing_percentage_rules":[],"tiered_pricing_maximum_quantity":null,"tiered_pricing_quantity_step":"10","_links":{"self":[{"href":"https:\/\/volovape.com\/de\/wp-json\/wp\/v2\/product\/6250","targetHints":{"allow":["GET"]}}],"collection":[{"href":"https:\/\/volovape.com\/de\/wp-json\/wp\/v2\/product"}],"about":[{"href":"https:\/\/volovape.com\/de\/wp-json\/wp\/v2\/types\/product"}],"replies":[{"embeddable":true,"href":"https:\/\/volovape.com\/de\/wp-json\/wp\/v2\/comments?post=6250"}],"wp:featuredmedia":[{"embeddable":true,"href":"https:\/\/volovape.com\/de\/wp-json\/wp\/v2\/media\/6342"}],"wp:attachment":[{"href":"https:\/\/volovape.com\/de\/wp-json\/wp\/v2\/media?parent=6250"}],"wp:term":[{"taxonomy":"product_brand","embeddable":true,"href":"https:\/\/volovape.com\/de\/wp-json\/wp\/v2\/product_brand?post=6250"},{"taxonomy":"product_cat","embeddable":true,"href":"https:\/\/volovape.com\/de\/wp-json\/wp\/v2\/product_cat?post=6250"},{"taxonomy":"product_tag","embeddable":true,"href":"https:\/\/volovape.com\/de\/wp-json\/wp\/v2\/product_tag?post=6250"}],"curies":[{"name":"wp","href":"https:\/\/api.w.org\/{rel}","templated":true}]}}