{"id":6249,"date":"2024-11-29T04:36:13","date_gmt":"2024-11-29T04:36:13","guid":{"rendered":"https:\/\/volovape.com\/?post_type=product&#038;p=6249"},"modified":"2025-08-07T08:19:52","modified_gmt":"2025-08-07T08:19:52","slug":"jnr-vape-watch-30000-30k-zuge","status":"publish","type":"product","link":"https:\/\/volovape.com\/de\/product\/jnr-vape-watch-30000-30k-puffs\/","title":{"rendered":"JNR Vape Watch 30000 Puffs - Smartwatch &amp; Einweg-Vape (Dual Mode)"},"content":{"rendered":"<p><iframe title=\"VideoPress-Videoplayer\" aria-label='VideoPress-Videoplayer' width='500' height='281' src='https:\/\/videopress.com\/embed\/3s6S9iWa?hd=0&amp;cover=1' frameborder='0' allowfullscreen allow='clipboard-write'><\/iframe><script src='https:\/\/v0.wordpress.com\/js\/next\/videopress-iframe.js?m=1739540970'><\/script><\/p>\n<p><strong>JNR Vape Watch 30000 Z\u00fcge<\/strong> - Die revolution\u00e4re Smartwatch und der Einweg-Vape-Hybrid.<\/p>\n<p>Erleben Sie die Zukunft des Verdampfens mit dem <strong>JNR Vape Watch 30000 Z\u00fcge<\/strong>ist ein bahnbrechendes Ger\u00e4t, das einen leistungsstarken Einwegverdampfer nahtlos mit der Funktionalit\u00e4t einer Smartwatch verbindet. Dieses innovative Design bietet unvergleichlichen Komfort und erm\u00f6glicht es Ihnen, bis zu 30.000 Z\u00fcge im normalen Modus oder 18.000 Z\u00fcge im Pulsmodus zu genie\u00dfen. Das Ger\u00e4t verf\u00fcgt \u00fcber eine beachtliche Kapazit\u00e4t von 19 ml E-Liquid, einen langlebigen 1000-mAh-Akku mit Typ-C-Aufladung und zwei Mesh-Spulen f\u00fcr verbesserten Geschmack und Dampfproduktion. Das einzigartige, abnehmbare Uhrendesign erm\u00f6glicht es Ihnen, das Ger\u00e4t f\u00fcr den traditionellen Gebrauch abzunehmen oder es als Smartwatch zu tragen, komplett mit Anruf-, Text-, Kamerafernsteuerung, Telefonsuche und privaten Sperrfunktionen. Erh\u00e4ltlich in 10 k\u00f6stlichen Geschmacksrichtungen, definiert die JNR Vape Watch 30000 Puffs das Dampferlebnis neu, perfekt f\u00fcr pers\u00f6nlichen Genuss und <strong>Einweg-Vape-Gro\u00dfhandel<\/strong>.<\/p>\n<h3><strong>JNR Vape Watch 30000 Puffs Eigenschaften:<\/strong><\/h3>\n<ul>\n<li>Zwei Vaping-Modi: Regul\u00e4rer Modus (bis zu 30.000 Z\u00fcge) \/ Pulsmodus (bis zu 18.000 Z\u00fcge)<\/li>\n<li>E-Fl\u00fcssigkeit Kapazit\u00e4t: 19ml<\/li>\n<li>Akku: 1000mAh (wiederaufladbar)<\/li>\n<li>Aufladen: Typ-C<\/li>\n<li>Spule: Dual Mesh Spulen<\/li>\n<li>Nikotinst\u00e4rke: 2% (20mg)<\/li>\n<li>Smartwatch-Funktionen: Anruf, Text, Fernkamera, Telefon suchen, Privatsperre, responsive App<\/li>\n<li>Design: Abnehmbare Uhr<\/li>\n<\/ul>\n<h4>H\u00e4ufig gestellte Fragen<\/h4>\n<h5>Wie verbessert das Design der abnehmbaren Uhr die Benutzerfreundlichkeit?<\/h5>\n<p>Die JNR Vape Watch 30000 Puffs bietet ein einzigartiges abnehmbares Uhrendesign, das es Ihnen erm\u00f6glicht, den Vape-Teil f\u00fcr den traditionellen Gebrauch abzunehmen oder ihn als Smartwatch zu tragen. Dieses Design bietet ultimative Flexibilit\u00e4t und Komfort f\u00fcr das Dampfen unterwegs und smarte Funktionalit\u00e4t.<\/p>\n<h5>Was sind die Vorteile von zwei Vaping-Modi?<\/h5>\n<p>Die JNR Vape Watch 30000 Puffs verf\u00fcgt \u00fcber zwei Vaping-Modi: Regul\u00e4rer Modus (bis zu 30.000 Z\u00fcge) und Pulsmodus (bis zu 18.000 Z\u00fcge). So k\u00f6nnen Sie Ihr Dampferlebnis an Ihre Vorlieben anpassen, egal ob Sie einen l\u00e4nger anhaltenden Zug oder eine intensivere Geschmacks- und Dampfproduktion bevorzugen.<\/p>\n<h5>Kann ich mit diesem Ger\u00e4t wirklich telefonieren und SMS versenden?<\/h5>\n<p>Ja! Die JNR Vape Watch 30000 Puffs integriert Smartwatch-Funktionen, die es Ihnen erm\u00f6glichen, Anrufe zu t\u00e4tigen und zu empfangen, Textnachrichten zu senden und zu empfangen, die Kamera Ihres Telefons aus der Ferne zu steuern, Ihr Telefon zu finden und sogar Ihr Ger\u00e4t mit einem privaten Schloss zu sichern. All diese Funktionen sind \u00fcber eine reaktionsschnelle App zug\u00e4nglich, was sie zu einem wirklich revolution\u00e4ren Ger\u00e4t macht.<\/p>\n<h5>Wie kann ich mich von der Qualit\u00e4t des Produkts und der Kundenbetreuung \u00fcberzeugen?<\/h5>\n<p>Wir unterst\u00fctzen PayPal-Zahlung und K\u00e4uferschutz-Service. Sie k\u00f6nnen auch unsere Bewertungen \u00fcberpr\u00fcfen auf <a href=\"https:\/\/www.trustpilot.com\/review\/volovape.com?utm_medium=trustbox&amp;utm_source=TrustBoxReviewCollector\">VertrauensPilot<\/a>.<\/p>","protected":false},"excerpt":{"rendered":"<p>Erleben Sie die JNR Vape Watch 30000 Puffs, ein Hybrid aus Smartwatch und Verdampfer. Bietet 19ml e-Fl\u00fcssigkeit, 1000mAh Akku, Dual-Mesh-Spulen, intelligente Funktionen, 2% Nikotin. Gro\u00dfhandel verf\u00fcgbar, 10 Geschmacksrichtungen, Typ-C Aufladung.<\/p>","protected":false},"featured_media":6330,"comment_status":"open","ping_status":"closed","template":"","meta":[],"product_brand":[],"product_cat":[79,63,21,18,39,20,23,24,22,25,26,27,28,29,30,31,32,33,34,35,36,40],"product_tag":[],"class_list":{"0":"post-6249","1":"product","2":"type-product","3":"status-publish","4":"has-post-thumbnail","6":"product_cat-jnr","7":"product_cat-30000-puffs-disposable-vape","8":"product_cat-big-puffs-vapes","9":"product_cat-different-puffs-of-disposable-vapes","10":"product_cat-digital-box-vapes","11":"product_cat-disposable-vape-types","12":"product_cat-disposable-vapes-in-austria","13":"product_cat-disposable-vapes-in-belgium","14":"product_cat-disposable-vapes-in-europe","15":"product_cat-disposable-vapes-in-france","16":"product_cat-disposable-vapes-in-germany","17":"product_cat-disposable-vapes-in-hungary","18":"product_cat-disposable-vapes-in-ltaly","19":"product_cat-disposable-vapes-in-netherlands","20":"product_cat-disposable-vapes-in-norway","21":"product_cat-disposable-vapes-in-poland","22":"product_cat-disposable-vapes-in-portugal","23":"product_cat-disposable-vapes-in-spain","24":"product_cat-disposable-vapes-in-sweden","25":"product_cat-disposable-vapes-in-switzerland","26":"product_cat-rechargeable-vapes","27":"product_cat-smart-screen-vapes","29":"first","30":"instock","31":"shipping-taxable","32":"purchasable","33":"product-type-variable","34":"has-default-attributes"},"jetpack_sharing_enabled":true,"tiered_pricing_type":"fixed","tiered_pricing_fixed_rules":{"2000":9.75},"tiered_pricing_product_settings":{"layout":"default","base_unit_name":{"singular":null,"plural":null},"default_variation":null},"tiered_pricing_minimum_quantity":1000,"tiered_pricing_roles_data":[],"tiered_pricing_percentage_rules":[],"tiered_pricing_maximum_quantity":null,"tiered_pricing_quantity_step":"10","_links":{"self":[{"href":"https:\/\/volovape.com\/de\/wp-json\/wp\/v2\/product\/6249","targetHints":{"allow":["GET"]}}],"collection":[{"href":"https:\/\/volovape.com\/de\/wp-json\/wp\/v2\/product"}],"about":[{"href":"https:\/\/volovape.com\/de\/wp-json\/wp\/v2\/types\/product"}],"replies":[{"embeddable":true,"href":"https:\/\/volovape.com\/de\/wp-json\/wp\/v2\/comments?post=6249"}],"wp:featuredmedia":[{"embeddable":true,"href":"https:\/\/volovape.com\/de\/wp-json\/wp\/v2\/media\/6330"}],"wp:attachment":[{"href":"https:\/\/volovape.com\/de\/wp-json\/wp\/v2\/media?parent=6249"}],"wp:term":[{"taxonomy":"product_brand","embeddable":true,"href":"https:\/\/volovape.com\/de\/wp-json\/wp\/v2\/product_brand?post=6249"},{"taxonomy":"product_cat","embeddable":true,"href":"https:\/\/volovape.com\/de\/wp-json\/wp\/v2\/product_cat?post=6249"},{"taxonomy":"product_tag","embeddable":true,"href":"https:\/\/volovape.com\/de\/wp-json\/wp\/v2\/product_tag?post=6249"}],"curies":[{"name":"wp","href":"https:\/\/api.w.org\/{rel}","templated":true}]}}