{"id":6248,"date":"2024-11-29T04:36:13","date_gmt":"2024-11-29T04:36:13","guid":{"rendered":"https:\/\/volovape.com\/?post_type=product&#038;p=6248"},"modified":"2025-08-07T08:19:51","modified_gmt":"2025-08-07T08:19:51","slug":"jnr-telefon-vape-30000-30k-zuge","status":"publish","type":"product","link":"https:\/\/volovape.com\/de\/product\/jnr-phone-vape-30000-30k-puffs\/","title":{"rendered":"JNR Phone Vape 30000 Puffs - Smart Disposable Vape mit Touchscreen (Anrufe, Texte, Kamera)"},"content":{"rendered":"<p><iframe title=\"VideoPress-Videoplayer\" aria-label='VideoPress-Videoplayer' width='500' height='281' src='https:\/\/videopress.com\/embed\/tgY6TILp?hd=0&amp;cover=1' frameborder='0' allowfullscreen allow='clipboard-write'><\/iframe><script src='https:\/\/v0.wordpress.com\/js\/next\/videopress-iframe.js?m=1739540970'><\/script><\/p>\n<p><strong>JNR Phone Vape 30000 Z\u00fcge<\/strong> - Das weltweit erste intelligente Einweg-Vape mit Touchscreen.<\/p>\n<p>Erleben Sie die Zukunft des Verdampfens mit dem <strong>JNR Phone Vape 30000 Z\u00fcge<\/strong>ist ein revolution\u00e4res Ger\u00e4t, das modernste Verdampfertechnologie mit dem Komfort eines Smartphones verbindet. Dies ist nicht nur ein Wegwerfdampfer, sondern ein intelligenter Begleiter, der au\u00dfergew\u00f6hnliches Dampfen und Konnektivit\u00e4t bietet. W\u00e4hlen Sie zwischen Regular Mode (bis zu 30.000 Z\u00fcge) und Pulse Mode (bis zu 18.000 Z\u00fcge) f\u00fcr ein individuelles Erlebnis. Dank des benutzerfreundlichen Touchscreens, der Anruf- und Textfunktionen, der Kamera-Fernsteuerung und der Funktion zum Auffinden des Telefons bleiben Sie mit diesem Ger\u00e4t in Verbindung und erhalten gleichzeitig eine hervorragende Leistung. Mit einem Fassungsverm\u00f6gen von 19 ml E-Liquid, einem wiederaufladbaren 850-mAh-Akku und einer einstellbaren Luftzufuhr ist das JNR Phone Vape sowohl f\u00fcr Komfort als auch f\u00fcr Zufriedenheit ausgelegt. Erh\u00e4ltlich in 10 k\u00f6stlichen Geschmacksrichtungen, ist dieses Ger\u00e4t perfekt f\u00fcr den pers\u00f6nlichen Genuss und <strong>Einweg-Vape-Gro\u00dfhandel<\/strong>.<\/p>\n<h3><strong>JNR Telefon Vape 30000 Puffs Eigenschaften:<\/strong><\/h3>\n<ul>\n<li>Zwei Vaping-Modi: Regul\u00e4rer Modus (bis zu 30.000 Z\u00fcge) \/ Pulsmodus (bis zu 18.000 Z\u00fcge)<\/li>\n<li>E-Fl\u00fcssigkeit Kapazit\u00e4t: 19ml<\/li>\n<li>Akku: 850mAh (wiederaufladbar)<\/li>\n<li>Aufladen: Typ-C<\/li>\n<li>Nikotinst\u00e4rke: 2% (20mg)<\/li>\n<li>Bedienung: Ziehaktiviert<\/li>\n<li>Anzeige: Touchscreen<\/li>\n<li>Luftstrom: Einstellbar<\/li>\n<li>Intelligente Funktionen: Anruf, Text, Fernkamera, Telefon suchen, Privatsperre, Smooth App<\/li>\n<\/ul>\n<h4>H\u00e4ufig gestellte Fragen<\/h4>\n<h5>Wie verbessert der Touchscreen das Vaping-Erlebnis?<\/h5>\n<p>Der JNR Phone Vape 30000 Puffs verf\u00fcgt \u00fcber einen benutzerfreundlichen Touchscreen, der eine intuitive Steuerung der intelligenten Funktionen und Verdampfungseinstellungen des Ger\u00e4ts erm\u00f6glicht. Dies macht die Navigation durch die Anruf-, Text-, Remote-Kamera und andere Funktionen nahtlos und unkompliziert, so dass es sich von anderen Einwegverdampfern unterscheidet.<\/p>\n<h5>Was sind die Vorteile von zwei Vaping-Modi?<\/h5>\n<p>Der JNR Phone Vape 30000 Puffs bietet zwei Vaping-Modi: Normaler Modus (bis zu 30.000 Z\u00fcge) und Pulsmodus (bis zu 18.000 Z\u00fcge). So k\u00f6nnen Sie Ihr Dampferlebnis an Ihre Vorlieben anpassen, ganz gleich, ob Sie Wert auf Langlebigkeit oder verbesserte Geschmacks- und Dampfproduktion legen. Diese Vielseitigkeit macht ihn ideal f\u00fcr <strong>Gro\u00dfauftrag<\/strong> Bed\u00fcrfnisse.<\/p>\n<h5>Kann ich mit diesem Ger\u00e4t wirklich telefonieren und SMS versenden?<\/h5>\n<p>Ja! Das JNR Phone Vape 30000 Puffs integriert Smartphone-Funktionen, die es Ihnen erm\u00f6glichen, Anrufe zu t\u00e4tigen und zu empfangen, Textnachrichten zu senden und zu empfangen, die Kamera Ihres Telefons aus der Ferne zu steuern und sogar Ihr verlegtes Smartphone zu orten. Diese Funktionen, kombiniert mit einer reibungslosen App-Schnittstelle, machen es zu einem wirklich innovativen Ger\u00e4t.<\/p>\n<h5>Wie kann ich mich von der Qualit\u00e4t des Produkts und der Kundenbetreuung \u00fcberzeugen?<\/h5>\n<p>Wir unterst\u00fctzen PayPal-Zahlung und K\u00e4uferschutz-Service. Sie k\u00f6nnen auch unsere Bewertungen \u00fcberpr\u00fcfen auf <a href=\"https:\/\/www.trustpilot.com\/review\/volovape.com?utm_medium=trustbox&amp;utm_source=TrustBoxReviewCollector\">VertrauensPilot<\/a>.<\/p>","protected":false},"excerpt":{"rendered":"<p>Entdecken Sie das JNR Phone Vape 30000 Puffs, die erste Smartphone-Vape-Kombination. Features 19ml e-Fl\u00fcssigkeit, 850mAh Akku, Touchscreen, intelligente Funktionen, 2% Nikotin. Shop Gro\u00dfhandel, 10 Geschmacksrichtungen, Typ-C-Laden.<\/p>","protected":false},"featured_media":6318,"comment_status":"open","ping_status":"closed","template":"","meta":[],"product_brand":[],"product_cat":[79,63,21,18,39,20,23,24,22,25,26,27,28,29,30,31,32,33,34,35,36,40],"product_tag":[],"class_list":{"0":"post-6248","1":"product","2":"type-product","3":"status-publish","4":"has-post-thumbnail","6":"product_cat-jnr","7":"product_cat-30000-puffs-disposable-vape","8":"product_cat-big-puffs-vapes","9":"product_cat-different-puffs-of-disposable-vapes","10":"product_cat-digital-box-vapes","11":"product_cat-disposable-vape-types","12":"product_cat-disposable-vapes-in-austria","13":"product_cat-disposable-vapes-in-belgium","14":"product_cat-disposable-vapes-in-europe","15":"product_cat-disposable-vapes-in-france","16":"product_cat-disposable-vapes-in-germany","17":"product_cat-disposable-vapes-in-hungary","18":"product_cat-disposable-vapes-in-ltaly","19":"product_cat-disposable-vapes-in-netherlands","20":"product_cat-disposable-vapes-in-norway","21":"product_cat-disposable-vapes-in-poland","22":"product_cat-disposable-vapes-in-portugal","23":"product_cat-disposable-vapes-in-spain","24":"product_cat-disposable-vapes-in-sweden","25":"product_cat-disposable-vapes-in-switzerland","26":"product_cat-rechargeable-vapes","27":"product_cat-smart-screen-vapes","29":"first","30":"instock","31":"shipping-taxable","32":"purchasable","33":"product-type-variable","34":"has-default-attributes"},"jetpack_sharing_enabled":true,"tiered_pricing_type":"fixed","tiered_pricing_fixed_rules":{"2000":12.589999999999999857891452847979962825775146484375},"tiered_pricing_product_settings":{"layout":"default","base_unit_name":{"singular":null,"plural":null},"default_variation":null},"tiered_pricing_minimum_quantity":1000,"tiered_pricing_roles_data":[],"tiered_pricing_percentage_rules":[],"tiered_pricing_maximum_quantity":null,"tiered_pricing_quantity_step":"10","_links":{"self":[{"href":"https:\/\/volovape.com\/de\/wp-json\/wp\/v2\/product\/6248","targetHints":{"allow":["GET"]}}],"collection":[{"href":"https:\/\/volovape.com\/de\/wp-json\/wp\/v2\/product"}],"about":[{"href":"https:\/\/volovape.com\/de\/wp-json\/wp\/v2\/types\/product"}],"replies":[{"embeddable":true,"href":"https:\/\/volovape.com\/de\/wp-json\/wp\/v2\/comments?post=6248"}],"wp:featuredmedia":[{"embeddable":true,"href":"https:\/\/volovape.com\/de\/wp-json\/wp\/v2\/media\/6318"}],"wp:attachment":[{"href":"https:\/\/volovape.com\/de\/wp-json\/wp\/v2\/media?parent=6248"}],"wp:term":[{"taxonomy":"product_brand","embeddable":true,"href":"https:\/\/volovape.com\/de\/wp-json\/wp\/v2\/product_brand?post=6248"},{"taxonomy":"product_cat","embeddable":true,"href":"https:\/\/volovape.com\/de\/wp-json\/wp\/v2\/product_cat?post=6248"},{"taxonomy":"product_tag","embeddable":true,"href":"https:\/\/volovape.com\/de\/wp-json\/wp\/v2\/product_tag?post=6248"}],"curies":[{"name":"wp","href":"https:\/\/api.w.org\/{rel}","templated":true}]}}