{"id":6247,"date":"2024-11-29T04:36:13","date_gmt":"2024-11-29T04:36:13","guid":{"rendered":"https:\/\/volovape.com\/?post_type=product&#038;p=6247"},"modified":"2025-08-07T08:19:50","modified_gmt":"2025-08-07T08:19:50","slug":"jnr-media-max-40000-40k-zuge","status":"publish","type":"product","link":"https:\/\/volovape.com\/de\/product\/jnr-media-max-40000-40k-puffs\/","title":{"rendered":"JNR Media Max 40000 Puffs Smart Disposable Vape - Anrufe, Texte, Kamera Kontrolle"},"content":{"rendered":"<p><strong>JNR Media Max 40000 Z\u00fcge<\/strong> - Der intelligente Einweg-Vape mit un\u00fcbertroffenen Eigenschaften.<\/p>\n<p>Der <strong>JNR Media Max 40000 Z\u00fcge<\/strong> definiert das Einwegdampfen neu, indem es Smartphone-\u00e4hnliche Funktionen in ein Ger\u00e4t mit hoher Kapazit\u00e4t integriert. Bietet eine erstaunliche <strong>40.000 Z\u00fcge<\/strong> und eine erhebliche <strong>21ml e-Fl\u00fcssigkeit Kapazit\u00e4t<\/strong>Dieser Verdampfer ist f\u00fcr langen Genuss gebaut. Angetrieben von einem robusten <strong>1000mAh wiederaufladbarer Akku<\/strong> mit <strong>Typ-C-Laden<\/strong>gew\u00e4hrleistet sie eine zuverl\u00e4ssige Leistung. Die fortschrittliche <strong>Doppelmaschige Spulentechnologie<\/strong> liefert au\u00dfergew\u00f6hnlichen Geschmack und Dampfproduktion. Einzigartige intelligente Funktionen wie Anruf- und Textfunktionen, Fernsteuerung der Kamera und eine Funktion zum Suchen von Telefonen\/Vape, die alle \u00fcber eine \u00fcbergro\u00dfe <strong>2,4-Zoll-HD-Display<\/strong>zeichnen dieses Ger\u00e4t aus. Verf\u00fcgbar in <strong>10 k\u00f6stliche Geschmacksrichtungen<\/strong>, Die <strong>JNR Media Max 40000 Z\u00fcge<\/strong> ist perfekt f\u00fcr Nutzer, die ein multifunktionales, leistungsstarkes Vaping-Erlebnis suchen, ideal f\u00fcr den pers\u00f6nlichen Gebrauch und <strong>Einweg-Vape-Gro\u00dfhandel<\/strong>.<\/p>\n<h3><strong>JNR Media Max 40000 Puffs Eigenschaften:<\/strong><\/h3>\n<ul>\n<li>Intelligente Funktionen: Anruf, Text, Fernkamera, Telefon suchen\/Vape<\/li>\n<li>Puffs: Bis zu 40.000 Z\u00fcge<\/li>\n<li>E-Fl\u00fcssigkeit Kapazit\u00e4t: 21ml<\/li>\n<li>Akku: 1000mAh (wiederaufladbar)<\/li>\n<li>Aufladen: Typ-C<\/li>\n<li>Spule: Dual Mesh Spule<\/li>\n<li>Luftstrom: Einstellbar<\/li>\n<li>Display: 2.4\u2033 HD Display<\/li>\n<li>Nikotinst\u00e4rke: 5%<\/li>\n<\/ul>\n<h4>H\u00e4ufig gestellte Fragen<\/h4>\n<h5>Wie verbessern die intelligenten Funktionen mein Vaping-Erlebnis?<\/h5>\n<p>Der JNR Media Max 40000 Puffs geht \u00fcber das typische Dampfen hinaus, indem er integrierte intelligente Funktionen wie das T\u00e4tigen von Anrufen, das Senden von SMS und die Fernsteuerung der Kamera Ihres Telefons bietet. Dadurch wird Ihr Vape zu einem multifunktionalen Gadget, das Ihr t\u00e4gliches Leben komfortabler macht. Die \"Find phone\/vape\"-Funktion ist besonders praktisch, um ein Verlegen zu verhindern.<\/p>\n<h5>Kann ich wirklich 40.000 Z\u00fcge mit einem Ger\u00e4t machen?<\/h5>\n<p>Ja! Der JNR Media Max 40000 Puffs ist auf Langlebigkeit ausgelegt und bietet bis zu 40.000 Z\u00fcge. Diese hohe Kapazit\u00e4t, kombiniert mit einem 21ml E-Liquid-Reservoir und einem leistungsstarken 1000mAh-Akku, garantiert eine lange Nutzungsdauer und macht ihn zu einer hervorragenden Wahl f\u00fcr <strong>Gro\u00dfauftrag<\/strong> Bed\u00fcrfnisse.<\/p>\n<h5>Was macht das 2,4-Zoll-HD-Display so einzigartig?<\/h5>\n<p>Das \u00fcbergro\u00dfe 2,4-Zoll-HD-Display erm\u00f6glicht eine einfache Navigation durch die intelligenten Funktionen und liefert klare Informationen \u00fcber Ihre Verdampfungseinstellungen, die Anzahl der Puffs und die Akkulaufzeit. Diese benutzerfreundliche Schnittstelle macht den JNR Media Max 40000 Puffs zu einem herausragenden Ger\u00e4t auf dem Markt der Einwegdampfer.<\/p>\n<h5>Wie kann ich mich von der Qualit\u00e4t des Produkts und der Kundenbetreuung \u00fcberzeugen?<\/h5>\n<p>Wir unterst\u00fctzen PayPal-Zahlung und K\u00e4uferschutz-Service. Sie k\u00f6nnen auch unsere Bewertungen \u00fcberpr\u00fcfen auf <a href=\"https:\/\/www.trustpilot.com\/review\/volovape.com?utm_medium=trustbox&amp;utm_source=TrustBoxReviewCollector\">VertrauensPilot<\/a>.<\/p>","protected":false},"excerpt":{"rendered":"<p>Transformieren Sie das Dampfen mit dem JNR Media Max 40000 Puffs Smart Vape. Genie\u00dfen Sie 21ml e-Fl\u00fcssigkeit, 1000mAh Akku, 2,4\u2033 HD-Display, intelligente Funktionen, 5% Nikotin und 10 Geschmacksrichtungen. Typ-C Aufladung.<\/p>","protected":false},"featured_media":6306,"comment_status":"open","ping_status":"closed","template":"","meta":[],"product_brand":[],"product_cat":[79,74,21,18,39,20,23,24,22,25,26,27,28,29,30,31,32,33,34,35,36,40],"product_tag":[],"class_list":{"0":"post-6247","1":"product","2":"type-product","3":"status-publish","4":"has-post-thumbnail","6":"product_cat-jnr","7":"product_cat-40000-puffs-disposable-vape","8":"product_cat-big-puffs-vapes","9":"product_cat-different-puffs-of-disposable-vapes","10":"product_cat-digital-box-vapes","11":"product_cat-disposable-vape-types","12":"product_cat-disposable-vapes-in-austria","13":"product_cat-disposable-vapes-in-belgium","14":"product_cat-disposable-vapes-in-europe","15":"product_cat-disposable-vapes-in-france","16":"product_cat-disposable-vapes-in-germany","17":"product_cat-disposable-vapes-in-hungary","18":"product_cat-disposable-vapes-in-ltaly","19":"product_cat-disposable-vapes-in-netherlands","20":"product_cat-disposable-vapes-in-norway","21":"product_cat-disposable-vapes-in-poland","22":"product_cat-disposable-vapes-in-portugal","23":"product_cat-disposable-vapes-in-spain","24":"product_cat-disposable-vapes-in-sweden","25":"product_cat-disposable-vapes-in-switzerland","26":"product_cat-rechargeable-vapes","27":"product_cat-smart-screen-vapes","29":"first","30":"instock","31":"shipping-taxable","32":"purchasable","33":"product-type-variable","34":"has-default-attributes"},"jetpack_sharing_enabled":true,"tiered_pricing_type":"fixed","tiered_pricing_fixed_rules":{"2000":10.25},"tiered_pricing_product_settings":{"layout":"default","base_unit_name":{"singular":null,"plural":null},"default_variation":null},"tiered_pricing_minimum_quantity":1000,"tiered_pricing_roles_data":[],"tiered_pricing_percentage_rules":[],"tiered_pricing_maximum_quantity":null,"tiered_pricing_quantity_step":"10","_links":{"self":[{"href":"https:\/\/volovape.com\/de\/wp-json\/wp\/v2\/product\/6247","targetHints":{"allow":["GET"]}}],"collection":[{"href":"https:\/\/volovape.com\/de\/wp-json\/wp\/v2\/product"}],"about":[{"href":"https:\/\/volovape.com\/de\/wp-json\/wp\/v2\/types\/product"}],"replies":[{"embeddable":true,"href":"https:\/\/volovape.com\/de\/wp-json\/wp\/v2\/comments?post=6247"}],"wp:featuredmedia":[{"embeddable":true,"href":"https:\/\/volovape.com\/de\/wp-json\/wp\/v2\/media\/6306"}],"wp:attachment":[{"href":"https:\/\/volovape.com\/de\/wp-json\/wp\/v2\/media?parent=6247"}],"wp:term":[{"taxonomy":"product_brand","embeddable":true,"href":"https:\/\/volovape.com\/de\/wp-json\/wp\/v2\/product_brand?post=6247"},{"taxonomy":"product_cat","embeddable":true,"href":"https:\/\/volovape.com\/de\/wp-json\/wp\/v2\/product_cat?post=6247"},{"taxonomy":"product_tag","embeddable":true,"href":"https:\/\/volovape.com\/de\/wp-json\/wp\/v2\/product_tag?post=6247"}],"curies":[{"name":"wp","href":"https:\/\/api.w.org\/{rel}","templated":true}]}}