{"id":6246,"date":"2024-11-29T04:36:13","date_gmt":"2024-11-29T04:36:13","guid":{"rendered":"https:\/\/volovape.com\/?post_type=product&#038;p=6246"},"modified":"2025-11-11T04:40:40","modified_gmt":"2025-11-11T04:40:40","slug":"jr-falcon-x-18000-18k-zuge","status":"publish","type":"product","link":"https:\/\/volovape.com\/de\/product\/jnr-falcon-x-18000-18k-puffs\/","title":{"rendered":"JNR FALCON X 18000 Puffs Einweg-Dampfger\u00e4t - Dual Mesh, einstellbare Luftstrom, digitale Anzeige"},"content":{"rendered":"<p><iframe title=\"VideoPress-Videoplayer\" aria-label='VideoPress-Videoplayer' width='421' height='750' src='https:\/\/videopress.com\/embed\/l1yxRMAO?hd=0&amp;cover=1' frameborder='0' allowfullscreen allow='clipboard-write'><\/iframe><script src='https:\/\/v0.wordpress.com\/js\/next\/videopress-iframe.js?m=1739540970'><\/script><\/p>\n<p><strong>JNR FALCON X 18000 Puffs Einweg Vape<\/strong> - Vaping auf h\u00f6chstem Niveau mit Dual Core Innovation.<\/p>\n<p>Erleben Sie den neuesten Stand der Technik <strong>JNR FALKE X 18000<\/strong>mit fortschrittlicher Dual-Core-Technologie f\u00fcr unvergleichliche Leistung. Mit einer massiven <strong>18.000 Pusteblumen<\/strong> Kapazit\u00e4t und <strong>24mL e-Fl\u00fcssigkeitsbeh\u00e4lter<\/strong>sorgt dieses Ger\u00e4t f\u00fcr ein l\u00e4ngeres Vergn\u00fcgen. Die <strong>950mAh wiederaufladbare Batterie<\/strong> Und <strong>Typ-C-Laden<\/strong> gew\u00e4hrleisten eine zuverl\u00e4ssige Stromversorgung und ein schnelles Aufladen. Die <strong>0,6\u03a9 Dual-Mesh-Spulen<\/strong>kombiniert mit Dual-Core-Technologie, erzeugen reiche Aromen und dichten Dampf. Passen Sie Ihr Erlebnis mit <strong>einstellbare Luftmenge<\/strong> und \u00fcberwachen Sie Ihre Nutzung mit dem <strong>digitale LED-Anzeige<\/strong> zeigt die Anzahl der Puffs, die Batterie und den F\u00fcllstand des E-Liquids an. Verf\u00fcgbar in <strong>29 einzigartige Geschmacksrichtungen<\/strong>ist der FALCON X perfekt f\u00fcr den pers\u00f6nlichen Gebrauch und <strong>Einweg-Vape-Gro\u00dfhandel<\/strong>und bietet ein erstklassiges Vaping-Erlebnis f\u00fcr jeden <strong>Gro\u00dfauftrag<\/strong>.<\/p>\n<h3><strong>JNR FALCON X 18000 Merkmale:<\/strong><\/h3>\n<ul>\n<li>Puffs: Bis zu 18.000<\/li>\n<li>E-Fl\u00fcssigkeit Kapazit\u00e4t: 24mL<\/li>\n<li>Akku: 950mAh (wiederaufladbar)<\/li>\n<li>Aufladen: Typ-C<\/li>\n<li>Spule: 0.6\u03a9 Dual Mesh Spule &amp; Dual Core<\/li>\n<li>Luftstrom: Einstellbar<\/li>\n<li>Anzeige: Digital LED (Puff Count, Batterie, E-Fl\u00fcssigkeitsstand)<\/li>\n<li>Nikotinst\u00e4rke: 2%<\/li>\n<\/ul>\n<h4>H\u00e4ufig gestellte Fragen<\/h4>\n<h5>Wie verbessert die Dual-Core-Technologie mein Dampferlebnis?<\/h5>\n<p>Das Dual-Core-System des JNR FALCON X 18000 sorgt f\u00fcr eine gleichm\u00e4\u00dfige Erw\u00e4rmung und eine verbesserte Aromaproduktion, die einen reichhaltigeren und konsistenteren Dampf mit jedem Zug liefert. Es maximiert die Dampfdichte und die Geschmacksintensit\u00e4t und hebt sich damit von herk\u00f6mmlichen Einwegverdampfern ab.<\/p>\n<h5>Kann ich den F\u00fcllstand meines E-Liquids wirklich auf dem digitalen Display \u00fcberwachen?<\/h5>\n<p>Ja! Der JNR FALCON X 18000 ist mit einer digitalen LED-Anzeige ausgestattet, die in Echtzeit \u00fcber den F\u00fcllstand Ihres E-Liquids, die Anzahl der Puffs und die Akkulaufzeit informiert. Dies erm\u00f6glicht es Ihnen, Ihre Verdampfungserfahrung effektiv zu verwalten und stellt sicher, dass Sie nie unvorbereitet \u00fcberrascht werden.<\/p>\n<h5>Was macht die 29 Geschmacksvarianten so einzigartig?<\/h5>\n<p>Jede der 29 Geschmacksrichtungen des JNR FALCON X 18000 wurde sorgf\u00e4ltig entwickelt, um einen unverwechselbaren und befriedigenden Geschmack zu bieten. Von klassischen Fruchtmischungen bis hin zu innovativen Mischungen wie Cherry Cola und Watermelon Lychee ist f\u00fcr jeden Gaumen etwas dabei. Ideal f\u00fcr <strong>Gro\u00dfauftrag<\/strong> Bed\u00fcrfnisse ist jeder Geschmack auf gleichbleibenden Genuss ausgelegt.<\/p>\n<h5>Wie kann ich mich von der Qualit\u00e4t und Zuverl\u00e4ssigkeit des Produkts \u00fcberzeugen?<\/h5>\n<p>Wir unterst\u00fctzen PayPal-Zahlung und K\u00e4uferschutz-Service. Sie k\u00f6nnen auch unsere Bewertungen \u00fcberpr\u00fcfen auf <a href=\"https:\/\/www.trustpilot.com\/review\/volovape.com?utm_medium=trustbox&amp;utm_source=TrustBoxReviewCollector\">VertrauensPilot<\/a>.<\/p>","protected":false},"excerpt":{"rendered":"<p>Entfesseln Sie Vaping-Exzellenz mit dem JNR Falcon X 18000 Puffs Vape. Verf\u00fcgt \u00fcber 24ml e-Fl\u00fcssigkeit, 950mAh Akku, Dual-Mesh-Spulen, LED-Anzeige, 2% Nikotin und 29 Aromen. Typ-C Aufladung.<\/p>","protected":false},"featured_media":6280,"comment_status":"open","ping_status":"closed","template":"","meta":[],"product_brand":[],"product_cat":[79,50,21,43,18,39,20,23,24,22,25,26,27,28,29,30,31,32,33,34,35,44,36,40],"product_tag":[],"class_list":{"0":"post-6246","1":"product","2":"type-product","3":"status-publish","4":"has-post-thumbnail","6":"product_cat-jnr","7":"product_cat-18000-puffs-disposable-vape","8":"product_cat-big-puffs-vapes","9":"product_cat-crystal-vapes","10":"product_cat-different-puffs-of-disposable-vapes","11":"product_cat-digital-box-vapes","12":"product_cat-disposable-vape-types","13":"product_cat-disposable-vapes-in-austria","14":"product_cat-disposable-vapes-in-belgium","15":"product_cat-disposable-vapes-in-europe","16":"product_cat-disposable-vapes-in-france","17":"product_cat-disposable-vapes-in-germany","18":"product_cat-disposable-vapes-in-hungary","19":"product_cat-disposable-vapes-in-ltaly","20":"product_cat-disposable-vapes-in-netherlands","21":"product_cat-disposable-vapes-in-norway","22":"product_cat-disposable-vapes-in-poland","23":"product_cat-disposable-vapes-in-portugal","24":"product_cat-disposable-vapes-in-spain","25":"product_cat-disposable-vapes-in-sweden","26":"product_cat-disposable-vapes-in-switzerland","27":"product_cat-dual-mesh-vapes","28":"product_cat-rechargeable-vapes","29":"product_cat-smart-screen-vapes","31":"first","32":"instock","33":"shipping-taxable","34":"purchasable","35":"product-type-variable","36":"has-default-attributes"},"jetpack_sharing_enabled":true,"tiered_pricing_type":"fixed","tiered_pricing_fixed_rules":{"30":8.17999999999999971578290569595992565155029296875,"50":7.78000000000000024868995751603506505489349365234375,"100":7.04000000000000003552713678800500929355621337890625,"200":6.6699999999999999289457264239899814128875732421875,"400":6.11000000000000031974423109204508364200592041015625},"tiered_pricing_product_settings":{"layout":"default","base_unit_name":{"singular":null,"plural":null},"default_variation":null},"tiered_pricing_minimum_quantity":null,"tiered_pricing_roles_data":[],"tiered_pricing_percentage_rules":[],"tiered_pricing_maximum_quantity":"10","tiered_pricing_quantity_step":"10","_links":{"self":[{"href":"https:\/\/volovape.com\/de\/wp-json\/wp\/v2\/product\/6246","targetHints":{"allow":["GET"]}}],"collection":[{"href":"https:\/\/volovape.com\/de\/wp-json\/wp\/v2\/product"}],"about":[{"href":"https:\/\/volovape.com\/de\/wp-json\/wp\/v2\/types\/product"}],"replies":[{"embeddable":true,"href":"https:\/\/volovape.com\/de\/wp-json\/wp\/v2\/comments?post=6246"}],"wp:featuredmedia":[{"embeddable":true,"href":"https:\/\/volovape.com\/de\/wp-json\/wp\/v2\/media\/6280"}],"wp:attachment":[{"href":"https:\/\/volovape.com\/de\/wp-json\/wp\/v2\/media?parent=6246"}],"wp:term":[{"taxonomy":"product_brand","embeddable":true,"href":"https:\/\/volovape.com\/de\/wp-json\/wp\/v2\/product_brand?post=6246"},{"taxonomy":"product_cat","embeddable":true,"href":"https:\/\/volovape.com\/de\/wp-json\/wp\/v2\/product_cat?post=6246"},{"taxonomy":"product_tag","embeddable":true,"href":"https:\/\/volovape.com\/de\/wp-json\/wp\/v2\/product_tag?post=6246"}],"curies":[{"name":"wp","href":"https:\/\/api.w.org\/{rel}","templated":true}]}}