{"id":599,"date":"2024-11-21T03:31:02","date_gmt":"2024-11-21T03:31:02","guid":{"rendered":"https:\/\/volovape.com\/?post_type=product&#038;p=599"},"modified":"2025-08-06T08:03:18","modified_gmt":"2025-08-06T08:03:18","slug":"knalldose-12000-zuge","status":"publish","type":"product","link":"https:\/\/volovape.com\/de\/product\/bang-box-12000-puffs\/","title":{"rendered":"Bang Box 12000 Puffs Einweg Vape - Wiederaufladbar, Mesh Coil"},"content":{"rendered":"<p><strong>Bang Box 12000 Puffs Wiederaufladbare Einweg-Vape<\/strong> - Genie\u00dfe konsistentes und geschmackvolles Dampfen mit der Bang Box 12000. Dieser Einwegverdampfer bietet bis zu 12.000 Z\u00fcge, ein 20mL E-Liquid-Reservoir und einen 650mAh-Akku. Die fortschrittliche Mesh-Spule sorgt f\u00fcr eine gleichm\u00e4\u00dfige und reichhaltige Dampfproduktion, ideal f\u00fcr den pers\u00f6nlichen Gebrauch und f\u00fcr Gro\u00dfbestellungen von Einwegdampfern. W\u00e4hlen Sie zwischen den Nikotinst\u00e4rken 0%, 2%, 3% oder 5% und einer Auswahl von 11 k\u00f6stlichen Geschmacksrichtungen.<\/p>\n<h3><strong>Bang Box 12000 Puffs Merkmale:<\/strong><\/h3>\n<ul>\n<li>Puffs: 12000 Puffs<\/li>\n<li>E-Fl\u00fcssigkeit Kapazit\u00e4t: 20mL<\/li>\n<li>Akku: 650mAh (wiederaufladbar)<\/li>\n<li>Aufladen: Typ-C<\/li>\n<li>Spule: Mesh-Spule<\/li>\n<li>Nikotinst\u00e4rken: 0%, 2%, 3%, 5%<\/li>\n<li>Geschmacksoptionen: Erdbeer-Banane, Kiwi-Passionsfrucht-Guave, Erdbeer-Kiwi, Blue Razz Ice, Saurer Apfel-Himbeer, Wassermelone Bubble Gum, Erdbeer-Wassermelone, Erdbeersaft, Wassermelone Ice, Pfirsich-Mango-Wassermelone, Blueberry Ice.<\/li>\n<\/ul>\n<h4>H\u00e4ufig gestellte Fragen<\/h4>\n<h5>Wie verbessert die Netzspule das Dampferlebnis?<\/h5>\n<p>Das Mesh-Coil-Design bietet eine gr\u00f6\u00dfere Heizfl\u00e4che, was zu einer gleichm\u00e4\u00dfigeren Erw\u00e4rmung und einer verbesserten Geschmacks- und Dampfproduktion f\u00fchrt. Diese Technologie sorgt f\u00fcr ein gleichm\u00e4\u00dfig glattes und befriedigendes Dampferlebnis.<\/p>\n<h5>Welche Versandarten gibt es?<\/h5>\n<p>Wir arbeiten mit zuverl\u00e4ssigen Transportunternehmen wie UPS, DHL, FedEx und DPD zusammen, um einen effizienten und zuverl\u00e4ssigen Versand zu gew\u00e4hrleisten. Je nach Lieferort wird die am besten geeignete Versandart ausgew\u00e4hlt.<\/p>\n<h5>Wie lange dauert der Versand normalerweise?<\/h5>\n<p>Der Versand dauert in der Regel 7-15 Werktage, wobei sich die Lieferzeiten an Feiertagen oder bei ung\u00fcnstigen Wetterbedingungen auf bis zu 20 Werktage verl\u00e4ngern k\u00f6nnen.<\/p>\n<h5>Fallen Zollgeb\u00fchren oder Steuern an?<\/h5>\n<p>Wir wickeln die gesamte Zollabfertigung ab und garantieren, dass Sie keine zus\u00e4tzlichen Steuern oder Geb\u00fchren zahlen m\u00fcssen. 100% unserer Produkte werden ohne Probleme durch den Zoll abgefertigt.<\/p>","protected":false},"excerpt":{"rendered":"<p>Erweitern Sie Ihr Angebot mit Bang Box 12000 Puffs im Gro\u00dfhandel! Mesh-Spule, 20ml, wiederaufladbar. Lagern Sie zuverl\u00e4ssige, geschmackvolle Vapes mit verschiedenen Nikotinoptionen.<\/p>","protected":false},"featured_media":954,"comment_status":"open","ping_status":"closed","template":"","meta":[],"product_brand":[],"product_cat":[61,38,21,18,20,23,24,22,25,26,27,28,29,30,31,32,33,34,35,36],"product_tag":[],"class_list":{"0":"post-599","1":"product","2":"type-product","3":"status-publish","4":"has-post-thumbnail","6":"product_cat-bang","7":"product_cat-12000-puffs-disposable-vape","8":"product_cat-big-puffs-vapes","9":"product_cat-different-puffs-of-disposable-vapes","10":"product_cat-disposable-vape-types","11":"product_cat-disposable-vapes-in-austria","12":"product_cat-disposable-vapes-in-belgium","13":"product_cat-disposable-vapes-in-europe","14":"product_cat-disposable-vapes-in-france","15":"product_cat-disposable-vapes-in-germany","16":"product_cat-disposable-vapes-in-hungary","17":"product_cat-disposable-vapes-in-ltaly","18":"product_cat-disposable-vapes-in-netherlands","19":"product_cat-disposable-vapes-in-norway","20":"product_cat-disposable-vapes-in-poland","21":"product_cat-disposable-vapes-in-portugal","22":"product_cat-disposable-vapes-in-spain","23":"product_cat-disposable-vapes-in-sweden","24":"product_cat-disposable-vapes-in-switzerland","25":"product_cat-rechargeable-vapes","27":"first","28":"instock","29":"shipping-taxable","30":"purchasable","31":"product-type-variable","32":"has-default-attributes"},"jetpack_sharing_enabled":true,"tiered_pricing_type":"fixed","tiered_pricing_fixed_rules":{"2000":4.13999999999999968025576890795491635799407958984375},"tiered_pricing_product_settings":{"layout":"default","base_unit_name":{"singular":null,"plural":null},"default_variation":null},"tiered_pricing_minimum_quantity":1000,"tiered_pricing_roles_data":[],"tiered_pricing_percentage_rules":[],"tiered_pricing_maximum_quantity":null,"tiered_pricing_quantity_step":"10","_links":{"self":[{"href":"https:\/\/volovape.com\/de\/wp-json\/wp\/v2\/product\/599","targetHints":{"allow":["GET"]}}],"collection":[{"href":"https:\/\/volovape.com\/de\/wp-json\/wp\/v2\/product"}],"about":[{"href":"https:\/\/volovape.com\/de\/wp-json\/wp\/v2\/types\/product"}],"replies":[{"embeddable":true,"href":"https:\/\/volovape.com\/de\/wp-json\/wp\/v2\/comments?post=599"}],"wp:featuredmedia":[{"embeddable":true,"href":"https:\/\/volovape.com\/de\/wp-json\/wp\/v2\/media\/954"}],"wp:attachment":[{"href":"https:\/\/volovape.com\/de\/wp-json\/wp\/v2\/media?parent=599"}],"wp:term":[{"taxonomy":"product_brand","embeddable":true,"href":"https:\/\/volovape.com\/de\/wp-json\/wp\/v2\/product_brand?post=599"},{"taxonomy":"product_cat","embeddable":true,"href":"https:\/\/volovape.com\/de\/wp-json\/wp\/v2\/product_cat?post=599"},{"taxonomy":"product_tag","embeddable":true,"href":"https:\/\/volovape.com\/de\/wp-json\/wp\/v2\/product_tag?post=599"}],"curies":[{"name":"wp","href":"https:\/\/api.w.org\/{rel}","templated":true}]}}