{"id":598,"date":"2024-11-21T03:31:02","date_gmt":"2024-11-21T03:31:02","guid":{"rendered":"https:\/\/volovape.com\/?post_type=product&#038;p=598"},"modified":"2026-04-15T01:07:46","modified_gmt":"2026-04-15T01:07:46","slug":"knalldose-20000-zuge","status":"publish","type":"product","link":"https:\/\/volovape.com\/de\/product\/bang-box-20000-puffs\/","title":{"rendered":"Bang Box 20000 Puffs lang anhaltende Einweg-Vape - Bulk-Optionen mit gro\u00dfem Rabatt"},"content":{"rendered":"<p><strong>Bang Box 20000 Puffs Ultimate Wiederaufladbare Einweg-Vape<\/strong> - Erleben Sie unvergleichliche Langlebigkeit und Geschmack mit der Bang Box 20000. Dieser Einwegdampfer mit hoher Kapazit\u00e4t liefert erstaunliche 20.000 Z\u00fcge, mit einem 35mL E-Liquid-Reservoir und einem 850mAh-Akku. Die fortschrittliche Mesh-Coil-Technologie sorgt f\u00fcr gleichbleibend weichen und geschmackvollen Dampf, perfekt f\u00fcr den pers\u00f6nlichen Gebrauch und Einweg-Vape-Gro\u00dfhandel Gro\u00dfauftr\u00e4ge. W\u00e4hlen Sie zwischen den Nikotinst\u00e4rken 0%, 2%, 3% oder 5% und einer gro\u00dfen Auswahl von 12 lebhaften Geschmacksrichtungen.<\/p>\n<h3><strong>Bang Box 20000 Puffs Merkmale:<\/strong><\/h3>\n<ul>\n<li>Puffs: 20000 Puffs<\/li>\n<li>E-Fl\u00fcssigkeit Kapazit\u00e4t: 35mL<\/li>\n<li>Akku: 850mAh (wiederaufladbar)<\/li>\n<li>Aufladen: Typ-C<\/li>\n<li>Spule: Mesh-Spule<\/li>\n<li>Nikotinst\u00e4rken: 0%, 2%, 3%, 5%<\/li>\n<li>Geschmacksoptionen: Erdbeer-Kiwi, Kiwi-Passionsfrucht-Guave, Erdbeer-Wassermelone, Himbeer-Wassermelone, Blaubeer-Sauer-Himbeer-Eis, Wassermelone-Eis, Bananen-Eis, Mango-Pfirsich, Blue Razz-Eis, Mr. Blue, Trauben-Eis, Mango auf Eis.<\/li>\n<\/ul>\n<h4>H\u00e4ufig gestellte Fragen<\/h4>\n<h5>Wie verbessert der 850-mAh-Akku das Dampferlebnis?<\/h5>\n<p>Der 850mAh-Akku bietet erweiterte Leistung, so dass Sie die vollen 20.000 Z\u00fcge ohne h\u00e4ufiges Aufladen genie\u00dfen k\u00f6nnen. Diese gr\u00f6\u00dfere Akkukapazit\u00e4t erm\u00f6glicht l\u00e4ngere Dampfsessions und gleichbleibende Leistung.<\/p>\n<h5>Welche Versandarten sind m\u00f6glich?<\/h5>\n<p>Wir arbeiten mit renommierten Transportunternehmen wie UPS, DHL, FedEx und DPD zusammen, um einen zuverl\u00e4ssigen und effizienten Versand zu gew\u00e4hrleisten. Je nach Lieferort wird die am besten geeignete Versandart ausgew\u00e4hlt.<\/p>\n<h5>Wie lange dauert der Versand normalerweise?<\/h5>\n<p>Der Versand dauert in der Regel 7-15 Werktage, wobei sich die Lieferzeiten an Feiertagen oder bei ung\u00fcnstigen Wetterbedingungen auf bis zu 20 Werktage verl\u00e4ngern k\u00f6nnen.<\/p>\n<h5>Fallen Zollgeb\u00fchren oder Steuern an?<\/h5>\n<p>Wir wickeln die gesamte Zollabfertigung ab und garantieren, dass Sie keine zus\u00e4tzlichen Steuern oder Geb\u00fchren zahlen m\u00fcssen. 100% unserer Produkte werden ohne Probleme durch den Zoll abgefertigt.<\/p>\n<h5>Ist mein Kauf sicher und zuverl\u00e4ssig?<\/h5>\n<p>Wir bieten sichere Transaktionen durch den K\u00e4uferschutz von PayPal. Sie k\u00f6nnen sich auch von unserer Vertrauensw\u00fcrdigkeit \u00fcberzeugen, indem Sie die Kundenrezensionen auf <a href=\"https:\/\/www.trustpilot.com\/review\/volovape.com?utm_medium=trustbox&amp;utm_source=TrustBoxReviewCollector\">VertrauensPilot<\/a>.<\/p>","protected":false},"excerpt":{"rendered":"<p>Dominieren Sie Ihren Markt mit Bang Box 20000 Puffs Gro\u00dfhandel! 35ml Kapazit\u00e4t, 850mAh Akku, erweiterte Mesh-Spule. Stock ultimative Langlebigkeit, wiederaufladbare Einwegartikel.<\/p>","protected":false},"featured_media":941,"comment_status":"open","ping_status":"closed","template":"","meta":[],"product_brand":[],"product_cat":[61,42,21,18,20,23,24,22,25,26,27,28,29,30,31,32,33,34,35,36,40],"product_tag":[],"class_list":{"0":"post-598","1":"product","2":"type-product","3":"status-publish","4":"has-post-thumbnail","6":"product_cat-bang","7":"product_cat-20000-puffs-disposable-vape","8":"product_cat-big-puffs-vapes","9":"product_cat-different-puffs-of-disposable-vapes","10":"product_cat-disposable-vape-types","11":"product_cat-disposable-vapes-in-austria","12":"product_cat-disposable-vapes-in-belgium","13":"product_cat-disposable-vapes-in-europe","14":"product_cat-disposable-vapes-in-france","15":"product_cat-disposable-vapes-in-germany","16":"product_cat-disposable-vapes-in-hungary","17":"product_cat-disposable-vapes-in-ltaly","18":"product_cat-disposable-vapes-in-netherlands","19":"product_cat-disposable-vapes-in-norway","20":"product_cat-disposable-vapes-in-poland","21":"product_cat-disposable-vapes-in-portugal","22":"product_cat-disposable-vapes-in-spain","23":"product_cat-disposable-vapes-in-sweden","24":"product_cat-disposable-vapes-in-switzerland","25":"product_cat-rechargeable-vapes","26":"product_cat-smart-screen-vapes","28":"first","29":"instock","30":"shipping-taxable","31":"purchasable","32":"product-type-variable","33":"has-default-attributes"},"jetpack_sharing_enabled":true,"tiered_pricing_type":"fixed","tiered_pricing_fixed_rules":{"30":6.480000000000000426325641456060111522674560546875,"50":6.04999999999999982236431605997495353221893310546875,"100":5.30999999999999960920149533194489777088165283203125,"200":4.94000000000000039079850466805510222911834716796875,"400":4.37999999999999989341858963598497211933135986328125},"tiered_pricing_product_settings":{"layout":"default","base_unit_name":{"singular":null,"plural":null},"default_variation":null},"tiered_pricing_minimum_quantity":10,"tiered_pricing_roles_data":[],"tiered_pricing_percentage_rules":[],"tiered_pricing_maximum_quantity":null,"tiered_pricing_quantity_step":"10","_links":{"self":[{"href":"https:\/\/volovape.com\/de\/wp-json\/wp\/v2\/product\/598","targetHints":{"allow":["GET"]}}],"collection":[{"href":"https:\/\/volovape.com\/de\/wp-json\/wp\/v2\/product"}],"about":[{"href":"https:\/\/volovape.com\/de\/wp-json\/wp\/v2\/types\/product"}],"replies":[{"embeddable":true,"href":"https:\/\/volovape.com\/de\/wp-json\/wp\/v2\/comments?post=598"}],"wp:featuredmedia":[{"embeddable":true,"href":"https:\/\/volovape.com\/de\/wp-json\/wp\/v2\/media\/941"}],"wp:attachment":[{"href":"https:\/\/volovape.com\/de\/wp-json\/wp\/v2\/media?parent=598"}],"wp:term":[{"taxonomy":"product_brand","embeddable":true,"href":"https:\/\/volovape.com\/de\/wp-json\/wp\/v2\/product_brand?post=598"},{"taxonomy":"product_cat","embeddable":true,"href":"https:\/\/volovape.com\/de\/wp-json\/wp\/v2\/product_cat?post=598"},{"taxonomy":"product_tag","embeddable":true,"href":"https:\/\/volovape.com\/de\/wp-json\/wp\/v2\/product_tag?post=598"}],"curies":[{"name":"wp","href":"https:\/\/api.w.org\/{rel}","templated":true}]}}