{"id":596,"date":"2024-11-21T03:31:02","date_gmt":"2024-11-21T03:31:02","guid":{"rendered":"https:\/\/volovape.com\/?post_type=product&#038;p=596"},"modified":"2025-08-06T08:00:34","modified_gmt":"2025-08-06T08:00:34","slug":"bang-bc-box-mit-15-000-zugen","status":"publish","type":"product","link":"https:\/\/volovape.com\/de\/product\/bang-bc-box-15000-puffs\/","title":{"rendered":"Bang BC Box 15000 Puffs Einweg Vape - wiederaufladbar, Mesh Coil"},"content":{"rendered":"<p><strong>Bang BC Box 15000 Puffs Wiederaufladbare Einweg-Vape<\/strong> - Erleben Sie ausgedehntes Dampfvergn\u00fcgen mit der Bang BC Box 15000. Dieser Einwegdampfer mit hoher Kapazit\u00e4t bietet bis zu 15.000 Z\u00fcge, mit einem 25mL E-Liquid-Reservoir und einem 650mAh-Akku. Die fortschrittliche Mesh-Coil-Technologie sorgt f\u00fcr gleichbleibend weichen und geschmackvollen Dampf. Dieses Ger\u00e4t ist ideal f\u00fcr den pers\u00f6nlichen Gebrauch und f\u00fcr Gro\u00dfbestellungen von Einwegdampfern. Es bietet die Nikotinst\u00e4rken 0%, 2%, 3% oder 5% und eine vielf\u00e4ltige Auswahl an 11 k\u00f6stlichen Geschmacksrichtungen.<\/p>\n<h3><strong>Bang BC Box 15000 Puffs Merkmale:<\/strong><\/h3>\n<ul>\n<li>Puffs: 15000 Puffs<\/li>\n<li>E-Fl\u00fcssigkeit Kapazit\u00e4t: 25mL<\/li>\n<li>Akku: 650mAh (wiederaufladbar)<\/li>\n<li>Aufladen: Typ-C<\/li>\n<li>Spule: Mesh-Spule<\/li>\n<li>Nikotinst\u00e4rken: 0%, 2%, 3%, 5%<\/li>\n<li>Geschmacksoptionen: Blaubeere-Himbeere, Erdbeere-Banane, Himbeere-Sauerapfel, Blaubeere-Erdbeere, Erdbeer-Kiwi, Mango auf Eis, Kirsch-Cola, Erdbeer-Wassermelone, Wassermelone-Eis, Erdbeer-Traube, gemischte Beeren.<\/li>\n<\/ul>\n<h4>H\u00e4ufig gestellte Fragen<\/h4>\n<h5>Wie verbessert die Netzspule das Dampferlebnis?<\/h5>\n<p>Das Mesh-Coil-Design bietet eine gr\u00f6\u00dfere Heizfl\u00e4che, was zu einer gleichm\u00e4\u00dfigeren Erw\u00e4rmung und einer verbesserten Geschmacks- und Dampfproduktion f\u00fchrt. Diese Technologie sorgt f\u00fcr ein gleichm\u00e4\u00dfig glattes und befriedigendes Dampferlebnis.<\/p>\n<h5>Welche Versandmethoden werden verwendet?<\/h5>\n<p>Wir arbeiten mit zuverl\u00e4ssigen Transportunternehmen wie UPS, DHL, FedEx und DPD zusammen, um einen effizienten und zuverl\u00e4ssigen Versand zu gew\u00e4hrleisten. Je nach Lieferort wird die am besten geeignete Versandart ausgew\u00e4hlt.<\/p>\n<h5>Wie lange dauert der Versand normalerweise?<\/h5>\n<p>Der Versand dauert in der Regel 7-15 Werktage, wobei sich die Lieferzeiten an Feiertagen oder bei ung\u00fcnstigen Wetterbedingungen auf bis zu 20 Werktage verl\u00e4ngern k\u00f6nnen.<\/p>\n<h5>Fallen f\u00fcr mich Zollgeb\u00fchren oder Steuern an?<\/h5>\n<p>Wir wickeln die gesamte Zollabfertigung ab und garantieren, dass Sie keine zus\u00e4tzlichen Steuern oder Geb\u00fchren zahlen m\u00fcssen. 100% unserer Produkte werden ohne Probleme durch den Zoll abgefertigt.<\/p>\n<h5>Ist mein Kauf sicher und vertrauensw\u00fcrdig?<\/h5>\n<p>Wir bieten sichere Transaktionen durch den K\u00e4uferschutz von PayPal. Sie k\u00f6nnen sich auch von unserer Zuverl\u00e4ssigkeit \u00fcberzeugen, indem Sie die Kundenrezensionen auf <a href=\"https:\/\/www.trustpilot.com\/review\/volovape.com?utm_medium=trustbox&amp;utm_source=TrustBoxReviewCollector\">VertrauensPilot<\/a>.<\/p>","protected":false},"excerpt":{"rendered":"<p>Holen Sie sich dauerhaften Geschmack mit dem Bang BC Box 15000 Puffs Disposable Vape. 25ml, wiederaufladbar, Mesh-Spule. Perfekt f\u00fcr den pers\u00f6nlichen Gebrauch oder Gro\u00dfhandel. Vielf\u00e4ltiges Nikotin.<\/p>","protected":false},"featured_media":912,"comment_status":"open","ping_status":"closed","template":"","meta":[],"product_brand":[],"product_cat":[61,41,21,18,39,20,23,24,22,25,26,27,28,29,30,31,32,33,34,35,36,40],"product_tag":[],"class_list":{"0":"post-596","1":"product","2":"type-product","3":"status-publish","4":"has-post-thumbnail","6":"product_cat-bang","7":"product_cat-15000-puffs-disposable-vape","8":"product_cat-big-puffs-vapes","9":"product_cat-different-puffs-of-disposable-vapes","10":"product_cat-digital-box-vapes","11":"product_cat-disposable-vape-types","12":"product_cat-disposable-vapes-in-austria","13":"product_cat-disposable-vapes-in-belgium","14":"product_cat-disposable-vapes-in-europe","15":"product_cat-disposable-vapes-in-france","16":"product_cat-disposable-vapes-in-germany","17":"product_cat-disposable-vapes-in-hungary","18":"product_cat-disposable-vapes-in-ltaly","19":"product_cat-disposable-vapes-in-netherlands","20":"product_cat-disposable-vapes-in-norway","21":"product_cat-disposable-vapes-in-poland","22":"product_cat-disposable-vapes-in-portugal","23":"product_cat-disposable-vapes-in-spain","24":"product_cat-disposable-vapes-in-sweden","25":"product_cat-disposable-vapes-in-switzerland","26":"product_cat-rechargeable-vapes","27":"product_cat-smart-screen-vapes","29":"first","30":"instock","31":"shipping-taxable","32":"purchasable","33":"product-type-variable","34":"has-default-attributes"},"jetpack_sharing_enabled":true,"tiered_pricing_type":"fixed","tiered_pricing_fixed_rules":{"2000":4.13999999999999968025576890795491635799407958984375},"tiered_pricing_product_settings":{"layout":"default","base_unit_name":{"singular":null,"plural":null},"default_variation":null},"tiered_pricing_minimum_quantity":1000,"tiered_pricing_roles_data":[],"tiered_pricing_percentage_rules":[],"tiered_pricing_maximum_quantity":null,"tiered_pricing_quantity_step":"10","_links":{"self":[{"href":"https:\/\/volovape.com\/de\/wp-json\/wp\/v2\/product\/596","targetHints":{"allow":["GET"]}}],"collection":[{"href":"https:\/\/volovape.com\/de\/wp-json\/wp\/v2\/product"}],"about":[{"href":"https:\/\/volovape.com\/de\/wp-json\/wp\/v2\/types\/product"}],"replies":[{"embeddable":true,"href":"https:\/\/volovape.com\/de\/wp-json\/wp\/v2\/comments?post=596"}],"wp:featuredmedia":[{"embeddable":true,"href":"https:\/\/volovape.com\/de\/wp-json\/wp\/v2\/media\/912"}],"wp:attachment":[{"href":"https:\/\/volovape.com\/de\/wp-json\/wp\/v2\/media?parent=596"}],"wp:term":[{"taxonomy":"product_brand","embeddable":true,"href":"https:\/\/volovape.com\/de\/wp-json\/wp\/v2\/product_brand?post=596"},{"taxonomy":"product_cat","embeddable":true,"href":"https:\/\/volovape.com\/de\/wp-json\/wp\/v2\/product_cat?post=596"},{"taxonomy":"product_tag","embeddable":true,"href":"https:\/\/volovape.com\/de\/wp-json\/wp\/v2\/product_tag?post=596"}],"curies":[{"name":"wp","href":"https:\/\/api.w.org\/{rel}","templated":true}]}}