{"id":5765,"date":"2024-11-21T03:49:10","date_gmt":"2024-11-21T03:49:10","guid":{"rendered":"https:\/\/volovape.com\/?post_type=product&#038;p=5765"},"modified":"2026-04-08T01:50:47","modified_gmt":"2026-04-08T01:50:47","slug":"mrvi-25000-zuge-groshandel","status":"publish","type":"product","link":"https:\/\/volovape.com\/de\/product\/mrvi-25000-puffs-wholesale\/","title":{"rendered":"MRVI 25000 puffs dual coil disposable vape - MTL &amp; DTL Flexibilit\u00e4t, Gro\u00dfhandel kaufen"},"content":{"rendered":"<p><strong>MRVI 25000 Puffs Dual Coil Einweg Vape<\/strong> - Erleben Sie die ultimative Vaping-Flexibilit\u00e4t.<\/p>\n<p>Entdecken Sie die unvergleichliche Vielseitigkeit des Verdampfens mit der <strong>MRVI 25000<\/strong> Einwegverdampfer. Dieses Ger\u00e4t wurde sowohl f\u00fcr MTL- als auch f\u00fcr DTL-Enthusiasten entwickelt und verf\u00fcgt \u00fcber eine bemerkenswerte Kapazit\u00e4t von 25.000 Puffs, die von einem massiven 30ml E-Liquid-Reservoir und einem robusten 1000mAh-Akku gespeist werden. Das innovative Dual-Coil-System erm\u00f6glicht es Ihnen, m\u00fchelos zwischen verschiedenen Dampfstilen zu wechseln, um ein individuelles Erlebnis zu gew\u00e4hrleisten. Mit Nikotinst\u00e4rken von 2% oder 5% und einer Auswahl von 10 k\u00f6stlichen Geschmacksrichtungen ist der MRVI 25000 perfekt f\u00fcr den pers\u00f6nlichen Genuss und f\u00fcr Gro\u00dfbestellungen von Einwegdampfern. Genie\u00dfen Sie sanften, geschmackvollen Dampf und au\u00dfergew\u00f6hnliche Langlebigkeit in einem praktischen, tragbaren Ger\u00e4t.<\/p>\n<h3><strong>MRVI 25000 Merkmale\uff1a<\/strong><\/h3>\n<ul>\n<li>Puffs: Bis zu 25.000 Z\u00fcge<\/li>\n<li>E-Fl\u00fcssigkeit Kapazit\u00e4t: 30ml<\/li>\n<li>Akku: 1000mAh (wiederaufladbar)<\/li>\n<li>Aufladen: Typ-C<\/li>\n<li>Spule: Doppelspulen (MTL &amp; DTL)<\/li>\n<li>Nikotinst\u00e4rken: 2%, 5%<\/li>\n<li>10 einzigartige Geschmacksrichtungen<\/li>\n<li>Einwegger\u00e4t<\/li>\n<\/ul>\n<h4>H\u00e4ufig gestellte Fragen<\/h4>\n<h5>Welche Versandmethoden werden verwendet?<\/h5>\n<p>Wir arbeiten mit UPS\/DHL\/FEDEX\/DPD, etc. zusammen. Je nach Lieferland w\u00e4hlen wir die passende Versandoption, damit Sie Ihre Produkte so schnell wie m\u00f6glich erhalten.<\/p>\n<h5>Wie lange dauert es, bis es ankommt?<\/h5>\n<p>Dies dauert in der Regel 7-15 Arbeitstage und kann an Feiertagen oder bei schlechten Witterungsbedingungen bis zu 20 Arbeitstage in Anspruch nehmen.<\/p>\n<h5>Kann es durch den Zoll gehen und wird es mir irgendwelche Probleme bereiten?<\/h5>\n<p>Wir garantieren Ihnen, dass Sie keine Probleme haben werden, da wir uns um die Zollabfertigung k\u00fcmmern und keine Steuern oder Geb\u00fchren anfallen werden. Wir garantieren, dass 100% unserer Produkte den Zoll passieren werden.<\/p>\n<h5>Was ist der Vorteil des Doppelspulensystems?<\/h5>\n<p>Das Dual Coil System des MRVI 25000 erm\u00f6glicht ein vielseitiges Dampfen, indem es den Nutzern erm\u00f6glicht, zwischen Mouth-to-Lung (MTL) und Direct-to-Lung (DTL) zu wechseln, um unterschiedliche Vorlieben zu bedienen und das Dampferlebnis insgesamt zu verbessern.<\/p>\n<h5>Kann ich ihr vertrauen?<\/h5>\n<p>Wir unterst\u00fctzen PayPal-Zahlung und K\u00e4uferschutz-Service.<br \/>\nSie k\u00f6nnen sich auch unsere Bewertungen auf <a href=\"https:\/\/www.trustpilot.com\/review\/volovape.com?utm_medium=trustbox&amp;utm_source=TrustBoxReviewCollector\">VertrauensPilot<\/a><\/p>","protected":false},"excerpt":{"rendered":"<p>Entdecken Sie den MRVI 25000 Puffs Disposable Vape mit 30ml E-Liquid, 1000mAh Akku, Dual Coils f\u00fcr MTL\/DTL und 2%\/5% Nikotin. Gro\u00dfhandel verf\u00fcgbar, mehrere Geschmacksrichtungen, Typ-C Aufladung.<\/p>","protected":false},"featured_media":5775,"comment_status":"open","ping_status":"closed","template":"","meta":[],"product_brand":[],"product_cat":[55,45,21,43,18,39,20,23,24,22,25,26,27,28,29,30,31,32,33,34,35,44,36,40],"product_tag":[],"class_list":{"0":"post-5765","1":"product","2":"type-product","3":"status-publish","4":"has-post-thumbnail","6":"product_cat-mrvi","7":"product_cat-25000-puffs-disposable-vape","8":"product_cat-big-puffs-vapes","9":"product_cat-crystal-vapes","10":"product_cat-different-puffs-of-disposable-vapes","11":"product_cat-digital-box-vapes","12":"product_cat-disposable-vape-types","13":"product_cat-disposable-vapes-in-austria","14":"product_cat-disposable-vapes-in-belgium","15":"product_cat-disposable-vapes-in-europe","16":"product_cat-disposable-vapes-in-france","17":"product_cat-disposable-vapes-in-germany","18":"product_cat-disposable-vapes-in-hungary","19":"product_cat-disposable-vapes-in-ltaly","20":"product_cat-disposable-vapes-in-netherlands","21":"product_cat-disposable-vapes-in-norway","22":"product_cat-disposable-vapes-in-poland","23":"product_cat-disposable-vapes-in-portugal","24":"product_cat-disposable-vapes-in-spain","25":"product_cat-disposable-vapes-in-sweden","26":"product_cat-disposable-vapes-in-switzerland","27":"product_cat-dual-mesh-vapes","28":"product_cat-rechargeable-vapes","29":"product_cat-smart-screen-vapes","31":"first","32":"instock","33":"shipping-taxable","34":"purchasable","35":"product-type-variable","36":"has-default-attributes"},"jetpack_sharing_enabled":true,"tiered_pricing_type":"fixed","tiered_pricing_fixed_rules":{"100":6.36000000000000031974423109204508364200592041015625,"200":5.7400000000000002131628207280300557613372802734375,"400":5.42999999999999971578290569595992565155029296875},"tiered_pricing_product_settings":{"layout":"default","base_unit_name":{"singular":null,"plural":null},"default_variation":null},"tiered_pricing_minimum_quantity":50,"tiered_pricing_roles_data":[],"tiered_pricing_percentage_rules":[],"tiered_pricing_maximum_quantity":null,"tiered_pricing_quantity_step":"10","_links":{"self":[{"href":"https:\/\/volovape.com\/de\/wp-json\/wp\/v2\/product\/5765","targetHints":{"allow":["GET"]}}],"collection":[{"href":"https:\/\/volovape.com\/de\/wp-json\/wp\/v2\/product"}],"about":[{"href":"https:\/\/volovape.com\/de\/wp-json\/wp\/v2\/types\/product"}],"replies":[{"embeddable":true,"href":"https:\/\/volovape.com\/de\/wp-json\/wp\/v2\/comments?post=5765"}],"wp:featuredmedia":[{"embeddable":true,"href":"https:\/\/volovape.com\/de\/wp-json\/wp\/v2\/media\/5775"}],"wp:attachment":[{"href":"https:\/\/volovape.com\/de\/wp-json\/wp\/v2\/media?parent=5765"}],"wp:term":[{"taxonomy":"product_brand","embeddable":true,"href":"https:\/\/volovape.com\/de\/wp-json\/wp\/v2\/product_brand?post=5765"},{"taxonomy":"product_cat","embeddable":true,"href":"https:\/\/volovape.com\/de\/wp-json\/wp\/v2\/product_cat?post=5765"},{"taxonomy":"product_tag","embeddable":true,"href":"https:\/\/volovape.com\/de\/wp-json\/wp\/v2\/product_tag?post=5765"}],"curies":[{"name":"wp","href":"https:\/\/api.w.org\/{rel}","templated":true}]}}