{"id":535,"date":"2024-11-21T03:30:33","date_gmt":"2024-11-21T03:30:33","guid":{"rendered":"https:\/\/volovape.com\/?post_type=product&#038;p=535"},"modified":"2025-08-06T07:58:39","modified_gmt":"2025-08-06T07:58:39","slug":"bang-smart-screen-kronenleiste-18000-zuge","status":"publish","type":"product","link":"https:\/\/volovape.com\/de\/product\/bang-smart-screen-crown-bar-18000-puffs\/","title":{"rendered":"Bang Crown Bar 18000 Puffs Smart Screen Einweg Vape - 0.6\u03a9 Mesh Coil, wiederaufladbar"},"content":{"rendered":"<p><strong>Bang Crown Bar 18000 Puffs Smart Screen Einweg-Vape<\/strong> - Erleben Sie \u00fcberlegenes Dampfen mit dem Bang Crown Bar 18000. Dieser Einwegverdampfer mit hoher Kapazit\u00e4t liefert bis zu 18.000 Z\u00fcge, mit einem 24mL E-Liquid-Reservoir und einer 650mAh wiederaufladbaren Batterie. Der intelligente Bildschirm erm\u00f6glicht eine einfache \u00dcberwachung der Batterie und e-Fl\u00fcssigkeit Ebenen, w\u00e4hrend die 0,6\u03a9 Mesh-Spule sorgt f\u00fcr dichte Wolken und reichen Geschmack. Ideal f\u00fcr den pers\u00f6nlichen Gebrauch und Einweg-Vape-Gro\u00dfhandel Gro\u00dfauftr\u00e4ge, bietet dieses Ger\u00e4t 0%, 2%, 3% oder 5% Nikotin St\u00e4rken und eine breite Palette von 11 k\u00f6stlichen Geschmacksrichtungen.<\/p>\n<h3><strong>Bang Crown Bar 18000 Puffs Merkmale:<\/strong><\/h3>\n<ul>\n<li>Puffs: 18000 Puffs<\/li>\n<li>E-Fl\u00fcssigkeit Kapazit\u00e4t: 24mL<\/li>\n<li>Akku: 650mAh (wiederaufladbar)<\/li>\n<li>Aufladen: Typ-C<\/li>\n<li>Spule: 0.6\u03a9 Masche Spule<\/li>\n<li>Anzeige: Smart Screen (Batterie- und Fl\u00fcssigkeitsstand)<\/li>\n<li>Nikotinst\u00e4rken: 0%, 2%, 3%, 5%<\/li>\n<li>Geschmacksoptionen: Wassermelone-Eis, Erdbeere-Wassermelone, Blaubeere-Himbeere, Blaubeere-Eis, Erdbeere-Kiwi, Pfirsich-Eis, gemischte Fr\u00fcchte, Kirsche-Cola, Doppelter Apfel, Blaubeere-Zitrone, Traube-Eis.<\/li>\n<\/ul>\n<h4>H\u00e4ufig gestellte Fragen<\/h4>\n<h5>Wie verbessert die 0,6\u03a9 Mesh-Spule die Dampfproduktion?<\/h5>\n<p>Die 0,6-\u03a9-Mesh-Spule ist so konzipiert, e-Fl\u00fcssigkeit effizienter zu erhitzen, was zu dichteren Wolken und reicheren Geschmacksprofilen f\u00fchrt. Dies sorgt f\u00fcr ein intensiveres und befriedigenderes Dampferlebnis.<\/p>\n<h5>Welche Versandarten gibt es?<\/h5>\n<p>Wir arbeiten mit zuverl\u00e4ssigen Transportunternehmen wie UPS, DHL, FedEx und DPD zusammen, um einen effizienten und zuverl\u00e4ssigen Versand zu gew\u00e4hrleisten. Je nach Lieferort wird die am besten geeignete Versandart ausgew\u00e4hlt.<\/p>\n<h5>Wie lange dauert der Versand normalerweise?<\/h5>\n<p>Der Versand dauert in der Regel zwischen 7 und 15 Werktagen, wobei sich die Lieferzeiten an Feiertagen oder bei ung\u00fcnstigen Wetterbedingungen auf bis zu 20 Werktage verl\u00e4ngern k\u00f6nnen.<\/p>\n<h5>Fallen Zollgeb\u00fchren oder Steuern an?<\/h5>\n<p>Wir wickeln die gesamte Zollabfertigung ab und garantieren, dass Sie keine zus\u00e4tzlichen Steuern oder Geb\u00fchren zahlen m\u00fcssen. 100% unserer Produkte werden ohne Probleme durch den Zoll abgefertigt.<\/p>\n<h5>Wie sicher ist mein Kauf?<\/h5>\n<p>Wir bieten sichere Transaktionen durch den K\u00e4uferschutz von PayPal. Sie k\u00f6nnen unsere Glaubw\u00fcrdigkeit auch \u00fcberpr\u00fcfen, indem Sie die Kundenrezensionen auf <a href=\"https:\/\/www.trustpilot.com\/review\/volovape.com?utm_medium=trustbox&amp;utm_source=TrustBoxReviewCollector\">VertrauensPilot<\/a>.<\/p>","protected":false},"excerpt":{"rendered":"<p>Revolutionieren Sie Ihre vape Angebote mit Bang Crown Bar 18000 Puffs Gro\u00dfhandel! Smart Screen Tech, 0.6\u03a9 Mesh, 24ml, wiederaufladbar. Stock next-gen Einwegartikel f\u00fcr anspruchsvolle Kunden.<\/p>","protected":false},"featured_media":905,"comment_status":"open","ping_status":"closed","template":"","meta":[],"product_brand":[],"product_cat":[61,50,21,18,20,23,24,22,25,26,27,28,29,30,31,32,33,34,35,36,47,40],"product_tag":[],"class_list":{"0":"post-535","1":"product","2":"type-product","3":"status-publish","4":"has-post-thumbnail","6":"product_cat-bang","7":"product_cat-18000-puffs-disposable-vape","8":"product_cat-big-puffs-vapes","9":"product_cat-different-puffs-of-disposable-vapes","10":"product_cat-disposable-vape-types","11":"product_cat-disposable-vapes-in-austria","12":"product_cat-disposable-vapes-in-belgium","13":"product_cat-disposable-vapes-in-europe","14":"product_cat-disposable-vapes-in-france","15":"product_cat-disposable-vapes-in-germany","16":"product_cat-disposable-vapes-in-hungary","17":"product_cat-disposable-vapes-in-ltaly","18":"product_cat-disposable-vapes-in-netherlands","19":"product_cat-disposable-vapes-in-norway","20":"product_cat-disposable-vapes-in-poland","21":"product_cat-disposable-vapes-in-portugal","22":"product_cat-disposable-vapes-in-spain","23":"product_cat-disposable-vapes-in-sweden","24":"product_cat-disposable-vapes-in-switzerland","25":"product_cat-rechargeable-vapes","26":"product_cat-shisha-hookah-vapes","27":"product_cat-smart-screen-vapes","29":"first","30":"instock","31":"shipping-taxable","32":"purchasable","33":"product-type-variable","34":"has-default-attributes"},"jetpack_sharing_enabled":true,"tiered_pricing_type":"fixed","tiered_pricing_fixed_rules":{"2000":3.890000000000000124344978758017532527446746826171875},"tiered_pricing_product_settings":{"layout":"default","base_unit_name":{"singular":null,"plural":null},"default_variation":null},"tiered_pricing_minimum_quantity":1000,"tiered_pricing_roles_data":[],"tiered_pricing_percentage_rules":[],"tiered_pricing_maximum_quantity":null,"tiered_pricing_quantity_step":"10","_links":{"self":[{"href":"https:\/\/volovape.com\/de\/wp-json\/wp\/v2\/product\/535","targetHints":{"allow":["GET"]}}],"collection":[{"href":"https:\/\/volovape.com\/de\/wp-json\/wp\/v2\/product"}],"about":[{"href":"https:\/\/volovape.com\/de\/wp-json\/wp\/v2\/types\/product"}],"replies":[{"embeddable":true,"href":"https:\/\/volovape.com\/de\/wp-json\/wp\/v2\/comments?post=535"}],"wp:featuredmedia":[{"embeddable":true,"href":"https:\/\/volovape.com\/de\/wp-json\/wp\/v2\/media\/905"}],"wp:attachment":[{"href":"https:\/\/volovape.com\/de\/wp-json\/wp\/v2\/media?parent=535"}],"wp:term":[{"taxonomy":"product_brand","embeddable":true,"href":"https:\/\/volovape.com\/de\/wp-json\/wp\/v2\/product_brand?post=535"},{"taxonomy":"product_cat","embeddable":true,"href":"https:\/\/volovape.com\/de\/wp-json\/wp\/v2\/product_cat?post=535"},{"taxonomy":"product_tag","embeddable":true,"href":"https:\/\/volovape.com\/de\/wp-json\/wp\/v2\/product_tag?post=535"}],"curies":[{"name":"wp","href":"https:\/\/api.w.org\/{rel}","templated":true}]}}