{"id":533,"date":"2024-11-21T03:30:33","date_gmt":"2024-11-21T03:30:33","guid":{"rendered":"https:\/\/volovape.com\/?post_type=product&#038;p=533"},"modified":"2025-08-06T08:11:38","modified_gmt":"2025-08-06T08:11:38","slug":"bangbox-rakete-18000-zuge","status":"publish","type":"product","link":"https:\/\/volovape.com\/de\/product\/bang-box-rocket-18000-puffs\/","title":{"rendered":"Bang Box Rocket 18000 Puffs Einweg Vape - 1.0\u03a9 Mesh Coil, Smart Display, wiederaufladbar"},"content":{"rendered":"<p><strong>Bang Box Rocket 18000 Puffs Smart Einweg Vape<\/strong> - Erlebe die Zukunft des Dampfens mit der Bang Box Rocket 18000. Dieser innovative Einwegdampfer bietet 18.000 Z\u00fcge, eine Kapazit\u00e4t von 28 ml E-Liquid und ein intelligentes Display zur \u00dcberwachung des Batterie- und E-Liquidstands. Mit einem 1.0\u03a9 Mesh-Spule f\u00fcr glatte, geschmackvolle Dampf und einem 650mAh Akku mit Typ-C-Ladung, ist dieses Ger\u00e4t perfekt f\u00fcr den pers\u00f6nlichen Gebrauch und Einweg-Vape Gro\u00dfhandel Gro\u00dfauftr\u00e4ge. W\u00e4hlen Sie aus 0%, 2%, 3% oder 5% Nikotinst\u00e4rken und genie\u00dfen Sie eine breite Palette von 12 k\u00f6stlichen Geschmacksrichtungen.<\/p>\n<h3><strong>Bang Box Rocket 18000 Puffs Eigenschaften:<\/strong><\/h3>\n<ul>\n<li>Puffs: 18000 Puffs<\/li>\n<li>E-Fl\u00fcssigkeit Kapazit\u00e4t: 28mL<\/li>\n<li>Akku: 650mAh (wiederaufladbar)<\/li>\n<li>Aufladen: Typ-C<\/li>\n<li>Spule: 1.0\u03a9 Mesh Spule<\/li>\n<li>Anzeige: Intelligente Anzeige (Batterie- &amp; E-Liquid-F\u00fcllstand)<\/li>\n<li>Nikotinst\u00e4rken: 0%, 2%, 3%, 5%<\/li>\n<li>Geschmacksoptionen: Strawberry Banana, Watermelon Ice, Strawberry Kiwi, Strawberry Mango, Blueberry Ice, Mexico Mango, Juicy Peach Ice, Sour Apple Ice, Blue Razz Ice, Tropical Rainbow Blast.<\/li>\n<\/ul>\n<h4>H\u00e4ufig gestellte Fragen<\/h4>\n<h5>Wie verbessert das intelligente Display mein Vaping-Erlebnis?<\/h5>\n<p>Das integrierte Smart-Display bietet Echtzeit-Updates zu Akkulaufzeit und Fl\u00fcssigkeitsstand, so dass Sie nicht mehr raten m\u00fcssen und immer vorbereitet sind. Diese Funktion erm\u00f6glicht ein kontrolliertes und angenehmes Dampferlebnis.<\/p>\n<h5>Welche Versandmethoden werden verwendet?<\/h5>\n<p>Wir arbeiten mit vertrauensw\u00fcrdigen Transportunternehmen wie UPS, DHL, FedEx und DPD zusammen, um einen zuverl\u00e4ssigen und effizienten Versand zu gew\u00e4hrleisten. Die beste Versandoption wird je nach Ihrem Standort ausgew\u00e4hlt, um eine p\u00fcnktliche Lieferung zu gew\u00e4hrleisten.<\/p>\n<h5>Wie lange dauert der Versand normalerweise?<\/h5>\n<p>Der Versand dauert in der Regel zwischen 7 und 15 Werktagen, kann sich aber an Feiertagen oder bei ung\u00fcnstigen Wetterbedingungen auf bis zu 20 Werktage verl\u00e4ngern.<\/p>\n<h5>Fallen Zoll- oder Steuergeb\u00fchren an?<\/h5>\n<p>Wir wickeln die gesamte Zollabfertigung ab und garantieren, dass Sie keine zus\u00e4tzlichen Steuern oder Geb\u00fchren zahlen m\u00fcssen. 100% unserer Produkte werden ohne Probleme durch den Zoll abgefertigt.<\/p>\n<h5>Ist mein Kauf sicher und vertrauensw\u00fcrdig?<\/h5>\n<p>Wir unterst\u00fctzen sichere Transaktionen durch den K\u00e4uferschutz von PayPal. Sie k\u00f6nnen auch unser Kundenfeedback \u00fcberpr\u00fcfen auf <a href=\"https:\/\/www.trustpilot.com\/review\/volovape.com?utm_medium=trustbox&amp;utm_source=TrustBoxReviewCollector\">VertrauensPilot<\/a> um unsere Zuverl\u00e4ssigkeit zu \u00fcberpr\u00fcfen.<\/p>","protected":false},"excerpt":{"rendered":"<p>Dominieren Sie den Vape-Markt mit Bang Box Rocket 18000 Puffs Gro\u00dfhandel! Smart Display, 1.0\u03a9 Mesh, 28ml, wiederaufladbar. Bieten Sie Ihren Kunden hochmoderne Vapes mit hoher Kapazit\u00e4t an.<\/p>","protected":false},"featured_media":879,"comment_status":"open","ping_status":"closed","template":"","meta":[],"product_brand":[],"product_cat":[61,50,21,18,39,20,23,24,22,25,26,27,28,29,30,31,32,33,34,35,44,36,40],"product_tag":[],"class_list":{"0":"post-533","1":"product","2":"type-product","3":"status-publish","4":"has-post-thumbnail","6":"product_cat-bang","7":"product_cat-18000-puffs-disposable-vape","8":"product_cat-big-puffs-vapes","9":"product_cat-different-puffs-of-disposable-vapes","10":"product_cat-digital-box-vapes","11":"product_cat-disposable-vape-types","12":"product_cat-disposable-vapes-in-austria","13":"product_cat-disposable-vapes-in-belgium","14":"product_cat-disposable-vapes-in-europe","15":"product_cat-disposable-vapes-in-france","16":"product_cat-disposable-vapes-in-germany","17":"product_cat-disposable-vapes-in-hungary","18":"product_cat-disposable-vapes-in-ltaly","19":"product_cat-disposable-vapes-in-netherlands","20":"product_cat-disposable-vapes-in-norway","21":"product_cat-disposable-vapes-in-poland","22":"product_cat-disposable-vapes-in-portugal","23":"product_cat-disposable-vapes-in-spain","24":"product_cat-disposable-vapes-in-sweden","25":"product_cat-disposable-vapes-in-switzerland","26":"product_cat-dual-mesh-vapes","27":"product_cat-rechargeable-vapes","28":"product_cat-smart-screen-vapes","30":"first","31":"instock","32":"shipping-taxable","33":"purchasable","34":"product-type-variable","35":"has-default-attributes"},"jetpack_sharing_enabled":true,"tiered_pricing_type":"fixed","tiered_pricing_fixed_rules":{"2000":6.20999999999999996447286321199499070644378662109375},"tiered_pricing_product_settings":{"layout":"default","base_unit_name":{"singular":null,"plural":null},"default_variation":null},"tiered_pricing_minimum_quantity":1000,"tiered_pricing_roles_data":[],"tiered_pricing_percentage_rules":[],"tiered_pricing_maximum_quantity":null,"tiered_pricing_quantity_step":"10","_links":{"self":[{"href":"https:\/\/volovape.com\/de\/wp-json\/wp\/v2\/product\/533","targetHints":{"allow":["GET"]}}],"collection":[{"href":"https:\/\/volovape.com\/de\/wp-json\/wp\/v2\/product"}],"about":[{"href":"https:\/\/volovape.com\/de\/wp-json\/wp\/v2\/types\/product"}],"replies":[{"embeddable":true,"href":"https:\/\/volovape.com\/de\/wp-json\/wp\/v2\/comments?post=533"}],"wp:featuredmedia":[{"embeddable":true,"href":"https:\/\/volovape.com\/de\/wp-json\/wp\/v2\/media\/879"}],"wp:attachment":[{"href":"https:\/\/volovape.com\/de\/wp-json\/wp\/v2\/media?parent=533"}],"wp:term":[{"taxonomy":"product_brand","embeddable":true,"href":"https:\/\/volovape.com\/de\/wp-json\/wp\/v2\/product_brand?post=533"},{"taxonomy":"product_cat","embeddable":true,"href":"https:\/\/volovape.com\/de\/wp-json\/wp\/v2\/product_cat?post=533"},{"taxonomy":"product_tag","embeddable":true,"href":"https:\/\/volovape.com\/de\/wp-json\/wp\/v2\/product_tag?post=533"}],"curies":[{"name":"wp","href":"https:\/\/api.w.org\/{rel}","templated":true}]}}