{"id":499,"date":"2024-11-21T03:30:08","date_gmt":"2024-11-21T03:30:08","guid":{"rendered":"https:\/\/volovape.com\/?post_type=product&#038;p=499"},"modified":"2025-08-06T08:09:50","modified_gmt":"2025-08-06T08:09:50","slug":"knalldose-18000-zuge","status":"publish","type":"product","link":"https:\/\/volovape.com\/de\/product\/bang-box-18000-puffs\/","title":{"rendered":"BANG BOX 18000 Puffs Einweg Vape - Dual Mesh Coil, LED Display, wiederaufladbar"},"content":{"rendered":"<p><strong>BANG BOX 18000 Puffs Einweg-Vape<\/strong> - Dual Mesh Coils f\u00fcr \u00fcberragenden Geschmack und Langlebigkeit.<\/p>\n<p>Der <strong>BANG BOX 18000 Z\u00fcge<\/strong> bietet mit seinem Hochleistungsdesign und der fortschrittlichen Dual-Mesh-Coil-Technologie ein unvergleichliches Dampferlebnis. Genie\u00dfen Sie bis zu <strong>18.000 Z\u00fcge<\/strong>, eine massive <strong>26ml e-Fl\u00fcssigkeitsbeh\u00e4lter<\/strong>und ein <strong>850mAh wiederaufladbarer Akku<\/strong> mit Typ-C-Ladung. Die <strong>0,8-\u03a9-Dual-Mesh-Spulen<\/strong> sorgen f\u00fcr ein reichhaltiges, konsistentes Aroma, w\u00e4hrend die digitale LED-Anzeige den F\u00fcllstand von Batterie und E-Liquid in Echtzeit anzeigt. W\u00e4hlen Sie aus <strong>0%, 2%, 3% oder 5% Nikotinst\u00e4rke<\/strong> und 12 k\u00f6stliche Geschmacksrichtungen. Ideal f\u00fcr den pers\u00f6nlichen Gebrauch oder <strong>Einweg-Vape-Gro\u00dfhandel<\/strong>, Die <strong>Knallbox 18000<\/strong> setzt einen neuen Standard f\u00fcr Einwegverdampfer. Betrachten Sie eine <strong>Gro\u00dfauftrag<\/strong> f\u00fcr wettbewerbsf\u00e4hige Preise.<\/p>\n<h3><strong>BANG BOX 18000 Puffs Merkmale:<\/strong><\/h3>\n<ul>\n<li>Puffs: Bis zu 18.000<\/li>\n<li>E-Fl\u00fcssigkeit Kapazit\u00e4t: 26ml<\/li>\n<li>Akku: 850mAh (wiederaufladbar)<\/li>\n<li>Aufladen: Typ-C<\/li>\n<li>Spule: 0.8\u03a9 Dual Mesh Spulen<\/li>\n<li>Anzeige: LED-Digitalanzeige<\/li>\n<li>Nikotinst\u00e4rken: 0%, 2%, 3%, 5%<\/li>\n<li>12 verf\u00fcgbare Geschmacksrichtungen<\/li>\n<\/ul>\n<h4>H\u00e4ufig gestellte Fragen<\/h4>\n<h5>Was macht die Dual-Mesh-Spulen \u00fcberlegen?<\/h5>\n<p>Das Dual-Mesh-Coil-Design bietet eine gr\u00f6\u00dfere Heizfl\u00e4che, was zu einer schnelleren und gleichm\u00e4\u00dfigeren Erw\u00e4rmung f\u00fchrt. Dies verbessert die Aromaproduktion, die Dampfdichte und die allgemeine Konsistenz, was zu einem befriedigenderen Dampferlebnis f\u00fchrt.<\/p>\n<h5>Welche Versandmethoden werden f\u00fcr Gro\u00dfhandelsbestellungen verwendet?<\/h5>\n<p>Wir arbeiten mit vertrauensw\u00fcrdigen Transportunternehmen wie UPS, DHL, FedEx und DPD zusammen, um eine sichere und effiziente Lieferung f\u00fcr Gro\u00dfhandelsbestellungen zu gew\u00e4hrleisten. Die am besten geeignete Versandmethode wird auf der Grundlage Ihres Standorts und der Bestellmenge ausgew\u00e4hlt.<\/p>\n<h5>Wie lange dauert der Versand bei Gro\u00dfhandelsbestellungen normalerweise?<\/h5>\n<p>Der Versand dauert in der Regel 7-15 Arbeitstage. In der Hochsaison oder bei ung\u00fcnstigen Witterungsverh\u00e4ltnissen kann die Lieferzeit bis zu 20 Werktage betragen.<\/p>\n<h5>Gibt es irgendwelche Zollprobleme oder zus\u00e4tzliche Geb\u00fchren, die ich bei einer Gro\u00dfbestellung beachten sollte?<\/h5>\n<p>Wir k\u00fcmmern uns um alle Zollabfertigungsprozesse, um eine reibungslose Lieferung zu gew\u00e4hrleisten. Es fallen keine unerwarteten Steuern oder Geb\u00fchren an, und wir garantieren eine 100%-Zollabfertigung f\u00fcr alle Sendungen.<\/p>\n<h5>Wie kann ich die Zuverl\u00e4ssigkeit meines Gro\u00dfeinkaufs \u00fcberpr\u00fcfen?<\/h5>\n<p>Wir bieten sichere Zahlungsoptionen und sind bestrebt, qualitativ hochwertige Produkte und Dienstleistungen anzubieten. Sie k\u00f6nnen auch unsere Kundenrezensionen auf vertrauensw\u00fcrdigen Plattformen pr\u00fcfen, um unsere Zuverl\u00e4ssigkeit zu best\u00e4tigen.<\/p>","protected":false},"excerpt":{"rendered":"<p>Maximieren Sie den Umsatz mit BANG BOX 18000 Puffs Gro\u00dfhandel! Dual-Mesh-Spulen, LED-Anzeige, 26ml, wiederaufladbar. Stock hohe Kapazit\u00e4t vapes mit reichen Geschmack und abwechslungsreiche Nikotin.<\/p>","protected":false},"featured_media":840,"comment_status":"open","ping_status":"closed","template":"","meta":[],"product_brand":[],"product_cat":[61,50,21,18,39,20,23,24,22,25,26,27,28,29,30,31,32,33,34,35,36,40],"product_tag":[],"class_list":{"0":"post-499","1":"product","2":"type-product","3":"status-publish","4":"has-post-thumbnail","6":"product_cat-bang","7":"product_cat-18000-puffs-disposable-vape","8":"product_cat-big-puffs-vapes","9":"product_cat-different-puffs-of-disposable-vapes","10":"product_cat-digital-box-vapes","11":"product_cat-disposable-vape-types","12":"product_cat-disposable-vapes-in-austria","13":"product_cat-disposable-vapes-in-belgium","14":"product_cat-disposable-vapes-in-europe","15":"product_cat-disposable-vapes-in-france","16":"product_cat-disposable-vapes-in-germany","17":"product_cat-disposable-vapes-in-hungary","18":"product_cat-disposable-vapes-in-ltaly","19":"product_cat-disposable-vapes-in-netherlands","20":"product_cat-disposable-vapes-in-norway","21":"product_cat-disposable-vapes-in-poland","22":"product_cat-disposable-vapes-in-portugal","23":"product_cat-disposable-vapes-in-spain","24":"product_cat-disposable-vapes-in-sweden","25":"product_cat-disposable-vapes-in-switzerland","26":"product_cat-rechargeable-vapes","27":"product_cat-smart-screen-vapes","29":"first","30":"instock","31":"shipping-taxable","32":"purchasable","33":"product-type-variable","34":"has-default-attributes"},"jetpack_sharing_enabled":true,"tiered_pricing_type":"fixed","tiered_pricing_fixed_rules":{"2000":4.62999999999999989341858963598497211933135986328125},"tiered_pricing_product_settings":{"layout":"default","base_unit_name":{"singular":null,"plural":null},"default_variation":null},"tiered_pricing_minimum_quantity":1000,"tiered_pricing_roles_data":[],"tiered_pricing_percentage_rules":[],"tiered_pricing_maximum_quantity":null,"tiered_pricing_quantity_step":"10","_links":{"self":[{"href":"https:\/\/volovape.com\/de\/wp-json\/wp\/v2\/product\/499","targetHints":{"allow":["GET"]}}],"collection":[{"href":"https:\/\/volovape.com\/de\/wp-json\/wp\/v2\/product"}],"about":[{"href":"https:\/\/volovape.com\/de\/wp-json\/wp\/v2\/types\/product"}],"replies":[{"embeddable":true,"href":"https:\/\/volovape.com\/de\/wp-json\/wp\/v2\/comments?post=499"}],"wp:featuredmedia":[{"embeddable":true,"href":"https:\/\/volovape.com\/de\/wp-json\/wp\/v2\/media\/840"}],"wp:attachment":[{"href":"https:\/\/volovape.com\/de\/wp-json\/wp\/v2\/media?parent=499"}],"wp:term":[{"taxonomy":"product_brand","embeddable":true,"href":"https:\/\/volovape.com\/de\/wp-json\/wp\/v2\/product_brand?post=499"},{"taxonomy":"product_cat","embeddable":true,"href":"https:\/\/volovape.com\/de\/wp-json\/wp\/v2\/product_cat?post=499"},{"taxonomy":"product_tag","embeddable":true,"href":"https:\/\/volovape.com\/de\/wp-json\/wp\/v2\/product_tag?post=499"}],"curies":[{"name":"wp","href":"https:\/\/api.w.org\/{rel}","templated":true}]}}