{"id":498,"date":"2024-11-21T03:30:08","date_gmt":"2024-11-21T03:30:08","guid":{"rendered":"https:\/\/volovape.com\/?post_type=product&#038;p=498"},"modified":"2025-07-09T09:46:30","modified_gmt":"2025-07-09T09:46:30","slug":"fluum-digitalbox-tn-15000-zuge","status":"publish","type":"product","link":"https:\/\/volovape.com\/de\/product\/fluum-digital-box-tn-15000-puffs\/","title":{"rendered":"FluuM Digital Box TN 15000 Puffs Einweg-Vape - wiederaufladbar, digitale Anzeige"},"content":{"rendered":"<p><strong>FluuM Digital Box TN 15000 Puffs Einweg Vape<\/strong> - Bleiben Sie informiert und genie\u00dfen Sie l\u00e4ngeres Dampfen.<\/p>\n<p>Der <strong>FluuM Digital Box TN 15000 Puffs<\/strong> bietet ein hochmodernes Dampferlebnis mit integrierter digitaler Anzeige, mit der Sie den Akku- und Liquidstand auf einen Blick erkennen k\u00f6nnen. Genie\u00dfen Sie bis zu <strong>15.000 Z\u00fcge<\/strong>eine gro\u00dfz\u00fcgige <strong>25ml e-Fl\u00fcssigkeit Kapazit\u00e4t<\/strong>und ein <strong>650mAh wiederaufladbare Batterie<\/strong> mit Typ-C-Aufladung. W\u00e4hlen Sie aus <strong>0%, 2%, 3% oder 5% Nikotinst\u00e4rke<\/strong> um Ihren Vorlieben gerecht zu werden. Die fortschrittliche Mesh-Spule liefert glatten, geschmackvollen Dampf, und mit 12 k\u00f6stlichen Aromen, werden Sie die perfekte Erg\u00e4nzung finden. Ideal f\u00fcr den pers\u00f6nlichen Gebrauch oder <strong>Einweg-Vape-Gro\u00dfhandel<\/strong>, Die <strong>FluuM-Digital-Box TN 15000<\/strong> kombiniert Komfort mit fortschrittlichen Funktionen. Erw\u00e4gen Sie eine <strong>Gro\u00dfauftrag<\/strong> f\u00fcr wettbewerbsf\u00e4hige Preise.<\/p>\n<h3><strong>FluuM Digital Box TN 15000 Puffs Eigenschaften:<\/strong><\/h3>\n<ul>\n<li>Puffs: Bis zu 15.000<\/li>\n<li>E-Fl\u00fcssigkeit Kapazit\u00e4t: 25ml<\/li>\n<li>Akku: 650mAh (wiederaufladbar)<\/li>\n<li>Aufladen: Typ-C<\/li>\n<li>Anzeige: Digitales Display (Batterie- &amp; E-Liquid-F\u00fcllst\u00e4nde)<\/li>\n<li>Nikotinst\u00e4rken: 0%, 2%, 3%, 5%<\/li>\n<li>12 verf\u00fcgbare Geschmacksrichtungen<\/li>\n<\/ul>\n<h4>H\u00e4ufig gestellte Fragen<\/h4>\n<h5>Was ist der Hauptnutzen der digitalen Anzeige?<\/h5>\n<p>Die digitale Anzeige informiert in Echtzeit \u00fcber die Akkulaufzeit und den F\u00fcllstand des E-Liquids. So m\u00fcssen Sie nicht mehr raten und sind immer \u00fcber den Status Ihres Ger\u00e4ts informiert. Diese Funktion erh\u00f6ht den Komfort und erm\u00f6glicht es Ihnen, Ihr Dampferlebnis effektiver zu gestalten.<\/p>\n<h5>Welche Versandarten werden verwendet, und in welche L\u00e4nder liefern Sie?<\/h5>\n<p>Wir arbeiten mit zuverl\u00e4ssigen Spediteuren zusammen, um eine effiziente Lieferung zu gew\u00e4hrleisten. Wir liefern in die meisten europ\u00e4ischen L\u00e4nder, darunter die Niederlande, Deutschland, Frankreich, Spanien und andere. Die Lieferzeiten k\u00f6nnen je nach Zielland variieren.<\/p>\n<h5>Wie lange dauert der Versand normalerweise?<\/h5>\n<p>Die Lieferzeiten variieren je nach Zielort. Bitte kontaktieren Sie uns, um einen genauen Kostenvoranschlag f\u00fcr die Lieferung an Ihren Standort zu erhalten.<\/p>\n<h5>Gibt es irgendwelche Zollprobleme oder zus\u00e4tzliche Geb\u00fchren, die ich bei europ\u00e4ischen Bestellungen beachten sollte?<\/h5>\n<p>Wir k\u00fcmmern uns um die Zollabfertigung f\u00fcr europ\u00e4ische Bestellungen, um einen reibungslosen Lieferprozess zu gew\u00e4hrleisten. Obwohl wir uns bem\u00fchen, zus\u00e4tzliche Geb\u00fchren zu vermeiden, sollten Sie sich bewusst sein, dass die Zollbestimmungen variieren k\u00f6nnen und alle m\u00f6glichen Geb\u00fchren in der Verantwortung des K\u00e4ufers liegen.<\/p>\n<h5>Wie kann ich mich von der Qualit\u00e4t des Produkts und der Zuverl\u00e4ssigkeit Ihrer Dienstleistung \u00fcberzeugen?<\/h5>\n<p>Wir legen gro\u00dfen Wert auf die Zufriedenheit unserer Kunden und bieten sichere Zahlungsm\u00f6glichkeiten. Sie k\u00f6nnen auch Kundenrezensionen auf vertrauensw\u00fcrdigen Plattformen einsehen, um unser Engagement f\u00fcr Qualit\u00e4t und Service zu \u00fcberpr\u00fcfen.<\/p>","protected":false},"excerpt":{"rendered":"<p>Steigern Sie Ihren Bestand mit FluuM Digital Box TN 15000 Puffs im Gro\u00dfhandel! Digitale Anzeige, 25ml, wiederaufladbar. Bieten Sie bequeme, langanhaltende Vapes mit verschiedenen Nikotinoptionen.<\/p>","protected":false},"featured_media":827,"comment_status":"open","ping_status":"closed","template":"","meta":[],"product_brand":[],"product_cat":[66,41,21,18,39,20,23,24,22,25,26,27,28,29,30,31,32,33,34,35,36,40],"product_tag":[],"class_list":{"0":"post-498","1":"product","2":"type-product","3":"status-publish","4":"has-post-thumbnail","6":"product_cat-fluum","7":"product_cat-15000-puffs-disposable-vape","8":"product_cat-big-puffs-vapes","9":"product_cat-different-puffs-of-disposable-vapes","10":"product_cat-digital-box-vapes","11":"product_cat-disposable-vape-types","12":"product_cat-disposable-vapes-in-austria","13":"product_cat-disposable-vapes-in-belgium","14":"product_cat-disposable-vapes-in-europe","15":"product_cat-disposable-vapes-in-france","16":"product_cat-disposable-vapes-in-germany","17":"product_cat-disposable-vapes-in-hungary","18":"product_cat-disposable-vapes-in-ltaly","19":"product_cat-disposable-vapes-in-netherlands","20":"product_cat-disposable-vapes-in-norway","21":"product_cat-disposable-vapes-in-poland","22":"product_cat-disposable-vapes-in-portugal","23":"product_cat-disposable-vapes-in-spain","24":"product_cat-disposable-vapes-in-sweden","25":"product_cat-disposable-vapes-in-switzerland","26":"product_cat-rechargeable-vapes","27":"product_cat-smart-screen-vapes","29":"first","30":"instock","31":"shipping-taxable","32":"purchasable","33":"product-type-variable","34":"has-default-attributes"},"jetpack_sharing_enabled":true,"tiered_pricing_type":"fixed","tiered_pricing_fixed_rules":{"2000":6.44000000000000039079850466805510222911834716796875},"tiered_pricing_product_settings":{"layout":"default","base_unit_name":{"singular":null,"plural":null},"default_variation":null},"tiered_pricing_minimum_quantity":1000,"tiered_pricing_roles_data":[],"tiered_pricing_percentage_rules":[],"tiered_pricing_maximum_quantity":null,"tiered_pricing_quantity_step":"10","_links":{"self":[{"href":"https:\/\/volovape.com\/de\/wp-json\/wp\/v2\/product\/498","targetHints":{"allow":["GET"]}}],"collection":[{"href":"https:\/\/volovape.com\/de\/wp-json\/wp\/v2\/product"}],"about":[{"href":"https:\/\/volovape.com\/de\/wp-json\/wp\/v2\/types\/product"}],"replies":[{"embeddable":true,"href":"https:\/\/volovape.com\/de\/wp-json\/wp\/v2\/comments?post=498"}],"wp:featuredmedia":[{"embeddable":true,"href":"https:\/\/volovape.com\/de\/wp-json\/wp\/v2\/media\/827"}],"wp:attachment":[{"href":"https:\/\/volovape.com\/de\/wp-json\/wp\/v2\/media?parent=498"}],"wp:term":[{"taxonomy":"product_brand","embeddable":true,"href":"https:\/\/volovape.com\/de\/wp-json\/wp\/v2\/product_brand?post=498"},{"taxonomy":"product_cat","embeddable":true,"href":"https:\/\/volovape.com\/de\/wp-json\/wp\/v2\/product_cat?post=498"},{"taxonomy":"product_tag","embeddable":true,"href":"https:\/\/volovape.com\/de\/wp-json\/wp\/v2\/product_tag?post=498"}],"curies":[{"name":"wp","href":"https:\/\/api.w.org\/{rel}","templated":true}]}}