{"id":497,"date":"2024-11-21T03:30:08","date_gmt":"2024-11-21T03:30:08","guid":{"rendered":"https:\/\/volovape.com\/?post_type=product&#038;p=497"},"modified":"2025-08-20T02:44:41","modified_gmt":"2025-08-20T02:44:41","slug":"bang-king-15000-zuge","status":"publish","type":"product","link":"https:\/\/volovape.com\/de\/product\/bang-king-15000-puffs\/","title":{"rendered":"Bang King 15000 Puffs Einweg-Vape - wiederaufladbar, einstellbarer Luftstrom"},"content":{"rendered":"<p><strong>Bang King 15000 Puffs Einweg-Vape<\/strong> - Ma\u00dfgeschneidertes Vaping mit umfangreichen Geschmacksoptionen.<\/p>\n<p>Der <strong>Bang King 15000 Z\u00fcge<\/strong> bietet mit seiner einstellbaren Airflow ein individuelles Dampferlebnis, bei dem Sie zwischen MTL- und DTL-Style wechseln k\u00f6nnen. Genie\u00dfen Sie bis zu <strong>15.000 Z\u00fcge<\/strong>eine gro\u00dfz\u00fcgige <strong>25ml e-Fl\u00fcssigkeit Kapazit\u00e4t<\/strong>und ein <strong>650mAh wiederaufladbare Batterie<\/strong> mit Typ-C-Aufladung. W\u00e4hlen Sie aus <strong>0%, 2%, 3% oder 5% Nikotinst\u00e4rke<\/strong> um Ihre Vorlieben zu erf\u00fcllen. Mit 20 verschiedenen Geschmacksrichtungen, darunter einzigartige Mischungen wie Erdbeer-Joghurt und Kiwi-Passionsfrucht-Guave, bietet dieses Ger\u00e4t etwas f\u00fcr jeden Geschmack. Ideal f\u00fcr den pers\u00f6nlichen Gebrauch oder <strong>Einweg-Vape-Gro\u00dfhandel<\/strong>, Die <strong>Bang King 15000<\/strong> bietet sowohl Langlebigkeit als auch Vielseitigkeit. Erw\u00e4gen Sie eine <strong>Gro\u00dfauftrag<\/strong> f\u00fcr wettbewerbsf\u00e4hige Preise.<\/p>\n<h3><strong>Bang King 15000 Puffs Merkmale:<\/strong><\/h3>\n<ul>\n<li>Puffs: Bis zu 15.000<\/li>\n<li>E-Fl\u00fcssigkeit Kapazit\u00e4t: 25ml<\/li>\n<li>Akku: 650mAh (wiederaufladbar)<\/li>\n<li>Aufladen: Typ-C<\/li>\n<li>Luftstrom: Einstellbar<\/li>\n<li>Nikotinst\u00e4rken: 0%, 2%, 3%, 5%<\/li>\n<li>20 verf\u00fcgbare Geschmacksrichtungen<\/li>\n<\/ul>\n<h4>H\u00e4ufig gestellte Fragen<\/h4>\n<h5>Wie profitiert der einstellbare Luftstrom von den verschiedenen Vaping-Styles?<\/h5>\n<p>Der einstellbare Luftstrom erm\u00f6glicht es Ihnen, Ihren Zug anzupassen und sowohl MTL- (Mund-zu-Lunge) als auch DTL- (Direkt-zu-Lunge) Dampfvorlieben zu bedienen. Ein engerer Luftstrom ahmt den Zug einer traditionellen Zigarette nach, ideal f\u00fcr MTL, w\u00e4hrend ein lockerer Luftstrom gr\u00f6\u00dfere Wolken erzeugt und f\u00fcr DTL-Dampfen bevorzugt wird.<\/p>\n<h5>Welche Versandarten werden f\u00fcr Gro\u00dfhandelsbestellungen verwendet?<\/h5>\n<p>Wir arbeiten mit zuverl\u00e4ssigen Transportunternehmen wie UPS, DHL, FedEx und DPD zusammen, um einen sicheren und effizienten Versand f\u00fcr alle Gro\u00dfhandelsbestellungen zu gew\u00e4hrleisten. Der beste Spediteur wird auf der Grundlage Ihres Standorts und der Bestellmenge ausgew\u00e4hlt.<\/p>\n<h5>Wie lange dauert der Versand normalerweise?<\/h5>\n<p>Der Versand dauert in der Regel zwischen 7-15 Werktagen. In der Hochsaison oder bei ung\u00fcnstigen Witterungsbedingungen k\u00f6nnen es bis zu 20 Werktage sein.<\/p>\n<h5>Werde ich mit Zollproblemen oder zus\u00e4tzlichen Geb\u00fchren konfrontiert?<\/h5>\n<p>Wir k\u00fcmmern uns um alle Zollabfertigungsprozesse, um eine reibungslose Lieferung zu gew\u00e4hrleisten. Es fallen keine unerwarteten Steuern oder Geb\u00fchren an, und wir garantieren eine 100%-Zollabfertigung f\u00fcr alle Sendungen.<\/p>\n<h5>Wie kann ich die Zuverl\u00e4ssigkeit meines Kaufs \u00fcberpr\u00fcfen?<\/h5>\n<p>Wir bieten sichere Zahlungsm\u00f6glichkeiten \u00fcber PayPal, die einen K\u00e4uferschutz beinhalten. Sie k\u00f6nnen auch unsere Kundenrezensionen \u00fcberpr\u00fcfen auf <a href=\"https:\/\/www.trustpilot.com\/review\/volovape.com?utm_medium=trustbox&amp;utm_source=TrustBoxReviewCollector\">VertrauensPilot<\/a> um unser Engagement f\u00fcr Qualit\u00e4t und Service zu best\u00e4tigen.<\/p>","protected":false},"excerpt":{"rendered":"<p>Maximieren Sie Ihren Umsatz mit Bang King 15000 Puffs im Gro\u00dfhandel! Einstellbarer Luftstrom, 25ml, wiederaufladbar. Stock anpassbare vapes mit verschiedenen Nikotin und Geschmacksoptionen.<\/p>","protected":false},"featured_media":809,"comment_status":"open","ping_status":"closed","template":"","meta":[],"product_brand":[],"product_cat":[61,41,21,18,20,23,24,22,25,26,27,28,29,30,31,32,33,34,35,36],"product_tag":[],"class_list":{"0":"post-497","1":"product","2":"type-product","3":"status-publish","4":"has-post-thumbnail","6":"product_cat-bang","7":"product_cat-15000-puffs-disposable-vape","8":"product_cat-big-puffs-vapes","9":"product_cat-different-puffs-of-disposable-vapes","10":"product_cat-disposable-vape-types","11":"product_cat-disposable-vapes-in-austria","12":"product_cat-disposable-vapes-in-belgium","13":"product_cat-disposable-vapes-in-europe","14":"product_cat-disposable-vapes-in-france","15":"product_cat-disposable-vapes-in-germany","16":"product_cat-disposable-vapes-in-hungary","17":"product_cat-disposable-vapes-in-ltaly","18":"product_cat-disposable-vapes-in-netherlands","19":"product_cat-disposable-vapes-in-norway","20":"product_cat-disposable-vapes-in-poland","21":"product_cat-disposable-vapes-in-portugal","22":"product_cat-disposable-vapes-in-spain","23":"product_cat-disposable-vapes-in-sweden","24":"product_cat-disposable-vapes-in-switzerland","25":"product_cat-rechargeable-vapes","27":"first","28":"instock","29":"shipping-taxable","30":"purchasable","31":"product-type-variable","32":"has-default-attributes"},"jetpack_sharing_enabled":true,"tiered_pricing_type":"fixed","tiered_pricing_fixed_rules":{"2000":3.520000000000000017763568394002504646778106689453125},"tiered_pricing_product_settings":{"layout":"default","base_unit_name":{"singular":null,"plural":null},"default_variation":null},"tiered_pricing_minimum_quantity":1000,"tiered_pricing_roles_data":[],"tiered_pricing_percentage_rules":[],"tiered_pricing_maximum_quantity":null,"tiered_pricing_quantity_step":"10","_links":{"self":[{"href":"https:\/\/volovape.com\/de\/wp-json\/wp\/v2\/product\/497","targetHints":{"allow":["GET"]}}],"collection":[{"href":"https:\/\/volovape.com\/de\/wp-json\/wp\/v2\/product"}],"about":[{"href":"https:\/\/volovape.com\/de\/wp-json\/wp\/v2\/types\/product"}],"replies":[{"embeddable":true,"href":"https:\/\/volovape.com\/de\/wp-json\/wp\/v2\/comments?post=497"}],"wp:featuredmedia":[{"embeddable":true,"href":"https:\/\/volovape.com\/de\/wp-json\/wp\/v2\/media\/809"}],"wp:attachment":[{"href":"https:\/\/volovape.com\/de\/wp-json\/wp\/v2\/media?parent=497"}],"wp:term":[{"taxonomy":"product_brand","embeddable":true,"href":"https:\/\/volovape.com\/de\/wp-json\/wp\/v2\/product_brand?post=497"},{"taxonomy":"product_cat","embeddable":true,"href":"https:\/\/volovape.com\/de\/wp-json\/wp\/v2\/product_cat?post=497"},{"taxonomy":"product_tag","embeddable":true,"href":"https:\/\/volovape.com\/de\/wp-json\/wp\/v2\/product_tag?post=497"}],"curies":[{"name":"wp","href":"https:\/\/api.w.org\/{rel}","templated":true}]}}