{"id":496,"date":"2024-11-21T03:30:08","date_gmt":"2024-11-21T03:30:08","guid":{"rendered":"https:\/\/volovape.com\/?post_type=product&#038;p=496"},"modified":"2025-07-29T08:14:03","modified_gmt":"2025-07-29T08:14:03","slug":"vopk-cool-bar-9000-zuge","status":"publish","type":"product","link":"https:\/\/volovape.com\/de\/product\/vopk-cool-bar-9000-puffs\/","title":{"rendered":"VOPK Cool Bar 9000 Puffs Einweg Vape - Einstellbare Luftstrom, 1.0\u03a9 Mesh Coil"},"content":{"rendered":"<p><strong>VOPK Cool Bar 9000 Puffs Einweg Vape<\/strong> - Personalisiertes Vaping mit einstellbarer Airflow.<\/p>\n<p>Erleben Sie ma\u00dfgeschneidertes Vaping mit dem <strong>VOPK Cool Bar 9000 Z\u00fcge<\/strong>. Dieser Einweg-Vape bietet bis zu <strong>9.000 Z\u00fcge<\/strong>, a <strong>15ml e-Fl\u00fcssigkeit Kapazit\u00e4t<\/strong>und ein <strong>600mAh wiederaufladbare Batterie<\/strong> f\u00fcr eine l\u00e4ngere Nutzung. Das herausragende Merkmal ist seine <strong>einstellbare Luftmenge<\/strong>So k\u00f6nnen Sie zwischen MTL- und DTL-Vaping wechseln. Die <strong>1.0\u03a9 Maschenspule<\/strong> sorgt f\u00fcr gleichbleibenden Geschmack und sanften Dampf. Mit einer <strong>3% Nikotinst\u00e4rke<\/strong> und 10 erfrischenden Geschmacksrichtungen bietet dieses Ger\u00e4t ein befriedigendes Erlebnis. Ideal f\u00fcr den pers\u00f6nlichen Gebrauch oder <strong>Einweg-Vape-Gro\u00dfhandel<\/strong>, Die <strong>VOPK Cool Bar 9000<\/strong> ist auf Bequemlichkeit und Anpassbarkeit ausgelegt. Betrachten Sie eine <strong>Gro\u00dfauftrag<\/strong> f\u00fcr wettbewerbsf\u00e4hige Preise.<\/p>\n<h3><strong>VOPK Cool Bar 9000 Puffs Eigenschaften:<\/strong><\/h3>\n<ul>\n<li>Puffs: Bis zu 9.000<\/li>\n<li>E-Fl\u00fcssigkeit Kapazit\u00e4t: 15ml<\/li>\n<li>Akku: 600mAh (wiederaufladbar)<\/li>\n<li>Aufladen: Typ-C<\/li>\n<li>Spule: 1.0\u03a9 Mesh Spule<\/li>\n<li>Luftstrom: Einstellbar<\/li>\n<li>Nikotinst\u00e4rke: 3%<\/li>\n<li>10 verf\u00fcgbare Geschmacksrichtungen<\/li>\n<\/ul>\n<h4>H\u00e4ufig gestellte Fragen<\/h4>\n<h5>Wie verbessert der einstellbare Luftstrom mein Dampferlebnis?<\/h5>\n<p>Der einstellbare Luftstrom erm\u00f6glicht es Ihnen, Ihren Zug anzupassen und bietet Flexibilit\u00e4t zwischen einem engeren, zigaretten\u00e4hnlichen MTL-Zug (Mund-zu-Lunge) und einem offeneren, luftigen DTL-Zug (Direkt-zu-Lunge). Diese Anpassung erm\u00f6glicht es Ihnen, die perfekte Balance von Geschmack und Dampfproduktion zu finden, die Ihren Vorlieben entspricht.<\/p>\n<h5>Welche Versandmethoden werden verwendet?<\/h5>\n<p>Wir arbeiten mit zuverl\u00e4ssigen Transportunternehmen wie UPS, DHL, FedEx und DPD zusammen, um sicherzustellen, dass Ihre Bestellung sicher und schnell ankommt. Die am besten geeignete Versandmethode wird je nach Ihrem Standort ausgew\u00e4hlt.<\/p>\n<h5>Wie lange dauert es, bis meine Bestellung ankommt?<\/h5>\n<p>Die Lieferung dauert in der Regel 7-15 Werktage. Bitte rechnen Sie mit m\u00f6glichen Verz\u00f6gerungen von bis zu 20 Werktagen w\u00e4hrend der Feiertage oder bei ung\u00fcnstigen Wetterbedingungen.<\/p>\n<h5>Gibt es irgendwelche Zollgeb\u00fchren oder Probleme, die ich beachten sollte?<\/h5>\n<p>Wir k\u00fcmmern uns um alle Zollabfertigungsverfahren, um eine problemlose Lieferung zu gew\u00e4hrleisten. F\u00fcr Sie fallen keine zus\u00e4tzlichen Steuern oder Geb\u00fchren an, und wir gew\u00e4hrleisten die 100%-Zollabfertigung f\u00fcr alle Sendungen.<\/p>\n<h5>Ist mein Kauf sicher und zuverl\u00e4ssig?<\/h5>\n<p>Wir bieten sichere Zahlungsoptionen \u00fcber PayPal, die einen K\u00e4uferschutz beinhalten. Sie k\u00f6nnen sich auch von unserer Zuverl\u00e4ssigkeit \u00fcberzeugen, indem Sie die Bewertungen unserer Kunden auf <a href=\"https:\/\/www.trustpilot.com\/review\/volovape.com?utm_medium=trustbox&amp;utm_source=TrustBoxReviewCollector\">VertrauensPilot<\/a>.<\/p>","protected":false},"excerpt":{"rendered":"<p>Steigern Sie Ihren Umsatz mit VOPK Cool Bar 9000 Puffs Gro\u00dfhandel! Einstellbare Luftstrom, 1.0\u03a9 Mesh-Spule, 15ml, wiederaufladbar. Bieten Sie anpassbare vapes mit erfrischenden Aromen.<\/p>","protected":false},"featured_media":798,"comment_status":"open","ping_status":"closed","template":"","meta":[],"product_brand":[],"product_cat":[65,48,21,18,20,23,24,22,25,26,27,28,29,30,31,32,33,34,35,36],"product_tag":[],"class_list":{"0":"post-496","1":"product","2":"type-product","3":"status-publish","4":"has-post-thumbnail","6":"product_cat-vopk","7":"product_cat-9000-puffs-disposable-vape","8":"product_cat-big-puffs-vapes","9":"product_cat-different-puffs-of-disposable-vapes","10":"product_cat-disposable-vape-types","11":"product_cat-disposable-vapes-in-austria","12":"product_cat-disposable-vapes-in-belgium","13":"product_cat-disposable-vapes-in-europe","14":"product_cat-disposable-vapes-in-france","15":"product_cat-disposable-vapes-in-germany","16":"product_cat-disposable-vapes-in-hungary","17":"product_cat-disposable-vapes-in-ltaly","18":"product_cat-disposable-vapes-in-netherlands","19":"product_cat-disposable-vapes-in-norway","20":"product_cat-disposable-vapes-in-poland","21":"product_cat-disposable-vapes-in-portugal","22":"product_cat-disposable-vapes-in-spain","23":"product_cat-disposable-vapes-in-sweden","24":"product_cat-disposable-vapes-in-switzerland","25":"product_cat-rechargeable-vapes","27":"first","28":"instock","29":"shipping-taxable","30":"purchasable","31":"product-type-variable","32":"has-default-attributes"},"jetpack_sharing_enabled":true,"tiered_pricing_type":"fixed","tiered_pricing_fixed_rules":{"30":6.5,"50":6.4900000000000002131628207280300557613372802734375,"100":6.29000000000000003552713678800500929355621337890625,"200":5.78000000000000024868995751603506505489349365234375,"400":5.04000000000000003552713678800500929355621337890625},"tiered_pricing_product_settings":{"layout":"default","base_unit_name":{"singular":null,"plural":null},"default_variation":null},"tiered_pricing_minimum_quantity":10,"tiered_pricing_roles_data":[],"tiered_pricing_percentage_rules":[],"tiered_pricing_maximum_quantity":null,"tiered_pricing_quantity_step":"10","_links":{"self":[{"href":"https:\/\/volovape.com\/de\/wp-json\/wp\/v2\/product\/496","targetHints":{"allow":["GET"]}}],"collection":[{"href":"https:\/\/volovape.com\/de\/wp-json\/wp\/v2\/product"}],"about":[{"href":"https:\/\/volovape.com\/de\/wp-json\/wp\/v2\/types\/product"}],"replies":[{"embeddable":true,"href":"https:\/\/volovape.com\/de\/wp-json\/wp\/v2\/comments?post=496"}],"wp:featuredmedia":[{"embeddable":true,"href":"https:\/\/volovape.com\/de\/wp-json\/wp\/v2\/media\/798"}],"wp:attachment":[{"href":"https:\/\/volovape.com\/de\/wp-json\/wp\/v2\/media?parent=496"}],"wp:term":[{"taxonomy":"product_brand","embeddable":true,"href":"https:\/\/volovape.com\/de\/wp-json\/wp\/v2\/product_brand?post=496"},{"taxonomy":"product_cat","embeddable":true,"href":"https:\/\/volovape.com\/de\/wp-json\/wp\/v2\/product_cat?post=496"},{"taxonomy":"product_tag","embeddable":true,"href":"https:\/\/volovape.com\/de\/wp-json\/wp\/v2\/product_tag?post=496"}],"curies":[{"name":"wp","href":"https:\/\/api.w.org\/{rel}","templated":true}]}}