{"id":491,"date":"2024-11-21T03:30:07","date_gmt":"2024-11-21T03:30:07","guid":{"rendered":"https:\/\/volovape.com\/?post_type=product&#038;p=491"},"modified":"2025-07-08T04:50:17","modified_gmt":"2025-07-08T04:50:17","slug":"bang-shisha-15000-zuge","status":"publish","type":"product","link":"https:\/\/volovape.com\/de\/product\/bang-shisha-15000-puffs\/","title":{"rendered":"Bang SHISHA 15000 Puffs XXL Einweg Vape - 0.6\u03a9 Mesh Coil, wiederaufladbar"},"content":{"rendered":"<p><strong>Bang SHISHA 15000 Puffs XXL Einweg Vape<\/strong> - Hookah-inspirierte Aromen mit leistungsstarker Mesh-Spule.<\/p>\n<p>Erleben Sie den reichen, weichen Geschmack der traditionellen Shisha im praktischen Einwegformat mit der <strong>Bang SHISHA 15000 Z\u00fcge XXL<\/strong>. Dieses Ger\u00e4t verf\u00fcgt \u00fcber eine beeindruckende 15.000 Puff-Kapazit\u00e4t, ein 25mL E-Liquid-Reservoir und einen 650mAh-Akku. Die 0,6\u03a9 Mesh-Spule ist f\u00fcr dichte Wolken und reiches Aroma optimiert, die Replikation der authentischen Wasserpfeife Erfahrung. W\u00e4hlen Sie zwischen den Nikotinst\u00e4rken 0%, 2% oder 5% und genie\u00dfen Sie 12 von der Shisha inspirierte Geschmacksrichtungen. Ideal f\u00fcr den pers\u00f6nlichen Gebrauch und <strong>Einweg-Vape-Gro\u00dfhandel<\/strong> oder <strong>Gro\u00dfauftr\u00e4ge<\/strong>.<\/p>\n<h3><strong>Bang SHISHA 15000 Puffs XXL Eigenschaften:<\/strong><\/h3>\n<ul>\n<li>Puffs: Bis zu 15.000<\/li>\n<li>E-Fl\u00fcssigkeit Kapazit\u00e4t: 25mL<\/li>\n<li>Akku: 650mAh (wiederaufladbar)<\/li>\n<li>Aufladen: Typ-C<\/li>\n<li>Spule: 0.6\u03a9 Masche Spule<\/li>\n<li>Nikotinst\u00e4rken: 0%, 2%, 5%<\/li>\n<li>12 Shisha-inspirierte Geschmacksrichtungen<\/li>\n<\/ul>\n<h4>H\u00e4ufig gestellte Fragen<\/h4>\n<h5>Welche Versandm\u00f6glichkeiten gibt es?<\/h5>\n<p>Wir arbeiten mit einer Vielzahl von Spediteuren zusammen, um zuverl\u00e4ssige Versandoptionen zu bieten. Je nach Standort wird die am besten geeignete Methode gew\u00e4hlt, um eine rechtzeitige Lieferung Ihrer <strong>Einweg-Vape<\/strong> Produkte. Bitte beachten Sie, dass der Versand von Vaping-Produkten aufgrund von Vorschriften immer mehr eingeschr\u00e4nkt wird und dass die Dienste von Spediteuren wie UPS, DHL und FedEx nicht mehr verf\u00fcgbar sind.<\/p>\n<h5>Wie lange dauert eine Standardlieferung normalerweise?<\/h5>\n<p>Die Standardlieferzeit betr\u00e4gt in der Regel 7-15 Werktage. Bitte ber\u00fccksichtigen Sie m\u00f6gliche Verz\u00f6gerungen w\u00e4hrend der Feiertage oder aufgrund schlechter Wetterbedingungen, die die Lieferzeiten auf bis zu 20 Werktage verl\u00e4ngern k\u00f6nnen.<\/p>\n<h5>Werden die Zollverfahren abgewickelt?<\/h5>\n<p>Wir k\u00fcmmern uns um die erforderlichen Zollverfahren, um einen reibungslosen Lieferprozess zu gew\u00e4hrleisten. Unser Ziel ist es, alle potenziellen Probleme zu minimieren, aber bitte seien Sie sich bewusst, dass aufgrund der rechtlichen Situation rund um Vaping-Produkte, dass jederzeit, dass die Zollbeh\u00f6rden zu stoppen oder zu stoppen ein Paket, und dass diese Situation w\u00e4re au\u00dferhalb unserer Kontrolle.<\/p>\n<h5>Wie verbessert die 0,6-\u03a9-Mesh-Spule das Shisha-\u00e4hnliche Dampferlebnis?<\/h5>\n<p>Der 0.6\u03a9 Mesh Coil wurde speziell entwickelt, um gr\u00f6\u00dfere, dichtere Wolken zu produzieren und reiche, intensive Aromen zu liefern, die den weichen und befriedigenden Zug einer traditionellen Wasserpfeife nachahmen. Diese Spule optimiert die Dampfproduktion und Geschmacksabgabe und bietet ein authentisches Shisha-Erlebnis.<\/p>\n<h5>Ist mein Kauf sicher?<\/h5>\n<p>Wir bieten sichere Zahlungsm\u00f6glichkeiten, insbesondere \u00fcber Plattformen wie Paypal, die den K\u00e4uferschutz gew\u00e4hrleisten. Obwohl Bewertungen bei der Kaufentscheidung helfen k\u00f6nnen, verlinken wir nicht direkt auf sie.<\/p>","protected":false},"excerpt":{"rendered":"<p>Genie\u00dfen Sie Shisha-Aromen unterwegs mit der Bang SHISHA 15000 Puffs XXL. 0,6\u03a9 Mesh, 25ml, wiederaufladbar. Perfekt f\u00fcr den pers\u00f6nlichen oder Gro\u00dfhandel, liefert authentischen Shisha-Genuss.<\/p>","protected":false},"featured_media":734,"comment_status":"open","ping_status":"closed","template":"","meta":[],"product_brand":[],"product_cat":[41,61,21,18,20,23,24,22,25,26,27,28,29,30,31,32,33,34,35,36,47],"product_tag":[],"class_list":{"0":"post-491","1":"product","2":"type-product","3":"status-publish","4":"has-post-thumbnail","6":"product_cat-15000-puffs-disposable-vape","7":"product_cat-bang","8":"product_cat-big-puffs-vapes","9":"product_cat-different-puffs-of-disposable-vapes","10":"product_cat-disposable-vape-types","11":"product_cat-disposable-vapes-in-austria","12":"product_cat-disposable-vapes-in-belgium","13":"product_cat-disposable-vapes-in-europe","14":"product_cat-disposable-vapes-in-france","15":"product_cat-disposable-vapes-in-germany","16":"product_cat-disposable-vapes-in-hungary","17":"product_cat-disposable-vapes-in-ltaly","18":"product_cat-disposable-vapes-in-netherlands","19":"product_cat-disposable-vapes-in-norway","20":"product_cat-disposable-vapes-in-poland","21":"product_cat-disposable-vapes-in-portugal","22":"product_cat-disposable-vapes-in-spain","23":"product_cat-disposable-vapes-in-sweden","24":"product_cat-disposable-vapes-in-switzerland","25":"product_cat-rechargeable-vapes","26":"product_cat-shisha-hookah-vapes","28":"first","29":"instock","30":"shipping-taxable","31":"purchasable","32":"product-type-variable","33":"has-default-attributes"},"jetpack_sharing_enabled":true,"tiered_pricing_type":"fixed","tiered_pricing_fixed_rules":{"2000":4.9900000000000002131628207280300557613372802734375},"tiered_pricing_product_settings":{"layout":"default","base_unit_name":{"singular":null,"plural":null},"default_variation":null},"tiered_pricing_minimum_quantity":1000,"tiered_pricing_roles_data":[],"tiered_pricing_percentage_rules":[],"tiered_pricing_maximum_quantity":null,"tiered_pricing_quantity_step":"10","_links":{"self":[{"href":"https:\/\/volovape.com\/de\/wp-json\/wp\/v2\/product\/491","targetHints":{"allow":["GET"]}}],"collection":[{"href":"https:\/\/volovape.com\/de\/wp-json\/wp\/v2\/product"}],"about":[{"href":"https:\/\/volovape.com\/de\/wp-json\/wp\/v2\/types\/product"}],"replies":[{"embeddable":true,"href":"https:\/\/volovape.com\/de\/wp-json\/wp\/v2\/comments?post=491"}],"wp:featuredmedia":[{"embeddable":true,"href":"https:\/\/volovape.com\/de\/wp-json\/wp\/v2\/media\/734"}],"wp:attachment":[{"href":"https:\/\/volovape.com\/de\/wp-json\/wp\/v2\/media?parent=491"}],"wp:term":[{"taxonomy":"product_brand","embeddable":true,"href":"https:\/\/volovape.com\/de\/wp-json\/wp\/v2\/product_brand?post=491"},{"taxonomy":"product_cat","embeddable":true,"href":"https:\/\/volovape.com\/de\/wp-json\/wp\/v2\/product_cat?post=491"},{"taxonomy":"product_tag","embeddable":true,"href":"https:\/\/volovape.com\/de\/wp-json\/wp\/v2\/product_tag?post=491"}],"curies":[{"name":"wp","href":"https:\/\/api.w.org\/{rel}","templated":true}]}}