{"id":424,"date":"2024-11-21T03:29:43","date_gmt":"2024-11-21T03:29:43","guid":{"rendered":"https:\/\/volovape.com\/?post_type=product&#038;p=424"},"modified":"2025-06-19T03:44:54","modified_gmt":"2025-06-19T03:44:54","slug":"vaxe-flight-15-000-zuge","status":"publish","type":"product","link":"https:\/\/volovape.com\/de\/product\/vaxe-flight-15000-puffs\/","title":{"rendered":"VAXE Flug 15000 Puffs Einweg Vape - 1.0\u03a9 Mesh Coil, wiederaufladbar"},"content":{"rendered":"<p><strong>VAXE Flug 15000 Puffs Einweg Vape<\/strong> - Verl\u00e4ngertes Dampfen mit robuster Geschmacksabgabe.<\/p>\n<p>Der <strong>VAXE Flug 15000 Z\u00fcge<\/strong> bietet ein lang anhaltendes und befriedigendes Dampferlebnis mit bis zu 15.000 Z\u00fcgen und einem 16mL E-Liquid-Reservoir. Ausgestattet mit einem 650mAh Akku und einer 1.0\u03a9 Mesh-Spule, sorgt dieses Ger\u00e4t f\u00fcr eine gleichm\u00e4\u00dfige und geschmackvolle Dampfproduktion. Mit einer Nikotinst\u00e4rke von 5% und 10 verschiedenen Geschmacksrichtungen ist es f\u00fcr alle geeignet, die ein starkes und angenehmes Dampferlebnis suchen. Seine tragbare und praktische Design macht es perfekt f\u00fcr den pers\u00f6nlichen Gebrauch und <strong>Einweg-Vape-Gro\u00dfhandel<\/strong> oder <strong>Gro\u00dfauftrag<\/strong> Bed\u00fcrfnisse.<\/p>\n<h3><strong>VAXE Flight 15000 Puffs Merkmale:<\/strong><\/h3>\n<ul>\n<li>Puffs: Bis zu 15.000<\/li>\n<li>E-Fl\u00fcssigkeit Kapazit\u00e4t: 16mL<\/li>\n<li>Akku: 650mAh (wiederaufladbar)<\/li>\n<li>Aufladen: Typ-C<\/li>\n<li>Spule: 1.0\u03a9 Mesh Spule<\/li>\n<li>Nikotinst\u00e4rke: 5%<\/li>\n<li>10 einzigartige Geschmacksrichtungen<\/li>\n<\/ul>\n<h4>H\u00e4ufig gestellte Fragen<\/h4>\n<h5>Welche Versandoptionen gibt es?<\/h5>\n<p>Wir arbeiten mit verschiedenen Spediteuren zusammen, um zuverl\u00e4ssige Versandoptionen anzubieten. Je nach Standort wird die am besten geeignete Methode gew\u00e4hlt, um eine rechtzeitige Lieferung Ihrer <strong>Einweg-Vape<\/strong> Produkte. Bitte beachten Sie, dass der Versand von Vaping-Produkten aufgrund von Vorschriften immer mehr eingeschr\u00e4nkt wird und dass die Dienste von Spediteuren wie UPS, DHL und FedEx nicht mehr verf\u00fcgbar sind.<\/p>\n<h5>Wie lange dauert der Standardversand normalerweise?<\/h5>\n<p>Der Standardversand dauert in der Regel 7-15 Werktage. Bitte ber\u00fccksichtigen Sie m\u00f6gliche Verz\u00f6gerungen w\u00e4hrend der Feiertage oder aufgrund schlechter Wetterbedingungen, die die Lieferzeiten auf bis zu 20 Werktage verl\u00e4ngern k\u00f6nnen.<\/p>\n<h5>Werden die Zollverfahren abgewickelt?<\/h5>\n<p>Wir k\u00fcmmern uns um die erforderlichen Zollverfahren, um einen reibungslosen Lieferprozess zu gew\u00e4hrleisten. Unser Ziel ist es, alle potenziellen Probleme zu minimieren, aber bitte seien Sie sich bewusst, dass aufgrund der rechtlichen Situation rund um Vaping-Produkte, dass jederzeit, dass die Zollbeh\u00f6rden zu stoppen oder zu stoppen ein Paket, und dass diese Situation w\u00e4re au\u00dferhalb unserer Kontrolle.<\/p>\n<h5>Wie verbessert die 1.0\u03a9 Mesh-Spule das Dampferlebnis?<\/h5>\n<p>Die 1.0\u03a9 Mesh-Spule bietet eine ausgewogene Heizfl\u00e4che, die eine konsistente und gleichm\u00e4\u00dfige Erw\u00e4rmung des E-Liquids gew\u00e4hrleistet. Dieses Design verbessert die Geschmacksabgabe und produziert glatten, befriedigenden Dampf, der ein erstklassiges Dampferlebnis mit einem kr\u00e4ftigen Nikotinsto\u00df bietet.<\/p>\n<h5>Ist mein Kauf sicher?<\/h5>\n<p>Wir bieten sichere Zahlungsm\u00f6glichkeiten, insbesondere \u00fcber Plattformen wie Paypal, die den K\u00e4uferschutz gew\u00e4hrleisten. Obwohl Bewertungen bei der Kaufentscheidung helfen k\u00f6nnen, verlinken wir nicht direkt auf sie.<\/p>","protected":false},"excerpt":{"rendered":"<p>Erleben Sie erweiterte Geschmack mit der VAXE Flug 15000 Puffs. 1.0\u03a9 Mesh-Spule, 16ml, wiederaufladbar, 5% Nikotin. Ideal f\u00fcr den pers\u00f6nlichen Genuss oder Gro\u00dfhandel Vertrieb.<\/p>","protected":false},"featured_media":650,"comment_status":"open","ping_status":"closed","template":"","meta":[],"product_brand":[],"product_cat":[62,41,21,18,39,20,23,24,22,25,26,27,28,29,30,31,32,33,34,35,44,36,40],"product_tag":[],"class_list":{"0":"post-424","1":"product","2":"type-product","3":"status-publish","4":"has-post-thumbnail","6":"product_cat-vaxe","7":"product_cat-15000-puffs-disposable-vape","8":"product_cat-big-puffs-vapes","9":"product_cat-different-puffs-of-disposable-vapes","10":"product_cat-digital-box-vapes","11":"product_cat-disposable-vape-types","12":"product_cat-disposable-vapes-in-austria","13":"product_cat-disposable-vapes-in-belgium","14":"product_cat-disposable-vapes-in-europe","15":"product_cat-disposable-vapes-in-france","16":"product_cat-disposable-vapes-in-germany","17":"product_cat-disposable-vapes-in-hungary","18":"product_cat-disposable-vapes-in-ltaly","19":"product_cat-disposable-vapes-in-netherlands","20":"product_cat-disposable-vapes-in-norway","21":"product_cat-disposable-vapes-in-poland","22":"product_cat-disposable-vapes-in-portugal","23":"product_cat-disposable-vapes-in-spain","24":"product_cat-disposable-vapes-in-sweden","25":"product_cat-disposable-vapes-in-switzerland","26":"product_cat-dual-mesh-vapes","27":"product_cat-rechargeable-vapes","28":"product_cat-smart-screen-vapes","30":"first","31":"instock","32":"shipping-taxable","33":"purchasable","34":"product-type-variable","35":"has-default-attributes"},"jetpack_sharing_enabled":true,"tiered_pricing_type":"fixed","tiered_pricing_fixed_rules":{"2000":5.44000000000000039079850466805510222911834716796875},"tiered_pricing_product_settings":{"layout":"default","base_unit_name":{"singular":null,"plural":null},"default_variation":null},"tiered_pricing_minimum_quantity":1000,"tiered_pricing_roles_data":[],"tiered_pricing_percentage_rules":[],"tiered_pricing_maximum_quantity":null,"tiered_pricing_quantity_step":"10","_links":{"self":[{"href":"https:\/\/volovape.com\/de\/wp-json\/wp\/v2\/product\/424","targetHints":{"allow":["GET"]}}],"collection":[{"href":"https:\/\/volovape.com\/de\/wp-json\/wp\/v2\/product"}],"about":[{"href":"https:\/\/volovape.com\/de\/wp-json\/wp\/v2\/types\/product"}],"replies":[{"embeddable":true,"href":"https:\/\/volovape.com\/de\/wp-json\/wp\/v2\/comments?post=424"}],"wp:featuredmedia":[{"embeddable":true,"href":"https:\/\/volovape.com\/de\/wp-json\/wp\/v2\/media\/650"}],"wp:attachment":[{"href":"https:\/\/volovape.com\/de\/wp-json\/wp\/v2\/media?parent=424"}],"wp:term":[{"taxonomy":"product_brand","embeddable":true,"href":"https:\/\/volovape.com\/de\/wp-json\/wp\/v2\/product_brand?post=424"},{"taxonomy":"product_cat","embeddable":true,"href":"https:\/\/volovape.com\/de\/wp-json\/wp\/v2\/product_cat?post=424"},{"taxonomy":"product_tag","embeddable":true,"href":"https:\/\/volovape.com\/de\/wp-json\/wp\/v2\/product_tag?post=424"}],"curies":[{"name":"wp","href":"https:\/\/api.w.org\/{rel}","templated":true}]}}