{"id":419,"date":"2024-11-21T03:29:43","date_gmt":"2024-11-21T03:29:43","guid":{"rendered":"https:\/\/volovape.com\/?post_type=product&#038;p=419"},"modified":"2025-11-01T06:09:25","modified_gmt":"2025-11-01T06:09:25","slug":"mrvi-gewinnt-30-000-zuge","status":"publish","type":"product","link":"https:\/\/volovape.com\/de\/product\/mrvi-winning-30k-puffs\/","title":{"rendered":"MRVI WINNING 30K Puffs Einweg Vape - 30.000 Puff z\u00e4hlen (2%\/5% Nikotin)"},"content":{"rendered":"<p><iframe title=\"VideoPress-Videoplayer\" aria-label='VideoPress-Videoplayer' width='500' height='281' src='https:\/\/videopress.com\/embed\/13e6MPsk?hd=0&amp;cover=1' frameborder='0' allowfullscreen allow='clipboard-write'><\/iframe><script src='https:\/\/v0.wordpress.com\/js\/next\/videopress-iframe.js?m=1739540970'><\/script><\/p>\n<p><strong>MRVI WINNING 30K Einweg-Vape<\/strong> - Erleben Sie un\u00fcbertroffene Langlebigkeit und Geschmack.<\/p>\n<p>Der <strong>MRVI GEWINNT 30K<\/strong> definiert das Einweg-Vaping neu mit einer erstaunlichen <strong>30.000 Puffs Kapazit\u00e4t<\/strong> und eine erhebliche <strong>35mL e-Fl\u00fcssigkeitsbeh\u00e4lter<\/strong>. Angetrieben von einer <strong>800mAh wiederaufladbare Batterie<\/strong> und mit <em>fortschrittliche Netzspulentechnologie<\/em>liefert dieses Ger\u00e4t konstant weichen und geschmackvollen Dampf. W\u00e4hlen Sie zwischen <strong>2% oder 5% Nikotinst\u00e4rke<\/strong> und genie\u00dfen Sie ein vielf\u00e4ltiges Angebot an <strong>10 k\u00f6stliche Geschmacksrichtungen<\/strong>. Sein schlankes, tragbares Design macht ihn perfekt f\u00fcr das Vaping unterwegs und ideal f\u00fcr <strong>Einweg-Vape-Gro\u00dfhandel<\/strong> oder <strong>Gro\u00dfauftr\u00e4ge<\/strong>.<\/p>\n<h3><strong>MRVI WINNING 30K Merkmale:<\/strong><\/h3>\n<ul>\n<li>Puffs: Bis zu 30.000<\/li>\n<li>E-Fl\u00fcssigkeit Kapazit\u00e4t: 35mL<\/li>\n<li>Akku: 800mAh (wiederaufladbar)<\/li>\n<li>Aufladen: Typ-C<\/li>\n<li>Spule: Mesh-Spule<\/li>\n<li>Nikotinst\u00e4rken: 2%, 5%<\/li>\n<li>10 einzigartige Geschmacksrichtungen<\/li>\n<\/ul>\n<h4>H\u00e4ufig gestellte Fragen<\/h4>\n<h5>Welche Versandarten gibt es?<\/h5>\n<p>Wir arbeiten mit vertrauensw\u00fcrdigen Transportunternehmen wie UPS, DHL, FedEx und DPD zusammen, um eine Vielzahl von Versandoptionen anbieten zu k\u00f6nnen. Die am besten geeignete Methode wird auf der Grundlage Ihres Standorts ausgew\u00e4hlt, um eine schnelle Lieferung Ihrer <strong>Einweg-Vape<\/strong> Produkte.<\/p>\n<h5>Wie lange dauert der Versand normalerweise?<\/h5>\n<p>Die Standardlieferung dauert in der Regel 7-15 Werktage. An Feiertagen oder bei ung\u00fcnstigen Witterungsverh\u00e4ltnissen kann die Lieferzeit bis zu 20 Werktage betragen.<\/p>\n<h5>Werde ich Probleme mit dem Zoll bekommen?<\/h5>\n<p>Wir k\u00fcmmern uns um alle Zollabfertigungsverfahren und sorgen so f\u00fcr einen reibungslosen und problemlosen Ablauf. F\u00fcr Sie fallen keine zus\u00e4tzlichen Steuern oder Geb\u00fchren an. Wir garantieren 100% Zollabfertigung f\u00fcr alle unsere Produkte.<\/p>\n<h5>Wie verbessert die Netzspule das Dampferlebnis?<\/h5>\n<p>Die fortschrittliche Mesh-Coil-Technologie bietet eine gr\u00f6\u00dfere Heizfl\u00e4che, was zu einer gleichm\u00e4\u00dfigeren Erw\u00e4rmung und konsistenten Dampfproduktion f\u00fchrt. Dies verbessert die Geschmacksabgabe und produziert glattere, reichere Wolken und bietet ein \u00fcberlegenes Dampferlebnis im Vergleich zu herk\u00f6mmlichen Spulen.<\/p>\n<h5>Ist mein Kauf sicher?<\/h5>\n<p>Wir bieten sichere Zahlungsm\u00f6glichkeiten \u00fcber PayPal, die einen K\u00e4uferschutz beinhalten. Sie k\u00f6nnen auch unser Kundenfeedback \u00fcberpr\u00fcfen auf <a href=\"https:\/\/www.trustpilot.com\/review\/volovape.com?utm_medium=trustbox&amp;utm_source=TrustBoxReviewCollector\">VertrauensPilot<\/a>.<\/p>","protected":false},"excerpt":{"rendered":"<p>Gewinnen Sie gro\u00df mit MRVI WINNING 30K Puffs! 30.000 Z\u00fcge, 35ml, Netzspule, wiederaufladbar. Perfekt f\u00fcr den pers\u00f6nlichen Gebrauch oder Bulk-Gro\u00dfhandel, bietet ultimative vaping Langlebigkeit.<\/p>","protected":false},"featured_media":5822,"comment_status":"open","ping_status":"closed","template":"","meta":[],"product_brand":[],"product_cat":[55,63,21,18,39,20,23,24,22,25,26,27,28,29,30,31,32,33,34,35,44,36,40],"product_tag":[],"class_list":{"0":"post-419","1":"product","2":"type-product","3":"status-publish","4":"has-post-thumbnail","6":"product_cat-mrvi","7":"product_cat-30000-puffs-disposable-vape","8":"product_cat-big-puffs-vapes","9":"product_cat-different-puffs-of-disposable-vapes","10":"product_cat-digital-box-vapes","11":"product_cat-disposable-vape-types","12":"product_cat-disposable-vapes-in-austria","13":"product_cat-disposable-vapes-in-belgium","14":"product_cat-disposable-vapes-in-europe","15":"product_cat-disposable-vapes-in-france","16":"product_cat-disposable-vapes-in-germany","17":"product_cat-disposable-vapes-in-hungary","18":"product_cat-disposable-vapes-in-ltaly","19":"product_cat-disposable-vapes-in-netherlands","20":"product_cat-disposable-vapes-in-norway","21":"product_cat-disposable-vapes-in-poland","22":"product_cat-disposable-vapes-in-portugal","23":"product_cat-disposable-vapes-in-spain","24":"product_cat-disposable-vapes-in-sweden","25":"product_cat-disposable-vapes-in-switzerland","26":"product_cat-dual-mesh-vapes","27":"product_cat-rechargeable-vapes","28":"product_cat-smart-screen-vapes","30":"first","31":"instock","32":"shipping-taxable","33":"purchasable","34":"product-type-variable","35":"has-default-attributes"},"jetpack_sharing_enabled":true,"tiered_pricing_type":"fixed","tiered_pricing_fixed_rules":{"100":6.910000000000000142108547152020037174224853515625,"200":6.29999999999999982236431605997495353221893310546875,"400":5.9900000000000002131628207280300557613372802734375},"tiered_pricing_product_settings":{"layout":"default","base_unit_name":{"singular":null,"plural":null},"default_variation":null},"tiered_pricing_minimum_quantity":50,"tiered_pricing_roles_data":[],"tiered_pricing_percentage_rules":[],"tiered_pricing_maximum_quantity":null,"tiered_pricing_quantity_step":"10","_links":{"self":[{"href":"https:\/\/volovape.com\/de\/wp-json\/wp\/v2\/product\/419","targetHints":{"allow":["GET"]}}],"collection":[{"href":"https:\/\/volovape.com\/de\/wp-json\/wp\/v2\/product"}],"about":[{"href":"https:\/\/volovape.com\/de\/wp-json\/wp\/v2\/types\/product"}],"replies":[{"embeddable":true,"href":"https:\/\/volovape.com\/de\/wp-json\/wp\/v2\/comments?post=419"}],"wp:featuredmedia":[{"embeddable":true,"href":"https:\/\/volovape.com\/de\/wp-json\/wp\/v2\/media\/5822"}],"wp:attachment":[{"href":"https:\/\/volovape.com\/de\/wp-json\/wp\/v2\/media?parent=419"}],"wp:term":[{"taxonomy":"product_brand","embeddable":true,"href":"https:\/\/volovape.com\/de\/wp-json\/wp\/v2\/product_brand?post=419"},{"taxonomy":"product_cat","embeddable":true,"href":"https:\/\/volovape.com\/de\/wp-json\/wp\/v2\/product_cat?post=419"},{"taxonomy":"product_tag","embeddable":true,"href":"https:\/\/volovape.com\/de\/wp-json\/wp\/v2\/product_tag?post=419"}],"curies":[{"name":"wp","href":"https:\/\/api.w.org\/{rel}","templated":true}]}}