{"id":417,"date":"2024-11-21T03:29:43","date_gmt":"2024-11-21T03:29:43","guid":{"rendered":"https:\/\/volovape.com\/?post_type=product&#038;p=417"},"modified":"2026-05-05T02:01:35","modified_gmt":"2026-05-05T02:01:35","slug":"poco-sl-15000-zuge","status":"publish","type":"product","link":"https:\/\/volovape.com\/de\/product\/poco-sl-15000-puffs\/","title":{"rendered":"Poco SL 15000 Puffs einstellbare Luftstrom Einweg vape - wiederaufladbar mit Typ-C-Ladung (0-5% Nikotin)"},"content":{"rendered":"<p>Poco SL 15000 Puffs Einweg Vape - Einstellbare Airflow &amp; Wiederaufladbar (0-5% Nikotin)<\/p>\n<p><strong>Poco SL 15000 Puffs Einweg-Vape<\/strong> - Personalisiertes Vaping mit einstellbarer Airflow.<\/p>\n<p>Erleben Sie ma\u00dfgeschneidertes Vaping mit dem <strong>Poco SL 15000 Z\u00fcge<\/strong>mit <em>einstellbare Luftmenge<\/em> f\u00fcr individuelle Z\u00fcge und optimalen Geschmack. Genie\u00dfen Sie bis zu <strong>15.000 Z\u00fcge<\/strong> von einer gro\u00dfen <strong>25mL e-Fl\u00fcssigkeit Kapazit\u00e4t<\/strong>, angetrieben von einem <strong>650mAh wiederaufladbare Batterie<\/strong> mit <strong>Typ-C-Laden<\/strong>. W\u00e4hlen Sie aus <strong>0%, 2%, 3% oder 5% Nikotinst\u00e4rke<\/strong>und erkunden <strong>12 einzigartige Geschmacksrichtungen<\/strong>. Dieses Ger\u00e4t bietet eine Mischung aus Komfort und Anpassungsm\u00f6glichkeiten, ideal f\u00fcr den pers\u00f6nlichen Gebrauch und <strong>Einweg-Vape-Gro\u00dfhandel<\/strong> oder <strong>Gro\u00dfauftr\u00e4ge<\/strong>.<\/p>\n<h3><strong>Poco SL 15000 Puffs Eigenschaften:<\/strong><\/h3>\n<ul>\n<li>Puffs: Bis zu 15.000<\/li>\n<li>E-Fl\u00fcssigkeit Kapazit\u00e4t: 25mL<\/li>\n<li>Akku: 650mAh (wiederaufladbar)<\/li>\n<li>Aufladen: Typ-C<\/li>\n<li>Luftstrom: Einstellbar<\/li>\n<li>Nikotinst\u00e4rken: 0%, 2%, 3%, 5%<\/li>\n<li>12 einzigartige Geschmacksrichtungen<\/li>\n<\/ul>\n<h4>H\u00e4ufig gestellte Fragen<\/h4>\n<h5>Was sind die \u00fcblichen Versandoptionen?<\/h5>\n<p>Wir arbeiten mit vertrauensw\u00fcrdigen Transportunternehmen wie UPS, DHL, FedEx und DPD zusammen, um sicherzustellen, dass Ihre Bestellung umgehend ankommt. Die effizienteste Versandmethode wird auf der Grundlage Ihres Standorts ausgew\u00e4hlt, um eine rechtzeitige Lieferung Ihrer Bestellung zu gew\u00e4hrleisten. <strong>Einweg-Vape<\/strong> Produkte.<\/p>\n<h5>Wie lange dauert der Versand normalerweise?<\/h5>\n<p>Die Standardlieferzeit betr\u00e4gt in der Regel 7-15 Werktage. An Feiertagen oder bei unvorhergesehenen Wetterbedingungen kann die Lieferzeit jedoch bis zu 20 Werktage betragen.<\/p>\n<h5>Gibt es irgendwelche zollrechtlichen Bedenken?<\/h5>\n<p>Wir k\u00fcmmern uns um alle Zollverfahren und sorgen f\u00fcr einen reibungslosen Ablauf ohne zus\u00e4tzliche Steuern oder Geb\u00fchren. Wir garantieren 100% Zollabfertigung f\u00fcr alle unsere Produkte.<\/p>\n<h5>Wie verbessert der einstellbare Luftstrom das Dampferlebnis?<\/h5>\n<p>Mit dem einstellbaren Luftstrom k\u00f6nnen Sie den Zugwiderstand anpassen und so das Gleichgewicht zwischen Geschmacksintensit\u00e4t und Dampfproduktion feinabstimmen. Egal, ob Sie einen engeren, konzentrierteren Zug oder einen lockereren, luftigeren Zug bevorzugen, mit dieser Funktion k\u00f6nnen Sie Ihr Dampferlebnis Ihren Vorlieben entsprechend anpassen.<\/p>\n<h5>Ist mein Kauf sicher?<\/h5>\n<p>Wir bieten sichere Zahlungsm\u00f6glichkeiten \u00fcber PayPal, die einen K\u00e4uferschutz beinhalten. Sie k\u00f6nnen auch unser Kundenfeedback und unsere Bewertungen \u00fcberpr\u00fcfen auf <a href=\"https:\/\/www.trustpilot.com\/review\/volovape.com?utm_medium=trustbox&#038;utm_source=TrustBoxReviewCollector\">VertrauensPilot<\/a>.<\/p>","protected":false},"excerpt":{"rendered":"<p>Passen Sie Ihren Dampf mit Poco SL 15000 Puffs. Einstellbarer Luftstrom, 25ml, wiederaufladbar. Schnelle EU-Lieferung! Ideal f\u00fcr den pers\u00f6nlichen Gebrauch oder Gro\u00dfhandel. Vielf\u00e4ltiges Nikotin.<\/p>","protected":false},"featured_media":601,"comment_status":"open","ping_status":"closed","template":"","meta":[],"product_brand":[],"product_cat":[58,41,21,18,39,20,23,24,22,25,26,27,28,29,30,31,32,33,34,35,36,40],"product_tag":[],"class_list":{"0":"post-417","1":"product","2":"type-product","3":"status-publish","4":"has-post-thumbnail","6":"product_cat-poco","7":"product_cat-15000-puffs-disposable-vape","8":"product_cat-big-puffs-vapes","9":"product_cat-different-puffs-of-disposable-vapes","10":"product_cat-digital-box-vapes","11":"product_cat-disposable-vape-types","12":"product_cat-disposable-vapes-in-austria","13":"product_cat-disposable-vapes-in-belgium","14":"product_cat-disposable-vapes-in-europe","15":"product_cat-disposable-vapes-in-france","16":"product_cat-disposable-vapes-in-germany","17":"product_cat-disposable-vapes-in-hungary","18":"product_cat-disposable-vapes-in-ltaly","19":"product_cat-disposable-vapes-in-netherlands","20":"product_cat-disposable-vapes-in-norway","21":"product_cat-disposable-vapes-in-poland","22":"product_cat-disposable-vapes-in-portugal","23":"product_cat-disposable-vapes-in-spain","24":"product_cat-disposable-vapes-in-sweden","25":"product_cat-disposable-vapes-in-switzerland","26":"product_cat-rechargeable-vapes","27":"product_cat-smart-screen-vapes","29":"first","30":"instock","31":"shipping-taxable","32":"purchasable","33":"product-type-variable","34":"has-default-attributes"},"jetpack_sharing_enabled":true,"tiered_pricing_type":"fixed","tiered_pricing_fixed_rules":{"100":7.5,"400":7.0999999999999996447286321199499070644378662109375,"1000":7},"tiered_pricing_product_settings":{"layout":"default","base_unit_name":{"singular":null,"plural":null},"default_variation":null},"tiered_pricing_minimum_quantity":50,"tiered_pricing_roles_data":[],"tiered_pricing_percentage_rules":[],"tiered_pricing_maximum_quantity":null,"tiered_pricing_quantity_step":"10","_links":{"self":[{"href":"https:\/\/volovape.com\/de\/wp-json\/wp\/v2\/product\/417","targetHints":{"allow":["GET"]}}],"collection":[{"href":"https:\/\/volovape.com\/de\/wp-json\/wp\/v2\/product"}],"about":[{"href":"https:\/\/volovape.com\/de\/wp-json\/wp\/v2\/types\/product"}],"replies":[{"embeddable":true,"href":"https:\/\/volovape.com\/de\/wp-json\/wp\/v2\/comments?post=417"}],"wp:featuredmedia":[{"embeddable":true,"href":"https:\/\/volovape.com\/de\/wp-json\/wp\/v2\/media\/601"}],"wp:attachment":[{"href":"https:\/\/volovape.com\/de\/wp-json\/wp\/v2\/media?parent=417"}],"wp:term":[{"taxonomy":"product_brand","embeddable":true,"href":"https:\/\/volovape.com\/de\/wp-json\/wp\/v2\/product_brand?post=417"},{"taxonomy":"product_cat","embeddable":true,"href":"https:\/\/volovape.com\/de\/wp-json\/wp\/v2\/product_cat?post=417"},{"taxonomy":"product_tag","embeddable":true,"href":"https:\/\/volovape.com\/de\/wp-json\/wp\/v2\/product_tag?post=417"}],"curies":[{"name":"wp","href":"https:\/\/api.w.org\/{rel}","templated":true}]}}