{"id":416,"date":"2024-11-21T03:29:43","date_gmt":"2024-11-21T03:29:43","guid":{"rendered":"https:\/\/volovape.com\/?post_type=product&#038;p=416"},"modified":"2026-04-08T01:50:51","modified_gmt":"2026-04-08T01:50:51","slug":"bang-vape-20000-zuge","status":"publish","type":"product","link":"https:\/\/volovape.com\/de\/product\/bang-vape-20000-puffs\/","title":{"rendered":"Bang Vape 20000 Puffs Einweg-Vape - LED-Anzeige, wiederaufladbar, Mesh-Spule"},"content":{"rendered":"<p><strong>Bang Vape 20000 Puffs Einweg-Vape<\/strong> - Erleben Sie Extended Vaping mit fortschrittlicher Technologie.<\/p>\n<p>Der <strong>Bang Vape 20000 Z\u00fcge<\/strong> setzt einen neuen Standard f\u00fcr Einwegvapes mit hoher Kapazit\u00e4t und liefert bis zu <strong>20.000 Z\u00fcge<\/strong> mit einem gro\u00dfz\u00fcgigen <strong>25mL e-Fl\u00fcssigkeitsbeh\u00e4lter<\/strong>. Ausgestattet mit einem <strong>0,8\u03a9 Maschenspule<\/strong> f\u00fcr geschmeidigen, geschmackvollen Dampf und einen <strong>LED-Digitalanzeige<\/strong> f\u00fcr die Echtzeit\u00fcberwachung kombiniert dieses Ger\u00e4t Komfort mit modernster Technologie. W\u00e4hlen Sie aus <strong>0%, 2%, 3% oder 5% Nikotinst\u00e4rke<\/strong>und genie\u00dfen Sie eine breite Palette von <strong>15 einzigartige Geschmacksrichtungen<\/strong>. Die <strong>650mAh wiederaufladbare Batterie<\/strong> mit <strong>Typ-C-Laden<\/strong> sorgt f\u00fcr lang anhaltende Leistung und eignet sich daher sowohl f\u00fcr den pers\u00f6nlichen Gebrauch als auch f\u00fcr <strong>Einweg-Vape-Gro\u00dfhandel<\/strong> oder <strong>Gro\u00dfauftrag<\/strong> Bed\u00fcrfnisse.<\/p>\n<h3><strong>Bang Vape 20000 Puffs Eigenschaften:<\/strong><\/h3>\n<ul>\n<li>Puffs: Bis zu 20.000<\/li>\n<li>E-Fl\u00fcssigkeit Kapazit\u00e4t: 25mL<\/li>\n<li>Akku: 650mAh (wiederaufladbar)<\/li>\n<li>Aufladen: Typ-C<\/li>\n<li>Spule: 0.8\u03a9 Masche Spule<\/li>\n<li>Anzeige: LED-Digitalanzeige<\/li>\n<li>Nikotinst\u00e4rken: 0%, 2%, 3%, 5%<\/li>\n<li>15 einzigartige Geschmacksrichtungen<\/li>\n<\/ul>\n<h4>H\u00e4ufig gestellte Fragen<\/h4>\n<h5>Welche Versandmethoden werden verwendet?<\/h5>\n<p>Wir arbeiten mit f\u00fchrenden Transportunternehmen wie UPS, DHL, FedEx und DPD zusammen, um eine schnelle und zuverl\u00e4ssige Lieferung zu gew\u00e4hrleisten. Die am besten geeignete Versandmethode wird auf der Grundlage Ihres Standorts ausgew\u00e4hlt, so dass Sie Ihre Ware garantiert erhalten. <strong>Einweg-Vape<\/strong> so schnell wie m\u00f6glich zu bestellen.<\/p>\n<h5>Wie lange dauert die Lieferung normalerweise?<\/h5>\n<p>Die Standardlieferung dauert in der Regel zwischen 7 und 15 Werktagen. Bitte rechnen Sie jedoch mit bis zu 20 Werktagen w\u00e4hrend der Feiertage oder bei ung\u00fcnstigen Wetterbedingungen.<\/p>\n<h5>Werde ich Probleme mit dem Zoll bekommen?<\/h5>\n<p>Wir k\u00fcmmern uns um alle Zollabfertigungsverfahren und sorgen f\u00fcr einen reibungslosen Ablauf. Sie werden keine zus\u00e4tzlichen Steuern oder Geb\u00fchren zahlen m\u00fcssen. Wir garantieren 100% Zollabfertigung f\u00fcr alle unsere Produkte.<\/p>\n<h5>Wie genau sind die auf dem LED-Display angezeigte Pustezahl und die Akkulaufzeit?<\/h5>\n<p>Die digitale LED-Anzeige liefert genaue Echtzeitdaten \u00fcber die Anzahl der Z\u00fcge und die Akkulaufzeit. So k\u00f6nnen Sie Ihre Nutzung und Ihren Akkustatus genau \u00fcberwachen und werden nie unvorbereitet getroffen. Sie k\u00f6nnen sich auf die Genauigkeit der Anzeige verlassen, um ein konsistentes Dampferlebnis zu erhalten.<\/p>\n<h5>Kann ich diesem Kauf vertrauen?<\/h5>\n<p>Wir unterst\u00fctzen PayPal-Zahlungen und bieten K\u00e4uferschutz f\u00fcr sichere Transaktionen. Sie k\u00f6nnen unsere Glaubw\u00fcrdigkeit auch \u00fcberpr\u00fcfen, indem Sie unsere Kundenrezensionen auf <a href=\"https:\/\/www.trustpilot.com\/review\/volovape.com?utm_medium=trustbox&amp;utm_source=TrustBoxReviewCollector\">VertrauensPilot<\/a>.<\/p>","protected":false},"excerpt":{"rendered":"<p>Genie\u00dfen Sie ausgedehntes, geschmackvolles Dampfen mit Bang Vape 20000 Puffs. LED-Anzeige, 0,8\u03a9 Mesh-Spule, 25ml, wiederaufladbar. Perfekt f\u00fcr den pers\u00f6nlichen oder Gro\u00dfhandel, mit verschiedenen Nikotinst\u00e4rken.<\/p>","protected":false},"featured_media":579,"comment_status":"open","ping_status":"closed","template":"","meta":[],"product_brand":[],"product_cat":[61,42,21,18,39,20,23,24,22,25,26,27,28,29,30,31,32,33,34,35,44,36,40],"product_tag":[],"class_list":{"0":"post-416","1":"product","2":"type-product","3":"status-publish","4":"has-post-thumbnail","6":"product_cat-bang","7":"product_cat-20000-puffs-disposable-vape","8":"product_cat-big-puffs-vapes","9":"product_cat-different-puffs-of-disposable-vapes","10":"product_cat-digital-box-vapes","11":"product_cat-disposable-vape-types","12":"product_cat-disposable-vapes-in-austria","13":"product_cat-disposable-vapes-in-belgium","14":"product_cat-disposable-vapes-in-europe","15":"product_cat-disposable-vapes-in-france","16":"product_cat-disposable-vapes-in-germany","17":"product_cat-disposable-vapes-in-hungary","18":"product_cat-disposable-vapes-in-ltaly","19":"product_cat-disposable-vapes-in-netherlands","20":"product_cat-disposable-vapes-in-norway","21":"product_cat-disposable-vapes-in-poland","22":"product_cat-disposable-vapes-in-portugal","23":"product_cat-disposable-vapes-in-spain","24":"product_cat-disposable-vapes-in-sweden","25":"product_cat-disposable-vapes-in-switzerland","26":"product_cat-dual-mesh-vapes","27":"product_cat-rechargeable-vapes","28":"product_cat-smart-screen-vapes","30":"first","31":"instock","32":"shipping-taxable","33":"purchasable","34":"product-type-variable","35":"has-default-attributes"},"jetpack_sharing_enabled":true,"tiered_pricing_type":"fixed","tiered_pricing_fixed_rules":{"30":6.36000000000000031974423109204508364200592041015625,"50":6.04999999999999982236431605997495353221893310546875,"100":5.30999999999999960920149533194489777088165283203125,"200":5.05999999999999960920149533194489777088165283203125,"400":4.5099999999999997868371792719699442386627197265625},"tiered_pricing_product_settings":{"layout":"default","base_unit_name":{"singular":null,"plural":null},"default_variation":null},"tiered_pricing_minimum_quantity":10,"tiered_pricing_roles_data":[],"tiered_pricing_percentage_rules":[],"tiered_pricing_maximum_quantity":null,"tiered_pricing_quantity_step":"10","_links":{"self":[{"href":"https:\/\/volovape.com\/de\/wp-json\/wp\/v2\/product\/416","targetHints":{"allow":["GET"]}}],"collection":[{"href":"https:\/\/volovape.com\/de\/wp-json\/wp\/v2\/product"}],"about":[{"href":"https:\/\/volovape.com\/de\/wp-json\/wp\/v2\/types\/product"}],"replies":[{"embeddable":true,"href":"https:\/\/volovape.com\/de\/wp-json\/wp\/v2\/comments?post=416"}],"wp:featuredmedia":[{"embeddable":true,"href":"https:\/\/volovape.com\/de\/wp-json\/wp\/v2\/media\/579"}],"wp:attachment":[{"href":"https:\/\/volovape.com\/de\/wp-json\/wp\/v2\/media?parent=416"}],"wp:term":[{"taxonomy":"product_brand","embeddable":true,"href":"https:\/\/volovape.com\/de\/wp-json\/wp\/v2\/product_brand?post=416"},{"taxonomy":"product_cat","embeddable":true,"href":"https:\/\/volovape.com\/de\/wp-json\/wp\/v2\/product_cat?post=416"},{"taxonomy":"product_tag","embeddable":true,"href":"https:\/\/volovape.com\/de\/wp-json\/wp\/v2\/product_tag?post=416"}],"curies":[{"name":"wp","href":"https:\/\/api.w.org\/{rel}","templated":true}]}}