{"id":415,"date":"2024-11-21T03:29:43","date_gmt":"2024-11-21T03:29:43","guid":{"rendered":"https:\/\/volovape.com\/?post_type=product&#038;p=415"},"modified":"2025-08-06T07:56:39","modified_gmt":"2025-08-06T07:56:39","slug":"poco-pt-12000-zuge","status":"publish","type":"product","link":"https:\/\/volovape.com\/de\/product\/poco-pt-12000-puffs\/","title":{"rendered":"POCO PT 12000 Puffs Einweg Vape - Einstellbare Luftstrom, wiederaufladbar"},"content":{"rendered":"<p><strong>POCO PT 12000 Einweg-Vape: Personalisiertes Dampfen mit einstellbarem Luftstrom.<\/strong><\/p>\n<p>Erh\u00f6hen Sie Ihr Dampferlebnis mit dem <strong>POCO PT 12000<\/strong>mit bis zu <strong>12.000 Z\u00fcge<\/strong> und eine erhebliche <strong>22ml E-Liquid-Kapazit\u00e4t<\/strong>. Dieses Ger\u00e4t wird mit einem <strong>650mAh wiederaufladbare Batterie<\/strong> mit <strong>Typ-C-Laden<\/strong> f\u00fcr gleichbleibende Leistung. Passen Sie Ihre Verdampfung mit dem <strong>einstellbare Luftmenge<\/strong>Der Wechsel zwischen MTL- und DTL-Style sorgt f\u00fcr optimale Zufriedenheit. Genie\u00dfen Sie eine potente <strong>5% Nikotinst\u00e4rke<\/strong> \u00fcber <strong>10 einzigartige Geschmacksrichtungen<\/strong>. Ideal f\u00fcr alle, die eine anpassbare, langlebige und praktische <strong>Einweg-Vape<\/strong>, verf\u00fcgbar f\u00fcr <strong>Gro\u00dfauftr\u00e4ge<\/strong> Und <strong>Gro\u00dfhandel<\/strong>.<\/p>\n<h3><strong>POCO PT 12000 Merkmale:<\/strong><\/h3>\n<ul>\n<li>Puffs: Bis zu 12.000<\/li>\n<li>E-Fl\u00fcssigkeit Kapazit\u00e4t: 22ml<\/li>\n<li>Akku: 650mAh (wiederaufladbar)<\/li>\n<li>Aufladen: Typ-C<\/li>\n<li>Luftstrom: Einstellbar<\/li>\n<li>Nikotinst\u00e4rke: 5%<\/li>\n<li>10 Geschmacksoptionen<\/li>\n<li>Einwegger\u00e4t<\/li>\n<\/ul>\n<h4>H\u00e4ufig gestellte Fragen<\/h4>\n<h5>Wie verbessert der einstellbare Luftstrom mein Dampferlebnis?<\/h5>\n<p>Die einstellbare Airflow-Funktion erm\u00f6glicht es Ihnen, Ihren Zug anzupassen und bietet Vielseitigkeit sowohl f\u00fcr MTL- (Mund-zu-Lunge) als auch f\u00fcr DTL- (Direkt-zu-Lunge) Verdampfungsstile. Dies bedeutet, dass Sie die Luftstr\u00f6mung feineinstellen k\u00f6nnen, um Ihre bevorzugte Balance von Geschmacksintensit\u00e4t und Dampfproduktion zu erreichen, was Ihre allgemeine Zufriedenheit erh\u00f6ht.<\/p>\n<h5>Welche Versandmethoden werden verwendet?<\/h5>\n<p>Wir arbeiten mit UPS\/DHL\/FEDEX\/DPD, etc. zusammen. Je nach Lieferland w\u00e4hlen wir die passende Versandoption, damit Sie Ihre Produkte so schnell wie m\u00f6glich erhalten.<\/p>\n<h5>Wie lange dauert es, bis es ankommt?<\/h5>\n<p>Dies dauert in der Regel 7-15 Arbeitstage und kann an Feiertagen oder bei schlechten Witterungsbedingungen bis zu 20 Arbeitstage in Anspruch nehmen.<\/p>\n<h5>Kann es durch den Zoll gehen und wird es mir irgendwelche Probleme bereiten?<\/h5>\n<p>Wir garantieren Ihnen, dass Sie keine Probleme haben werden, da wir uns um die Zollabfertigung k\u00fcmmern und keine Steuern oder Geb\u00fchren anfallen werden. Wir garantieren, dass 100% unserer Produkte den Zoll passieren werden.<\/p>\n<h5>Kann ich ihr vertrauen?<\/h5>\n<p>Wir unterst\u00fctzen PayPal-Zahlung und K\u00e4uferschutz-Service. Sie k\u00f6nnen auch unsere Bewertungen \u00fcberpr\u00fcfen auf <a href=\"https:\/\/www.trustpilot.com\/review\/volovape.com?utm_medium=trustbox&amp;utm_source=TrustBoxReviewCollector\">VertrauensPilot<\/a>.<\/p>","protected":false},"excerpt":{"rendered":"<p>Personalisieren Sie Ihre Verdampfung mit POCO PT 12000 Puffs. Einstellbarer Luftstrom, 22ml, wiederaufladbar, 5% Nikotin. Schnelle EU-Lieferung! Ideal f\u00fcr den pers\u00f6nlichen oder Gro\u00dfhandel Bed\u00fcrfnisse.<\/p>","protected":false},"featured_media":567,"comment_status":"open","ping_status":"closed","template":"","meta":[],"product_brand":[],"product_cat":[36,38,21,18,20,23,24,22,25,26,27,28,29,30,31,32,33,34,35,58],"product_tag":[],"class_list":{"0":"post-415","1":"product","2":"type-product","3":"status-publish","4":"has-post-thumbnail","6":"product_cat-rechargeable-vapes","7":"product_cat-12000-puffs-disposable-vape","8":"product_cat-big-puffs-vapes","9":"product_cat-different-puffs-of-disposable-vapes","10":"product_cat-disposable-vape-types","11":"product_cat-disposable-vapes-in-austria","12":"product_cat-disposable-vapes-in-belgium","13":"product_cat-disposable-vapes-in-europe","14":"product_cat-disposable-vapes-in-france","15":"product_cat-disposable-vapes-in-germany","16":"product_cat-disposable-vapes-in-hungary","17":"product_cat-disposable-vapes-in-ltaly","18":"product_cat-disposable-vapes-in-netherlands","19":"product_cat-disposable-vapes-in-norway","20":"product_cat-disposable-vapes-in-poland","21":"product_cat-disposable-vapes-in-portugal","22":"product_cat-disposable-vapes-in-spain","23":"product_cat-disposable-vapes-in-sweden","24":"product_cat-disposable-vapes-in-switzerland","25":"product_cat-poco","27":"first","28":"instock","29":"shipping-taxable","30":"purchasable","31":"product-type-variable","32":"has-default-attributes"},"jetpack_sharing_enabled":true,"tiered_pricing_type":"fixed","tiered_pricing_fixed_rules":{"2000":6.69000000000000039079850466805510222911834716796875},"tiered_pricing_product_settings":{"layout":"default","base_unit_name":{"singular":null,"plural":null},"default_variation":null},"tiered_pricing_minimum_quantity":1000,"tiered_pricing_roles_data":[],"tiered_pricing_percentage_rules":[],"tiered_pricing_maximum_quantity":null,"tiered_pricing_quantity_step":"10","_links":{"self":[{"href":"https:\/\/volovape.com\/de\/wp-json\/wp\/v2\/product\/415","targetHints":{"allow":["GET"]}}],"collection":[{"href":"https:\/\/volovape.com\/de\/wp-json\/wp\/v2\/product"}],"about":[{"href":"https:\/\/volovape.com\/de\/wp-json\/wp\/v2\/types\/product"}],"replies":[{"embeddable":true,"href":"https:\/\/volovape.com\/de\/wp-json\/wp\/v2\/comments?post=415"}],"wp:featuredmedia":[{"embeddable":true,"href":"https:\/\/volovape.com\/de\/wp-json\/wp\/v2\/media\/567"}],"wp:attachment":[{"href":"https:\/\/volovape.com\/de\/wp-json\/wp\/v2\/media?parent=415"}],"wp:term":[{"taxonomy":"product_brand","embeddable":true,"href":"https:\/\/volovape.com\/de\/wp-json\/wp\/v2\/product_brand?post=415"},{"taxonomy":"product_cat","embeddable":true,"href":"https:\/\/volovape.com\/de\/wp-json\/wp\/v2\/product_cat?post=415"},{"taxonomy":"product_tag","embeddable":true,"href":"https:\/\/volovape.com\/de\/wp-json\/wp\/v2\/product_tag?post=415"}],"curies":[{"name":"wp","href":"https:\/\/api.w.org\/{rel}","templated":true}]}}