{"id":414,"date":"2024-11-21T03:29:42","date_gmt":"2024-11-21T03:29:42","guid":{"rendered":"https:\/\/volovape.com\/?post_type=product&#038;p=414"},"modified":"2025-07-07T03:41:56","modified_gmt":"2025-07-07T03:41:56","slug":"elfenbox-crystal-bar-600-zuge","status":"publish","type":"product","link":"https:\/\/volovape.com\/de\/product\/elf-box-crystal-bar-600-puffs\/","title":{"rendered":"ELF BOX CRYSTAL BAR 600 Puffs Einweg Vape - Kompakt &amp; Wiederaufladbar"},"content":{"rendered":"<p><iframe title=\"VideoPress-Videoplayer\" aria-label='VideoPress-Videoplayer' width='421' height='750' src='https:\/\/videopress.com\/embed\/J12z3YdL?hd=0&amp;cover=1' frameborder='0' allowfullscreen allow='clipboard-write'><\/iframe><script src='https:\/\/v0.wordpress.com\/js\/next\/videopress-iframe.js?m=1739540970'><\/script><\/p>\n<h2>ELF BOX CRYSTAL BAR 600 Z\u00fcge: Stilvoll, wiederaufladbar und kompaktes Vape.<\/h2>\n<p>Entdecken Sie die <strong>ELFENKISTE KRISTALLBARREN 600<\/strong>ein schlankes und tragbares <strong>wiederaufladbares Einweg-Vape<\/strong> entworfen f\u00fcr Stil und Komfort. Bietet bis zu <strong>600 Z\u00fcge<\/strong> mit einer <strong>2ml e-Fl\u00fcssigkeit Kapazit\u00e4t<\/strong> und ein <strong>500mAh wiederaufladbare Batterie<\/strong>sorgt dieses Ger\u00e4t f\u00fcr ein befriedigendes Dampferlebnis. Die elegante <strong>Kristalldesign<\/strong> Und <strong>1,6\u03a9 Widerstand<\/strong> bieten sanften, geschmackvollen Dampf in einer kompakten Form. W\u00e4hlen Sie aus <strong>0%, 2% oder 5% Nikotinst\u00e4rke<\/strong> und genie\u00dfen <strong>13 k\u00f6stliche Geschmacksrichtungen<\/strong>. Ideal f\u00fcr das Verdampfen unterwegs und perfekt f\u00fcr alle, die eine stilvolle, problemlose <strong>Einweg-Vape<\/strong>, verf\u00fcgbar f\u00fcr <strong>Gro\u00dfauftrag<\/strong> Und <strong>Gro\u00dfhandel<\/strong>.<\/p>\n<h3><strong>ELF BOX CRYSTAL BAR 600 Merkmale:<\/strong><\/h3>\n<ul>\n<li>Puffs: Bis zu 600<\/li>\n<li>E-Fl\u00fcssigkeit Kapazit\u00e4t: 2ml<\/li>\n<li>Akku: 500mAh (wiederaufladbar)<\/li>\n<li>Aufladen: Typ-C<\/li>\n<li>Widerstand: 1,6\u03a9<\/li>\n<li>Nikotinst\u00e4rken: 0%, 2%, 5%<\/li>\n<li>13 Geschmacksoptionen<\/li>\n<li>Kristall-Design<\/li>\n<li>Einwegger\u00e4t<\/li>\n<\/ul>\n<h4>H\u00e4ufig gestellte Fragen<\/h4>\n<h5>Welche Vorteile hat die wiederaufladbare Funktion f\u00fcr die Nutzer?<\/h5>\n<p>Der wiederaufladbare 500-mAh-Akku erm\u00f6glicht es dem Benutzer, die Nutzung des vorgef\u00fcllten E-Liquids zu maximieren, so dass Sie jeden Zug genie\u00dfen k\u00f6nnen, ohne sich Sorgen machen zu m\u00fcssen, dass der Akku vorzeitig entladen wird. Diese Funktion verl\u00e4ngert die Lebensdauer des Ger\u00e4ts und bietet konstante Leistung f\u00fcr ein zuverl\u00e4ssiges Dampferlebnis.<\/p>\n<h5>Welche Versandmethoden werden verwendet?<\/h5>\n<p>Wir arbeiten mit UPS\/DHL\/FEDEX\/DPD, etc. zusammen. Je nach Lieferland w\u00e4hlen wir die passende Versandoption, damit Sie Ihre Produkte so schnell wie m\u00f6glich erhalten.<\/p>\n<h5>Wie lange dauert es, bis es ankommt?<\/h5>\n<p>Dies dauert in der Regel 7-15 Arbeitstage und kann an Feiertagen oder bei schlechten Witterungsbedingungen bis zu 20 Arbeitstage in Anspruch nehmen.<\/p>\n<h5>Kann es durch den Zoll gehen und wird es mir irgendwelche Probleme bereiten?<\/h5>\n<p>Wir garantieren Ihnen, dass Sie keine Probleme haben werden, da wir uns um die Zollabfertigung k\u00fcmmern und keine Steuern oder Geb\u00fchren anfallen werden. Wir garantieren, dass 100% unserer Produkte den Zoll passieren werden.<\/p>\n<h5>Kann ich ihr vertrauen?<\/h5>\n<p>Wir unterst\u00fctzen PayPal-Zahlung und K\u00e4uferschutz-Service. Sie k\u00f6nnen auch unsere Bewertungen \u00fcberpr\u00fcfen auf <a href=\"https:\/\/www.trustpilot.com\/review\/volovape.com?utm_medium=trustbox&amp;utm_source=TrustBoxReviewCollector\">VertrauensPilot<\/a>.<\/p>","protected":false},"excerpt":{"rendered":"<p>Erleben Sie stilvolle, tragbare vaping mit ELF BOX CRYSTAL BAR 600 Puffs. Wiederaufladbar, Kristall-Design, 2ml, 1.6\u03a9 Widerstand. Perfekt f\u00fcr den pers\u00f6nlichen Gebrauch oder Gro\u00dfhandel, mit verschiedenen Nikotin.<\/p>","protected":false},"featured_media":556,"comment_status":"open","ping_status":"closed","template":"","meta":[],"product_brand":[],"product_cat":[54,59,43,18,20,23,24,22,25,26,27,28,29,30,31,32,33,34,35,60],"product_tag":[],"class_list":{"0":"post-414","1":"product","2":"type-product","3":"status-publish","4":"has-post-thumbnail","6":"product_cat-elf-box","7":"product_cat-800-puffs-disposable-vape","8":"product_cat-crystal-vapes","9":"product_cat-different-puffs-of-disposable-vapes","10":"product_cat-disposable-vape-types","11":"product_cat-disposable-vapes-in-austria","12":"product_cat-disposable-vapes-in-belgium","13":"product_cat-disposable-vapes-in-europe","14":"product_cat-disposable-vapes-in-france","15":"product_cat-disposable-vapes-in-germany","16":"product_cat-disposable-vapes-in-hungary","17":"product_cat-disposable-vapes-in-ltaly","18":"product_cat-disposable-vapes-in-netherlands","19":"product_cat-disposable-vapes-in-norway","20":"product_cat-disposable-vapes-in-poland","21":"product_cat-disposable-vapes-in-portugal","22":"product_cat-disposable-vapes-in-spain","23":"product_cat-disposable-vapes-in-sweden","24":"product_cat-disposable-vapes-in-switzerland","25":"product_cat-mini-puffs-vapes","27":"first","28":"instock","29":"featured","30":"shipping-taxable","31":"purchasable","32":"product-type-variable","33":"has-default-attributes"},"jetpack_sharing_enabled":true,"tiered_pricing_type":"fixed","tiered_pricing_fixed_rules":{"2000":3.100000000000000088817841970012523233890533447265625},"tiered_pricing_product_settings":{"layout":"default","base_unit_name":{"singular":null,"plural":null},"default_variation":null},"tiered_pricing_minimum_quantity":1000,"tiered_pricing_roles_data":[],"tiered_pricing_percentage_rules":[],"tiered_pricing_maximum_quantity":null,"tiered_pricing_quantity_step":"10","_links":{"self":[{"href":"https:\/\/volovape.com\/de\/wp-json\/wp\/v2\/product\/414","targetHints":{"allow":["GET"]}}],"collection":[{"href":"https:\/\/volovape.com\/de\/wp-json\/wp\/v2\/product"}],"about":[{"href":"https:\/\/volovape.com\/de\/wp-json\/wp\/v2\/types\/product"}],"replies":[{"embeddable":true,"href":"https:\/\/volovape.com\/de\/wp-json\/wp\/v2\/comments?post=414"}],"wp:featuredmedia":[{"embeddable":true,"href":"https:\/\/volovape.com\/de\/wp-json\/wp\/v2\/media\/556"}],"wp:attachment":[{"href":"https:\/\/volovape.com\/de\/wp-json\/wp\/v2\/media?parent=414"}],"wp:term":[{"taxonomy":"product_brand","embeddable":true,"href":"https:\/\/volovape.com\/de\/wp-json\/wp\/v2\/product_brand?post=414"},{"taxonomy":"product_cat","embeddable":true,"href":"https:\/\/volovape.com\/de\/wp-json\/wp\/v2\/product_cat?post=414"},{"taxonomy":"product_tag","embeddable":true,"href":"https:\/\/volovape.com\/de\/wp-json\/wp\/v2\/product_tag?post=414"}],"curies":[{"name":"wp","href":"https:\/\/api.w.org\/{rel}","templated":true}]}}