{"id":413,"date":"2024-11-21T03:29:42","date_gmt":"2024-11-21T03:29:42","guid":{"rendered":"https:\/\/volovape.com\/?post_type=product&#038;p=413"},"modified":"2025-07-07T03:41:44","modified_gmt":"2025-07-07T03:41:44","slug":"elfenbox-bk12000-puffs","status":"publish","type":"product","link":"https:\/\/volovape.com\/de\/product\/elf-box-bk12000-puffs\/","title":{"rendered":"ELF BOX BK12000 Einweg-Vape - 12.000 Z\u00fcge, 0,8\u03a9 Mesh Coil, wiederaufladbar"},"content":{"rendered":"<p><iframe title=\"VideoPress-Videoplayer\" aria-label='VideoPress-Videoplayer' width='421' height='750' src='https:\/\/videopress.com\/embed\/E8nSg6O6?hd=0&amp;cover=1' frameborder='0' allowfullscreen allow='clipboard-write'><\/iframe><script src='https:\/\/v0.wordpress.com\/js\/next\/videopress-iframe.js?m=1739540970'><\/script><\/p>\n<h2>ELF BOX BK12000 Einweg-Vape: Erweiterte Vaping mit Mesh Coil Pr\u00e4zision.<\/h2>\n<p>Erleben Sie dauerhafte Zufriedenheit mit dem <strong>ELF BOX BK12000<\/strong>und bietet bis zu <strong>12.000 Z\u00fcge<\/strong> und eine gro\u00dfz\u00fcgige <strong>23ml e-Fl\u00fcssigkeit Kapazit\u00e4t<\/strong>. Angetrieben von einer <strong>650mAh wiederaufladbare Batterie<\/strong> mit <strong>Typ-C-Laden<\/strong>gew\u00e4hrleistet dieses Ger\u00e4t eine konstante Leistung. Die <strong>0,8\u03a9 Maschenspule<\/strong> liefert au\u00dfergew\u00f6hnlich weichen und geschmackvollen Dampf, der jeden Zug bereichert. W\u00e4hlen Sie aus <strong>0%, 2%, 3% oder 5% Nikotinst\u00e4rke<\/strong> um Ihr Erlebnis individuell zu gestalten. Mit <strong>12 verschiedene Geschmacksrichtungen<\/strong>Die ELF BOX BK12000 ist perfekt f\u00fcr alle, die einen praktischen und geschmackvollen K\u00fchlschrank mit hoher Kapazit\u00e4t suchen. <strong>Einweg-Vape-Gro\u00dfhandel<\/strong> Option. Ideal f\u00fcr pers\u00f6nliches Vergn\u00fcgen und <strong>Gro\u00dfauftrag<\/strong> Bed\u00fcrfnisse.<\/p>\n<h3><strong>ELF BOX BK12000 Merkmale:<\/strong><\/h3>\n<ul>\n<li>Puffs: Bis zu 12.000<\/li>\n<li>E-Fl\u00fcssigkeit Kapazit\u00e4t: 23ml<\/li>\n<li>Akku: 650mAh (wiederaufladbar)<\/li>\n<li>Aufladen: Typ-C<\/li>\n<li>Spule: 0.8\u03a9 Masche Spule<\/li>\n<li>Nikotinst\u00e4rken: 0%, 2%, 3%, 5%<\/li>\n<li>12 Geschmacksoptionen<\/li>\n<li>Einwegger\u00e4t<\/li>\n<\/ul>\n<h4>H\u00e4ufig gestellte Fragen<\/h4>\n<h5>Wie verbessert die Netzspule das Dampferlebnis?<\/h5>\n<p>Die 0,8\u03a9 Mesh-Spule in der ELF BOX BK12000 bietet eine gr\u00f6\u00dfere Heizfl\u00e4che, was zu einer gleichm\u00e4\u00dfigeren Erw\u00e4rmung und verbesserten Geschmacksabgabe f\u00fchrt. Diese Technologie sorgt f\u00fcr eine gleichm\u00e4\u00dfig glatte und geschmackvolle Dampfproduktion w\u00e4hrend der gesamten Lebensdauer des Ger\u00e4tes.<\/p>\n<h5>Welche Versandmethoden werden verwendet?<\/h5>\n<p>Wir arbeiten mit UPS\/DHL\/FEDEX\/DPD, etc. zusammen. Je nach Lieferland w\u00e4hlen wir die passende Versandoption, damit Sie Ihre Produkte so schnell wie m\u00f6glich erhalten.<\/p>\n<h5>Wie lange dauert es, bis es ankommt?<\/h5>\n<p>Dies dauert in der Regel 7-15 Arbeitstage und kann an Feiertagen oder bei schlechten Witterungsbedingungen bis zu 20 Arbeitstage in Anspruch nehmen.<\/p>\n<h5>Kann es durch den Zoll gehen und wird es mir irgendwelche Probleme bereiten?<\/h5>\n<p>Wir garantieren Ihnen, dass Sie keine Probleme haben werden, da wir uns um die Zollabfertigung k\u00fcmmern und keine Steuern oder Geb\u00fchren anfallen werden. Wir garantieren, dass 100% unserer Produkte den Zoll passieren werden.<\/p>\n<h5>Kann ich ihr vertrauen?<\/h5>\n<p>Wir unterst\u00fctzen PayPal-Zahlung und K\u00e4uferschutz-Service. Sie k\u00f6nnen auch unsere Bewertungen \u00fcberpr\u00fcfen auf <a href=\"https:\/\/www.trustpilot.com\/review\/volovape.com?utm_medium=trustbox&amp;utm_source=TrustBoxReviewCollector\">VertrauensPilot<\/a>.<\/p>","protected":false},"excerpt":{"rendered":"<p>Genie\u00dfen Sie den erweiterten Geschmack mit der ELF BOX BK12000. 0.8\u03a9 Mesh, 23ml, wiederaufladbar. Ideal f\u00fcr den pers\u00f6nlichen Genuss oder Gro\u00dfhandel, bietet glatten Dampf und verschiedene Nikotinst\u00e4rken.<\/p>","protected":false},"featured_media":545,"comment_status":"open","ping_status":"closed","template":"","meta":[],"product_brand":[],"product_cat":[54,38,21,18,20,23,24,22,25,26,27,28,29,30,31,32,33,34,35,36],"product_tag":[],"class_list":{"0":"post-413","1":"product","2":"type-product","3":"status-publish","4":"has-post-thumbnail","6":"product_cat-elf-box","7":"product_cat-12000-puffs-disposable-vape","8":"product_cat-big-puffs-vapes","9":"product_cat-different-puffs-of-disposable-vapes","10":"product_cat-disposable-vape-types","11":"product_cat-disposable-vapes-in-austria","12":"product_cat-disposable-vapes-in-belgium","13":"product_cat-disposable-vapes-in-europe","14":"product_cat-disposable-vapes-in-france","15":"product_cat-disposable-vapes-in-germany","16":"product_cat-disposable-vapes-in-hungary","17":"product_cat-disposable-vapes-in-ltaly","18":"product_cat-disposable-vapes-in-netherlands","19":"product_cat-disposable-vapes-in-norway","20":"product_cat-disposable-vapes-in-poland","21":"product_cat-disposable-vapes-in-portugal","22":"product_cat-disposable-vapes-in-spain","23":"product_cat-disposable-vapes-in-sweden","24":"product_cat-disposable-vapes-in-switzerland","25":"product_cat-rechargeable-vapes","27":"first","28":"instock","29":"shipping-taxable","30":"purchasable","31":"product-type-variable","32":"has-default-attributes"},"jetpack_sharing_enabled":true,"tiered_pricing_type":"fixed","tiered_pricing_fixed_rules":{"2000":5.9900000000000002131628207280300557613372802734375},"tiered_pricing_product_settings":{"layout":"default","base_unit_name":{"singular":null,"plural":null},"default_variation":null},"tiered_pricing_minimum_quantity":1000,"tiered_pricing_roles_data":[],"tiered_pricing_percentage_rules":[],"tiered_pricing_maximum_quantity":null,"tiered_pricing_quantity_step":"10","_links":{"self":[{"href":"https:\/\/volovape.com\/de\/wp-json\/wp\/v2\/product\/413","targetHints":{"allow":["GET"]}}],"collection":[{"href":"https:\/\/volovape.com\/de\/wp-json\/wp\/v2\/product"}],"about":[{"href":"https:\/\/volovape.com\/de\/wp-json\/wp\/v2\/types\/product"}],"replies":[{"embeddable":true,"href":"https:\/\/volovape.com\/de\/wp-json\/wp\/v2\/comments?post=413"}],"wp:featuredmedia":[{"embeddable":true,"href":"https:\/\/volovape.com\/de\/wp-json\/wp\/v2\/media\/545"}],"wp:attachment":[{"href":"https:\/\/volovape.com\/de\/wp-json\/wp\/v2\/media?parent=413"}],"wp:term":[{"taxonomy":"product_brand","embeddable":true,"href":"https:\/\/volovape.com\/de\/wp-json\/wp\/v2\/product_brand?post=413"},{"taxonomy":"product_cat","embeddable":true,"href":"https:\/\/volovape.com\/de\/wp-json\/wp\/v2\/product_cat?post=413"},{"taxonomy":"product_tag","embeddable":true,"href":"https:\/\/volovape.com\/de\/wp-json\/wp\/v2\/product_tag?post=413"}],"curies":[{"name":"wp","href":"https:\/\/api.w.org\/{rel}","templated":true}]}}