{"id":409,"date":"2024-11-21T03:29:42","date_gmt":"2024-11-21T03:29:42","guid":{"rendered":"https:\/\/volovape.com\/?post_type=product&#038;p=409"},"modified":"2025-07-07T03:40:57","modified_gmt":"2025-07-07T03:40:57","slug":"mrvi-tornado-9000-zuge","status":"publish","type":"product","link":"https:\/\/volovape.com\/de\/product\/mrvi-tornado-9000-puffs\/","title":{"rendered":"MRVI Tornado 9000 Puffs Einweg Vape - Mesh Coil, wiederaufladbar"},"content":{"rendered":"<p><strong>MRVI Tornado 9000 Puffs Einweg-Vaporizer<\/strong> - Zuverl\u00e4ssiges und geschmackvolles Dampfen mit fortschrittlicher Mesh Coil Technologie.<\/p>\n<p>Der <strong>MRVI Tornado 9000<\/strong> Einweg-Vape bietet ein hochwertiges, erweitertes Dampferlebnis mit bis zu <strong>9.000 Z\u00fcge<\/strong> und ein <strong>18ml e-Fl\u00fcssigkeitsbeh\u00e4lter<\/strong>. Angetrieben von einer <strong>600mAh wiederaufladbare Batterie<\/strong> und mit <strong>Typ-C-Laden<\/strong>gew\u00e4hrleistet dieses Ger\u00e4t eine konstante Leistung. Die <strong>fortschrittliche Netzspulentechnologie<\/strong> liefert weichen, reichhaltigen und geschmackvollen Dampf. W\u00e4hlen Sie aus <strong>0%, 2%, 3% oder 5% Nikotinst\u00e4rke<\/strong> nach Ihren Vorlieben. Mit <strong>10 k\u00f6stliche Geschmacksvarianten<\/strong>Der MRVI Tornado 9000 ist ideal f\u00fcr <strong>Einweg-Vape-Gro\u00dfhandel<\/strong>, <strong>Gro\u00dfauftr\u00e4ge<\/strong>, oder <strong>pers\u00f6nlicher Gebrauch<\/strong>.<\/p>\n<h3><strong>MRVI Tornado 9000 Merkmale:<\/strong><\/h3>\n<ul>\n<li>Puffs: Bis zu 9.000 Puffs<\/li>\n<li>E-Fl\u00fcssigkeit Kapazit\u00e4t: 18mL<\/li>\n<li>Akku: 600mAh (wiederaufladbar)<\/li>\n<li>Aufladen: Typ-C<\/li>\n<li>Spule: Mesh-Spule<\/li>\n<li>Nikotinst\u00e4rken: 0%, 2%, 3%, 5%<\/li>\n<li>Geschmacksrichtungen: 10 einzigartige Optionen<\/li>\n<li>Einwegger\u00e4t<\/li>\n<\/ul>\n<h4>H\u00e4ufig gestellte Fragen<\/h4>\n<h5>Wie verbessert die fortschrittliche Netzspulentechnologie das Dampferlebnis?<\/h5>\n<p>Das fortschrittliche Mesh-Coil-Design vergr\u00f6\u00dfert die Heizfl\u00e4che, gew\u00e4hrleistet eine gleichm\u00e4\u00dfige W\u00e4rmeverteilung und maximiert die Verdampfung von E-Liquid. Dies f\u00fchrt zu reichhaltigeren, intensiveren Aromen und dichteren Dampfwolken, die ein \u00fcberlegenes Dampferlebnis im Vergleich zu herk\u00f6mmlichen Spulen bieten.<\/p>\n<h5>Welche Versandmethoden werden verwendet?<\/h5>\n<p>Wir arbeiten mit zuverl\u00e4ssigen Transportunternehmen wie UPS, DHL, FedEx und DPD zusammen, um sicherzustellen, dass Ihre Bestellung schnell und sicher zugestellt wird. Die effizienteste Versandmethode wird auf der Grundlage Ihres Standorts ausgew\u00e4hlt, um die Geschwindigkeit und Zuverl\u00e4ssigkeit der Lieferung zu optimieren.<\/p>\n<h5>Wie lange dauert es, bis meine Bestellung ankommt?<\/h5>\n<p>Die Lieferzeit betr\u00e4gt in der Regel 7-15 Arbeitstage. Bitte rechnen Sie jedoch mit bis zu 20 Arbeitstagen w\u00e4hrend der Feiertage oder bei ung\u00fcnstigen Witterungsbedingungen, die zu leichten Verz\u00f6gerungen beim Versand f\u00fchren k\u00f6nnen.<\/p>\n<h5>Werde ich mit Zollproblemen oder zus\u00e4tzlichen Geb\u00fchren konfrontiert?<\/h5>\n<p>Wir k\u00fcmmern uns um alle Zollabfertigungsverfahren und garantieren so einen reibungslosen und problemlosen Ablauf. F\u00fcr Sie fallen keine zus\u00e4tzlichen Steuern oder Geb\u00fchren an. Wir stellen sicher, dass 100% unserer Produkte erfolgreich verzollt werden.<\/p>\n<h5>Ist der Einkauf auf Ihrer Website sicher und zuverl\u00e4ssig?<\/h5>\n<p>Ja, wir bieten sichere PayPal-Transaktionen mit K\u00e4uferschutz. Sie k\u00f6nnen sich auch von unserer Zuverl\u00e4ssigkeit \u00fcberzeugen, indem Sie die Bewertungen unserer Kunden auf <a href=\"https:\/\/www.trustpilot.com\/review\/volovape.com?utm_medium=trustbox&amp;utm_source=TrustBoxReviewCollector\">VertrauensPilot<\/a>wo Sie Erfahrungsberichte von zufriedenen Kunden finden.<\/p>","protected":false},"excerpt":{"rendered":"<p>Wirbeln Sie mit dem MRVI Tornado 9000 Puffs in einen anhaltenden Geschmack. Erweiterte Mesh, 18ml, wiederaufladbar. Perfekt f\u00fcr den pers\u00f6nlichen Genuss oder Gro\u00dfhandel, bietet glatten Dampf und verschiedene Nikotin-Optionen.<\/p>","protected":false},"featured_media":502,"comment_status":"open","ping_status":"closed","template":"","meta":[],"product_brand":[],"product_cat":[55,48,21,18,20,23,24,22,25,26,27,28,29,30,31,32,33,34,35,36],"product_tag":[],"class_list":{"0":"post-409","1":"product","2":"type-product","3":"status-publish","4":"has-post-thumbnail","6":"product_cat-mrvi","7":"product_cat-9000-puffs-disposable-vape","8":"product_cat-big-puffs-vapes","9":"product_cat-different-puffs-of-disposable-vapes","10":"product_cat-disposable-vape-types","11":"product_cat-disposable-vapes-in-austria","12":"product_cat-disposable-vapes-in-belgium","13":"product_cat-disposable-vapes-in-europe","14":"product_cat-disposable-vapes-in-france","15":"product_cat-disposable-vapes-in-germany","16":"product_cat-disposable-vapes-in-hungary","17":"product_cat-disposable-vapes-in-ltaly","18":"product_cat-disposable-vapes-in-netherlands","19":"product_cat-disposable-vapes-in-norway","20":"product_cat-disposable-vapes-in-poland","21":"product_cat-disposable-vapes-in-portugal","22":"product_cat-disposable-vapes-in-spain","23":"product_cat-disposable-vapes-in-sweden","24":"product_cat-disposable-vapes-in-switzerland","25":"product_cat-rechargeable-vapes","27":"first","28":"instock","29":"shipping-taxable","30":"purchasable","31":"product-type-variable","32":"has-default-attributes"},"jetpack_sharing_enabled":true,"tiered_pricing_type":"fixed","tiered_pricing_fixed_rules":{"2000":5.589999999999999857891452847979962825775146484375},"tiered_pricing_product_settings":{"layout":"default","base_unit_name":{"singular":null,"plural":null},"default_variation":null},"tiered_pricing_minimum_quantity":1000,"tiered_pricing_roles_data":[],"tiered_pricing_percentage_rules":[],"tiered_pricing_maximum_quantity":null,"tiered_pricing_quantity_step":"10","_links":{"self":[{"href":"https:\/\/volovape.com\/de\/wp-json\/wp\/v2\/product\/409","targetHints":{"allow":["GET"]}}],"collection":[{"href":"https:\/\/volovape.com\/de\/wp-json\/wp\/v2\/product"}],"about":[{"href":"https:\/\/volovape.com\/de\/wp-json\/wp\/v2\/types\/product"}],"replies":[{"embeddable":true,"href":"https:\/\/volovape.com\/de\/wp-json\/wp\/v2\/comments?post=409"}],"wp:featuredmedia":[{"embeddable":true,"href":"https:\/\/volovape.com\/de\/wp-json\/wp\/v2\/media\/502"}],"wp:attachment":[{"href":"https:\/\/volovape.com\/de\/wp-json\/wp\/v2\/media?parent=409"}],"wp:term":[{"taxonomy":"product_brand","embeddable":true,"href":"https:\/\/volovape.com\/de\/wp-json\/wp\/v2\/product_brand?post=409"},{"taxonomy":"product_cat","embeddable":true,"href":"https:\/\/volovape.com\/de\/wp-json\/wp\/v2\/product_cat?post=409"},{"taxonomy":"product_tag","embeddable":true,"href":"https:\/\/volovape.com\/de\/wp-json\/wp\/v2\/product_tag?post=409"}],"curies":[{"name":"wp","href":"https:\/\/api.w.org\/{rel}","templated":true}]}}