{"id":38906,"date":"2026-03-12T04:06:03","date_gmt":"2026-03-12T04:06:03","guid":{"rendered":"https:\/\/volovape.com\/?post_type=product&#038;p=38906"},"modified":"2026-04-14T02:44:42","modified_gmt":"2026-04-14T02:44:42","slug":"bang-fuhrer-85k-3-in-1-dreifachen-geschmack-85000-puffs-70ml-lose-einweg-vape","status":"publish","type":"product","link":"https:\/\/volovape.com\/de\/product\/bang-leader-85k-3-in-1-triple-flavor-85000-puffs-70ml-bulk-disposable-vape\/","title":{"rendered":"Bang Leader 85K | 3-in-1 Dreifach-Geschmack, 85000 Z\u00fcge, 70ml, Bulk Einweg vape"},"content":{"rendered":"<p>Einf\u00fchrung der <strong>Bang Anf\u00fchrer 85000 Puffs<\/strong>, ein bahnbrechendes Einwegger\u00e4t f\u00fcr diejenigen, die mehr verlangen. Dies ist nicht nur ein Standardverdampfer; es ist ein Kraftpaket mit hoher Kapazit\u00e4t, das f\u00fcr Langlebigkeit und Zufriedenheit gebaut wurde. Mit einer schwindelerregenden <strong>70mL e-Fl\u00fcssigkeitsbeh\u00e4lter<\/strong> und eine robuste <strong>850mAh wiederaufladbarer Akku<\/strong>, Dieses Ger\u00e4t sorgt daf\u00fcr, dass Sie mehr Zeit mit dem Dampfen verbringen und sich weniger Sorgen machen m\u00fcssen, dass der Vorrat zur Neige geht. \ud83d\udd0b\u2728<\/p>\n<p>Das herausragende Merkmal ist die innovative <strong>3-in-1-Aroma-System<\/strong>. Langeweile mit dem gleichen Geschmack? Wechseln Sie einfach die Einstellungen und genie\u00dfen Sie drei verschiedene Premium-Geschmacksrichtungen in einem einzigen Ger\u00e4t! Entwickelt mit einem <strong>1,0\u03a9 Netzspule<\/strong>, Er liefert konsistenten, weichen und reichhaltigen Dampf vom ersten bis zum letzten Zug. Perfekt f\u00fcr <strong>Vape-Shop-Besitzer<\/strong> die auf der Suche nach einem Verkaufsschlager sind, oder f\u00fcr Vieldampfer, die einen Mehrwert suchen. \ud83c\udfc6\ud83d\udce6<\/p>\n<h3>\ud83c\udf1f Warum Bang Leader 85000 w\u00e4hlen?<\/h3>\n<ul>\n<li><strong>\ud83d\udd04 3-in-1-Aroma-Technologie:<\/strong> Genie\u00dfen Sie drei verschiedene Geschmacksrichtungen in einem kompakten Ger\u00e4t. Schalten Sie sofort um, je nach Lust und Laune!<\/li>\n<li><strong>\ud83d\udca7 Riesiges Fassungsverm\u00f6gen von 70mL:<\/strong> Eine der gr\u00f6\u00dften Kapazit\u00e4ten auf dem Markt, die unglaubliche 85.000 Z\u00fcge unterst\u00fctzt.<\/li>\n<li><strong>\u26a1 Typ-C wiederaufladbar:<\/strong> Schnelles Aufladen \u00fcber den Typ-C-Anschluss sorgt daf\u00fcr, dass der 850-mAh-Akku immer einsatzbereit ist.<\/li>\n<li><strong>\u2601\ufe0f Erweiterte Mesh-Spule:<\/strong> Der 1.0\u03a9 Widerstand Mesh Coil garantiert eine verbesserte Geschmacksreinheit und dichte Wolkenproduktion.<\/li>\n<li><strong>\ud83c\udf9a\ufe0f Flexible Nikotinoptionen:<\/strong> Erh\u00e4ltlich in den Ausf\u00fchrungen 0%, 2%, 3% und 5%, um den W\u00fcnschen jedes Kunden gerecht zu werden.<\/li>\n<\/ul>\n<h3>\ud83d\udcca Bang Leader 85K Spezifikationen<\/h3>\n<table>\n<thead>\n<tr>\n<th align=\"left\">Besonderheit<\/th>\n<th align=\"left\">Einzelheiten<\/th>\n<\/tr>\n<\/thead>\n<tbody>\n<tr>\n<td><strong>Anzahl der Z\u00fcge<\/strong><\/td>\n<td>Bis zu 85.000 Puffs<\/td>\n<\/tr>\n<tr>\n<td><strong>E-Liquid-Kapazit\u00e4t<\/strong><\/td>\n<td>70 mL<\/td>\n<\/tr>\n<tr>\n<td><strong>Geschmackssystem<\/strong><\/td>\n<td>3-in-1-Dreifach-Geschmacksschalter<\/td>\n<\/tr>\n<tr>\n<td><strong>Batterie<\/strong><\/td>\n<td>850mAh (wiederaufladbar)<\/td>\n<\/tr>\n<tr>\n<td><strong>Aufladen<\/strong><\/td>\n<td>Typ-C-Anschluss<\/td>\n<\/tr>\n<tr>\n<td><strong>Spule<\/strong><\/td>\n<td>1,0\u03a9 Netzspule<\/td>\n<\/tr>\n<tr>\n<td><strong>Nikotinst\u00e4rke<\/strong><\/td>\n<td>0% (0mg), 2% (20mg), 3% (30mg), 5% (50mg)<\/td>\n<\/tr>\n<\/tbody>\n<\/table>\n<h3>\ud83c\udf6d Bang Leader 85K Geschmackskombinationen (3 Geschmacksrichtungen pro Ger\u00e4t)<\/h3>\n<p>Jedes Bang Leader-Ger\u00e4t ist mit einem Trio von k\u00f6stlichen Geschmacksrichtungen ausgestattet. W\u00e4hlen Sie Ihre Lieblingsmischung:<\/p>\n<ul>\n<li>\ud83c\udf4c <strong>Mix 1:<\/strong> Bananeneis \/ Erdbeer-Wassermelone \/ Gummib\u00e4rchen<\/li>\n<li>\ud83d\udc09 <strong>Mix 2:<\/strong> Schwarzer Drache Eis \/ Marshmallow \/ Sommertraum<\/li>\n<li>\ud83e\uded0 <strong>Mix 3:<\/strong> Blaubeereis \/ Blauer Raz \/ Duftende Birne<\/li>\n<li>\ud83c\udf4d <strong>Mix 4:<\/strong> Kirsche Cranberry \/ Pfirsich Mango \/ Ananas<\/li>\n<li>\ud83e\udd64 <strong>Mix 5:<\/strong> Cola-Eis \/ Apfel-Pfirsich \/ Pinke Limonade<\/li>\n<li>\ud83e\udd5d <strong>Mix 6:<\/strong> Traubeneis \/ Erdbeer-Kiwi \/ Passionsfrucht-Guave<\/li>\n<li>\ud83d\udc9c <strong>Mix 7:<\/strong> Liebe 666 \/ Heidelbeere-Himbeere \/ Vimto<\/li>\n<li>\ud83c\udf79 <strong>Mix 8:<\/strong> Fruchtmischung \/ Mojito Pfirsich \/ Heidelbeere Himbeere<\/li>\n<li>\ud83c\udf53 <strong>Mix 9:<\/strong> Ananaseis \/ Erdbeer-Red Bull \/ Gemischte Beeren<\/li>\n<li>\ud83c\udf4e <strong>Mix 10:<\/strong> Roter Apfel Eis \/ Himbeere Wassermelone \/ Aloe Traube<\/li>\n<li>\ud83c\udf66 <strong>Mix 11:<\/strong> Red Bull \/ Blaubeer-Wassermelone \/ Erdbeereis<\/li>\n<li>\ud83c\udf4a <strong>Mix 12:<\/strong> Erdbeereis \/ Zitrone-Orange \/ Wassermelone-Kaugummi<\/li>\n<li>\ud83c\udf4c <strong>Mix 13:<\/strong> Erdbeere-Himbeere \/ Schwarze Johannisbeere \/ Erdbeer-Banane<\/li>\n<li>\ud83c\udf52 <strong>Mix 14:<\/strong> Erdbeer-Wassermelone\/Kirsch-Cola\/Erdbeer-Sahne<\/li>\n<li>\ud83e\udd6d <strong>Mix 15:<\/strong> Wassermelone Eis \/ Mango Pfirsich \/ Orange Soda<\/li>\n<\/ul>\n<p><strong>Bang Anf\u00fchrer 85000 Puffs<\/strong> setzt einen neuen Standard f\u00fcr Einwegverdampfer. Er ist perfekt geeignet f\u00fcr <strong>Vielnutzer<\/strong> die Bequemlichkeit ohne Kompromisse w\u00fcnschen und <strong>Geschmacksj\u00e4ger<\/strong> die Abwechslung lieben. F\u00fcr <strong>Einzelh\u00e4ndler und Gro\u00dfh\u00e4ndler<\/strong>, Dieses leistungsstarke Ger\u00e4t mit mehreren Geschmacksrichtungen ist ein Muss f\u00fcr Kunden, die auf der Suche nach dem besten Preis-Leistungs-Verh\u00e4ltnis und der neuesten Technologie sind. Aktualisieren Sie Ihren Bestand noch heute! \ud83d\ude80\ud83d\uded2<\/p>\n<h3>\u2753 H\u00e4ufig gestellte Fragen (FAQ)<\/h3>\n<p><strong>F: Wie schalte ich die Geschmacksrichtungen beim Bang Leader 85K um?<\/strong><br \/>\nA: Das Ger\u00e4t verf\u00fcgt \u00fcber einen einfachen Schaltmechanismus, mit dem Sie zwischen den drei separaten Fl\u00fcssigkeitstanks im Inneren umschalten k\u00f6nnen. \ud83d\udd00<\/p>\n<p><strong>F: Ist der Akku wieder aufladbar?<\/strong><br \/>\nA: Ja! Es wird mit einem 850mAh-Akku geliefert, der einfach mit einem Standard-Typ-C-Ladekabel aufgeladen werden kann. \ud83d\udd0c<\/p>\n<p><strong>F: Ist dieses Produkt f\u00fcr den Gro\u00dfhandelsvertrieb geeignet?<\/strong><br \/>\nA: Auf jeden Fall. Das einzigartige 3-in-1-Verkaufsargument und die hohe Puffzahl machen ihn zu einem sehr attraktiven Produkt f\u00fcr B2B-K\u00e4ufer und Vape-Shops. \ud83c\udfed<\/p>\n<p><strong>F: Wie lange reichen 85.000 Z\u00fcge?<\/strong><br \/>\nA: Mit 70 ml Fl\u00fcssigkeit kann dieses Ger\u00e4t je nach Ihren Nutzungsgewohnheiten mehrere Wochen lang verwendet werden, was es extrem kosteng\u00fcnstig macht. \ud83d\uddd3\ufe0f<\/p>","protected":false},"excerpt":{"rendered":"<p>Massive 85.000 Z\u00fcge, 3-in-1 Geschmacksumschaltung und 70mL Kapazit\u00e4t! Der Bang Leader 85K ist der ultimative, langlebige, wiederaufladbare Verdampfer f\u00fcr Gro\u00dfh\u00e4ndler und Geschmacksj\u00e4ger. \ud83c\udf2c\ufe0f\ud83d\udca8<\/p>","protected":false},"featured_media":39057,"comment_status":"open","ping_status":"closed","template":"","meta":[],"product_brand":[227],"product_cat":[249,231,61],"product_tag":[357,358,359,360,356],"class_list":{"0":"post-38906","1":"product","2":"type-product","3":"status-publish","4":"has-post-thumbnail","6":"product_brand-bang","7":"product_cat-100k-puffs-disposable-vape","8":"product_cat-60000-puffs-disposable-vape","9":"product_cat-bang","10":"product_tag-3-in-1-flavor-vape","11":"product_tag-85000-puffs-disposable","12":"product_tag-bang-leader-85000-puffs","13":"product_tag-bang-vape-wholesale","14":"product_tag-rechargeable-vape","16":"first","17":"instock","18":"shipping-taxable","19":"purchasable","20":"product-type-variable","21":"has-default-attributes"},"jetpack_sharing_enabled":true,"tiered_pricing_type":"fixed","tiered_pricing_fixed_rules":{"30":9.07000000000000028421709430404007434844970703125,"50":7.519999999999999573674358543939888477325439453125,"100":7,"200":6.61000000000000031974423109204508364200592041015625,"400":5.8300000000000000710542735760100185871124267578125},"tiered_pricing_product_settings":{"layout":"default","base_unit_name":{"singular":null,"plural":null},"default_variation":null},"tiered_pricing_minimum_quantity":10,"tiered_pricing_roles_data":[],"tiered_pricing_percentage_rules":[],"tiered_pricing_maximum_quantity":null,"tiered_pricing_quantity_step":"10","_links":{"self":[{"href":"https:\/\/volovape.com\/de\/wp-json\/wp\/v2\/product\/38906","targetHints":{"allow":["GET"]}}],"collection":[{"href":"https:\/\/volovape.com\/de\/wp-json\/wp\/v2\/product"}],"about":[{"href":"https:\/\/volovape.com\/de\/wp-json\/wp\/v2\/types\/product"}],"replies":[{"embeddable":true,"href":"https:\/\/volovape.com\/de\/wp-json\/wp\/v2\/comments?post=38906"}],"wp:featuredmedia":[{"embeddable":true,"href":"https:\/\/volovape.com\/de\/wp-json\/wp\/v2\/media\/39057"}],"wp:attachment":[{"href":"https:\/\/volovape.com\/de\/wp-json\/wp\/v2\/media?parent=38906"}],"wp:term":[{"taxonomy":"product_brand","embeddable":true,"href":"https:\/\/volovape.com\/de\/wp-json\/wp\/v2\/product_brand?post=38906"},{"taxonomy":"product_cat","embeddable":true,"href":"https:\/\/volovape.com\/de\/wp-json\/wp\/v2\/product_cat?post=38906"},{"taxonomy":"product_tag","embeddable":true,"href":"https:\/\/volovape.com\/de\/wp-json\/wp\/v2\/product_tag?post=38906"}],"curies":[{"name":"wp","href":"https:\/\/api.w.org\/{rel}","templated":true}]}}