{"id":38176,"date":"2025-11-03T06:42:06","date_gmt":"2025-11-03T06:42:06","guid":{"rendered":"https:\/\/volovape.com\/?post_type=product&#038;p=38176"},"modified":"2026-04-14T03:07:57","modified_gmt":"2026-04-14T03:07:57","slug":"bang-legend-150k-6-in-1-150000-puffs","status":"publish","type":"product","link":"https:\/\/volovape.com\/de\/product\/bang-legend-150k-6-in-1-150000-puffs\/","title":{"rendered":"Bang Legend 150K 6-in-1 150000 Puffs | multi-flavor smart Einweg vape mit led Bildschirm"},"content":{"rendered":"<h1>Bang Legend 150K 6-Mode 150000 Puffs | multi-flavor smart Einweg vape mit led Bildschirm<\/h1>\n<h2>Warum Bang Legend 150K Puffs w\u00e4hlen?<\/h2>\n<ul>\n<li>\ud83d\ude80 <strong>Massive 150.000 Puff-Kapazit\u00e4t<\/strong> - Einer der am l\u00e4ngsten haltbaren Einweg-Vapes auf dem Markt!<\/li>\n<li>\ud83d\udd25 <strong>6 Geschmacksrichtungen (A, B, C, A+B, A+C, B+C)<\/strong> - Genie\u00dfen Sie endlose Kombinationen und individuelle Geschmackserlebnisse.<\/li>\n<li>\ud83d\udca1 <strong>Intelligenter LED-Bildschirm<\/strong> - Zeigt die Anzahl der Puffs, die Akkulaufzeit und den Geschmacksmodus in Echtzeit an.<\/li>\n<li>\ud83d\udd0b <strong>850mAh wiederaufladbare Batterie<\/strong> - Effizient und zuverl\u00e4ssig, mit Typ-C-Schnellladung f\u00fcr schnelles Aufladen.<\/li>\n<li>\ud83c\udf2c\ufe0f <strong>Mesh-Spulen-Technologie<\/strong> - Erzeugt dichten Dampf und kr\u00e4ftigen Geschmack bei jedem Zug.<\/li>\n<li>\ud83d\udca7 <strong>Dreifach-\u00d6ltank-Design<\/strong> - H\u00e4lt Ihre Aromen frisch und getrennt, bis Sie sie nach Ihren W\u00fcnschen mischen.<\/li>\n<li>\ud83c\udfa8 <strong>12 Geschmackssets verf\u00fcgbar<\/strong> - Eine Geschmackswelt f\u00fcr jede Stimmung und Vorliebe.<\/li>\n<li>\ud83d\udce6 <strong>Gro\u00dfhandelstaugliche Verpackung<\/strong> - 10 St\u00fcck pro Packung, geeignet f\u00fcr Vape-Shops und den Gro\u00dfhandel.<\/li>\n<\/ul>\n<h2>Spezifikationen<\/h2>\n<table border=\"1\" cellpadding=\"6\">\n<tbody>\n<tr>\n<td><strong>Anzahl der Z\u00fcge<\/strong><\/td>\n<td>Bis zu 150.000 Puffs<\/td>\n<\/tr>\n<tr>\n<td><strong>Nikotinst\u00e4rke<\/strong><\/td>\n<td>2% \/ 3% \/ 5%<\/td>\n<\/tr>\n<tr>\n<td><strong>Geschmacksrichtungen<\/strong><\/td>\n<td>A, B, C, A+B, A+C, B+C<\/td>\n<\/tr>\n<tr>\n<td><strong>\u00d6ltank<\/strong><\/td>\n<td>3 unabh\u00e4ngige Tanks<\/td>\n<\/tr>\n<tr>\n<td><strong>Batteriekapazit\u00e4t<\/strong><\/td>\n<td>850mAh Wiederaufladbar<\/td>\n<\/tr>\n<tr>\n<td><strong>Spule<\/strong><\/td>\n<td>Mesh-Spulen-System<\/td>\n<\/tr>\n<tr>\n<td><strong>Anzeige<\/strong><\/td>\n<td>LED-Smart-Bildschirm<\/td>\n<\/tr>\n<tr>\n<td><strong>Ladeanschluss<\/strong><\/td>\n<td>Typ-C-Schnellaufladung<\/td>\n<\/tr>\n<tr>\n<td><strong>Verpackung<\/strong><\/td>\n<td>10 St\u00fcck pro Packung<\/td>\n<\/tr>\n<tr>\n<td><strong>Geschmacksoptionen<\/strong><\/td>\n<td>12 Geschmackskombinationen<\/td>\n<\/tr>\n<\/tbody>\n<\/table>\n<h2>Geschmackserlebnis \ud83c\udf53\ud83c\udf4d\ud83c\udf47<\/h2>\n<p>Der <strong>Bang Legende 150K<\/strong> k\u00f6nnen Sie bis zu zwei verschiedene <strong>6 Geschmacksrichtungen<\/strong> pro Set, die endlose Kombinationen von fruchtigen, eisigen und von S\u00fc\u00dfigkeiten inspirierten Geschmacksrichtungen erm\u00f6glichen! Jede Gruppe bietet ein k\u00f6stliches Trio aus Grundgeschmacksrichtungen und Hybridmischungen.<\/p>\n<ul>\n<li><strong>Satz 1:<\/strong> Pfirsich-Eis, Mango-Pfirsich, Blaubeer-Pfirsich - tropische S\u00fc\u00dfe mit einem frostigen Twist \ud83c\udf51\u2744\ufe0f<\/li>\n<li><strong>Satz 2:<\/strong> Ananas-Eis, Ananas-Kokosnuss, Kiwi-Ananas-Eis - exotische Insel-Vibes \ud83c\udf4d\ud83e\udd65<\/li>\n<li><strong>Satz 3:<\/strong> Grape Ice, Grape Bubble Gum, Raspberry Grapes - saftig-spritzige Bonbonmischung \ud83c\udf47\ud83c\udf6c<\/li>\n<li><strong>Satz 4:<\/strong> Wassermelone Eis, Wassermelone Beeren, Erdbeere Wassermelone - erfrischend und fruchtig \ud83c\udf49\ud83c\udf53<\/li>\n<li><strong>Satz 5:<\/strong> Blaubeereis, Blaubeere-Himbeere, Blaubeere-Cranberry-Kirsche - reichhaltige, s\u00e4uerliche Beerenexplosion \ud83e\uded0\ud83c\udf52<\/li>\n<li><strong>Satz 6:<\/strong> Bananeneis, Erdbeer-Banane, Zitrone-Orange - cremige und zitrusartige Fusion \ud83c\udf4c\ud83c\udf4a<\/li>\n<li><strong>Satz 7:<\/strong> Apfel-Eis, Apfel-Traube, Heidelbeer-Traube - knackige und s\u00fc\u00dfe Obstgarten-Aromen \ud83c\udf4f\ud83c\udf47<\/li>\n<li><strong>Satz 8:<\/strong> Mango-Eis, Pfirsich-Mango-Wassermelone, Gummib\u00e4rchen - tropischer Bonbonzauber \ud83e\udd6d\ud83c\udf49<\/li>\n<li><strong>Satz 9:<\/strong> Kirsch-Eis, gemischte Beeren, rote Cola - nostalgisch und frech \ud83c\udf52\ud83e\udd64<\/li>\n<li><strong>Satz 10:<\/strong> Red Bull, Watermelon Bubble Gum, Love 66 - energetisierende und aromatische Fusion \ud83d\udca5\ud83d\udc9e<\/li>\n<li><strong>Satz 11:<\/strong> Erdbeereis, Erdbeerkiwi, Erdbeer-Litschi - s\u00fc\u00df, saftig und aromatisch \ud83c\udf53\ud83e\udd5d<\/li>\n<li><strong>Satz 12:<\/strong> Passionsfrucht, Guave-Limette, Passions-Zitrone - tropisch-spritzige Perfektion \ud83e\udd6d\ud83c\udf4b<\/li>\n<\/ul>\n<h2>Perfekt f\u00fcr \ud83d\udc51<\/h2>\n<p>\u2705 Starke Dampfer, die lang anhaltende Leistung suchen<br \/>\n\u2705 Vape-Shop-Besitzer auf der Suche nach hochwertigen Produkten mit hoher Gewinnspanne<br \/>\n\u2705 Verteiler, die Abwechslung und visuelle Attraktivit\u00e4t w\u00fcnschen<br \/>\n\u2705 Geschmacksliebhaber, die gerne mischen und neue Kombinationen ausprobieren<\/p>\n<h2>FAQ \u2753.<\/h2>\n<p><strong>F: Wie lange ist die Lebensdauer des Bang Legend 150K?<\/strong><br \/>\nA: Mit bis zu 150.000 Z\u00fcgen h\u00e4lt er wochenlang - selbst bei h\u00e4ufigem Gebrauch.<\/p>\n<p><strong>F: Ist es wiederaufladbar?<\/strong><br \/>\nA: Ja! Ausgestattet mit einer <strong>Typ-C-Anschluss<\/strong> f\u00fcr schnelles, bequemes Aufladen.<\/p>\n<p><strong>F: Wie funktionieren die Geschmacksrichtungen?<\/strong><br \/>\nA: Wechseln Sie einfach zwischen einzelnen oder gemischten Modi (A, B, C, A+B, A+C, B+C) f\u00fcr ein individuelles Geschmackserlebnis.<\/p>\n<p><strong>F: Was wird auf dem LED-Bildschirm angezeigt?<\/strong><br \/>\nA: Sie zeigt die Anzahl der Z\u00fcge, den Batteriestand und den aktiven Geschmacksmodus an - so haben Sie die volle Kontrolle.<\/p>\n<p><strong>F: Kann ich es f\u00fcr Gro\u00dfhandelsauftr\u00e4ge verwenden?<\/strong><br \/>\nA: Auf jeden Fall! Es ist konzipiert f\u00fcr <strong>B2B-Verkauf<\/strong> und wird in 10er-Packungen pro Displaykarton geliefert, ideal f\u00fcr Gesch\u00e4fte und Verteiler.<\/p>\n<h2>Schlussfolgerung \ud83d\ude80<\/h2>\n<p>Der <strong>Bang Legende 150K Puffs<\/strong> ist mehr als ein Einwegger\u00e4t - es ist ein intelligentes, anpassbares Dampferlebnis, das f\u00fcr moderne Benutzer entwickelt wurde. Mit <strong>6 Geschmacksmodi, 3 Tanks, ein Mesh-Spulensystem und ein anschaulicher LED-Bildschirm<\/strong>, Es bietet sowohl Leistung als auch Spannung. Ideal f\u00fcr <strong>Vape-Shops, Heavy-User und Gro\u00dfh\u00e4ndler<\/strong> die Wert auf Langlebigkeit, Geschmack und Innovation legen. \ud83d\udca8\ud83d\udd25<\/p>","protected":false},"excerpt":{"rendered":"<p>\ud83d\udca8 Die <strong>Bang Legende 150K Puffs<\/strong> ist ein wahres Kraftpaket - mit 150.000 Z\u00fcgen, 6 Geschmacksmodi und einer intelligenten LED-Anzeige, die lang anhaltendes Dampfen neu definiert. Perfekt f\u00fcr Vape-Enthusiasten, H\u00e4ndler und Gro\u00dfhandelsk\u00e4ufer, die das Beste an Leistung und Stil verlangen. \u26a1<\/p>","protected":false},"featured_media":38206,"comment_status":"open","ping_status":"closed","template":"","meta":[],"product_brand":[227],"product_cat":[61,249,262,230],"product_tag":[311,312,313,307,314,315],"class_list":{"0":"post-38176","1":"product","2":"type-product","3":"status-publish","4":"has-post-thumbnail","6":"product_brand-bang","7":"product_cat-bang","8":"product_cat-100k-puffs-disposable-vape","9":"product_cat-cheap-rechargeable-disposable-vapes","10":"product_cat-new","11":"product_tag-150000-puffs-vape","12":"product_tag-6-flavor-in-1-vape","13":"product_tag-bang-legend-150k-disposable-vape","14":"product_tag-best-disposable-vapes","15":"product_tag-long-lasting-smart-vape","16":"product_tag-wholesale-rechargeable-vape","18":"first","19":"instock","20":"shipping-taxable","21":"purchasable","22":"product-type-variable","23":"has-default-attributes"},"jetpack_sharing_enabled":true,"tiered_pricing_type":"fixed","tiered_pricing_fixed_rules":{"30":8.8900000000000005684341886080801486968994140625,"50":7.160000000000000142108547152020037174224853515625,"100":6.54000000000000003552713678800500929355621337890625,"200":5.9900000000000002131628207280300557613372802734375,"400":5.42999999999999971578290569595992565155029296875},"tiered_pricing_product_settings":{"layout":"default","base_unit_name":{"singular":null,"plural":null},"default_variation":null},"tiered_pricing_minimum_quantity":10,"tiered_pricing_roles_data":[],"tiered_pricing_percentage_rules":[],"tiered_pricing_maximum_quantity":null,"tiered_pricing_quantity_step":"10","_links":{"self":[{"href":"https:\/\/volovape.com\/de\/wp-json\/wp\/v2\/product\/38176","targetHints":{"allow":["GET"]}}],"collection":[{"href":"https:\/\/volovape.com\/de\/wp-json\/wp\/v2\/product"}],"about":[{"href":"https:\/\/volovape.com\/de\/wp-json\/wp\/v2\/types\/product"}],"replies":[{"embeddable":true,"href":"https:\/\/volovape.com\/de\/wp-json\/wp\/v2\/comments?post=38176"}],"wp:featuredmedia":[{"embeddable":true,"href":"https:\/\/volovape.com\/de\/wp-json\/wp\/v2\/media\/38206"}],"wp:attachment":[{"href":"https:\/\/volovape.com\/de\/wp-json\/wp\/v2\/media?parent=38176"}],"wp:term":[{"taxonomy":"product_brand","embeddable":true,"href":"https:\/\/volovape.com\/de\/wp-json\/wp\/v2\/product_brand?post=38176"},{"taxonomy":"product_cat","embeddable":true,"href":"https:\/\/volovape.com\/de\/wp-json\/wp\/v2\/product_cat?post=38176"},{"taxonomy":"product_tag","embeddable":true,"href":"https:\/\/volovape.com\/de\/wp-json\/wp\/v2\/product_tag?post=38176"}],"curies":[{"name":"wp","href":"https:\/\/api.w.org\/{rel}","templated":true}]}}