{"id":37807,"date":"2025-10-16T07:40:46","date_gmt":"2025-10-16T07:40:46","guid":{"rendered":"https:\/\/volovape.com\/?post_type=product&#038;p=37807"},"modified":"2026-04-15T03:46:09","modified_gmt":"2026-04-15T03:46:09","slug":"fihp-120k-6-in-1-120000-puffs-fuhrte-bildschirm-multi-geschmack-64ml-hohe-puff-zahlen-bulk-einweg-vape","status":"publish","type":"product","link":"https:\/\/volovape.com\/de\/product\/fihp-120k-6-in-1-120000-puffs-led-screen-multi-flavor-64ml-high-puff-count-bulk-disposable-vape\/","title":{"rendered":"FiHP 120000 6-in-1 120000 Puffs | f\u00fchrte Bildschirm Bulk Einweg vape"},"content":{"rendered":"<h2>FiHP 120000 6-in-1 120000 Puffs | f\u00fchrte Bildschirm Bulk Einweg vape<\/h2>\n<p>Der FiHP 120000 6-in-1 Einwegdampfer ist f\u00fcr lang anhaltende Leistung und Gro\u00dfhandelstauglichkeit konzipiert. Mit einer gro\u00dfen <strong>64 mL<\/strong> E-Liquid-Beh\u00e4lter und einem <strong>650 mAh<\/strong> Akku (USB Typ-C) unterst\u00fctzt dieses Ger\u00e4t l\u00e4ngere Vaping-Sessions und einfaches Aufladen. Die integrierte <strong>LED-Bildschirm<\/strong> zeigt Batterie- und Nutzungsinformationen an, w\u00e4hrend die <strong>Doppel-Mesh-Spule<\/strong> sorgt f\u00fcr gleichbleibenden Geschmack und Dampf. Wechseln Sie nahtlos zwischen sechs vorinstallierten Aromen in einem kompakten Ger\u00e4t.<\/p>\n<h3>Warum FiHP 120000 6-in-1 120000 Puffs w\u00e4hlen?<\/h3>\n<ul>\n<li>\ud83d\udca8 <strong>Ultra-lange Lebensdauer:<\/strong> Bis zu 120.000 Z\u00fcge pro Ger\u00e4t - ideal f\u00fcr Vielnutzer und langfristige Attraktivit\u00e4t im Einzelhandel.<\/li>\n<li>\ud83d\udd01 <strong>6-in-1-Multigeschmack:<\/strong> Umschaltbare sechs Geschmacksrichtungen in einem einzigen Ger\u00e4t - spart Platz im Regal und erh\u00f6ht die Auswahl f\u00fcr den Kunden.<\/li>\n<li>\ud83d\udcca <strong>LED-Bildschirm:<\/strong> Echtzeit-Akku- und Nutzungsfeedback f\u00fcr ein besseres Nutzererlebnis.<\/li>\n<li>\u26a1 <strong>Wiederaufladbar:<\/strong> 650-mAh-Akku mit Typ-C-Schnellladung f\u00fcr mehr Komfort.<\/li>\n<li>\ud83d\udd25 <strong>Doppelmaschige Spule:<\/strong> Schnelleres Erhitzen und reichhaltigere Geschmacksabgabe.<\/li>\n<li>\ud83d\udce6 <strong>Gro\u00dfhandel bereit:<\/strong> 10 St\u00fcck pro Box - optimiert f\u00fcr H\u00e4ndler und Vape-Shops.<\/li>\n<\/ul>\n<h3>Spezifikationen<\/h3>\n<table>\n<tbody>\n<tr>\n<th>Besonderheit<\/th>\n<th>Spezifikation<\/th>\n<\/tr>\n<tr>\n<td>Modell<\/td>\n<td>FiHP 120000 6in1 Mehrere Geschmacksrichtungen<\/td>\n<\/tr>\n<tr>\n<td>Besonderheit<\/td>\n<td>Mit LED-Bildschirm, bietet 6 Geschmacksrichtungen<\/td>\n<\/tr>\n<tr>\n<td>Z\u00fcge<\/td>\n<td>120000 PUFFS<\/td>\n<\/tr>\n<tr>\n<td>Fl\u00fcssigkeitsvolumen<\/td>\n<td>64 mL<\/td>\n<\/tr>\n<tr>\n<td>Schnittstelle zum Laden<\/td>\n<td>Typ-C<\/td>\n<\/tr>\n<tr>\n<td>Kapazit\u00e4t der Batterie<\/td>\n<td>650 mAh (wiederaufladbar)<\/td>\n<\/tr>\n<tr>\n<td>Typ der Spule<\/td>\n<td>Doppelte Mesh-Spule<\/td>\n<\/tr>\n<tr>\n<td>Nikotin<\/td>\n<td>2% \/ 5%<\/td>\n<\/tr>\n<tr>\n<td>Verpackung<\/td>\n<td>10 St\u00fcck \/ Schachtel<\/td>\n<\/tr>\n<\/tbody>\n<\/table>\n<h3>Geschmacksrichtungen (6 Gruppen)<\/h3>\n<ul>\n<li><strong>Gruppe 01:<\/strong> Wassermelonen-Eis, Heidelbeer-Eis, Red Bull, Erdbeer-Kiwi, Zitrone-Limette, Erdbeer-Wassermelone.<\/li>\n<li><strong>Gruppe 02:<\/strong> Erdbeer-Banane, Doppelter Apfel, Himbeer-Wassermelone, Saure Mango-Ananas, Tropische Fr\u00fcchte, Zitrone-Pfirsich.<\/li>\n<li><strong>Gruppe 03:<\/strong> Ananas-Kokos, Blue Razz, Mixed Berries, Mango-Pfirsich, Blaubeere-Himbeere, Erdbeer-Vanille-Cola.<\/li>\n<li><strong>Gruppe 04:<\/strong> Grape Ice, Black Dragon Ice, Fizzy Cherry Ice, Peach Berry, Triple Melon, Gummib\u00e4rchen.<\/li>\n<li><strong>Gruppe 05:<\/strong> Cherry Cola Ice, Mango Ice, Peach Ice, Rainbow Candy, Love 666, Blueberry Cotton Candy.<\/li>\n<li><strong>Gruppe 06:<\/strong> Aloe Lychee Ice, Glacier Ice, Black Currant Ice, Pink Lemon, Pine Needle Mint, Watermelon Lemon.<\/li>\n<\/ul>\n<p>Der FiHP 120000 6-in-1 ist perfekt f\u00fcr Vielraucher, Liebhaber von Aromen, Vape-Shops und den Gro\u00dfhandel. Seine Kombination aus 120.000 Z\u00fcgen, sechs Geschmacksrichtungen, LED-Feedback und wiederaufladbarem Akku macht ihn zu einem zuverl\u00e4ssigen Bestseller f\u00fcr die europ\u00e4ischen M\u00e4rkte. \ud83d\ude9a\ud83c\udfea<\/p>\n<h3>H\u00e4ufig gestellte Fragen<\/h3>\n<ul>\n<li><strong>Q:<\/strong> Wie viele Z\u00fcge pro Ger\u00e4t? <strong>A:<\/strong> 120.000 Z\u00fcge.<\/li>\n<li><strong>Q:<\/strong> Ist es wiederaufladbar? <strong>A:<\/strong> Ja - 650-mAh-Akku mit USB-Typ-C-Aufladung.<\/li>\n<li><strong>Q:<\/strong> Wie wechseln die Benutzer die Geschmacksrichtungen? <strong>A:<\/strong> Das Ger\u00e4t verf\u00fcgt \u00fcber ein 6-in-1-Aromasystem, mit dem der Benutzer zwischen sechs vorinstallierten Geschmacksrichtungen w\u00e4hlen kann.<\/li>\n<li><strong>Q:<\/strong> Welche Nikotinst\u00e4rken gibt es? <strong>A:<\/strong> 2% und 5% Nikotinsalzoptionen.<\/li>\n<li><strong>Q:<\/strong> Verpackungsdetails? <strong>A:<\/strong> 10 St\u00fcck pro Karton - ideal f\u00fcr den Gro\u00df- und Einzelhandel.<\/li>\n<\/ul>\n<p><img data-recalc-dims=\"1\" decoding=\"async\" style=\"max-width: 100%; height: auto; display: block; margin: 0 auto;\" src=\"https:\/\/i0.wp.com\/volovape.com\/wp-content\/uploads\/2025\/10\/Y76-10013.jpg?ssl=1\" alt=\"FiHP 120000 6-in-1 \" title=\"\"><\/p>","protected":false},"excerpt":{"rendered":"<p>FiHP 120K 6-in-1 liefert bis zu <strong>120.000 Z\u00fcge<\/strong> mit einer intelligenten <strong>LED-Bildschirm<\/strong> und sechs umschaltbare Geschmacksrichtungen - entwickelt f\u00fcr H\u00e4ndler und Verbraucher mit hohem Bedarf. \ud83d\udcbc\ud83d\udca8<\/p>","protected":false},"featured_media":37836,"comment_status":"open","ping_status":"closed","template":"","meta":[],"product_brand":[238],"product_cat":[46,249,231,230],"product_tag":[250,251,252,253,254,255,256,257,258,259,260],"class_list":{"0":"post-37807","1":"product","2":"type-product","3":"status-publish","4":"has-post-thumbnail","6":"product_brand-fihp","7":"product_cat-fihp","8":"product_cat-100k-puffs-disposable-vape","9":"product_cat-60000-puffs-disposable-vape","10":"product_cat-new","11":"product_tag-120000-puffs-vape","12":"product_tag-6-in-1-flavor-vape","13":"product_tag-bulk-vape-wholesale-eu","14":"product_tag-dual-mesh-coil-vape","15":"product_tag-fihp-120k","16":"product_tag-high-puff-count-disposable-vape","17":"product_tag-led-screen-vape","18":"product_tag-long-lasting-vape-europe","19":"product_tag-multi-flavor-disposable-vape","20":"product_tag-rechargeable-disposable-vape","21":"product_tag-smart-display-vape","23":"first","24":"instock","25":"shipping-taxable","26":"purchasable","27":"product-type-variable","28":"has-default-attributes"},"jetpack_sharing_enabled":true,"tiered_pricing_type":"fixed","tiered_pricing_fixed_rules":[],"tiered_pricing_product_settings":{"layout":"default","base_unit_name":{"singular":null,"plural":null},"default_variation":null},"tiered_pricing_minimum_quantity":1000,"tiered_pricing_roles_data":[],"tiered_pricing_percentage_rules":[],"tiered_pricing_maximum_quantity":null,"tiered_pricing_quantity_step":"10","_links":{"self":[{"href":"https:\/\/volovape.com\/de\/wp-json\/wp\/v2\/product\/37807","targetHints":{"allow":["GET"]}}],"collection":[{"href":"https:\/\/volovape.com\/de\/wp-json\/wp\/v2\/product"}],"about":[{"href":"https:\/\/volovape.com\/de\/wp-json\/wp\/v2\/types\/product"}],"replies":[{"embeddable":true,"href":"https:\/\/volovape.com\/de\/wp-json\/wp\/v2\/comments?post=37807"}],"wp:featuredmedia":[{"embeddable":true,"href":"https:\/\/volovape.com\/de\/wp-json\/wp\/v2\/media\/37836"}],"wp:attachment":[{"href":"https:\/\/volovape.com\/de\/wp-json\/wp\/v2\/media?parent=37807"}],"wp:term":[{"taxonomy":"product_brand","embeddable":true,"href":"https:\/\/volovape.com\/de\/wp-json\/wp\/v2\/product_brand?post=37807"},{"taxonomy":"product_cat","embeddable":true,"href":"https:\/\/volovape.com\/de\/wp-json\/wp\/v2\/product_cat?post=37807"},{"taxonomy":"product_tag","embeddable":true,"href":"https:\/\/volovape.com\/de\/wp-json\/wp\/v2\/product_tag?post=37807"}],"curies":[{"name":"wp","href":"https:\/\/api.w.org\/{rel}","templated":true}]}}