{"id":37430,"date":"2025-09-11T09:48:26","date_gmt":"2025-09-11T09:48:26","guid":{"rendered":"https:\/\/volovape.com\/?post_type=product&#038;p=37430"},"modified":"2026-04-14T05:51:31","modified_gmt":"2026-04-14T05:51:31","slug":"bang-legende-120k-5-in-1-120000-zuge-multi-geschmack-einstellbar-bulk-einweg-vape","status":"publish","type":"product","link":"https:\/\/volovape.com\/de\/product\/bang-legend-120k-5-in-1-120000-puffs-multi-flavor-adjustable-bulk-disposable-vape\/","title":{"rendered":"Bang Legend 120K 5-in-1 | 120.000 Puffs Mega-Wegwerfdampfer mit 5 Geschmacksrichtungen"},"content":{"rendered":"<h2>Warum sollten Sie sich f\u00fcr Bang Legend 120K 5-in-1 entscheiden?<\/h2>\n<ul>\n<li>\ud83d\udd25 Massiv <strong>120.000 Z\u00fcge<\/strong> pro Ger\u00e4t - gebaut f\u00fcr Gro\u00dfverbraucher und H\u00e4ndler.<\/li>\n<li>\ud83c\udf08 <strong>5-in-1-Geschmacksrichtungen<\/strong> mit umschaltbarem Geschmack f\u00fcr endlose Vielfalt.<\/li>\n<li>\ud83d\udd0b <strong>850mAh wiederaufladbarer Akku<\/strong> mit Typ-C-Schnellladung.<\/li>\n<li>\ud83d\udcca <strong>LED-Bildschirm<\/strong> zeigt die Anzahl der Puffs, die Batterielebensdauer und den Geschmacksmodus an.<\/li>\n<li>\ud83d\udc8e Sanfter und reichhaltiger Dampf mit <strong>5 Maschenspulen<\/strong> f\u00fcr ultimative Zufriedenheit.<\/li>\n<li>\ud83d\udce6 Sch\u00fcttgutfreundliche Verpackung: <strong>10 St\u00fcck pro Packung<\/strong>perfekt f\u00fcr Gesch\u00e4fte und Gro\u00dfhandel.<\/li>\n<\/ul>\n<h2>Spezifikationen<\/h2>\n<table border=\"1\" cellpadding=\"5\">\n<tbody>\n<tr>\n<td><strong>Nikotinst\u00e4rke<\/strong><\/td>\n<td>2% \/ 3% \/ 5%<\/td>\n<\/tr>\n<tr>\n<td><strong>Anzahl der Z\u00fcge<\/strong><\/td>\n<td>Bis zu 120.000<\/td>\n<\/tr>\n<tr>\n<td><strong>Geschmacksrichtungen<\/strong><\/td>\n<td>5 einstellbare Geschmacksrichtungen<\/td>\n<\/tr>\n<tr>\n<td><strong>\u00d6ltank<\/strong><\/td>\n<td>5 Tanks<\/td>\n<\/tr>\n<tr>\n<td><strong>Batterie<\/strong><\/td>\n<td>850mAh wiederaufladbar<\/td>\n<\/tr>\n<tr>\n<td><strong>Spule<\/strong><\/td>\n<td>5 Maschenspulen<\/td>\n<\/tr>\n<tr>\n<td><strong>LED-Bildschirm<\/strong><\/td>\n<td>Ja (Batterie, Puffanzahl, Geschmacksmodus)<\/td>\n<\/tr>\n<tr>\n<td><strong>Ladeanschluss<\/strong><\/td>\n<td>Typ-C<\/td>\n<\/tr>\n<tr>\n<td><strong>Verpackung<\/strong><\/td>\n<td>10 St\u00fcck\/Packung<\/td>\n<\/tr>\n<\/tbody>\n<\/table>\n<h2>Geschmacksrichtungen<\/h2>\n<p>\ud83c\udf89 Mit <strong>12 Sets mit verschiedenen Geschmacksrichtungen<\/strong>Der Bang Legend 120K 5-in-1 bietet f\u00fcr jeden etwas:<\/p>\n<ol>\n<li>\u26a1 Energy Drink - Heidelbeere-Kirsche - Apfel-Traube - Wassermelone-Drachenfrucht - Mamba<\/li>\n<li>\ud83c\udf51 Energy Drink - Pfirsich Ice - Mango Ice - Cranberry Grape - Blackcurrant<\/li>\n<li>\ud83e\udd64 Heidelbeere Himbeere - Pfirsich Mango Wassermelone - Kirsche Cola - Traube Brombeere Eis - Mango Pfirsich Aprikose<\/li>\n<li>\ud83c\udf6c Heidelbeere-Himbeere - Black Dragon Ice - Rainbow Candy - Fuji Ice - Wassermelone-Sauerpfirsich<\/li>\n<li>\ud83e\udd6d Heidelbeere Eis - Kiwi Passionsfrucht Guave - Dreifach Melone - Pfirsich Ananas - Leidenschaftlicher Kuss<\/li>\n<li>\ud83c\udf4f Heidelbeere Eis - Wassermelone Bubble Gum - Saurer Apfel Himbeere - Lotusfrucht Mango Melone - Passionsfrucht Kiwi Limette<\/li>\n<li>\ud83c\udf47 Wassermeloneneis - Gemischte Beeren - Apfel-Birne - Heidelbeer-Minze - Sommerzeit<\/li>\n<li>\ud83c\udf53 Wassermelonen-Eis - Erdbeer-Mango - Kalifornische Kirsche - Heidelbeer-Pfirsich-Eis - Berry Cool<\/li>\n<li>\ud83c\udf52 Erdbeer-Wassermelone - Traubeneis - Roter Mojito - Bananeneis - Zitrone-Limette<\/li>\n<li>\ud83e\udd5d Erdbeer-Wassermelone - Cantaloupe-Apfel - Cola-Eis - Mango-Pfirsich - Liebe 66<\/li>\n<li>\ud83c\udf4c Erdbeer-Kiwi - Erdbeer-Banane - Litchi-Eis - Wassermelone-Beere - Passionsfrucht-Mango<\/li>\n<li>\ud83c\udf6d Erdbeer-Kiwi - Blaubeer-Wassermelone - B\u00e4rchen-Karamell - Blaubeer-Kaugummi - Saure Mango-Ananas<\/li>\n<\/ol>\n<p>\ud83d\udc49 Insgesamt 60 Aromen in 12 Sets, die sowohl f\u00fcr Naschkatzen als auch f\u00fcr Liebhaber kr\u00e4ftiger Aromen geeignet sind.<\/p>\n<h2>H\u00e4ufig gestellte Fragen<\/h2>\n<p><strong>F: Wie lange h\u00e4lt die Bang Legend 120K?<\/strong><br \/>\nA: Mit bis zu 120.000 Z\u00fcgen kann ein Ger\u00e4t Dutzende von normalen Einwegprodukten \u00fcberdauern.<\/p>\n<p><strong>F: Ist es wiederaufladbar?<\/strong><br \/>\nA: \u2705 Ja, es wird mit einer <strong>850mAh wiederaufladbarer Akku<\/strong> und Typ-C-Ladeanschluss.<\/p>\n<p><strong>F: Kann ich die Geschmacksrichtungen wechseln?<\/strong><br \/>\nA: Auf jeden Fall! Die <strong>5-in-1-System<\/strong> erm\u00f6glicht es Ihnen, jederzeit zwischen f\u00fcnf vorinstallierten Tanks zu wechseln.<\/p>\n<p><strong>F: F\u00fcr wen ist dieses Produkt am besten geeignet?<\/strong><br \/>\nA: Perfekt f\u00fcr <em>starke Raucher<\/em>, <em>Geschmacksliebhaber<\/em>, <em>Vape-Shops<\/em>, Und <em>Gro\u00dfhandelsunternehmen<\/em>.<\/p>\n<p>\ud83d\ude80 <strong>Bang Legende 120K 5-in-1<\/strong> ist der ultimative Einweg-Dampfer - langlebig, vielseitig und voller Geschmacksvielfalt. Egal, ob Sie einen Vape-Shop beliefern, im Gro\u00dfhandel einkaufen oder ein Ger\u00e4t mit hoher Kapazit\u00e4t f\u00fcr den pers\u00f6nlichen Gebrauch suchen, dieses Kraftpaket ist wie f\u00fcr Sie gemacht. \ud83d\udca8<\/p>","protected":false},"excerpt":{"rendered":"<p>\u26a1 Leistungsstarker Einweg-Vape mit bis zu 120.000 Z\u00fcgen, 5 einstellbaren Geschmacksrichtungen und LED-Bildschirm - perfekt f\u00fcr Gro\u00dfabnehmer und Vape-Liebhaber. \ud83d\udca8<\/p>","protected":false},"featured_media":37468,"comment_status":"open","ping_status":"closed","template":"","meta":[],"product_brand":[227],"product_cat":[249,61,230],"product_tag":[],"class_list":{"0":"post-37430","1":"product","2":"type-product","3":"status-publish","4":"has-post-thumbnail","6":"product_brand-bang","7":"product_cat-100k-puffs-disposable-vape","8":"product_cat-bang","9":"product_cat-new","11":"first","12":"instock","13":"shipping-taxable","14":"purchasable","15":"product-type-variable","16":"has-default-attributes"},"jetpack_sharing_enabled":true,"tiered_pricing_type":"fixed","tiered_pricing_fixed_rules":{"30":11.300000000000000710542735760100185871124267578125,"50":8.269999999999999573674358543939888477325439453125,"100":8.019999999999999573674358543939888477325439453125,"200":7.410000000000000142108547152020037174224853515625,"400":7.04000000000000003552713678800500929355621337890625},"tiered_pricing_product_settings":{"layout":"default","base_unit_name":{"singular":null,"plural":null},"default_variation":null},"tiered_pricing_minimum_quantity":10,"tiered_pricing_roles_data":[],"tiered_pricing_percentage_rules":[],"tiered_pricing_maximum_quantity":null,"tiered_pricing_quantity_step":"10","_links":{"self":[{"href":"https:\/\/volovape.com\/de\/wp-json\/wp\/v2\/product\/37430","targetHints":{"allow":["GET"]}}],"collection":[{"href":"https:\/\/volovape.com\/de\/wp-json\/wp\/v2\/product"}],"about":[{"href":"https:\/\/volovape.com\/de\/wp-json\/wp\/v2\/types\/product"}],"replies":[{"embeddable":true,"href":"https:\/\/volovape.com\/de\/wp-json\/wp\/v2\/comments?post=37430"}],"wp:featuredmedia":[{"embeddable":true,"href":"https:\/\/volovape.com\/de\/wp-json\/wp\/v2\/media\/37468"}],"wp:attachment":[{"href":"https:\/\/volovape.com\/de\/wp-json\/wp\/v2\/media?parent=37430"}],"wp:term":[{"taxonomy":"product_brand","embeddable":true,"href":"https:\/\/volovape.com\/de\/wp-json\/wp\/v2\/product_brand?post=37430"},{"taxonomy":"product_cat","embeddable":true,"href":"https:\/\/volovape.com\/de\/wp-json\/wp\/v2\/product_cat?post=37430"},{"taxonomy":"product_tag","embeddable":true,"href":"https:\/\/volovape.com\/de\/wp-json\/wp\/v2\/product_tag?post=37430"}],"curies":[{"name":"wp","href":"https:\/\/api.w.org\/{rel}","templated":true}]}}