{"id":357,"date":"2024-11-21T03:29:21","date_gmt":"2024-11-21T03:29:21","guid":{"rendered":"https:\/\/volovape.com\/?post_type=product&#038;p=357"},"modified":"2025-08-06T08:04:15","modified_gmt":"2025-08-06T08:04:15","slug":"mrvi-drache-13-000-zuge","status":"publish","type":"product","link":"https:\/\/volovape.com\/de\/product\/mrvi-dragon-13000-puffs\/","title":{"rendered":"MRVI Dragon 13000 Puffs Einweg Vape - Dual Mesh, Dual-Modus, wiederaufladbar"},"content":{"rendered":"<p><strong>MRVI Dragon 13000 Puffs Einweg Vape<\/strong> - Anpassbares Dual Mode Vaping mit Dual Mesh Precision.<\/p>\n<p>Der <strong>MRVI Drache 13000<\/strong> Einwegdampfer bietet mit seiner Dual-Mode-Funktionalit\u00e4t und der Dual-Mesh-Coil-Technologie ein individuelles Dampferlebnis. Genie\u00dfen Sie bis zu <strong>13.000 Z\u00fcge<\/strong> mit einem gro\u00dfz\u00fcgigen <strong>20ml e-Fl\u00fcssigkeitsbeh\u00e4lter<\/strong> und ein <strong>650mAh wiederaufladbare Batterie<\/strong>. Die <strong>fortschrittliche Dual-Mesh-Spulen<\/strong> sorgen f\u00fcr gleichm\u00e4\u00dfig weichen, reichhaltigen und geschmackvollen Dampf. Wechseln Sie zwischen <strong>Regul\u00e4rer Modus<\/strong> f\u00fcr eine konsistente Ausgabe und <strong>Impuls-Modus<\/strong> f\u00fcr ein noch intensiveres Dampferlebnis. W\u00e4hlen Sie zwischen <strong>2% und 5% Nikotinst\u00e4rke<\/strong> nach Ihren Vorlieben. Mit <strong>10 k\u00f6stliche Geschmacksvarianten<\/strong>Der MRVI Dragon 13000 ist ideal f\u00fcr <strong>Einweg-Vape-Gro\u00dfhandel<\/strong>, <strong>Gro\u00dfauftr\u00e4ge<\/strong>, oder <strong>pers\u00f6nlicher Gebrauch<\/strong>.<\/p>\n<h3><strong>MRVI Dragon 13000 Merkmale:<\/strong><\/h3>\n<ul>\n<li>Puffs: Bis zu 13.000 Puffs<\/li>\n<li>E-Fl\u00fcssigkeit Kapazit\u00e4t: 20mL<\/li>\n<li>Akku: 650mAh (wiederaufladbar)<\/li>\n<li>Aufladen: Typ-C<\/li>\n<li>Spule: Dual Mesh Spulen<\/li>\n<li>Modi: Regul\u00e4rer Modus, Impulsmodus<\/li>\n<li>Nikotinst\u00e4rken: 2%, 5%<\/li>\n<li>Geschmacksrichtungen: 10 einzigartige Optionen<\/li>\n<li>Einwegger\u00e4t<\/li>\n<\/ul>\n<h4>H\u00e4ufig gestellte Fragen<\/h4>\n<h5>Wie verbessern die beiden Vaping-Modi das Nutzererlebnis?<\/h5>\n<p>Die Dual-Mode-Funktionalit\u00e4t erm\u00f6glicht es dem Nutzer, sein Dampferlebnis individuell zu gestalten. Der regul\u00e4re Modus bietet eine gleichm\u00e4\u00dfige Leistung f\u00fcr sanftes, gleichm\u00e4\u00dfiges Dampfen, w\u00e4hrend der Pulsmodus einen intensiveren Zug f\u00fcr diejenigen liefert, die ein st\u00e4rkeres Erlebnis suchen. Diese Vielseitigkeit kommt den unterschiedlichen Vorlieben entgegen.<\/p>\n<h5>Welche Versandmethoden werden verwendet?<\/h5>\n<p>Wir arbeiten mit zuverl\u00e4ssigen Transportunternehmen wie UPS, DHL, FedEx und DPD zusammen, um sicherzustellen, dass Ihre Bestellung schnell und sicher zugestellt wird. Die effizienteste Versandmethode wird auf der Grundlage Ihres Standorts ausgew\u00e4hlt, um die Geschwindigkeit und Zuverl\u00e4ssigkeit der Lieferung zu optimieren.<\/p>\n<h5>Wie lange dauert es, bis meine Bestellung ankommt?<\/h5>\n<p>Die Lieferzeit betr\u00e4gt in der Regel 7-15 Arbeitstage. Bitte rechnen Sie jedoch mit bis zu 20 Arbeitstagen w\u00e4hrend der Feiertage oder bei ung\u00fcnstigen Witterungsbedingungen, die zu leichten Verz\u00f6gerungen beim Versand f\u00fchren k\u00f6nnen.<\/p>\n<h5>Werde ich mit Zollproblemen oder zus\u00e4tzlichen Geb\u00fchren konfrontiert?<\/h5>\n<p>Wir k\u00fcmmern uns um alle Zollabfertigungsverfahren und garantieren so einen reibungslosen und problemlosen Ablauf. F\u00fcr Sie fallen keine zus\u00e4tzlichen Steuern oder Geb\u00fchren an. Wir stellen sicher, dass 100% unserer Produkte erfolgreich verzollt werden.<\/p>\n<h5>Ist der Einkauf auf Ihrer Website sicher und zuverl\u00e4ssig?<\/h5>\n<p>Ja, wir bieten sichere PayPal-Transaktionen mit K\u00e4uferschutz. Sie k\u00f6nnen sich auch von unserer Zuverl\u00e4ssigkeit \u00fcberzeugen, indem Sie die Bewertungen unserer Kunden auf <a href=\"https:\/\/www.trustpilot.com\/review\/volovape.com?utm_medium=trustbox&amp;utm_source=TrustBoxReviewCollector\">VertrauensPilot<\/a>wo Sie Erfahrungsberichte von zufriedenen Kunden finden.<\/p>","protected":false},"excerpt":{"rendered":"<p>Entfesseln Sie anpassbares Dampfen mit dem MRVI Dragon 13000 Puffs. Dual-Mesh, Dual-Modus, 20ml, wiederaufladbar. Ideal f\u00fcr pers\u00f6nliche oder Gro\u00dfhandel, bietet \u00fcberlegenen Geschmack und Flexibilit\u00e4t.<\/p>","protected":false},"featured_media":435,"comment_status":"open","ping_status":"closed","template":"","meta":[],"product_brand":[],"product_cat":[55,56,21,18,39,20,23,24,22,25,26,27,28,29,30,31,32,33,34,35,36,40],"product_tag":[],"class_list":{"0":"post-357","1":"product","2":"type-product","3":"status-publish","4":"has-post-thumbnail","6":"product_cat-mrvi","7":"product_cat-14000-puffs-disposable-vape","8":"product_cat-big-puffs-vapes","9":"product_cat-different-puffs-of-disposable-vapes","10":"product_cat-digital-box-vapes","11":"product_cat-disposable-vape-types","12":"product_cat-disposable-vapes-in-austria","13":"product_cat-disposable-vapes-in-belgium","14":"product_cat-disposable-vapes-in-europe","15":"product_cat-disposable-vapes-in-france","16":"product_cat-disposable-vapes-in-germany","17":"product_cat-disposable-vapes-in-hungary","18":"product_cat-disposable-vapes-in-ltaly","19":"product_cat-disposable-vapes-in-netherlands","20":"product_cat-disposable-vapes-in-norway","21":"product_cat-disposable-vapes-in-poland","22":"product_cat-disposable-vapes-in-portugal","23":"product_cat-disposable-vapes-in-spain","24":"product_cat-disposable-vapes-in-sweden","25":"product_cat-disposable-vapes-in-switzerland","26":"product_cat-rechargeable-vapes","27":"product_cat-smart-screen-vapes","29":"first","30":"instock","31":"shipping-taxable","32":"purchasable","33":"product-type-variable","34":"has-default-attributes"},"jetpack_sharing_enabled":true,"tiered_pricing_type":"fixed","tiered_pricing_fixed_rules":{"2000":5.9900000000000002131628207280300557613372802734375},"tiered_pricing_product_settings":{"layout":"default","base_unit_name":{"singular":null,"plural":null},"default_variation":null},"tiered_pricing_minimum_quantity":1000,"tiered_pricing_roles_data":[],"tiered_pricing_percentage_rules":[],"tiered_pricing_maximum_quantity":null,"tiered_pricing_quantity_step":"10","_links":{"self":[{"href":"https:\/\/volovape.com\/de\/wp-json\/wp\/v2\/product\/357","targetHints":{"allow":["GET"]}}],"collection":[{"href":"https:\/\/volovape.com\/de\/wp-json\/wp\/v2\/product"}],"about":[{"href":"https:\/\/volovape.com\/de\/wp-json\/wp\/v2\/types\/product"}],"replies":[{"embeddable":true,"href":"https:\/\/volovape.com\/de\/wp-json\/wp\/v2\/comments?post=357"}],"wp:featuredmedia":[{"embeddable":true,"href":"https:\/\/volovape.com\/de\/wp-json\/wp\/v2\/media\/435"}],"wp:attachment":[{"href":"https:\/\/volovape.com\/de\/wp-json\/wp\/v2\/media?parent=357"}],"wp:term":[{"taxonomy":"product_brand","embeddable":true,"href":"https:\/\/volovape.com\/de\/wp-json\/wp\/v2\/product_brand?post=357"},{"taxonomy":"product_cat","embeddable":true,"href":"https:\/\/volovape.com\/de\/wp-json\/wp\/v2\/product_cat?post=357"},{"taxonomy":"product_tag","embeddable":true,"href":"https:\/\/volovape.com\/de\/wp-json\/wp\/v2\/product_tag?post=357"}],"curies":[{"name":"wp","href":"https:\/\/api.w.org\/{rel}","templated":true}]}}