{"id":35613,"date":"2025-08-16T11:41:34","date_gmt":"2025-08-16T11:41:34","guid":{"rendered":"https:\/\/volovape.com\/?post_type=product&#038;p=35613"},"modified":"2026-04-14T05:57:10","modified_gmt":"2026-04-14T05:57:10","slug":"bang-king-zwillinge-50000","status":"publish","type":"product","link":"https:\/\/volovape.com\/de\/product\/bang-king-twins-50000\/","title":{"rendered":"Bang King Twins 50000 Puffs | Dual Flavor LED-Anzeige Einweg-Vape Gro\u00dfhandel"},"content":{"rendered":"<h2>Bang King Twins 50000 Puffs - \u00dcbersicht &amp; Eigenschaften<\/h2>\n<p>Machen Sie sich bereit f\u00fcr ein au\u00dfergew\u00f6hnliches Dampferlebnis mit dem <strong>Bang K\u00f6nigliche Zwillinge 50000 Puffs<\/strong> Einweg-Dampfger\u00e4t! Mit bis zu 50.000 Z\u00fcgen und zwei Geschmacksrichtungen bietet dieses Ger\u00e4t das Beste aus beiden Welten. Mit seinem schlanken Design, Mesh-Coils und einem wiederaufladbaren Typ-C-Akku ist er die ultimative Wahl f\u00fcr alle, die sich nach intensiven Aromen und lang anhaltender Zufriedenheit sehnen. Die <strong>Bang K\u00f6nig Zwillinge<\/strong> kombiniert 56 ml E-Liquid (28 ml + 28 ml) und bietet mehrere Nikotinoptionen f\u00fcr alle Geschm\u00e4cker und Vorlieben. Ausgestattet mit einer digitalen LED-Anzeige, ist es einfach, Ihre Verdampfungserfahrung zu verfolgen und den Spa\u00df l\u00e4nger aufrechtzuerhalten. Egal, ob Sie ein intensiver Vaper sind oder ein H\u00e4ndler, der Premiumprodukte auf Lager hat, die <strong>Bang K\u00f6nig Zwillinge<\/strong> hat f\u00fcr Sie gesorgt.<\/p>\n<h4>Spezifikationen<\/h4>\n<table>\n<tbody>\n<tr>\n<td><strong>Zugkapazit\u00e4t:<\/strong><\/td>\n<td>Bis zu 50000 Z\u00fcge<\/td>\n<\/tr>\n<tr>\n<td><strong>E-Liquid Kapazit\u00e4t:<\/strong><\/td>\n<td>56mL (28mL + 28mL)<\/td>\n<\/tr>\n<tr>\n<td><strong>Batterie:<\/strong><\/td>\n<td>650mAh, Typ-C wiederaufladbar<\/td>\n<\/tr>\n<tr>\n<td><strong>Spulentyp:<\/strong><\/td>\n<td>Maschenspule 1.0\u03a9<\/td>\n<\/tr>\n<tr>\n<td><strong>Nikotinoptionen:<\/strong><\/td>\n<td>2%, 3%, 5%<\/td>\n<\/tr>\n<tr>\n<td><strong>Anzeige:<\/strong><\/td>\n<td>LED-Digitalanzeige<\/td>\n<\/tr>\n<tr>\n<td><strong>Entwurf:<\/strong><\/td>\n<td>Elegant, schlank und ergonomisch<\/td>\n<\/tr>\n<\/tbody>\n<\/table>\n<h4>Verf\u00fcgbare Geschmacksrichtungen<\/h4>\n<ul>\n<li>Liebe 66 &amp; Zitrone Maracuja<\/li>\n<li>Pfirsich-Guave-Erdbeere &amp; Sakura-Traube<\/li>\n<li>Erdbeer-Banane &amp; Heisenberg<\/li>\n<li>Blauer Razz Ice &amp; Blauer Razz Cherry<\/li>\n<li>Erdbeer-Wassermelone &amp; Erdbeer-Eiscreme<\/li>\n<li>Wassermeloneneis &amp; Wassermelone Hubba Bubba<\/li>\n<li>Double Lime &amp; Ice Aloe Vera<\/li>\n<li>Mix Beere &amp; Erdbeer-Kiwi<\/li>\n<li>Supercoole Lychee &amp; Pink Man<\/li>\n<li>Saft Pfirsich Eis &amp; Erdbeere Mango<\/li>\n<li>Cola-Zitrone &amp; Erdbeer-Skittles<\/li>\n<li>Pfirsich-Mango-Wassermelone &amp; Blauer Razz-Kirsche<\/li>\n<\/ul>\n<h4>Warum Bang King Twins 50000 Puffs w\u00e4hlen?<\/h4>\n<ul>\n<li><strong>Langlebige Leistung:<\/strong> 50.000 Z\u00fcge ununterbrochenen Genusses<\/li>\n<li><strong>Zweifaches Geschmackserlebnis:<\/strong> Genie\u00dfen Sie mit jedem Zug zwei einzigartige Geschmacksrichtungen<\/li>\n<li><strong>Wiederaufladbarer Komfort:<\/strong> Typ-C-Ladung sorgt daf\u00fcr, dass Sie immer einsatzbereit sind<\/li>\n<li><strong>Hochwertige Netzspulen:<\/strong> F\u00fcr sanftere Schl\u00e4ge und verbesserten Geschmack<\/li>\n<li><strong>Gro\u00dfe Auswahl an Nikotin:<\/strong> W\u00e4hlen Sie zwischen 2%, 3% oder 5% Nikotinst\u00e4rke<\/li>\n<li><strong>LED-Digitalanzeige:<\/strong> Behalten Sie den \u00dcberblick \u00fcber Ihre Fortschritte beim Dampfen<\/li>\n<li><strong>Perfekt f\u00fcr den Vertrieb:<\/strong> Ideal f\u00fcr Gro\u00dfhandel und Vape-Shops<\/li>\n<\/ul>\n<p>Der <strong>Bang K\u00f6nigliche Zwillinge 50000 Puffs<\/strong> ist die ultimative Wahl f\u00fcr Vape-Shops und Gro\u00dfh\u00e4ndler, die ein hochwertiges, langlebiges Produkt anbieten m\u00f6chten. Mit seinen zwei Geschmacksrichtungen, dem wiederaufladbaren Akku und der Mesh-Coil-Technologie ist er f\u00fcr Vieldampfer und Geschmacksj\u00e4ger gleicherma\u00dfen geeignet. Bevorraten Sie sich jetzt und bieten Sie Ihren Kunden ein erstklassiges Dampferlebnis, das sie lieben werden!<\/p>\n<p><img decoding=\"async\" class=\"alignnone wp-image-35622 size-full\" src=\"https:\/\/volovape.com\/wp-content\/uploads\/2025\/08\/Bang-King-Twins-50000-flavor-chart.avif\" alt=\"\" title=\"\"><\/p>\n<p><img data-recalc-dims=\"1\" loading=\"lazy\" decoding=\"async\" class=\"alignnone wp-image-35632 size-full\" src=\"https:\/\/i0.wp.com\/volovape.com\/wp-content\/uploads\/2025\/08\/imgi_2_Bang_King_Twins_50K_11.webp?resize=800%2C800&#038;ssl=1\" alt=\"\" width=\"800\" height=\"800\" title=\"\" srcset=\"https:\/\/i0.wp.com\/volovape.com\/wp-content\/uploads\/2025\/08\/imgi_2_Bang_King_Twins_50K_11.webp?w=800&amp;ssl=1 800w, https:\/\/i0.wp.com\/volovape.com\/wp-content\/uploads\/2025\/08\/imgi_2_Bang_King_Twins_50K_11.webp?resize=300%2C300&amp;ssl=1 300w, https:\/\/i0.wp.com\/volovape.com\/wp-content\/uploads\/2025\/08\/imgi_2_Bang_King_Twins_50K_11.webp?resize=150%2C150&amp;ssl=1 150w, https:\/\/i0.wp.com\/volovape.com\/wp-content\/uploads\/2025\/08\/imgi_2_Bang_King_Twins_50K_11.webp?resize=768%2C768&amp;ssl=1 768w, https:\/\/i0.wp.com\/volovape.com\/wp-content\/uploads\/2025\/08\/imgi_2_Bang_King_Twins_50K_11.webp?resize=12%2C12&amp;ssl=1 12w, https:\/\/i0.wp.com\/volovape.com\/wp-content\/uploads\/2025\/08\/imgi_2_Bang_King_Twins_50K_11.webp?resize=510%2C510&amp;ssl=1 510w, https:\/\/i0.wp.com\/volovape.com\/wp-content\/uploads\/2025\/08\/imgi_2_Bang_King_Twins_50K_11.webp?resize=100%2C100&amp;ssl=1 100w, https:\/\/i0.wp.com\/volovape.com\/wp-content\/uploads\/2025\/08\/imgi_2_Bang_King_Twins_50K_11.webp?resize=50%2C50&amp;ssl=1 50w\" sizes=\"auto, (max-width: 800px) 100vw, 800px\" \/><\/p>","protected":false},"excerpt":{"rendered":"<p>Entdecken Sie den Bang King Twins 50000 Puffs Einwegdampfer mit zwei Geschmacksrichtungen, Mesh-Coils, 56mL E-Liquid und einem wiederaufladbaren Typ-C-Akku. Perfekt f\u00fcr Geschmacksliebhaber und Gro\u00dfabnehmer!<\/p>","protected":false},"featured_media":35672,"comment_status":"open","ping_status":"closed","template":"","meta":[],"product_brand":[227],"product_cat":[61,230],"product_tag":[],"class_list":{"0":"post-35613","1":"product","2":"type-product","3":"status-publish","4":"has-post-thumbnail","6":"product_brand-bang","7":"product_cat-bang","8":"product_cat-new","10":"first","11":"instock","12":"shipping-taxable","13":"purchasable","14":"product-type-variable","15":"has-default-attributes"},"jetpack_sharing_enabled":true,"tiered_pricing_type":"fixed","tiered_pricing_fixed_rules":{"30":7.29999999999999982236431605997495353221893310546875,"50":6.0999999999999996447286321199499070644378662109375,"100":5.4000000000000003552713678800500929355621337890625,"200":4.9900000000000002131628207280300557613372802734375,"400":4.37999999999999989341858963598497211933135986328125},"tiered_pricing_product_settings":{"layout":"default","base_unit_name":{"singular":null,"plural":null},"default_variation":null},"tiered_pricing_minimum_quantity":10,"tiered_pricing_roles_data":[],"tiered_pricing_percentage_rules":[],"tiered_pricing_maximum_quantity":null,"tiered_pricing_quantity_step":"10","_links":{"self":[{"href":"https:\/\/volovape.com\/de\/wp-json\/wp\/v2\/product\/35613","targetHints":{"allow":["GET"]}}],"collection":[{"href":"https:\/\/volovape.com\/de\/wp-json\/wp\/v2\/product"}],"about":[{"href":"https:\/\/volovape.com\/de\/wp-json\/wp\/v2\/types\/product"}],"replies":[{"embeddable":true,"href":"https:\/\/volovape.com\/de\/wp-json\/wp\/v2\/comments?post=35613"}],"wp:featuredmedia":[{"embeddable":true,"href":"https:\/\/volovape.com\/de\/wp-json\/wp\/v2\/media\/35672"}],"wp:attachment":[{"href":"https:\/\/volovape.com\/de\/wp-json\/wp\/v2\/media?parent=35613"}],"wp:term":[{"taxonomy":"product_brand","embeddable":true,"href":"https:\/\/volovape.com\/de\/wp-json\/wp\/v2\/product_brand?post=35613"},{"taxonomy":"product_cat","embeddable":true,"href":"https:\/\/volovape.com\/de\/wp-json\/wp\/v2\/product_cat?post=35613"},{"taxonomy":"product_tag","embeddable":true,"href":"https:\/\/volovape.com\/de\/wp-json\/wp\/v2\/product_tag?post=35613"}],"curies":[{"name":"wp","href":"https:\/\/api.w.org\/{rel}","templated":true}]}}