{"id":34627,"date":"2025-08-16T11:41:20","date_gmt":"2025-08-16T11:41:20","guid":{"rendered":"https:\/\/volovape.com\/?post_type=product&#038;p=34627"},"modified":"2026-05-06T12:42:57","modified_gmt":"2026-05-06T12:42:57","slug":"waspe-100000puffs-4-in-1","status":"publish","type":"product","link":"https:\/\/volovape.com\/de\/product\/waspe-100000puffs-4-in-1\/","title":{"rendered":"WASPE 4-in-1 Flavor 100K Puffs | 100.000 Puff Einweg-Vape mit 4 Geschmacksrichtungen &amp; Bulk-Gro\u00dfhandel"},"content":{"rendered":"<h3>Warum WASPE 4in1 Flavor 100000 Puffs w\u00e4hlen?<\/h3>\n<ul>\n<li>\ud83d\udd04 4-in-1 Flavor Switch System: Genie\u00dfen Sie vier verschiedene Geschmacksrichtungen in einem Ger\u00e4t, ohne die Pods auszutauschen.<\/li>\n<li>\ud83d\udca8 100.000 Puff-Kapazit\u00e4t: Konzipiert f\u00fcr einen l\u00e4ngeren Gebrauch, um ein lang anhaltendes Dampferlebnis zu gew\u00e4hrleisten.<\/li>\n<li>\ud83d\udd0b Wiederaufladbarer 650mAh Akku: Schnelles und effizientes Aufladen mit Typ-C f\u00fcr Komfort.<\/li>\n<li>\ud83d\udd25 Quad Mesh Coils: Erzeugt weichen Dampf und reiches Aroma mit jedem Zug.<\/li>\n<li>\ud83e\uddc3 56mL E-Fl\u00fcssigkeitskapazit\u00e4t: L\u00e4ngeres Dampfen mit weniger Nachf\u00fcllungen.<\/li>\n<li>\ud83d\udce6 Perfekt f\u00fcr den Gro\u00dfhandel: Kompakt und langlebig, konzipiert f\u00fcr Gro\u00dfbestellungen, mit flexiblen Geschmacksoptionen.<\/li>\n<\/ul>\n<p>Dieser Verdampfer ist perfekt f\u00fcr Vielnutzer und Geschmacksj\u00e4ger und bietet alles, was Sie brauchen, in einem schlanken Ger\u00e4t. Der WASPE 4in1 Flavor 100000 Puffs ist ideal f\u00fcr Vape Shops, Distributoren und Gro\u00dfhandelsbestellungen und bietet eine unschlagbare Vielfalt, Zuverl\u00e4ssigkeit und Leistung. Bestellen Sie in gro\u00dfen Mengen und profitieren Sie von reduzierten Preisen!<\/p>\n<h3>WASPE 4in1 Flavor 100000 Puffs | \u00dcbersicht &amp; Eigenschaften<\/h3>\n<p>Der WASPE 4in1 Flavor 100000 Puffs wurde entwickelt, um das ultimative Dampferlebnis zu bieten. Mit der M\u00f6glichkeit, zwischen vier vorgef\u00fcllten Geschmacksrichtungen zu wechseln, einem wiederaufladbaren 650mAh-Akku und massiven 100.000 Z\u00fcgen ist dieses Ger\u00e4t ideal f\u00fcr diejenigen, die sich nach Abwechslung und lang anhaltender Leistung sehnen. Egal, ob Sie ein Liebhaber von Aromen oder ein intensiver Verdampfer sind, der WASPE 4in1 Flavor ist die perfekte Wahl f\u00fcr alle, die Qualit\u00e4t und Komfort verlangen. Erh\u00e4ltlich f\u00fcr Gro\u00dfhandelsbestellungen bei Gleevape, Europas vertrauensw\u00fcrdigem Anbieter von nikotinarmen Vapes. \ud83d\udd25\ud83d\udca8<\/p>\n<h3>Spezifikationen:<\/h3>\n<table>\n<tbody>\n<tr>\n<th>Besonderheit<\/th>\n<th>Einzelheiten<\/th>\n<\/tr>\n<tr>\n<td>Puffkapazit\u00e4t<\/td>\n<td>100.000 Z\u00fcge<\/td>\n<\/tr>\n<tr>\n<td>E-Liquid-Kapazit\u00e4t<\/td>\n<td>56mL<\/td>\n<\/tr>\n<tr>\n<td>Batterie<\/td>\n<td>650mAh Wiederaufladbar, Typ-C<\/td>\n<\/tr>\n<tr>\n<td>Spule Typ<\/td>\n<td>1.0\u03a9 Vierfach-Masche<\/td>\n<\/tr>\n<tr>\n<td>Nikotinoptionen<\/td>\n<td>0%, 2%, 5%<\/td>\n<\/tr>\n<tr>\n<td>Ladeanschluss<\/td>\n<td>Typ-C<\/td>\n<\/tr>\n<tr>\n<td>Gr\u00f6\u00dfe des Produkts<\/td>\n<td>47 \u00d7 47 \u00d7 118 mm<\/td>\n<\/tr>\n<tr>\n<td>Gewicht pro Ger\u00e4t<\/td>\n<td>142g<\/td>\n<\/tr>\n<\/tbody>\n<\/table>\n<h3>Geschmacksrichtungen auf Lager:<\/h3>\n<p>Wassermelone Eis &amp; Erdbeere Kiwi &amp; Himbeere Wassermelone &amp; Zitrone-Limette<\/p>\n<p>Erdbeer-Wassermelone &amp; Mr. Blue &amp; Traubeneis &amp; Regenbogenbonbon<\/p>\n<p>Red Bull Ice &amp; Banana Ice &amp; Ananas-Kokosnuss Ice &amp; Triple Mango Ice<\/p>\n<p>Erdbeer-Himbeer-Kirsche &amp; Crazy Cherry Ice &amp; Blue Cherry Ice &amp; Cola Ice<\/p>\n<p>Erdbeer-Banane &amp; Erdbeer-Red Bull &amp; Erdbeer-Mango &amp; Pinke Limonade<\/p>\n<p>Blaubeereis &amp; Schwarzer Ritter &amp; Erdbeereis &amp; Erdbeer-Wassermelone<\/p>\n<p>Cherry Cola Ice &amp; Strawberry Cherry Ice &amp; Strawberry Cola Ice &amp; Strawberry Watermelon Bubblegum<\/p>\n<p>Saftiges Pfirsicheis &amp; Tropische Fr\u00fcchte &amp; Fruit Blast &amp; Pfirsichbeere<\/p>\n<p>Traubeneis &amp; Erdbeere Kiwi &amp; Erdbeere Himbeere Kirsche &amp; Black Knight<\/p>\n<p>Gemischte Beeren &amp; Doppelter Apfel Eis &amp; Heidelbeere Himbeere &amp; Heidelbeere Honig<\/p>\n<p>Strawberry Red Bull &amp; Strawberry Watermelon Bubblegum &amp; Red Bull Ice &amp; Cherry Cola Ice<\/p>\n<p>Heidelbeer-Himbeer &amp; Heidelbeer-Limonade &amp; Gemischte Beeren &amp; Trauben-Honig-Eis<\/p>","protected":false},"excerpt":{"rendered":"<p>Entdecken Sie den WASPE 4in1 Flavor 100000 Puffs Einwegverdampfer. Mit 4 umschaltbaren Geschmacksrichtungen, einer enormen Kapazit\u00e4t von 100.000 Puffs und wiederaufladbar f\u00fcr lang anhaltende Leistung. Perfekt f\u00fcr Gro\u00dfeink\u00e4ufe!<\/p>","protected":false},"featured_media":35714,"comment_status":"open","ping_status":"closed","template":"","meta":[],"product_brand":[245],"product_cat":[17,249,230],"product_tag":[],"class_list":{"0":"post-34627","1":"product","2":"type-product","3":"status-publish","4":"has-post-thumbnail","6":"product_brand-waspe","7":"product_cat-waspe","8":"product_cat-100k-puffs-disposable-vape","9":"product_cat-new","11":"first","12":"instock","13":"shipping-taxable","14":"purchasable","15":"product-type-variable","16":"has-default-attributes"},"jetpack_sharing_enabled":true,"tiered_pricing_type":"fixed","tiered_pricing_fixed_rules":{"30":9.6300000000000007815970093361102044582366943359375,"50":7.9000000000000003552713678800500929355621337890625,"100":7.6500000000000003552713678800500929355621337890625,"200":6.9900000000000002131628207280300557613372802734375,"400":6.54000000000000003552713678800500929355621337890625},"tiered_pricing_product_settings":{"layout":"default","base_unit_name":{"singular":null,"plural":null},"default_variation":null},"tiered_pricing_minimum_quantity":10,"tiered_pricing_roles_data":[],"tiered_pricing_percentage_rules":[],"tiered_pricing_maximum_quantity":null,"tiered_pricing_quantity_step":"10","_links":{"self":[{"href":"https:\/\/volovape.com\/de\/wp-json\/wp\/v2\/product\/34627","targetHints":{"allow":["GET"]}}],"collection":[{"href":"https:\/\/volovape.com\/de\/wp-json\/wp\/v2\/product"}],"about":[{"href":"https:\/\/volovape.com\/de\/wp-json\/wp\/v2\/types\/product"}],"replies":[{"embeddable":true,"href":"https:\/\/volovape.com\/de\/wp-json\/wp\/v2\/comments?post=34627"}],"wp:featuredmedia":[{"embeddable":true,"href":"https:\/\/volovape.com\/de\/wp-json\/wp\/v2\/media\/35714"}],"wp:attachment":[{"href":"https:\/\/volovape.com\/de\/wp-json\/wp\/v2\/media?parent=34627"}],"wp:term":[{"taxonomy":"product_brand","embeddable":true,"href":"https:\/\/volovape.com\/de\/wp-json\/wp\/v2\/product_brand?post=34627"},{"taxonomy":"product_cat","embeddable":true,"href":"https:\/\/volovape.com\/de\/wp-json\/wp\/v2\/product_cat?post=34627"},{"taxonomy":"product_tag","embeddable":true,"href":"https:\/\/volovape.com\/de\/wp-json\/wp\/v2\/product_tag?post=34627"}],"curies":[{"name":"wp","href":"https:\/\/api.w.org\/{rel}","templated":true}]}}