{"id":34425,"date":"2025-07-27T04:55:40","date_gmt":"2025-07-27T04:55:40","guid":{"rendered":"https:\/\/volovape.com\/?post_type=product&#038;p=34425"},"modified":"2025-10-16T07:29:52","modified_gmt":"2025-10-16T07:29:52","slug":"knall-de-60k","status":"publish","type":"product","link":"https:\/\/volovape.com\/de\/product\/bang-de-60k\/","title":{"rendered":"Bang DE 60K | Geschmack Schalter 3-in-1 60000 puffs Einweg vape Gro\u00dfhandel"},"content":{"rendered":"<h3>Warum Bang DE 60K w\u00e4hlen?<\/h3>\n<ul>\n<li>\ud83c\udf00 <strong>3-in-1-Geschmacksmodus<\/strong> - Wechseln Sie mit einem Ger\u00e4t zwischen Kammer A, B oder einem Kombimodus.<\/li>\n<li>\ud83d\udd25 <strong>60.000 Puff-Kapazit\u00e4t<\/strong> - Gebaut f\u00fcr lang anhaltende Zufriedenheit.<\/li>\n<li>\ud83d\udd0b <strong>850mAh wiederaufladbare Batterie<\/strong> - Unterst\u00fctzung f\u00fcr Typ-C-Schnellladung.<\/li>\n<li>\ud83e\udde0 <strong>Intelligente Strom- und \u00d6lanzeige<\/strong> - Erraten Sie nie wieder Ihren Lade- oder Fl\u00fcssigkeitsstand.<\/li>\n<li>\ud83e\ude84 <strong>Doppelspulen-Technologie<\/strong> - Weiches, reiches Aroma in jedem Zug.<\/li>\n<li>\ud83d\udce6 <strong>Perfekt f\u00fcr Massenware<\/strong> - Speziell f\u00fcr Wiederverk\u00e4ufer und Gro\u00dfh\u00e4ndler entwickelt.<\/li>\n<li>\ud83c\udfaf <strong>Mehrere Nikotinst\u00e4rken<\/strong> - Von nikotinfrei bis 5% ist f\u00fcr jeden Benutzer etwas dabei.<\/li>\n<\/ul>\n<p>Egal, ob Sie ein intensiver Nutzer sind, der ein zuverl\u00e4ssiges Ger\u00e4t f\u00fcr den t\u00e4glichen Gebrauch sucht, oder ein Vape-Shop, der hochwertige Produkte mit hoher Gewinnspanne einkauft - die <strong>Bang DE 60K<\/strong> \u00fcberzeugt an allen Fronten. Mit modernsten Funktionen, erstklassigen Geschmacksoptionen und einem eleganten Display ist er sowohl f\u00fcr Einzel- als auch f\u00fcr Gro\u00dfhandelskunden ein absolutes Muss. \ud83d\udcbc\ud83d\udca8<\/p>\n<h2>\ud83d\ude80 Dreifacher Geschmack. Doppelte Wicklung. Eine Epic Ger\u00e4t - Treffen Bang DE 60K!<\/h2>\n<p>Bringen Sie Ihr Vape-Spiel auf die n\u00e4chste Stufe mit dem <strong>Bang DE 60K<\/strong> - ein leistungsstarkes Einwegprodukt, das f\u00fcr ernsthafte Raucher und versierte Einzelh\u00e4ndler entwickelt wurde. Mit bis zu <strong>60.000 Z\u00fcge<\/strong>, <strong>3-in-1-Geschmacksumschaltung<\/strong>und intelligenten Anzeigen f\u00fcr \u00d6l und Batterie ist dieses Ger\u00e4t ein Biest in Sachen Leistung und eine Sch\u00f6nheit im Design. Egal, ob du ein Geschmacksj\u00e4ger bist oder deine Regale auff\u00fcllst, dies ist das Ger\u00e4t, das immer wieder neue M\u00f6glichkeiten bietet. \ud83d\udd04\ud83d\udd25<\/p>\n<h3>Spezifikationen<\/h3>\n<table>\n<tbody>\n<tr>\n<td><strong>Puffkapazit\u00e4t<\/strong><\/td>\n<td>Bis zu 60.000 Puffs<\/td>\n<\/tr>\n<tr>\n<td><strong>E-Liquid-Kapazit\u00e4t<\/strong><\/td>\n<td>Keine Angaben<\/td>\n<\/tr>\n<tr>\n<td><strong>Batterie<\/strong><\/td>\n<td>850mAh Wiederaufladbar (Typ-C)<\/td>\n<\/tr>\n<tr>\n<td><strong>Spule Typ<\/strong><\/td>\n<td>Doppelspule<\/td>\n<\/tr>\n<tr>\n<td><strong>Nikotinoptionen<\/strong><\/td>\n<td>0%, 2%, 3%, 5%<\/td>\n<\/tr>\n<tr>\n<td><strong>Anzeige<\/strong><\/td>\n<td>Intelligente Strom- und \u00d6lanzeige<\/td>\n<\/tr>\n<tr>\n<td><strong>Design<\/strong><\/td>\n<td>Elegantes Geh\u00e4use mit LED-Anzeige<\/td>\n<\/tr>\n<\/tbody>\n<\/table>\n<h3>Geschmacks-Kombinationen<\/h3>\n<table>\n<tbody>\n<tr>\n<th>Kammer A<\/th>\n<th>Kammer B<\/th>\n<\/tr>\n<tr>\n<td>Wassermeloneneis<\/td>\n<td>Blaubeer-Minze<\/td>\n<\/tr>\n<tr>\n<td>Wassermeloneneis<\/td>\n<td>Blaubeere-Kirsche<\/td>\n<\/tr>\n<tr>\n<td>Blaubeereis<\/td>\n<td>Pfirsich Mango Wassermelone<\/td>\n<\/tr>\n<tr>\n<td>Blaubeereis<\/td>\n<td>Pfirsicheis<\/td>\n<\/tr>\n<tr>\n<td>Heidelbeere Himbeere<\/td>\n<td>Gemischte Beeren<\/td>\n<\/tr>\n<tr>\n<td>Heidelbeere Himbeere<\/td>\n<td>Traubeneis<\/td>\n<\/tr>\n<tr>\n<td>Red Bull<\/td>\n<td>Erdbeere Banane<\/td>\n<\/tr>\n<tr>\n<td>Red Bull<\/td>\n<td>Blaubeere Wassermelone<\/td>\n<\/tr>\n<tr>\n<td>Erdbeer-Mango<\/td>\n<td>Wassermelonen-Kaugummi<\/td>\n<\/tr>\n<tr>\n<td>Erdbeer-Mango<\/td>\n<td>Erdbeer-Kiwi<\/td>\n<\/tr>\n<tr>\n<td>Erdbeere Wassermelone<\/td>\n<td>Schwarzes Dracheneis<\/td>\n<\/tr>\n<tr>\n<td>Erdbeere Wassermelone<\/td>\n<td>Kiwi, Passionsfrucht, Guave<\/td>\n<\/tr>\n<\/tbody>\n<\/table>\n<h2>FAQs \u00fcber Bang DE 60K 3-in-1 Einweg-Vape<\/h2>\n<p><strong>Q1: Wie benutze ich es? Gibt es eine Taste?<\/strong><br \/>\nA: Keine Kn\u00f6pfe erforderlich! Es ist <strong>zeichnungsaktiviert<\/strong>also einfach inhalieren und verdampfen.<\/p>\n<p><strong>F2: Was bedeutet \"3-in-1\"?<\/strong><br \/>\nA: Das bedeutet, das Ger\u00e4t hat <strong>drei Geschmacksrichtungen<\/strong>: Geschmacksrichtung A, Geschmacksrichtung B und eine Kombination aus beiden. Du kannst jederzeit einfach zwischen ihnen wechseln.<\/p>\n<p><strong>F3: Wie kann ich zwischen den Geschmacksrichtungen wechseln?<\/strong><br \/>\nA: Verwenden Sie einfach die integrierte <strong>Geschmacksumstellung<\/strong> um Geschmacksrichtung A, Geschmacksrichtung B oder beides zusammen auszuw\u00e4hlen.<\/p>\n<p><strong>F4: Kann ich es wieder aufladen?<\/strong><br \/>\nA: Ja! Es hat einen eingebauten <strong>850mAh-Akku<\/strong> und ein <strong>Typ-C-Ladeanschluss<\/strong> f\u00fcr schnelles und einfaches Aufladen.<\/p>\n<p><strong>F5: Wie kann ich die Batterie oder die Anzahl der Puffs \u00fcberpr\u00fcfen?<\/strong><br \/>\nA: Die intelligente <strong>LED-Bildschirm<\/strong> zeigt den Batteriestand und die Anzahl der Z\u00fcge an, die Sie gemacht haben.<\/p>\n<p><strong>F6: Wie viele Z\u00fcge hat das Bang DE 60K?<\/strong><br \/>\nA: Sie k\u00f6nnen bis zu <strong>60.000 Z\u00fcge<\/strong> insgesamt. Sie k\u00f6nnen Aromen aus Kammer A oder Kammer B w\u00e4hlen oder beide f\u00fcr einen kombinierten Geschmack mischen.<\/p>\n<p><strong>F7: Wie viel E-Liquid ist drin?<\/strong><br \/>\nA: Es h\u00e4lt <strong>60mL<\/strong> e-Fl\u00fcssigkeit insgesamt, aufgeteilt auf zwei Geschmackskammern.<\/p>\n<p><strong>F8: Enth\u00e4lt es Nikotin?<\/strong><br \/>\nA: Ja. Sie k\u00f6nnen w\u00e4hlen zwischen <strong>0%, 2%, 3% oder 5% Nikotin<\/strong>, je nachdem, was Sie bevorzugen.<\/p>\n<p><strong>F9: Welche Art von Spule befindet sich im Inneren?<\/strong><br \/>\nA: Es verwendet eine <strong>hochwertige Gewebespule<\/strong> f\u00fcr sanftere Z\u00fcge und vollen Geschmack mit jedem Zug.<\/p>\n<p><strong>Q10: Kann ich sie mit mehr E-Liquid nachf\u00fcllen?<\/strong><br \/>\nA: Nein, dies ist ein <strong>Einweg-Vape<\/strong>. Sobald das E-Liquid ausgeht, ersetzen Sie einfach das ganze Ger\u00e4t.<\/p>","protected":false},"excerpt":{"rendered":"<p>Shoppen Sie den Bang DE 60K Einwegdampfer mit 3-in-1-Aromatechnologie, 60.000 Z\u00fcgen und intelligenten Anzeigen - perfekt f\u00fcr den Gro\u00dfhandel.<\/p>","protected":false},"featured_media":34455,"comment_status":"open","ping_status":"closed","template":"","meta":[],"product_brand":[227],"product_cat":[61],"product_tag":[],"class_list":{"0":"post-34425","1":"product","2":"type-product","3":"status-publish","4":"has-post-thumbnail","6":"product_brand-bang","7":"product_cat-bang","9":"first","10":"instock","11":"shipping-taxable","12":"purchasable","13":"product-type-variable","14":"has-default-attributes"},"jetpack_sharing_enabled":true,"tiered_pricing_type":"fixed","tiered_pricing_fixed_rules":{"2000":4.5},"tiered_pricing_product_settings":{"layout":"default","base_unit_name":{"singular":null,"plural":null},"default_variation":null},"tiered_pricing_minimum_quantity":1000,"tiered_pricing_roles_data":[],"tiered_pricing_percentage_rules":[],"tiered_pricing_maximum_quantity":null,"tiered_pricing_quantity_step":"10","_links":{"self":[{"href":"https:\/\/volovape.com\/de\/wp-json\/wp\/v2\/product\/34425","targetHints":{"allow":["GET"]}}],"collection":[{"href":"https:\/\/volovape.com\/de\/wp-json\/wp\/v2\/product"}],"about":[{"href":"https:\/\/volovape.com\/de\/wp-json\/wp\/v2\/types\/product"}],"replies":[{"embeddable":true,"href":"https:\/\/volovape.com\/de\/wp-json\/wp\/v2\/comments?post=34425"}],"wp:featuredmedia":[{"embeddable":true,"href":"https:\/\/volovape.com\/de\/wp-json\/wp\/v2\/media\/34455"}],"wp:attachment":[{"href":"https:\/\/volovape.com\/de\/wp-json\/wp\/v2\/media?parent=34425"}],"wp:term":[{"taxonomy":"product_brand","embeddable":true,"href":"https:\/\/volovape.com\/de\/wp-json\/wp\/v2\/product_brand?post=34425"},{"taxonomy":"product_cat","embeddable":true,"href":"https:\/\/volovape.com\/de\/wp-json\/wp\/v2\/product_cat?post=34425"},{"taxonomy":"product_tag","embeddable":true,"href":"https:\/\/volovape.com\/de\/wp-json\/wp\/v2\/product_tag?post=34425"}],"curies":[{"name":"wp","href":"https:\/\/api.w.org\/{rel}","templated":true}]}}