{"id":34320,"date":"2025-07-27T04:37:43","date_gmt":"2025-07-27T04:37:43","guid":{"rendered":"https:\/\/volovape.com\/?post_type=product&#038;p=34320"},"modified":"2025-11-26T06:12:27","modified_gmt":"2025-11-26T06:12:27","slug":"mr-goodie-60k","status":"publish","type":"product","link":"https:\/\/volovape.com\/de\/product\/mr-goodie-60k\/","title":{"rendered":"Mr.Goodie Adjust Flavor King 60K | dreifacher Geschmack 60000 Puffs Einweg-Vape mit iDuomesh &amp; 3 LCD-Anzeigen"},"content":{"rendered":"<h3><strong>Warum Mr.Goodie Adjust Flavor King 60K w\u00e4hlen?<\/strong><\/h3>\n<ul>\n<li>\ud83d\udd25 Dreifache Geschmackseinstellung f\u00fcr ultimative Personalisierung<\/li>\n<li>\ud83d\udca8 Bis zu 60.000 Z\u00fcge im Single-Flavor-Modus<\/li>\n<li>\ud83e\udde0 Intelligente 3-Bildschirm-Anzeige f\u00fcr Saft-, Akku- und Puff-Tracking<\/li>\n<li>\ud83d\udc8e iDuomesh Spulentechnologie f\u00fcr gleichm\u00e4\u00dfige, kr\u00e4ftige Dampfergebnisse<\/li>\n<li>\ud83d\udd0b 950mAh-Akku mit Typ-C-Schnellladung<\/li>\n<li>\ud83d\udce6 Ideal f\u00fcr B2B-Gro\u00dfabnehmer und Vape-Shop-Regale<\/li>\n<li>\ud83c\udf6d 10 einzigartige Geschmackskombinationen<\/li>\n<\/ul>\n<p>Egal, ob Sie ein Cloud-Kenner, ein Geschmacksforscher oder ein Gro\u00dfh\u00e4ndler auf der Suche nach dem n\u00e4chsten gro\u00dfen Wurf sind.<strong>Mr.Goodie Einstellen von Flavor King 60K<\/strong> ist f\u00fcr Leistung gebaut. Mit intelligenter Technik, k\u00fchnen Dreifach-Geschmackskammern und einer unglaublichen Zugkapazit\u00e4t bietet dieses Ger\u00e4t sowohl Luxus als auch Wert bei jedem Zug. Decken Sie sich mit dem K\u00f6nig der Einwegprodukte mit dreifachem Geschmack ein und werten Sie Ihr Inventar auf!<\/p>\n<h3>\ud83d\udd25 Machen Sie sich bereit, Ihr Geschmacksreich zu beherrschen mit <strong>Mr.Goodie Einstellen von Flavor King 60K<\/strong>! \ud83d\udc51<\/h3>\n<p>Dies ist kein gew\u00f6hnlicher Puff-Riegel - dies ist der <strong>geschmacksregulierende Dreikammer-Bestie<\/strong> die bis zu <strong>60.000 Z\u00fcge<\/strong> von weichem, reichhaltigem Dampf. Egal, ob du auf fruchtige Eisbomben oder von Soda inspirierte Twists stehst, dieser Vape ist <strong>gestapelt mit 10 verr\u00fcckten Dreifach-Geschmackskombinationen<\/strong> zu erkunden. Die fortgeschrittene <strong>iDuomesh tech<\/strong> und das intelligente Dreifach-LCD-Display bieten Ihnen die Kontrolle, den Stil und die Geschmacksvielfalt, von der Sie schon immer getr\u00e4umt haben. Perfekt f\u00fcr <strong>Distributoren, Heavy Vapers und Geschmacksj\u00e4ger<\/strong>.<\/p>\n<p><strong>Spezifikationen:<\/strong><\/p>\n<table>\n<tbody>\n<tr>\n<td><strong>Puffkapazit\u00e4t<\/strong><\/td>\n<td>60000 Z\u00fcge (Einzelmodus), 30000 Z\u00fcge (Mischmodus)<\/td>\n<\/tr>\n<tr>\n<td><strong>E-Liquid-Kapazit\u00e4t<\/strong><\/td>\n<td>20mL + 20mL<\/td>\n<\/tr>\n<tr>\n<td><strong>Batterie<\/strong><\/td>\n<td>950mAh, wiederaufladbar \u00fcber Typ-C<\/td>\n<\/tr>\n<tr>\n<td><strong>Spule Typ<\/strong><\/td>\n<td>Doppelmaschige Spule (iDuomesh-Technologie)<\/td>\n<\/tr>\n<tr>\n<td><strong>Nikotinoptionen<\/strong><\/td>\n<td>2%, 5%<\/td>\n<\/tr>\n<tr>\n<td><strong>Anzeige<\/strong><\/td>\n<td>3 LCD-Bildschirme<\/td>\n<\/tr>\n<tr>\n<td><strong>Design<\/strong><\/td>\n<td>Dreifach-Kammer mit einstellbarem Geschmack<\/td>\n<\/tr>\n<\/tbody>\n<\/table>\n<p><strong>Geschmacks-Kombinationen:<\/strong><\/p>\n<table>\n<tbody>\n<tr>\n<th>Kammer A<\/th>\n<th>Kammer B<\/th>\n<th>Kammer C<\/th>\n<\/tr>\n<tr>\n<td>Wassermeloneneis<\/td>\n<td>Kaugummi<\/td>\n<td>Wassermelonen-Kaugummi<\/td>\n<\/tr>\n<tr>\n<td>Saftiges Pfirsicheis<\/td>\n<td>Cola-Eis<\/td>\n<td>Pfirsich Cola Eis<\/td>\n<\/tr>\n<tr>\n<td>Blaue Himbeere<\/td>\n<td>Kirsche Zitrone<\/td>\n<td>Blaue Himbeere Kirsche Zitrone<\/td>\n<\/tr>\n<tr>\n<td>Strawberry<\/td>\n<td>Wassermelone<\/td>\n<td>Erdbeere Wassermelone<\/td>\n<\/tr>\n<tr>\n<td>Gr\u00fcner Apfel<\/td>\n<td>Traube<\/td>\n<td>Gr\u00fcne Apfeltraube<\/td>\n<\/tr>\n<tr>\n<td>Zitrone<\/td>\n<td>Regenbogen-Bonbons<\/td>\n<td>Zitronen-Regenbogen-Bonbon<\/td>\n<\/tr>\n<tr>\n<td>Miami Mint<\/td>\n<td>Zitrone<\/td>\n<td>Zitronenminze<\/td>\n<\/tr>\n<tr>\n<td>Ananas Kokosnuss<\/td>\n<td>Energie-Eis<\/td>\n<td>Kokosnuss-Energie-Getr\u00e4nk<\/td>\n<\/tr>\n<tr>\n<td>Traube<\/td>\n<td>Himbeere<\/td>\n<td>Weintraube Himbeere<\/td>\n<\/tr>\n<tr>\n<td>Orange Mango Guave<\/td>\n<td>Gummib\u00e4rchen<\/td>\n<td>OMG Blow-Pop<\/td>\n<\/tr>\n<\/tbody>\n<\/table>\n<p><img data-recalc-dims=\"1\" loading=\"lazy\" decoding=\"async\" class=\"alignnone wp-image-34324 size-full\" src=\"https:\/\/i0.wp.com\/volovape.com\/wp-content\/uploads\/2025\/07\/24h-vape-mr.-goodie-adjust-flavor-king-60000-puffs-flavor-list.jpg.webp?resize=1000%2C1000&#038;ssl=1\" alt=\"\" width=\"1000\" height=\"1000\" title=\"\" srcset=\"https:\/\/i0.wp.com\/volovape.com\/wp-content\/uploads\/2025\/07\/24h-vape-mr.-goodie-adjust-flavor-king-60000-puffs-flavor-list.jpg.webp?w=1000&amp;ssl=1 1000w, https:\/\/i0.wp.com\/volovape.com\/wp-content\/uploads\/2025\/07\/24h-vape-mr.-goodie-adjust-flavor-king-60000-puffs-flavor-list.jpg.webp?resize=300%2C300&amp;ssl=1 300w, https:\/\/i0.wp.com\/volovape.com\/wp-content\/uploads\/2025\/07\/24h-vape-mr.-goodie-adjust-flavor-king-60000-puffs-flavor-list.jpg.webp?resize=150%2C150&amp;ssl=1 150w, https:\/\/i0.wp.com\/volovape.com\/wp-content\/uploads\/2025\/07\/24h-vape-mr.-goodie-adjust-flavor-king-60000-puffs-flavor-list.jpg.webp?resize=768%2C768&amp;ssl=1 768w, https:\/\/i0.wp.com\/volovape.com\/wp-content\/uploads\/2025\/07\/24h-vape-mr.-goodie-adjust-flavor-king-60000-puffs-flavor-list.jpg.webp?resize=12%2C12&amp;ssl=1 12w, https:\/\/i0.wp.com\/volovape.com\/wp-content\/uploads\/2025\/07\/24h-vape-mr.-goodie-adjust-flavor-king-60000-puffs-flavor-list.jpg.webp?resize=500%2C500&amp;ssl=1 500w, https:\/\/i0.wp.com\/volovape.com\/wp-content\/uploads\/2025\/07\/24h-vape-mr.-goodie-adjust-flavor-king-60000-puffs-flavor-list.jpg.webp?resize=800%2C800&amp;ssl=1 800w, https:\/\/i0.wp.com\/volovape.com\/wp-content\/uploads\/2025\/07\/24h-vape-mr.-goodie-adjust-flavor-king-60000-puffs-flavor-list.jpg.webp?resize=100%2C100&amp;ssl=1 100w\" sizes=\"auto, (max-width: 1000px) 100vw, 1000px\" \/><\/p>","protected":false},"excerpt":{"rendered":"<p>Mr.Goodie Adjust Flavor King 60K Einwegdampfer bietet dreifache Aromen, 60000 Puffs, Dual-Mesh-Spulen und lebendige LCD-Bildschirme - perfekt f\u00fcr Gro\u00dfh\u00e4ndler.<\/p>","protected":false},"featured_media":34327,"comment_status":"open","ping_status":"closed","template":"","meta":[],"product_brand":[243],"product_cat":[230,242],"product_tag":[],"class_list":{"0":"post-34320","1":"product","2":"type-product","3":"status-publish","4":"has-post-thumbnail","6":"product_brand-mr-goodie","7":"product_cat-new","8":"product_cat-mr-goodie","10":"first","11":"instock","12":"shipping-taxable","13":"purchasable","14":"product-type-variable","15":"has-default-attributes"},"jetpack_sharing_enabled":true,"tiered_pricing_type":"fixed","tiered_pricing_fixed_rules":{"30":8.199999999999999289457264239899814128875732421875,"50":6.5999999999999996447286321199499070644378662109375,"100":6.0999999999999996447286321199499070644378662109375,"200":5.70000000000000017763568394002504646778106689453125,"400":5.29999999999999982236431605997495353221893310546875},"tiered_pricing_product_settings":{"layout":"default","base_unit_name":{"singular":null,"plural":null},"default_variation":null},"tiered_pricing_minimum_quantity":10,"tiered_pricing_roles_data":[],"tiered_pricing_percentage_rules":[],"tiered_pricing_maximum_quantity":null,"tiered_pricing_quantity_step":"10","_links":{"self":[{"href":"https:\/\/volovape.com\/de\/wp-json\/wp\/v2\/product\/34320","targetHints":{"allow":["GET"]}}],"collection":[{"href":"https:\/\/volovape.com\/de\/wp-json\/wp\/v2\/product"}],"about":[{"href":"https:\/\/volovape.com\/de\/wp-json\/wp\/v2\/types\/product"}],"replies":[{"embeddable":true,"href":"https:\/\/volovape.com\/de\/wp-json\/wp\/v2\/comments?post=34320"}],"wp:featuredmedia":[{"embeddable":true,"href":"https:\/\/volovape.com\/de\/wp-json\/wp\/v2\/media\/34327"}],"wp:attachment":[{"href":"https:\/\/volovape.com\/de\/wp-json\/wp\/v2\/media?parent=34320"}],"wp:term":[{"taxonomy":"product_brand","embeddable":true,"href":"https:\/\/volovape.com\/de\/wp-json\/wp\/v2\/product_brand?post=34320"},{"taxonomy":"product_cat","embeddable":true,"href":"https:\/\/volovape.com\/de\/wp-json\/wp\/v2\/product_cat?post=34320"},{"taxonomy":"product_tag","embeddable":true,"href":"https:\/\/volovape.com\/de\/wp-json\/wp\/v2\/product_tag?post=34320"}],"curies":[{"name":"wp","href":"https:\/\/api.w.org\/{rel}","templated":true}]}}