{"id":34223,"date":"2025-07-27T03:57:14","date_gmt":"2025-07-27T03:57:14","guid":{"rendered":"https:\/\/volovape.com\/?post_type=product&#038;p=34223"},"modified":"2025-11-26T06:11:58","modified_gmt":"2025-11-26T06:11:58","slug":"jnr-falke-pro-28000","status":"publish","type":"product","link":"https:\/\/volovape.com\/de\/product\/jnr-falcon-pro-28000\/","title":{"rendered":"JNR Falcon Pro 28000 Puffs | Dual-Mesh-Spule &amp; digitale Anzeige Bulk Einweg vape"},"content":{"rendered":"<h2>\ud83d\udd25 Treffen Sie den JNR Falcon Pro - Ihr Heavy-Hitter f\u00fcr Flavor &amp; Clouds! \ud83d\udd25<\/h2>\n<p>Willst Du Dein Vape-Spiel verbessern oder Deinen Laden mit einem wahren Cloud-Biest ausstatten? \ud83d\ude24 Die <em>JNR Falcon Pro<\/em> ist kein gew\u00f6hnlicher Wegwerfartikel - es ist ein <em>Vaping-Ger\u00e4t der n\u00e4chsten Generation<\/em>\u00a0ist f\u00fcr ernsthafte Raucher, Geschmacksfanatiker und Gro\u00dfabnehmer gleicherma\u00dfen geeignet. Mit einer satten <em>28.000 Puffs Kapazit\u00e4t<\/em>reichhaltige Dual-Mesh-Spulenleistung und eine intelligente <em>digitale Anzeige<\/em>Dieses Ger\u00e4t wurde geboren, um das Regal zu dominieren. <em>Und<\/em>\u00a0die Stra\u00dfen. \ud83d\udca8<br \/>\nEgal, ob Sie auf der Suche nach gewagten Geschmacksrichtungen sind oder B2B-Kunden bedienen, die eine lang anhaltende Leistung w\u00fcnschen - die Falcon Pro liefert mit jedem Zug eine starke Leistung. \ud83d\udcaa<\/p>\n<h3>Spezifikationen<\/h3>\n<table>\n<tbody>\n<tr>\n<td><strong>Puffkapazit\u00e4t<\/strong><\/td>\n<td>Bis zu 28.000 Z\u00fcge<\/td>\n<\/tr>\n<tr>\n<td><strong>E-Liquid-Kapazit\u00e4t<\/strong><\/td>\n<td>30mL<\/td>\n<\/tr>\n<tr>\n<td><strong>Batterie<\/strong><\/td>\n<td>950mAh Wiederaufladbar (Typ-C)<\/td>\n<\/tr>\n<tr>\n<td><strong>Spule Typ<\/strong><\/td>\n<td>Doppelte Mesh-Spule<\/td>\n<\/tr>\n<tr>\n<td><strong>Nikotinst\u00e4rke<\/strong><\/td>\n<td>2%<\/td>\n<\/tr>\n<tr>\n<td><strong>Anzeige<\/strong><\/td>\n<td>Digitaler intelligenter Bildschirm<\/td>\n<\/tr>\n<tr>\n<td><strong>Verf\u00fcgbare Geschmacksrichtungen<\/strong><\/td>\n<td>20<\/td>\n<\/tr>\n<\/tbody>\n<\/table>\n<h3>Warum sollten Sie sich f\u00fcr JNR Falcon Pro entscheiden?<\/h3>\n<ul>\n<li>\ud83d\ude80 <em>Riesiges Fassungsverm\u00f6gen von 28.000 Puffs<\/em> - gebaut f\u00fcr dauerhafte Zufriedenheit<\/li>\n<li>\ud83d\udd0b <em>Leistungsstarker 950mAh-Akku<\/em> mit Typ-C-Schnellladung<\/li>\n<li>\ud83d\udd25 <em>Doppelte Maschenspulen<\/em> f\u00fcr intensive, gleichm\u00e4\u00dfige Geschmacksabgabe<\/li>\n<li>\ud83d\udcf1 <em>Digitaler Bildschirm<\/em> Zeigt Batterie- und Fl\u00fcssigkeitsst\u00e4nde auf einen Blick an<\/li>\n<li>\ud83c\udf6d <em>20 k\u00f6stliche Geschmacksrichtungen<\/em> jede Art von Kunden zu befriedigen<\/li>\n<li>\ud83d\udcbc <em>Perfekt f\u00fcr Gro\u00dfabnehmer<\/em> und Gro\u00dfh\u00e4ndler auf der Suche nach stark nachgefragten Best\u00e4nden<\/li>\n<li>\ud83d\udc8e Schlankes, robustes Design, das sowohl auf dem Display als auch unterwegs \u00fcberzeugt<\/li>\n<\/ul>\n<h3>Geschmacksliste<\/h3>\n<ul>\n<li>Erdbeereis<\/li>\n<li>Kirsch-Cola<\/li>\n<li>Wassermeloneneis<\/li>\n<li>Blaue Himbeere Kirsche<\/li>\n<li>Erdbeer-Kiwi<\/li>\n<li>Saftige Pfirsiche<\/li>\n<li>Blaubeereis<\/li>\n<li>Beerenmischung<\/li>\n<li>Doppelter Apfel<\/li>\n<li>Kirschbeere<\/li>\n<li>Heidelbeere Himbeere Kirsche<\/li>\n<li>Erdbeer-Wassermelonen-Eis<\/li>\n<li>Kiwi-Wassermelonen-Eis<\/li>\n<li>Heidelbeere Sauer Himbeere<\/li>\n<li>Wei\u00dfer Pfirsich-Razz<\/li>\n<li>Mango-Passionsfrucht<\/li>\n<li>Pfirsich Mango Wassermelone<\/li>\n<li>Wassermelonen-Kaugummi<\/li>\n<li>Erdbeere Banane<\/li>\n<li>Kiwi Passion Guave<\/li>\n<\/ul>\n<p>Egal, ob Sie ein intensiver Nutzer sind, der nur das Beste will, ein Geschmackssucher, der sich nicht mit einem langweiligen Produkt zufrieden gibt, oder ein Vape-Shop, der ein publikumswirksames Produkt ben\u00f6tigt, das <em>bewegt,<\/em> die <strong>JNR Falcon Pro 28000<\/strong> ist Ihre ultimative All-in-One-L\u00f6sung. Sein unschlagbares Fassungsverm\u00f6gen, die erstklassige Geschmacksauswahl und das ansprechende Design machen ihn zur ersten Wahl f\u00fcr Gro\u00dfh\u00e4ndler und Distributoren, die ihren Markt dominieren wollen.<\/p>\n<p><a href=\"https:\/\/i0.wp.com\/volovape.com\/wp-content\/uploads\/2025\/07\/24h-vape-jnr-falcon-pro-28000-puffs-flavor-list-1.jpg?ssl=1\"><img data-recalc-dims=\"1\" loading=\"lazy\" decoding=\"async\" class=\"alignnone wp-image-34266 size-full\" src=\"https:\/\/i0.wp.com\/volovape.com\/wp-content\/uploads\/2025\/07\/24h-vape-jnr-falcon-pro-28000-puffs-flavor-list-1.jpg?resize=1920%2C1920&#038;ssl=1\" alt=\"\" width=\"1920\" height=\"1920\" title=\"\" srcset=\"https:\/\/i0.wp.com\/volovape.com\/wp-content\/uploads\/2025\/07\/24h-vape-jnr-falcon-pro-28000-puffs-flavor-list-1.jpg?w=1920&amp;ssl=1 1920w, https:\/\/i0.wp.com\/volovape.com\/wp-content\/uploads\/2025\/07\/24h-vape-jnr-falcon-pro-28000-puffs-flavor-list-1.jpg?resize=300%2C300&amp;ssl=1 300w, https:\/\/i0.wp.com\/volovape.com\/wp-content\/uploads\/2025\/07\/24h-vape-jnr-falcon-pro-28000-puffs-flavor-list-1.jpg?resize=1024%2C1024&amp;ssl=1 1024w, https:\/\/i0.wp.com\/volovape.com\/wp-content\/uploads\/2025\/07\/24h-vape-jnr-falcon-pro-28000-puffs-flavor-list-1.jpg?resize=150%2C150&amp;ssl=1 150w, https:\/\/i0.wp.com\/volovape.com\/wp-content\/uploads\/2025\/07\/24h-vape-jnr-falcon-pro-28000-puffs-flavor-list-1.jpg?resize=768%2C768&amp;ssl=1 768w, https:\/\/i0.wp.com\/volovape.com\/wp-content\/uploads\/2025\/07\/24h-vape-jnr-falcon-pro-28000-puffs-flavor-list-1.jpg?resize=1536%2C1536&amp;ssl=1 1536w, https:\/\/i0.wp.com\/volovape.com\/wp-content\/uploads\/2025\/07\/24h-vape-jnr-falcon-pro-28000-puffs-flavor-list-1.jpg?resize=12%2C12&amp;ssl=1 12w, https:\/\/i0.wp.com\/volovape.com\/wp-content\/uploads\/2025\/07\/24h-vape-jnr-falcon-pro-28000-puffs-flavor-list-1.jpg?resize=500%2C500&amp;ssl=1 500w, https:\/\/i0.wp.com\/volovape.com\/wp-content\/uploads\/2025\/07\/24h-vape-jnr-falcon-pro-28000-puffs-flavor-list-1.jpg?resize=800%2C800&amp;ssl=1 800w, https:\/\/i0.wp.com\/volovape.com\/wp-content\/uploads\/2025\/07\/24h-vape-jnr-falcon-pro-28000-puffs-flavor-list-1.jpg?resize=100%2C100&amp;ssl=1 100w\" sizes=\"auto, (max-width: 1000px) 100vw, 1000px\" \/><\/a><\/p>","protected":false},"excerpt":{"rendered":"<h5>JNR Falcon Pro 28000 Puffs Einwegverdampfer mit Dual-Mesh-Spule, 30mL e-Fl\u00fcssigkeit, und intelligente digitale Anzeige - ideal f\u00fcr Bulk vape Gro\u00dfhandel.<\/h5>","protected":false},"featured_media":34265,"comment_status":"open","ping_status":"closed","template":"","meta":[],"product_brand":[244],"product_cat":[79,230],"product_tag":[],"class_list":{"0":"post-34223","1":"product","2":"type-product","3":"status-publish","4":"has-post-thumbnail","6":"product_brand-jnr","7":"product_cat-jnr","8":"product_cat-new","10":"first","11":"instock","12":"shipping-taxable","13":"purchasable","14":"product-type-variable","15":"has-default-attributes"},"jetpack_sharing_enabled":true,"tiered_pricing_type":"fixed","tiered_pricing_fixed_rules":{"100":6.9000000000000003552713678800500929355621337890625,"200":6.5999999999999996447286321199499070644378662109375,"400":6.0999999999999996447286321199499070644378662109375},"tiered_pricing_product_settings":{"layout":"default","base_unit_name":{"singular":null,"plural":null},"default_variation":null},"tiered_pricing_minimum_quantity":50,"tiered_pricing_roles_data":[],"tiered_pricing_percentage_rules":[],"tiered_pricing_maximum_quantity":null,"tiered_pricing_quantity_step":"10","_links":{"self":[{"href":"https:\/\/volovape.com\/de\/wp-json\/wp\/v2\/product\/34223","targetHints":{"allow":["GET"]}}],"collection":[{"href":"https:\/\/volovape.com\/de\/wp-json\/wp\/v2\/product"}],"about":[{"href":"https:\/\/volovape.com\/de\/wp-json\/wp\/v2\/types\/product"}],"replies":[{"embeddable":true,"href":"https:\/\/volovape.com\/de\/wp-json\/wp\/v2\/comments?post=34223"}],"wp:featuredmedia":[{"embeddable":true,"href":"https:\/\/volovape.com\/de\/wp-json\/wp\/v2\/media\/34265"}],"wp:attachment":[{"href":"https:\/\/volovape.com\/de\/wp-json\/wp\/v2\/media?parent=34223"}],"wp:term":[{"taxonomy":"product_brand","embeddable":true,"href":"https:\/\/volovape.com\/de\/wp-json\/wp\/v2\/product_brand?post=34223"},{"taxonomy":"product_cat","embeddable":true,"href":"https:\/\/volovape.com\/de\/wp-json\/wp\/v2\/product_cat?post=34223"},{"taxonomy":"product_tag","embeddable":true,"href":"https:\/\/volovape.com\/de\/wp-json\/wp\/v2\/product_tag?post=34223"}],"curies":[{"name":"wp","href":"https:\/\/api.w.org\/{rel}","templated":true}]}}