{"id":33440,"date":"2025-07-04T02:30:49","date_gmt":"2025-07-04T02:30:49","guid":{"rendered":"https:\/\/volovape.com\/?post_type=product&#038;p=33440"},"modified":"2025-11-20T09:02:31","modified_gmt":"2025-11-20T09:02:31","slug":"randm-fumot-tornado-20k","status":"publish","type":"product","link":"https:\/\/volovape.com\/de\/product\/randm-fumot-tornado-20k\/","title":{"rendered":"RandM Fumot Tornado 20K | Dual Mesh 20000 Puffs Einweg-Vape Gro\u00dfhandel"},"content":{"rendered":"<p>\ud83c\udf2a\ufe0f\ud83d\udca8 Erleben Sie das ultimative Vape mit dem <strong>RandM Fumot Tornado 20K<\/strong>! Dieser Einweg-Vape ist f\u00fcr Geschmacksenthusiasten und Heavy User entwickelt und bietet bis zu <strong>20.000 gleichbleibend reichhaltige Puffs<\/strong>. Seine fortschrittliche <strong>Doppelte Mesh-Spulen<\/strong> sorgen f\u00fcr ein unvergleichliches Geschmackserlebnis. \ud83d\ude80<\/p>\n<p>\u2728 <strong>Warum der Tornado 20K?<\/strong><\/p>\n<ul>\n<li>\ud83d\udee2\ufe0f <strong>Massive 20mL e-Fl\u00fcssigkeit Kapazit\u00e4t<\/strong> f\u00fcr ein l\u00e4ngeres Vaping-Vergn\u00fcgen.<\/li>\n<li>\ud83d\udd0b Langlebig <strong>850mAh wiederaufladbarer Akku<\/strong> mit praktischer Typ-C-Schnellladung.<\/li>\n<li>\ud83d\udd0d Kristallklares Design mit leicht ablesbarem <strong>\u00d6l- und Batterieanzeige<\/strong>.<\/li>\n<li>\ud83c\udf08 Erforschen <strong>39 unglaubliche Geschmacksrichtungen<\/strong>von fruchtig bis eiskalt.<\/li>\n<li>\ud83d\udce6 Ideal f\u00fcr Gro\u00dfh\u00e4ndler und Gro\u00dfabnehmer, die ein Produkt mit hoher Nachfrage suchen.<\/li>\n<\/ul>\n<h3>\ud83d\udee0\ufe0f Spezifikationen:<\/h3>\n<table>\n<tbody>\n<tr>\n<th>Besonderheit<\/th>\n<th>Einzelheiten<\/th>\n<\/tr>\n<tr>\n<td>\ud83c\udf2c\ufe0f Anzahl der Puffs<\/td>\n<td>Bis zu 20.000<\/td>\n<\/tr>\n<tr>\n<td>\ud83d\udee2\ufe0f E-Fl\u00fcssigkeit Volumen<\/td>\n<td>20mL<\/td>\n<\/tr>\n<tr>\n<td>\ud83d\udd0b Batteriekapazit\u00e4t<\/td>\n<td>850mAh (Typ-C wiederaufladbar)<\/td>\n<\/tr>\n<tr>\n<td>\ud83d\udc8e Spulentyp<\/td>\n<td>Doppelte Masche<\/td>\n<\/tr>\n<tr>\n<td>\ud83e\uddea Nikotin-Optionen<\/td>\n<td>2%, 3%, 5%<\/td>\n<\/tr>\n<tr>\n<td>\ud83d\udda5\ufe0f Anzeige<\/td>\n<td>\u00d6l- und Batterieanzeiger<\/td>\n<\/tr>\n<tr>\n<td>\u2728 Gestaltung<\/td>\n<td>Kristallklares Geh\u00e4use<\/td>\n<\/tr>\n<\/tbody>\n<\/table>\n<h3>\ud83c\udf53 Highlights der Geschmacksliste:<\/h3>\n<ul>\n<li>Heidelbeer-Himbeer-Hartbonbon<\/li>\n<li>Erdbeer-Kiwi<\/li>\n<li>Pfirsich Mango Wassermelone<\/li>\n<li>Kegeln<\/li>\n<li>Zuckerwatte<\/li>\n<li>Geleebohnen<\/li>\n<li>K\u00fchle Minze<\/li>\n<li>Kiwi, Passionsfrucht, Guave<\/li>\n<li>Blauer Razz Gummib\u00e4rchen<\/li>\n<li>Kirsch-Cola<\/li>\n<li>Lychee-Melone<\/li>\n<li>Gurkenlimonade<\/li>\n<li>...und 27 weitere aufregende Geschmacksrichtungen!<\/li>\n<\/ul>","protected":false},"excerpt":{"rendered":"<p>Genie\u00dfen Sie bis zu 20.000 Z\u00fcge von glatten, intensiven Geschmack mit dem RandM Fumot Tornado 20K. Dual-Mesh-Coils, ein kristallklarer K\u00f6rper und 39 Aromen machen ihn zum ultimativen Gro\u00dfhandelsdampfer.<\/p>","protected":false},"featured_media":33470,"comment_status":"open","ping_status":"closed","template":"","meta":[],"product_brand":[237],"product_cat":[230,52],"product_tag":[],"class_list":{"0":"post-33440","1":"product","2":"type-product","3":"status-publish","4":"has-post-thumbnail","6":"product_brand-randm","7":"product_cat-new","8":"product_cat-randm","10":"first","11":"instock","12":"shipping-taxable","13":"purchasable","14":"product-type-variable","15":"has-default-attributes"},"jetpack_sharing_enabled":true,"tiered_pricing_type":"fixed","tiered_pricing_fixed_rules":{"30":8.6099999999999994315658113919198513031005859375,"50":7.839999999999999857891452847979962825775146484375,"100":7.21999999999999975131004248396493494510650634765625,"200":6.8499999999999996447286321199499070644378662109375,"400":6.4199999999999999289457264239899814128875732421875},"tiered_pricing_product_settings":{"layout":"default","base_unit_name":{"singular":null,"plural":null},"default_variation":null},"tiered_pricing_minimum_quantity":10,"tiered_pricing_roles_data":[],"tiered_pricing_percentage_rules":[],"tiered_pricing_maximum_quantity":null,"tiered_pricing_quantity_step":"10","_links":{"self":[{"href":"https:\/\/volovape.com\/de\/wp-json\/wp\/v2\/product\/33440","targetHints":{"allow":["GET"]}}],"collection":[{"href":"https:\/\/volovape.com\/de\/wp-json\/wp\/v2\/product"}],"about":[{"href":"https:\/\/volovape.com\/de\/wp-json\/wp\/v2\/types\/product"}],"replies":[{"embeddable":true,"href":"https:\/\/volovape.com\/de\/wp-json\/wp\/v2\/comments?post=33440"}],"wp:featuredmedia":[{"embeddable":true,"href":"https:\/\/volovape.com\/de\/wp-json\/wp\/v2\/media\/33470"}],"wp:attachment":[{"href":"https:\/\/volovape.com\/de\/wp-json\/wp\/v2\/media?parent=33440"}],"wp:term":[{"taxonomy":"product_brand","embeddable":true,"href":"https:\/\/volovape.com\/de\/wp-json\/wp\/v2\/product_brand?post=33440"},{"taxonomy":"product_cat","embeddable":true,"href":"https:\/\/volovape.com\/de\/wp-json\/wp\/v2\/product_cat?post=33440"},{"taxonomy":"product_tag","embeddable":true,"href":"https:\/\/volovape.com\/de\/wp-json\/wp\/v2\/product_tag?post=33440"}],"curies":[{"name":"wp","href":"https:\/\/api.w.org\/{rel}","templated":true}]}}