{"id":31958,"date":"2025-07-02T03:28:59","date_gmt":"2025-07-02T03:28:59","guid":{"rendered":"https:\/\/volovape.com\/?post_type=product&#038;p=31958"},"modified":"2025-11-19T01:47:08","modified_gmt":"2025-11-19T01:47:08","slug":"mrvi-zwillinge-32k","status":"publish","type":"product","link":"https:\/\/volovape.com\/de\/product\/mrvi-twins-32k\/","title":{"rendered":"MRVI Twins 32K 2-in-1 32000 Puffs | doppelten Geschmack Einweg vape Gro\u00dfhandel"},"content":{"rendered":"<h2>MRVI Twins 32K | Double Flavor 32000 Puff Einweg Vape<\/h2>\n<p><strong>Verdoppeln Sie Ihren Geschmack. Verdoppeln Sie Ihren Spa\u00df.<\/strong><\/p>\n<p>Der <strong>MRVI Zwillinge 32K<\/strong> wurde f\u00fcr echte Vape-Enthusiasten entwickelt, die sich nach Abwechslung und Monster-Puffzahlen sehnen. Mit einem atemberaubenden <strong>32.000 Z\u00fcge<\/strong> und zwei Aromakammern k\u00f6nnen Sie jederzeit wechseln, ohne die Ger\u00e4te austauschen zu m\u00fcssen. Genie\u00dfen Sie eine glatte, reiche Erfahrung dank der Dual-Mesh-Spule und eine gro\u00dfz\u00fcgige <strong>40mL e-Fl\u00fcssigkeit Kapazit\u00e4t<\/strong> das Sie wochenlang in Atem h\u00e4lt.<\/p>\n<ul>\n<li>\ud83d\udd39 Duales Aromasystem f\u00fcr endlose Geschmackskombinationen<\/li>\n<li>\ud83d\udd39 Massive 32.000 Puff-Kapazit\u00e4t f\u00fcr Vielnutzer<\/li>\n<li>\ud83d\udd39 Kristallklares Geh\u00e4use mit intelligentem Bildschirm f\u00fcr einen eleganten Auftritt<\/li>\n<li>\ud83d\udd39 Typ-C-Schnellladung f\u00fcr einfache, zuverl\u00e4ssige Stromversorgung<\/li>\n<li>\ud83d\udd39 2% oder 5% Nikotinoptionen, die zu Ihrem Stil passen<\/li>\n<\/ul>\n<p>Ganz gleich, ob Sie sich f\u00fcr Ihre eigenen Sessions eindecken oder Ihre Regale auff\u00fcllen wollen, die MRVI Twins 32K bietet unschlagbaren Geschmack, Leistung und Gro\u00dfhandelswert - alles in einem schlanken, leistungsstarken Paket.<\/p>\n<h3>Geschmacks-Kombinationen<\/h3>\n<table border=\"1\" cellspacing=\"0\" cellpadding=\"6\">\n<thead>\n<tr>\n<th>Kammer A<\/th>\n<th>Kammer B<\/th>\n<\/tr>\n<\/thead>\n<tbody>\n<tr>\n<td>Bananeneis<\/td>\n<td>Erdbeer-Kiwi<\/td>\n<\/tr>\n<tr>\n<td>Mango-Slushie<\/td>\n<td>Eis am Stiel<\/td>\n<\/tr>\n<tr>\n<td>Pfirsicheis<\/td>\n<td>Red Bull<\/td>\n<\/tr>\n<tr>\n<td>Blaubeereis<\/td>\n<td>Rotes Apfeleis<\/td>\n<\/tr>\n<tr>\n<td>\u00dcppiges Eis<\/td>\n<td>Gemischte Beeren<\/td>\n<\/tr>\n<tr>\n<td>Erdbeereis<\/td>\n<td>Regenbogentropfen<\/td>\n<\/tr>\n<tr>\n<td>Sprudelnde Kirsche<\/td>\n<td>Blaues Razz-Eis<\/td>\n<\/tr>\n<tr>\n<td>Erdbeere Wassermelone<\/td>\n<td>Cranberry-Traube<\/td>\n<\/tr>\n<tr>\n<td>Dreifache Melone<\/td>\n<td>Eis am Stiel<\/td>\n<\/tr>\n<tr>\n<td>Ananas-Eis<\/td>\n<td>Traubeneis<\/td>\n<\/tr>\n<\/tbody>\n<\/table>\n<p><strong>Sind Sie bereit, die Langeweile des Geschmacks zu beenden? Treffen Sie die MRVI Twins 32K - die ultimative Dual-Flavor vape f\u00fcr unaufhaltsame Zufriedenheit.<\/strong><\/p>\n<h3><img data-recalc-dims=\"1\" decoding=\"async\" style=\"color: #555555; font-size: 14.4px;\" src=\"https:\/\/i0.wp.com\/www.mrvivape-store.com\/wp-content\/uploads\/2025\/03\/%E6%B5%B7%E6%8A%A5_M-1-scaled.jpg?ssl=1\" alt=\"MRVI TWINS 32000 Puffs Doppelte \u00d6lstandsanzeige und zwei Geschmacksrichtungen--10PCS\/BOX\" title=\"\"><\/h3>","protected":false},"excerpt":{"rendered":"<p>Shoppen Sie den MRVI Twins 32000 Einwegdampfer mit 32.000 Z\u00fcgen, doppelter Mesh-Spule, doppelten Aromen und Typ-C-Ladung - der ultimative Favorit f\u00fcr Gro\u00dfh\u00e4ndler und Geschmacksj\u00e4ger.<\/p>","protected":false},"featured_media":32255,"comment_status":"open","ping_status":"closed","template":"","meta":[],"product_brand":[240],"product_cat":[55,230],"product_tag":[],"class_list":{"0":"post-31958","1":"product","2":"type-product","3":"status-publish","4":"has-post-thumbnail","6":"product_brand-mrvi","7":"product_cat-mrvi","8":"product_cat-new","10":"first","11":"instock","12":"shipping-taxable","13":"purchasable","14":"product-type-variable","15":"has-default-attributes"},"jetpack_sharing_enabled":true,"tiered_pricing_type":"fixed","tiered_pricing_fixed_rules":{"100":6.230000000000000426325641456060111522674560546875,"200":5.86000000000000031974423109204508364200592041015625,"400":5.42999999999999971578290569595992565155029296875},"tiered_pricing_product_settings":{"layout":"default","base_unit_name":{"singular":null,"plural":null},"default_variation":null},"tiered_pricing_minimum_quantity":50,"tiered_pricing_roles_data":[],"tiered_pricing_percentage_rules":[],"tiered_pricing_maximum_quantity":null,"tiered_pricing_quantity_step":"10","_links":{"self":[{"href":"https:\/\/volovape.com\/de\/wp-json\/wp\/v2\/product\/31958","targetHints":{"allow":["GET"]}}],"collection":[{"href":"https:\/\/volovape.com\/de\/wp-json\/wp\/v2\/product"}],"about":[{"href":"https:\/\/volovape.com\/de\/wp-json\/wp\/v2\/types\/product"}],"replies":[{"embeddable":true,"href":"https:\/\/volovape.com\/de\/wp-json\/wp\/v2\/comments?post=31958"}],"wp:featuredmedia":[{"embeddable":true,"href":"https:\/\/volovape.com\/de\/wp-json\/wp\/v2\/media\/32255"}],"wp:attachment":[{"href":"https:\/\/volovape.com\/de\/wp-json\/wp\/v2\/media?parent=31958"}],"wp:term":[{"taxonomy":"product_brand","embeddable":true,"href":"https:\/\/volovape.com\/de\/wp-json\/wp\/v2\/product_brand?post=31958"},{"taxonomy":"product_cat","embeddable":true,"href":"https:\/\/volovape.com\/de\/wp-json\/wp\/v2\/product_cat?post=31958"},{"taxonomy":"product_tag","embeddable":true,"href":"https:\/\/volovape.com\/de\/wp-json\/wp\/v2\/product_tag?post=31958"}],"curies":[{"name":"wp","href":"https:\/\/api.w.org\/{rel}","templated":true}]}}